{"id":3800,"date":"2022-04-02T12:39:52","date_gmt":"2022-04-02T10:39:52","guid":{"rendered":"https:\/\/i-care.local\/cookies\/"},"modified":"2024-09-30T09:08:41","modified_gmt":"2024-09-30T07:08:41","slug":"cookies-richtlinien","status":"publish","type":"page","link":"https:\/\/www.icareweb.com\/de\/cookies-richtlinien\/","title":{"rendered":"Cookies-Richtlinien"},"content":{"rendered":"\n<div class=\"wp-block-group alignfull icare-hero is-style-shade-left-bottom has-background has-global-padding is-layout-constrained wp-block-group-is-layout-constrained\" style=\"background:linear-gradient(270deg,rgba(247,248,252,0.45) 0%,rgb(247,248,253) 64%);margin-top:0;margin-bottom:0;padding-top:var(--wp--preset--spacing--medium);padding-bottom:var(--wp--preset--spacing--medium);--octopods-group-overlay-color:#1a3469;--octopods-group-overflow:hidden;--octopods-group-position:relative\">\n<div style=\"height:150px\" aria-hidden=\"true\" class=\"wp-block-spacer block-visibility-hide-small-screen\"><\/div>\n\n\n\n<div style=\"height:45px\" aria-hidden=\"true\" class=\"wp-block-spacer block-visibility-hide-large-screen block-visibility-hide-medium-screen\"><\/div>\n\n\n\n<div class=\"wp-block-group icare-hero__content has-global-padding is-layout-constrained wp-container-core-group-is-layout-da8ab678 wp-block-group-is-layout-constrained\" style=\"padding-top:var(--wp--preset--spacing--large);--octopods-group-z-index:2;aspect-ratio:unset;\">\n<div class=\"wp-block-group is-layout-flow wp-block-group-is-layout-flow\">\n<h1 class=\"wp-block-heading has-text-align-center\">Cookies-Richtlinien<\/h1>\n\n\n\n<p class=\"has-text-align-center\" style=\"font-size:clamp(0.875rem, 0.875rem + ((1vw - 0.2rem) * 0.531), 1.3rem);\"><\/p>\n\n\n\n<hr class=\"wp-block-separator has-text-color has-secondary-color has-alpha-channel-opacity has-secondary-background-color has-background is-style-default\"\/>\n\n\n\n<div style=\"height:30px\" aria-hidden=\"true\" class=\"wp-block-spacer block-visibility-hide-small-screen\"><\/div>\n<\/div>\n<\/div>\n<\/div>\n\n\n\n<div class=\"wp-block-group has-global-padding is-layout-constrained wp-block-group-is-layout-constrained\" style=\"padding-top:var(--wp--preset--spacing--large);padding-bottom:var(--wp--preset--spacing--large)\">\n<div class=\"wp-block-group has-global-padding is-layout-constrained wp-block-group-is-layout-constrained\" style=\"padding-top:var(--wp--preset--spacing--x-small);padding-bottom:var(--wp--preset--spacing--x-small)\">\n<p>I-care SRL (\u201ewir\u201c, \u201ewir\u201c oder \u201eunser\u201c) verwendet Cookies auf der Website https:\/\/www.icareweb.com (der \u201eDienst\u201c). Durch die Nutzung des Dienstes erkl\u00e4ren Sie sich mit der Verwendung von Cookies einverstanden.<\/p>\n\n\n\n<p>In unserer Cookie-Richtlinie wird erkl\u00e4rt, was Cookies sind, wie wir Cookies verwenden, wie Dritte, mit denen wir zusammenarbeiten, Cookies auf dem Dienst verwenden k\u00f6nnen, welche M\u00f6glichkeiten Sie in Bezug auf Cookies haben und weitere Informationen \u00fcber Cookies.<\/p>\n<\/div>\n\n\n\n<div class=\"wp-block-group has-global-padding is-layout-constrained wp-block-group-is-layout-constrained\" style=\"padding-top:var(--wp--preset--spacing--x-small);padding-bottom:var(--wp--preset--spacing--x-small)\">\n<h3 class=\"wp-block-heading has-text-align-left\"><strong>Was sind Cookies?<\/strong><\/h3>\n\n\n\n<p>Cookies sind kleine Textdateien, die von einer von Ihnen besuchten Website an Ihren Webbrowser gesendet werden. Eine Cookie-Datei wird in Ihrem Webbrowser gespeichert und erm\u00f6glicht es dem Dienst oder einem Dritten, Sie zu erkennen und Ihren n\u00e4chsten Besuch zu erleichtern und den Dienst f\u00fcr Sie n\u00fctzlicher zu machen.<\/p>\n\n\n\n<p>Cookies k\u00f6nnen \u201edauerhafte\u201c oder \u201eSitzungs\u201c-Cookies sein. Dauerhafte Cookies verbleiben auf Ihrem Computer oder Mobilger\u00e4t, wenn Sie offline gehen, w\u00e4hrend Sitzungscookies gel\u00f6scht werden, sobald Sie Ihren Webbrowser schlie\u00dfen.<\/p>\n<\/div>\n\n\n\n<div class=\"wp-block-group has-global-padding is-layout-constrained wp-block-group-is-layout-constrained\" style=\"padding-top:var(--wp--preset--spacing--x-small);padding-bottom:var(--wp--preset--spacing--x-small)\">\n<h3 class=\"wp-block-heading\"><strong>Wie I-care Cookies verwendet<\/strong><\/h3>\n\n\n\n<p>Wenn Sie den Dienst nutzen und auf ihn zugreifen, k\u00f6nnen wir mehrere Cookie-Dateien in Ihrem Webbrowser ablegen.<\/p>\n\n\n\n<p>We use cookies for the following purposes:<\/p>\n\n\n\n<ul class=\"wp-block-list\">\n<li>Um bestimmte Funktionen des Dienstes zu erm\u00f6glichen<\/li>\n\n\n\n<li>Um Analysen zu erstellen<\/li>\n<\/ul>\n\n\n\n<p>Wir verwenden sowohl Sitzungscookies als auch dauerhafte Cookies f\u00fcr den Dienst, und wir verwenden verschiedene Arten von Cookies f\u00fcr den Betrieb des Dienstes:<\/p>\n\n\n\n<ul class=\"wp-block-list\">\n<li><strong>Wesentliche Cookies.<\/strong>&nbsp;Wir k\u00f6nnen Cookies verwenden, um Informationen zu speichern, die das Verhalten oder das Aussehen des Dienstes ver\u00e4ndern, wie z. B. die Spracheinstellung eines Benutzers im Dienst.<\/li>\n\n\n\n<li><strong>Analyse-Cookies<\/strong>.&nbsp;ir k\u00f6nnen Analyse-Cookies verwenden, um Informationen dar\u00fcber zu erhalten, wie der Dienst genutzt wird, damit wir Verbesserungen vornehmen k\u00f6nnen. Wir k\u00f6nnen auch Analyse-Cookies verwenden, um neue Anzeigen, Seiten, Features oder neue Funktionen des Dienstes zu testen, um zu sehen, wie unsere Nutzer darauf reagieren.<\/li>\n<\/ul>\n<\/div>\n\n\n\n<div class=\"wp-block-group has-global-padding is-layout-constrained wp-block-group-is-layout-constrained\" style=\"padding-top:var(--wp--preset--spacing--x-small);padding-bottom:var(--wp--preset--spacing--x-small)\">\n<h3 class=\"wp-block-heading\"><strong>Cookies von Drittanbietern<\/strong><\/h3>\n\n\n\n<p>Zus\u00e4tzlich zu unseren Cookies k\u00f6nnen wir auch verschiedene Cookies von Drittanbietern verwenden, um Nutzungsstatistiken des Dienstes zu erstellen, Werbung auf und \u00fcber den Dienst zu liefern usw.<\/p>\n<\/div>\n\n\n\n<div class=\"wp-block-group has-global-padding is-layout-constrained wp-block-group-is-layout-constrained\" style=\"padding-top:var(--wp--preset--spacing--x-small);padding-bottom:var(--wp--preset--spacing--x-small)\">\n<h3 class=\"wp-block-heading\"><strong>Welche M\u00f6glichkeiten haben Sie in Bezug auf Cookies?<\/strong><\/h3>\n\n\n\n<p>Wenn Sie Cookies l\u00f6schen oder Ihren Webbrowser anweisen m\u00f6chten, Cookies zu l\u00f6schen oder abzulehnen, besuchen Sie bitte die Hilfeseiten Ihres Webbrowsers.<\/p>\n\n\n\n<p>Bitte beachten Sie jedoch, dass Sie, wenn Sie Cookies l\u00f6schen oder ablehnen, m\u00f6glicherweise nicht alle von uns angebotenen Funktionen nutzen k\u00f6nnen, dass Sie m\u00f6glicherweise Ihre Einstellungen nicht speichern k\u00f6nnen und dass einige unserer Seiten m\u00f6glicherweise nicht richtig angezeigt werden.<\/p>\n\n\n\n<ul class=\"wp-block-list\">\n<li>F\u00fcr den Webbrowser Chrome besuchen Sie bitte diese Seite von Google:&nbsp;<a href=\"https:\/\/support.google.com\/accounts\/answer\/32050\" target=\"_blank\" rel=\"noreferrer noopener\">https:\/\/support.google.com\/accounts\/answer\/32050<\/a><\/li>\n\n\n\n<li>F\u00fcr den Webbrowser Internet Explorer besuchen Sie bitte diese Seite von Microsoft:&nbsp;<a href=\"https:\/\/support.microsoft.com\/kb\/278835\" target=\"_blank\" rel=\"noreferrer noopener\">https:\/\/support.microsoft.com\/kb\/278835<\/a><\/li>\n\n\n\n<li>F\u00fcr den Firefox-Webbrowser besuchen Sie bitte diese Seite von Mozilla:&nbsp;<a href=\"https:\/\/support.mozilla.org\/en-US\/kb\/delete-cookies-remove-info-websites-stored\" target=\"_blank\" rel=\"noreferrer noopener\">https:\/\/support.mozilla.org\/en-US\/kb\/delete-cookies-remove-info-websites-stored<\/a><\/li>\n\n\n\n<li>F\u00fcr den Safari-Webbrowser besuchen Sie bitte diese Seite von Apple:&nbsp;<a href=\"https:\/\/support.apple.com\/guide\/safari\/manage-cookies-and-website-data-sfri11471\/mac\" target=\"_blank\" rel=\"noreferrer noopener\">https:\/\/support.apple.com\/guide\/safari\/manage-cookies-and-website-data-sfri11471\/mac<\/a><\/li>\n\n\n\n<li>F\u00fcr alle anderen Webbrowser besuchen Sie bitte die offiziellen Webseiten Ihres Webbrowsers.<\/li>\n<\/ul>\n<\/div>\n\n\n\n<div class=\"wp-block-group has-global-padding is-layout-constrained wp-block-group-is-layout-constrained\" style=\"padding-top:var(--wp--preset--spacing--x-small);padding-bottom:var(--wp--preset--spacing--x-small)\">\n<h3 class=\"wp-block-heading\"><strong>Wo k\u00f6nnen Sie weitere Informationen \u00fcber Cookies finden?<\/strong><\/h3>\n\n\n\n<p>Sie k\u00f6nnen mehr \u00fcber Cookies und die folgenden Websites Dritter erfahren:<\/p>\n\n\n\n<p><strong>Alles \u00fcber Cookies:<\/strong>&nbsp;<a href=\"https:\/\/www.allaboutcookies.org\/\" target=\"_blank\" rel=\"noreferrer noopener\">https:\/\/www.allaboutcookies.org\/<\/a><\/p>\n\n\n\n<p><strong>Initiative zur Netzwerkwerbung:<\/strong>&nbsp;<a href=\"https:\/\/www.networkadvertising.org\/\" target=\"_blank\" rel=\"noreferrer noopener\">https:\/\/www.networkadvertising.org\/<\/a><\/p>\n<\/div>\n<\/div>\n","protected":false},"excerpt":{"rendered":"<p>I-care SRL (\u201ewir\u201c, \u201ewir\u201c oder \u201eunser\u201c) verwendet Cookies auf der Website https:\/\/www.icareweb.com (der \u201eDienst\u201c). Durch die Nutzung des Dienstes erkl\u00e4ren Sie sich mit der Verwendung von Cookies einverstanden. In unserer Cookie-Richtlinie wird erkl\u00e4rt, was Cookies sind, wie wir Cookies verwenden, wie Dritte, mit denen wir zusammenarbeiten, Cookies auf dem Dienst verwenden k\u00f6nnen, welche M\u00f6glichkeiten Sie [&hellip;]<\/p>\n","protected":false},"author":23,"featured_media":0,"parent":0,"menu_order":0,"comment_status":"closed","ping_status":"closed","template":"","meta":{"_acf_changed":false,"_seopress_robots_primary_cat":"0","_seopress_titles_title":"","_seopress_titles_desc":"","_seopress_robots_index":"","content-type":"","inline_featured_image":false,"footnotes":""},"page_category":[162],"class_list":{"0":"post-3800","1":"page","2":"type-page","3":"status-publish","5":"page_category-website-pages"},"acf":[],"_links":{"self":[{"href":"https:\/\/www.icareweb.com\/de\/wp-json\/wp\/v2\/pages\/3800","targetHints":{"allow":["GET"]}}],"collection":[{"href":"https:\/\/www.icareweb.com\/de\/wp-json\/wp\/v2\/pages"}],"about":[{"href":"https:\/\/www.icareweb.com\/de\/wp-json\/wp\/v2\/types\/page"}],"author":[{"embeddable":true,"href":"https:\/\/www.icareweb.com\/de\/wp-json\/wp\/v2\/users\/23"}],"replies":[{"embeddable":true,"href":"https:\/\/www.icareweb.com\/de\/wp-json\/wp\/v2\/comments?post=3800"}],"version-history":[{"count":0,"href":"https:\/\/www.icareweb.com\/de\/wp-json\/wp\/v2\/pages\/3800\/revisions"}],"wp:attachment":[{"href":"https:\/\/www.icareweb.com\/de\/wp-json\/wp\/v2\/media?parent=3800"}],"wp:term":[{"taxonomy":"page_category","embeddable":true,"href":"https:\/\/www.icareweb.com\/de\/wp-json\/wp\/v2\/page_category?post=3800"}],"curies":[{"name":"wp","href":"https:\/\/api.w.org\/{rel}","templated":true}]}}