{"id":3830,"date":"2022-03-14T13:45:02","date_gmt":"2022-03-14T12:45:02","guid":{"rendered":"https:\/\/i-care.local\/reliability-centered-lubrication\/"},"modified":"2025-06-30T10:55:01","modified_gmt":"2025-06-30T08:55:01","slug":"zuverlassigkeitszentrierte-schmierung","status":"publish","type":"page","link":"https:\/\/www.icareweb.com\/de\/losungen\/industrielle-leistung\/zuverlassigkeitszentrierte-schmierung\/","title":{"rendered":"Zuverl\u00e4ssigkeitszentrierte Schmierung"},"content":{"rendered":"\n<div class=\"wp-block-group alignfull icare-hero is-style-shade-left has-background has-global-padding is-layout-constrained wp-block-group-is-layout-constrained\" style=\"background:linear-gradient(135deg,rgb(247,248,253) 0%,rgba(247,248,252,0.49) 100%);margin-top:0;margin-bottom:0;padding-top:var(--wp--preset--spacing--medium);padding-bottom:var(--wp--preset--spacing--xx-large);--octopods-group-overlay-color:#27498C;--octopods-group-overflow:hidden;--octopods-group-position:relative\">\n<div style=\"height:150px\" aria-hidden=\"true\" class=\"wp-block-spacer block-visibility-hide-small-screen\"><\/div>\n\n\n\n<div style=\"height:45px\" aria-hidden=\"true\" class=\"wp-block-spacer block-visibility-hide-large-screen block-visibility-hide-medium-screen\"><\/div>\n\n\n\n<div class=\"wp-block-group icare-hero__content is-content-justification-space-between is-nowrap is-layout-flex wp-container-core-group-is-layout-cb46ffcb wp-block-group-is-layout-flex\" style=\"min-height:35vh;--octopods-group-z-index:2;aspect-ratio:unset;\">\n<div class=\"wp-block-columns are-vertically-aligned-center is-style-columns-reverse wp-container-content-9cfa9a5a is-layout-flex wp-container-core-columns-is-layout-28f84493 wp-block-columns-is-layout-flex\">\n<div class=\"wp-block-column is-vertically-aligned-center is-layout-flow wp-block-column-is-layout-flow\" data-aos=\"fade\" data-aos-duration=\"900\" data-aos-easing=\"ease-in-out\" data-aos-once=\"true\">\n<div class=\"wp-block-group is-layout-flow wp-block-group-is-layout-flow\" style=\"padding-right:35px\">\n<h1 class=\"wp-block-heading\">Zuverl\u00e4ssigkeitszen-trierte Schmierung<\/h1>\n\n\n\n<p style=\"font-size:clamp(0.875rem, 0.875rem + ((1vw - 0.2rem) * 0.531), 1.3rem);\">Optimieren Sie die Anlagenleistung durch die Entwicklung, Implementierung und Standardisierung von Schmierprogrammen.<\/p>\n\n\n\n<div class=\"wp-block-buttons is-layout-flex wp-block-buttons-is-layout-flex\">\n<div class=\"wp-block-button\"><a class=\"wp-block-button__link wp-element-button\" href=\"#icare-more-content\">Mehr erfahren<\/a><\/div>\n<\/div>\n\n\n\n<div style=\"height:2vw\" aria-hidden=\"true\" class=\"wp-block-spacer\"><\/div>\n<\/div>\n<\/div>\n\n\n\n<div class=\"wp-block-column is-vertically-aligned-center is-layout-flow wp-block-column-is-layout-flow\" data-aos=\"fade-right\" data-aos-duration=\"900\" data-aos-easing=\"ease-in-out\" data-aos-once=\"true\">\n<div class=\"wp-block-group has-global-padding is-layout-constrained wp-block-group-is-layout-constrained\" style=\"--octopods-group-position:relative\">\n<figure class=\"wp-block-image size-full has-custom-border\"><img alt=\"\" loading=\"lazy\" decoding=\"async\" width=\"680\" height=\"402\" src=\"https:\/\/www.icareweb.com\/wp-content\/uploads\/2024\/09\/lubrication-container-outside-02.jpg\" alt=\"\" class=\"wp-image-22853\" style=\"border-radius:20px;box-shadow:var(--wp--preset--shadow--deep);aspect-ratio:4\/3;object-fit:cover\" srcset=\"https:\/\/www.icareweb.com\/wp-content\/uploads\/2024\/09\/lubrication-container-outside-02.jpg 680w, https:\/\/www.icareweb.com\/wp-content\/uploads\/2024\/09\/lubrication-container-outside-02-600x355.jpg 600w\" sizes=\"auto, (max-width: 680px) 100vw, 680px\" \/><\/figure>\n<\/div>\n<\/div>\n<\/div>\n<\/div>\n\n\n\n<div class=\"wp-block-group alignfull icare-hero__divider is-layout-flow wp-block-group-is-layout-flow\" style=\"margin-top:0px;margin-bottom:0px;--octopods-group-position:absolute;--octopods-group-bottom:0px;--octopods-group-left:0px;--octopods-group-right:0px\">\n<div style=\"min-height:350px;margin-top:0px;--octopods-divider-shape-color:#ffffff;--octopods-divider-icon-color:;--octopods-divider-icon-size:20px;--octopods-divider-icon-align:center;--octopods-divider-icon-justify:center\" class=\"wp-block-octopods-divider alignfull\"><div class=\"wp-block-octopods-divider__shape\"><svg xmlns=\"http:\/\/www.w3.org\/2000\/svg\" aria-hidden=\"true\" class=\"curve-asymmetrical_svg__octopods-divider-svg curve-asymmetrical_svg__octopods-divider-svg--curve-asymmetrical\" preserveAspectRatio=\"none\" viewBox=\"0 0 1600 200\"><path d=\"M-10 207.6h1620S1430.8 23.8 1138.3 23.8C884 23.8 234.9 140.1-10 197.9z\"><\/path><\/svg><\/div><\/div>\n<\/div>\n<\/div>\n\n\n\n<div class=\"wp-block-getwid-anchor\" id=\"icare-more-content\"><\/div>\n\n\n\n<div class=\"wp-block-group has-global-padding is-layout-constrained wp-container-core-group-is-layout-34b206c3 wp-block-group-is-layout-constrained\" style=\"padding-top:var(--wp--preset--spacing--small);padding-bottom:var(--wp--preset--spacing--large);--octopods-group-z-index:\">\n<div class=\"wp-block-group has-global-padding is-layout-constrained wp-container-core-group-is-layout-4b2aa5a2 wp-block-group-is-layout-constrained\">\n<h2 class=\"wp-block-heading has-text-align-center\">Wussten Sie schon?<\/h2>\n\n\n\n<p class=\"has-text-align-center\">Schlechte Schmierung und externe Verschmutzung wurden als eine der Hauptursachen f\u00fcr Ger\u00e4teausf\u00e4lle identifiziert, die auf unzureichende Schulung und das Fehlen eines gut durchdachten Schmierungsprogramms zur\u00fcckzuf\u00fchren sind.<\/p>\n<\/div>\n\n\n\n<div class=\"wp-block-group is-layout-grid wp-container-core-group-is-layout-65957d75 wp-block-group-is-layout-grid\" style=\"--octopods-group-grid-columns-tablet:undefined;--octopods-group-grid-columns-mobile:1\">\n<div class=\"wp-block-group is-vertical is-content-justification-center is-layout-flex wp-container-core-group-is-layout-f7d84ab6 wp-block-group-is-layout-flex\" style=\"border-radius:20px;margin-top:0;margin-bottom:0;padding-top:var(--wp--preset--spacing--small);padding-right:var(--wp--preset--spacing--small);padding-bottom:var(--wp--preset--spacing--small);padding-left:var(--wp--preset--spacing--small);--octopods-group-box-shadow:rgba(48,75,130,.15) 0 0 20px 0\">\n<div class=\"wp-block-group is-content-justification-center is-nowrap is-layout-flex wp-container-core-group-is-layout-7cf018c2 wp-block-group-is-layout-flex\">\n<div class=\"wp-block-getwid-counter\"><div class=\"wp-block-getwid-counter__wrapper\" style=\"text-align:center\" data-start=\"0\" data-end=\"82\" data-decimal-places=\"0\" data-duration=\"3\" data-use-easing=\"true\" data-use-grouping=\"false\" data-separator=\",\" data-decimal=\".\" data-easing-fn=\"outExpo\" data-numerals=\"default\"><span class=\"wp-block-getwid-counter__number has-text-color has-primary-color\">0<\/span><\/div><\/div>\n\n\n\n<p class=\"has-primary-color has-text-color has-link-color has-large-font-size wp-elements-ac7f262721248e28c24b7aa0de400613\"><strong>%<\/strong><\/p>\n<\/div>\n\n\n\n<p class=\"has-text-align-center\">Der gr\u00f6\u00dfte Teil des mechanischen Verschlei\u00dfes wird durch Schmierstoffverschmutzung verursacht.<\/p>\n<\/div>\n\n\n\n<div class=\"wp-block-group is-vertical is-content-justification-center is-layout-flex wp-container-core-group-is-layout-f7d84ab6 wp-block-group-is-layout-flex\" style=\"border-radius:20px;margin-top:0;margin-bottom:0;padding-top:var(--wp--preset--spacing--small);padding-right:var(--wp--preset--spacing--small);padding-bottom:var(--wp--preset--spacing--small);padding-left:var(--wp--preset--spacing--small);--octopods-group-box-shadow:rgba(48,75,130,.15) 0 0 20px 0\">\n<div class=\"wp-block-group is-content-justification-center is-nowrap is-layout-flex wp-container-core-group-is-layout-7cf018c2 wp-block-group-is-layout-flex\">\n<div class=\"wp-block-getwid-counter\"><div class=\"wp-block-getwid-counter__wrapper\" style=\"text-align:center\" data-start=\"0\" data-end=\"40\" data-decimal-places=\"0\" data-duration=\"3\" data-use-easing=\"true\" data-use-grouping=\"false\" data-separator=\",\" data-decimal=\".\" data-easing-fn=\"outExpo\" data-numerals=\"default\"><span class=\"wp-block-getwid-counter__number has-text-color has-primary-color\">0<\/span><\/div><\/div>\n\n\n\n<p class=\"has-primary-color has-text-color has-link-color has-large-font-size wp-elements-ac7f262721248e28c24b7aa0de400613\"><strong>%<\/strong><\/p>\n<\/div>\n\n\n\n<p class=\"has-text-align-center\">der Lagerausf\u00e4lle treten vor Ablauf der Lebensdauer auf<br>aufgrund von schlechter Schmierung.<\/p>\n<\/div>\n\n\n\n<div class=\"wp-block-group is-vertical is-content-justification-center is-layout-flex wp-container-core-group-is-layout-f7d84ab6 wp-block-group-is-layout-flex\" style=\"border-radius:20px;margin-top:0;margin-bottom:0;padding-top:var(--wp--preset--spacing--small);padding-right:var(--wp--preset--spacing--small);padding-bottom:var(--wp--preset--spacing--small);padding-left:var(--wp--preset--spacing--small);--octopods-group-box-shadow:rgba(48,75,130,.15) 0 0 20px 0\">\n<div class=\"wp-block-group is-content-justification-center is-nowrap is-layout-flex wp-container-core-group-is-layout-9193781b wp-block-group-is-layout-flex\">\n<div class=\"wp-block-getwid-counter\"><div class=\"wp-block-getwid-counter__wrapper\" style=\"text-align:center\" data-start=\"0\" data-end=\"75\" data-decimal-places=\"0\" data-duration=\"3\" data-use-easing=\"true\" data-use-grouping=\"false\" data-separator=\",\" data-decimal=\".\" data-easing-fn=\"outExpo\" data-numerals=\"default\"><span class=\"wp-block-getwid-counter__number has-text-color has-primary-color\">0<\/span><\/div><\/div>\n\n\n\n<p class=\"has-primary-color has-text-color has-link-color has-large-font-size wp-elements-ac7f262721248e28c24b7aa0de400613\"><strong>%<\/strong><\/p>\n<\/div>\n\n\n\n<p class=\"has-text-align-center\">Reduzierung der Lagerlebensdauer bei<br>nur 1.000 ppm Wasser im \u00d6l.<\/p>\n<\/div>\n<\/div>\n<\/div>\n\n\n\n<div class=\"wp-block-group alignfull is-style-shade-right-top has-global-padding is-layout-constrained wp-block-group-is-layout-constrained\" style=\"margin-top:0;margin-bottom:0;padding-top:var(--wp--preset--spacing--x-large);padding-bottom:var(--wp--preset--spacing--large);--octopods-group-overlay-color:#DEE0EA;--octopods-group-z-index:2\">\n<div class=\"wp-block-columns are-vertically-aligned-center is-layout-flex wp-container-core-columns-is-layout-28f84493 wp-block-columns-is-layout-flex\">\n<div class=\"wp-block-column is-vertically-aligned-center is-layout-flow wp-block-column-is-layout-flow\">\n<figure class=\"wp-block-image size-full has-custom-border\"><img alt=\"\" loading=\"lazy\" decoding=\"async\" width=\"897\" height=\"898\" src=\"https:\/\/www.icareweb.com\/wp-content\/uploads\/2024\/09\/lubrication-container-inside-01.jpg\" alt=\"\" class=\"wp-image-22787\" style=\"border-radius:20px;box-shadow:var(--wp--preset--shadow--natural);aspect-ratio:4\/3;object-fit:cover\" srcset=\"https:\/\/www.icareweb.com\/wp-content\/uploads\/2024\/09\/lubrication-container-inside-01.jpg 897w, https:\/\/www.icareweb.com\/wp-content\/uploads\/2024\/09\/lubrication-container-inside-01-600x600.jpg 600w, https:\/\/www.icareweb.com\/wp-content\/uploads\/2024\/09\/lubrication-container-inside-01-768x769.jpg 768w, https:\/\/www.icareweb.com\/wp-content\/uploads\/2024\/09\/lubrication-container-inside-01-449x450.jpg 449w\" sizes=\"auto, (max-width: 897px) 100vw, 897px\" \/><\/figure>\n<\/div>\n\n\n\n<div class=\"wp-block-column is-vertically-aligned-center is-layout-flow wp-container-core-column-is-layout-c7b3064f wp-block-column-is-layout-flow\">\n<div class=\"wp-block-group is-vertical is-layout-flex wp-container-core-group-is-layout-fe9cc265 wp-block-group-is-layout-flex\">\n<h2 class=\"wp-block-heading\"><mark style=\"background-color:rgba(0, 0, 0, 0)\" class=\"has-inline-color has-primary-color\">Zuverl\u00e4ssigkeit<\/mark> in jeden Tropfen einbauen<\/h2>\n<\/div>\n\n\n\n<div class=\"wp-block-group is-vertical is-layout-flex wp-container-core-group-is-layout-fe9cc265 wp-block-group-is-layout-flex\">\n<p>Zuverl\u00e4ssigkeitszentrierte Schmierung (RCL) ist ein strategischer Ansatz zur Verbesserung des Anlagenmanagements durch \u00d6lanalyse und Pr\u00e4zisionsschmierung.<\/p>\n\n\n\n<p>RCL basiert auf einem sechsstufigen Prozess, der bew\u00e4hrte Verfahren zur Optimierung der Schmierung unter verschiedenen Betriebsbedingungen integriert und umsetzbare Pl\u00e4ne entwickelt, die die Verfahren auf branchenf\u00fchrende Standards anheben.<\/p>\n\n\n\n<p>Unser nahtloser Ansatz stellt sicher, dass jede Phase des Programms zu einer umfassenden Spitzenleistung im Schmierstoffmanagement f\u00fchrt.<\/p>\n<\/div>\n\n\n\n<div class=\"wp-block-buttons is-layout-flex wp-block-buttons-is-layout-flex\">\n<div class=\"wp-block-button is-style-default\"><a class=\"wp-block-button__link has-secondary-background-color has-background wp-element-button\" href=\"https:\/\/www.icareweb.com\/de\/kontakt\/\">Mit einem Experten sprechen<\/a><\/div>\n<\/div>\n<\/div>\n<\/div>\n<\/div>\n\n\n\n<div class=\"wp-block-group alignfull has-global-padding is-layout-constrained wp-container-core-group-is-layout-b088d28a wp-block-group-is-layout-constrained\" style=\"padding-top:var(--wp--preset--spacing--x-large);padding-right:0;padding-bottom:var(--wp--preset--spacing--large);padding-left:0;--octopods-group-z-index:2\">\n<div class=\"wp-block-group has-global-padding is-layout-constrained wp-container-core-group-is-layout-f5f3bcb8 wp-block-group-is-layout-constrained\">\n<div class=\"wp-block-columns is-layout-flex wp-container-core-columns-is-layout-28f84493 wp-block-columns-is-layout-flex\">\n<div class=\"wp-block-column is-vertically-aligned-center is-layout-flow wp-block-column-is-layout-flow\">\n<h2 class=\"wp-block-heading has-text-align-center has-contrast-color has-text-color has-link-color wp-elements-c7136ae9876fb2dce1e940da80704d98\">Wie wir helfen k\u00f6nnen<\/h2>\n<\/div>\n\n\n\n<div class=\"wp-block-column is-vertically-aligned-center is-layout-flow wp-block-column-is-layout-flow\">\n<div class=\"wp-block-group is-layout-grid wp-container-core-group-is-layout-4ab319ca wp-block-group-is-layout-grid\" style=\"--octopods-group-grid-columns-tablet:2;--octopods-group-grid-columns-mobile:1\">\n<div class=\"wp-block-group has-primary-color has-base-background-color has-text-color has-background has-link-color wp-elements-f5a950cd90b15ca1b4da904864b1a37c is-vertical is-content-justification-center is-layout-flex wp-container-core-group-is-layout-20904e56 wp-block-group-is-layout-flex\" style=\"border-radius:20px;margin-top:0;margin-bottom:0;padding-top:var(--wp--preset--spacing--medium);padding-right:var(--wp--preset--spacing--medium);padding-bottom:var(--wp--preset--spacing--medium);padding-left:var(--wp--preset--spacing--medium);--octopods-group-box-shadow:rgba(48,75,130,.15) 0 0 10px 0\">\n<div class=\"wp-block-getwid-icon\"><div class=\"wp-block-getwid-icon__wrapper\" style=\"font-size:30px\"><i class=\"ph-duotone ph-warning\"><\/i><\/div><\/div>\n\n\n\n<p class=\"has-text-align-center\"><strong>Geringeres Risiko von Schmierstoffausf\u00e4llen<\/strong><\/p>\n<\/div>\n\n\n\n<div class=\"wp-block-group has-primary-color has-base-background-color has-text-color has-background has-link-color wp-elements-bda98a75f086038e3d3b1f3ce38075c2 is-vertical is-content-justification-center is-layout-flex wp-container-core-group-is-layout-20904e56 wp-block-group-is-layout-flex\" style=\"border-radius:20px;margin-top:0;margin-bottom:0;padding-top:var(--wp--preset--spacing--medium);padding-right:var(--wp--preset--spacing--medium);padding-bottom:var(--wp--preset--spacing--medium);padding-left:var(--wp--preset--spacing--medium);--octopods-group-box-shadow:rgba(48,75,130,.15) 0 0 10px 0\">\n<div class=\"wp-block-getwid-icon\"><div class=\"wp-block-getwid-icon__wrapper\" style=\"font-size:30px\"><i class=\"ph-duotone ph-money-wavy\"><\/i><\/div><\/div>\n\n\n\n<p class=\"has-text-align-center\"><strong>Kosten f\u00fcr Schmiermittel senken<\/strong><\/p>\n<\/div>\n\n\n\n<div class=\"wp-block-group has-primary-color has-base-background-color has-text-color has-background has-link-color wp-elements-409ea636690a682a7fd414f85b83defa is-vertical is-content-justification-center is-layout-flex wp-container-core-group-is-layout-20904e56 wp-block-group-is-layout-flex\" style=\"border-radius:20px;margin-top:0;margin-bottom:0;padding-top:var(--wp--preset--spacing--medium);padding-right:var(--wp--preset--spacing--medium);padding-bottom:var(--wp--preset--spacing--medium);padding-left:var(--wp--preset--spacing--medium);--octopods-group-box-shadow:rgba(48,75,130,.15) 0 0 10px 0\">\n<div class=\"wp-block-getwid-icon\"><div class=\"wp-block-getwid-icon__wrapper\" style=\"font-size:30px\"><i class=\"ph-duotone ph-leaf\"><\/i><\/div><\/div>\n\n\n\n<p class=\"has-text-align-center\"><strong>Reduzieren Sie Umweltgefahren<\/strong><\/p>\n<\/div>\n\n\n\n<div class=\"wp-block-group has-primary-color has-base-background-color has-text-color has-background has-link-color wp-elements-92a05b649ad651c8861facc3795d2d58 is-vertical is-content-justification-center is-layout-flex wp-container-core-group-is-layout-20904e56 wp-block-group-is-layout-flex\" style=\"border-radius:20px;margin-top:0;margin-bottom:0;padding-top:var(--wp--preset--spacing--medium);padding-right:var(--wp--preset--spacing--medium);padding-bottom:var(--wp--preset--spacing--medium);padding-left:var(--wp--preset--spacing--medium);--octopods-group-box-shadow:rgba(48,75,130,.15) 0 0 10px 0\">\n<div class=\"wp-block-getwid-icon\"><div class=\"wp-block-getwid-icon__wrapper\" style=\"font-size:30px\"><i class=\"ph-duotone ph-hourglass-high\"><\/i><\/div><\/div>\n\n\n\n<p class=\"has-text-align-center\"><strong>Verl\u00e4ngerung der Lebensdauer von Maschinen<\/strong><\/p>\n<\/div>\n<\/div>\n<\/div>\n<\/div>\n<\/div>\n<\/div>\n\n\n\n<div style=\"min-height:50vh;margin-top:-50vh;--octopods-divider-shape-color:#F7F8FD;--octopods-divider-icon-color:;--octopods-divider-icon-size:20px;--octopods-divider-icon-align:center;--octopods-divider-icon-justify:center;--octopods-divider-icon-rotation:73deg\" class=\"wp-block-octopods-divider alignfull\"><div class=\"wp-block-octopods-divider__shape\"><svg xmlns=\"http:\/\/www.w3.org\/2000\/svg\" class=\"angle-layered_svg__octopods-divider-svg angle-layered_svg__octopods-divider-svg--angle-layered\" preserveAspectRatio=\"none\" viewBox=\"0 0 2600 129\"><path d=\"M2600 64 0 128v1h2600z\"><\/path><path d=\"M0 129h2600V64H0z\" opacity=\"0.5\"><\/path><path d=\"M2600 64 0 0v129h2600z\" opacity=\"0.5\"><\/path><\/svg><\/div><\/div>\n\n\n\n<div class=\"wp-block-group alignfull is-style-shade-right-bottom has-neutral-accent-background-color has-background has-global-padding is-layout-constrained wp-block-group-is-layout-constrained\" style=\"margin-top:0;margin-bottom:0;padding-top:var(--wp--preset--spacing--x-large);padding-bottom:var(--wp--preset--spacing--xx-large);--octopods-group-z-index:2\">\n<div class=\"wp-block-columns are-vertically-aligned-center is-layout-flex wp-container-core-columns-is-layout-28f84493 wp-block-columns-is-layout-flex\">\n<div class=\"wp-block-column is-vertically-aligned-center is-layout-flow wp-block-column-is-layout-flow\">\n<figure class=\"wp-block-image size-full has-custom-border\"><img alt=\"\" loading=\"lazy\" decoding=\"async\" width=\"2560\" height=\"1708\" src=\"https:\/\/www.icareweb.com\/wp-content\/uploads\/2024\/09\/lubrication-container-inside-06.jpg\" alt=\"\" class=\"wp-image-22817\" style=\"border-radius:20px;box-shadow:var(--wp--preset--shadow--natural);aspect-ratio:4\/3;object-fit:cover\" srcset=\"https:\/\/www.icareweb.com\/wp-content\/uploads\/2024\/09\/lubrication-container-inside-06.jpg 2560w, https:\/\/www.icareweb.com\/wp-content\/uploads\/2024\/09\/lubrication-container-inside-06-1280x854.jpg 1280w, https:\/\/www.icareweb.com\/wp-content\/uploads\/2024\/09\/lubrication-container-inside-06-1920x1281.jpg 1920w, https:\/\/www.icareweb.com\/wp-content\/uploads\/2024\/09\/lubrication-container-inside-06-600x400.jpg 600w, https:\/\/www.icareweb.com\/wp-content\/uploads\/2024\/09\/lubrication-container-inside-06-768x512.jpg 768w, https:\/\/www.icareweb.com\/wp-content\/uploads\/2024\/09\/lubrication-container-inside-06-1536x1025.jpg 1536w, https:\/\/www.icareweb.com\/wp-content\/uploads\/2024\/09\/lubrication-container-inside-06-2048x1366.jpg 2048w, https:\/\/www.icareweb.com\/wp-content\/uploads\/2024\/09\/lubrication-container-inside-06-1200x801.jpg 1200w, https:\/\/www.icareweb.com\/wp-content\/uploads\/2024\/09\/lubrication-container-inside-06-1619x1080.jpg 1619w\" sizes=\"auto, (max-width: 2560px) 100vw, 2560px\" \/><\/figure>\n<\/div>\n\n\n\n<div class=\"wp-block-column is-vertically-aligned-center is-layout-flow wp-container-core-column-is-layout-c7b3064f wp-block-column-is-layout-flow\">\n<div class=\"wp-block-group is-vertical is-layout-flex wp-container-core-group-is-layout-fe9cc265 wp-block-group-is-layout-flex\">\n<h2 class=\"wp-block-heading\">Verbessern Sie Ihre Arbeitsabl\u00e4ufe mit <mark style=\"background-color:rgba(0, 0, 0, 0)\" class=\"has-inline-color has-primary-color\">I-lube<\/mark><\/h2>\n<\/div>\n\n\n\n<div class=\"wp-block-group is-vertical is-layout-flex wp-container-core-group-is-layout-e9e558ad wp-block-group-is-layout-flex\">\n<p>Ist Ihr Unternehmen auf der Suche nach einem erstklassigen, zuverl\u00e4ssigkeitsorientierten Schmierungsprogramm? Entdecken Sie I-lube, unser umfassendes Serviceangebot:<\/p>\n\n\n\n<div class=\"wp-block-group is-vertical is-layout-flex wp-container-core-group-is-layout-4b827052 wp-block-group-is-layout-flex\">\n<p><strong><mark style=\"background-color:rgba(0, 0, 0, 0)\" class=\"has-inline-color has-primary-color\">Defizit- und Kosten-Nutzen-Analyse:<\/mark><\/strong> <strong><mark style=\"background-color:rgba(0, 0, 0, 0)\" class=\"has-inline-color has-primary-color\"> <\/mark><\/strong>Bewerten Sie die Effizienz und das Einsparpotenzial Ihres Schmierprozesses.<\/p>\n<\/div>\n\n\n\n<div class=\"wp-block-group is-vertical is-nowrap is-layout-flex wp-container-core-group-is-layout-f44fb481 wp-block-group-is-layout-flex\">\n<p><mark style=\"background-color:rgba(0, 0, 0, 0)\" class=\"has-inline-color has-primary-color\"><strong>Gestaltung und Umsetzung:<\/strong><\/mark> Entwicklung und Umsetzung einer ma\u00dfgeschneiderten Schmierstrategie, die Ihren betrieblichen Anforderungen entspricht.<\/p>\n<\/div>\n\n\n\n<div class=\"wp-block-group is-vertical is-layout-flex wp-container-core-group-is-layout-4b827052 wp-block-group-is-layout-flex\">\n<p><mark style=\"background-color:rgba(0, 0, 0, 0)\" class=\"has-inline-color has-primary-color\"><strong>Standardisierung und Nachhaltigkeit<\/strong><\/mark>: Einf\u00fchrung einheitlicher Praktiken und kontinuierliche Verbesserungen durch Datenmanagement und KPI-Tracking.<\/p>\n<\/div>\n\n\n\n<div class=\"wp-block-buttons is-layout-flex wp-block-buttons-is-layout-flex\">\n<div class=\"wp-block-button is-style-default\"><a class=\"wp-block-button__link has-secondary-background-color has-background wp-element-button\" href=\"https:\/\/www.icareweb.com\/de\/kontakt\/\">Mit einem Experten sprechen<\/a><\/div>\n<\/div>\n<\/div>\n<\/div>\n<\/div>\n<\/div>\n\n\n\n<div class=\"wp-block-group alignfull has-contrast-background-color has-background has-global-padding is-layout-constrained wp-block-group-is-layout-constrained\" style=\"margin-top:0;padding-top:var(--wp--preset--spacing--medium);padding-bottom:var(--wp--preset--spacing--medium);box-shadow:var(--wp--preset--shadow--natural);--octopods-group-box-shadow:rgba(48,75,130,.15) 0 0 50px 0\">\n<div class=\"wp-block-columns is-layout-flex wp-container-core-columns-is-layout-0974ab71 wp-block-columns-is-layout-flex\" style=\"padding-top:var(--wp--preset--spacing--large);padding-right:0;padding-bottom:var(--wp--preset--spacing--large);padding-left:0;box-shadow:var(--wp--preset--shadow--natural)\">\n<div class=\"wp-block-column is-vertically-aligned-center is-layout-flow wp-block-column-is-layout-flow\">\n<h2 class=\"wp-block-heading has-text-align-left has-base-color has-text-color has-link-color wp-elements-6f0b67fcaaab39e5d6d45dfbb8707af8\">Sind Ihre Schmierungspraktiken optimal?<\/h2>\n<\/div>\n\n\n\n<div class=\"wp-block-column is-layout-flow wp-container-core-column-is-layout-c7b3064f wp-block-column-is-layout-flow\">\n<div class=\"wp-block-group has-global-padding is-layout-constrained wp-block-group-is-layout-constrained\">\n<p class=\"has-base-color has-text-color has-link-color has-large-font-size wp-elements-ab860fdad41772f99e332dd257f7605c\">Erfahren Sie, wie unsere L\u00f6sungen die Gesundheit und Lebensdauer von Maschinen verbessern und gleichzeitig die Wartungskosten senken.<\/p>\n<\/div>\n\n\n\n<div class=\"wp-block-buttons is-content-justification-left is-layout-flex wp-container-core-buttons-is-layout-fc4fd283 wp-block-buttons-is-layout-flex\">\n<div class=\"wp-block-button\"><a rel=\"\" target=\"\" href=\"https:\/\/www.icareweb.com\/de\/kontakt\/\" class=\"wp-block-button__link has-secondary-background-color has-background wp-element-button\">Kontakt aufnehmen<\/a><\/div>\n<\/div>\n<\/div>\n<\/div>\n<\/div>\n","protected":false},"excerpt":{"rendered":"<p>Wussten Sie schon? Schlechte Schmierung und externe Verschmutzung wurden als eine der Hauptursachen f\u00fcr Ger\u00e4teausf\u00e4lle identifiziert, die auf unzureichende Schulung und das Fehlen eines gut durchdachten Schmierungsprogramms zur\u00fcckzuf\u00fchren sind. % Der gr\u00f6\u00dfte Teil des mechanischen Verschlei\u00dfes wird durch Schmierstoffverschmutzung verursacht. % der Lagerausf\u00e4lle treten vor Ablauf der Lebensdauer aufaufgrund von schlechter Schmierung. % Reduzierung der [&hellip;]<\/p>\n","protected":false},"author":23,"featured_media":22856,"parent":23837,"menu_order":0,"comment_status":"closed","ping_status":"closed","template":"","meta":{"_acf_changed":false,"_seopress_robots_primary_cat":"0","_seopress_titles_title":"Zuverl\u00e4ssigkeitsorientiertes Schmierprogramm: Schmierdienstleistungen %%sep%% I-lube-Programm von %%sitename%%","_seopress_titles_desc":"Entdecken Sie unser I-Lube-Programm. Ein umfassender Service zur Verringerung von Verschlei\u00df, zur Verbesserung der Zuverl\u00e4ssigkeit Ihrer Anlagen und zur Optimierung der Schmierung Ihrer gesamten Anlagen.","_seopress_robots_index":"","content-type":"","inline_featured_image":false,"footnotes":""},"page_category":[162],"class_list":{"0":"post-3830","1":"page","2":"type-page","3":"status-publish","4":"has-post-thumbnail","6":"page_category-website-pages"},"acf":[],"_links":{"self":[{"href":"https:\/\/www.icareweb.com\/de\/wp-json\/wp\/v2\/pages\/3830","targetHints":{"allow":["GET"]}}],"collection":[{"href":"https:\/\/www.icareweb.com\/de\/wp-json\/wp\/v2\/pages"}],"about":[{"href":"https:\/\/www.icareweb.com\/de\/wp-json\/wp\/v2\/types\/page"}],"author":[{"embeddable":true,"href":"https:\/\/www.icareweb.com\/de\/wp-json\/wp\/v2\/users\/23"}],"replies":[{"embeddable":true,"href":"https:\/\/www.icareweb.com\/de\/wp-json\/wp\/v2\/comments?post=3830"}],"version-history":[{"count":0,"href":"https:\/\/www.icareweb.com\/de\/wp-json\/wp\/v2\/pages\/3830\/revisions"}],"up":[{"embeddable":true,"href":"https:\/\/www.icareweb.com\/de\/wp-json\/wp\/v2\/pages\/23837"}],"wp:featuredmedia":[{"embeddable":true,"href":"https:\/\/www.icareweb.com\/de\/wp-json\/wp\/v2\/media\/22856"}],"wp:attachment":[{"href":"https:\/\/www.icareweb.com\/de\/wp-json\/wp\/v2\/media?parent=3830"}],"wp:term":[{"taxonomy":"page_category","embeddable":true,"href":"https:\/\/www.icareweb.com\/de\/wp-json\/wp\/v2\/page_category?post=3830"}],"curies":[{"name":"wp","href":"https:\/\/api.w.org\/{rel}","templated":true}]}}