{"id":66583,"date":"2025-12-11T08:00:00","date_gmt":"2025-12-11T07:00:00","guid":{"rendered":"https:\/\/www.icareweb.com\/integrationen\/integration-i-see-x-mainti4\/"},"modified":"2025-12-15T10:45:50","modified_gmt":"2025-12-15T09:45:50","slug":"mainti4","status":"publish","type":"page","link":"https:\/\/www.icareweb.com\/de\/integrationen\/mainti4\/","title":{"rendered":"Integration | I-see\u2122 x MAINTI4"},"content":{"rendered":"\n<div class=\"wp-block-group alignfull icare-hero is-style-shade-left has-background has-global-padding is-layout-constrained wp-block-group-is-layout-constrained\" style=\"background:linear-gradient(135deg,rgb(247,248,253) 0%,rgba(247,248,252,0.49) 100%);margin-top:0;margin-bottom:0;padding-top:var(--wp--preset--spacing--medium);padding-bottom:var(--wp--preset--spacing--xx-large);--octopods-group-overlay-color:#27498C;--octopods-group-overflow:hidden;--octopods-group-position:relative\">\n<div style=\"height:150px\" aria-hidden=\"true\" class=\"wp-block-spacer\"><\/div>\n\n\n\n<div class=\"wp-block-group icare-hero__content is-content-justification-space-between is-nowrap is-layout-flex wp-container-core-group-is-layout-cb46ffcb wp-block-group-is-layout-flex\" style=\"min-height:35vh;--octopods-group-z-index:2;aspect-ratio:unset;\">\n<div class=\"wp-block-columns are-vertically-aligned-center is-style-columns-reverse wp-container-content-9cfa9a5a is-layout-flex wp-container-core-columns-is-layout-28f84493 wp-block-columns-is-layout-flex\">\n<div class=\"wp-block-column is-vertically-aligned-center is-layout-flow wp-block-column-is-layout-flow\" data-aos=\"fade\" data-aos-duration=\"900\" data-aos-easing=\"ease-in-out\" data-aos-once=\"true\">\n<div class=\"wp-block-group is-vertical is-layout-flex wp-container-core-group-is-layout-7aa4b7fc wp-block-group-is-layout-flex\">\n<h1 class=\"wp-block-heading has-text-align-left has-secondary-color has-text-color has-link-color has-large-font-size wp-elements-8e3e27525f1c2bb6b31028b76597b9c7\"><strong>I-see x MA<\/strong>INTI4<\/h1>\n\n\n\n<h2 class=\"wp-block-heading has-xxx-large-font-size\"><strong>Von Predictive Intelligence bis zur Instandhaltungsausf\u00fchrung<\/strong><\/h2>\n\n\n\n<p style=\"font-size:clamp(0.875rem, 0.875rem + ((1vw - 0.2rem) * 0.531), 1.3rem);\">Eine nahtlose Integration, die pr\u00e4diktive Erkenntnisse mit Instandhaltungsma\u00dfnahmen verbindet, f\u00fcr mehr Effizienz, Genauigkeit und Zuverl\u00e4ssigkeit.<\/p>\n\n\n\n<div class=\"wp-block-buttons is-layout-flex wp-block-buttons-is-layout-flex\">\n<div class=\"wp-block-button\"><a class=\"wp-block-button__link has-secondary-background-color has-background wp-element-button\" href=\"https:\/\/www.icareweb.com\/de\/book-a-meeting\/\">Kontaktieren Sie uns<\/a><\/div>\n<\/div>\n<\/div>\n<\/div>\n\n\n\n<div class=\"wp-block-column is-vertically-aligned-center is-layout-flow wp-block-column-is-layout-flow\" data-aos=\"fade-right\" data-aos-duration=\"900\" data-aos-easing=\"ease-in-out\" data-aos-once=\"true\">\n<div class=\"wp-block-group has-global-padding is-layout-constrained wp-block-group-is-layout-constrained\" style=\"--octopods-group-position:relative\">\n<figure class=\"wp-block-image size-full has-custom-border\"><img alt=\"\" loading=\"lazy\" decoding=\"async\" width=\"2560\" height=\"1716\" src=\"https:\/\/www.icareweb.com\/wp-content\/uploads\/2025\/11\/mainti4-01-scaled.jpg\" alt=\"\" class=\"wp-image-66426\" style=\"border-radius:20px;aspect-ratio:4\/3;object-fit:cover\" srcset=\"https:\/\/www.icareweb.com\/wp-content\/uploads\/2025\/11\/mainti4-01-scaled.jpg 2560w, https:\/\/www.icareweb.com\/wp-content\/uploads\/2025\/11\/mainti4-01-1280x858.jpg 1280w, https:\/\/www.icareweb.com\/wp-content\/uploads\/2025\/11\/mainti4-01-1920x1287.jpg 1920w, https:\/\/www.icareweb.com\/wp-content\/uploads\/2025\/11\/mainti4-01-600x402.jpg 600w, https:\/\/www.icareweb.com\/wp-content\/uploads\/2025\/11\/mainti4-01-768x515.jpg 768w, https:\/\/www.icareweb.com\/wp-content\/uploads\/2025\/11\/mainti4-01-1536x1029.jpg 1536w, https:\/\/www.icareweb.com\/wp-content\/uploads\/2025\/11\/mainti4-01-2048x1372.jpg 2048w, https:\/\/www.icareweb.com\/wp-content\/uploads\/2025\/11\/mainti4-01-1200x804.jpg 1200w, https:\/\/www.icareweb.com\/wp-content\/uploads\/2025\/11\/mainti4-01-1612x1080.jpg 1612w\" sizes=\"auto, (max-width: 2560px) 100vw, 2560px\" \/><\/figure>\n<\/div>\n<\/div>\n<\/div>\n<\/div>\n\n\n\n<div class=\"wp-block-group alignfull icare-hero__divider is-layout-flow wp-block-group-is-layout-flow\" style=\"margin-top:0px;margin-bottom:0px;--octopods-group-position:absolute;--octopods-group-bottom:0px;--octopods-group-left:0px;--octopods-group-right:0px\">\n<div style=\"min-height:350px;margin-top:0px;--octopods-divider-shape-color:#ffffff;--octopods-divider-icon-color:;--octopods-divider-icon-size:20px;--octopods-divider-icon-align:center;--octopods-divider-icon-justify:center\" class=\"wp-block-octopods-divider alignfull\"><div class=\"wp-block-octopods-divider__shape\"><svg xmlns=\"http:\/\/www.w3.org\/2000\/svg\" class=\"angle-layered-3_svg__octopods-divider-svg angle-layered-3_svg__octopods-divider-svg--angle-layered-3\" preserveAspectRatio=\"none\" viewBox=\"0 0 1000 120\"><path d=\"M1000 120V15.608L0 120z\"><\/path><path fill-opacity=\"0.7\" d=\"M0 120 1000 15.608V0z\"><\/path><\/svg><\/div><\/div>\n<\/div>\n<\/div>\n\n\n\n<div class=\"wp-block-group alignfull is-style-default has-global-padding is-layout-constrained wp-block-group-is-layout-constrained\" style=\"margin-top:0;margin-bottom:0;padding-top:var(--wp--preset--spacing--small);padding-bottom:var(--wp--preset--spacing--large);--octopods-group-z-index:2\">\n<div class=\"wp-block-group has-base-background-color has-background has-global-padding is-layout-constrained wp-container-core-group-is-layout-bc54942b wp-block-group-is-layout-constrained\" style=\"border-radius:20px;padding-top:var(--wp--preset--spacing--large);padding-right:var(--wp--preset--spacing--large);padding-bottom:var(--wp--preset--spacing--large);padding-left:var(--wp--preset--spacing--large);box-shadow:var(--wp--preset--shadow--natural)\">\n<div class=\"wp-block-group has-global-padding is-layout-constrained wp-container-core-group-is-layout-7d0d3654 wp-block-group-is-layout-constrained\">\n<h2 class=\"wp-block-heading has-text-align-center has-xx-large-font-size\"><strong><strong>Ein <mark style=\"background-color:rgba(0, 0, 0, 0)\" class=\"has-inline-color has-primary-color\">bew\u00e4hrter Experte<\/mark> im <\/strong> <\/strong><br><strong><strong>Instandhaltungsmanagement<\/strong><\/strong><\/h2>\n\n\n\n<div class=\"wp-block-group is-vertical is-content-justification-center is-layout-flex wp-container-core-group-is-layout-ce155fab wp-block-group-is-layout-flex\">\n<hr class=\"wp-block-separator has-text-color has-secondary-color has-alpha-channel-opacity has-secondary-background-color has-background is-style-default\"\/>\n<\/div>\n<\/div>\n\n\n\n<div class=\"wp-block-columns are-vertically-aligned-center is-layout-flex wp-container-core-columns-is-layout-28f84493 wp-block-columns-is-layout-flex\">\n<div class=\"wp-block-column is-vertically-aligned-center is-layout-flow wp-block-column-is-layout-flow\" style=\"flex-basis:30%\">\n<figure class=\"wp-block-image size-full is-resized has-custom-border\"><img alt=\"\" loading=\"lazy\" decoding=\"async\" width=\"1080\" height=\"1080\" src=\"https:\/\/www.icareweb.com\/wp-content\/uploads\/2025\/11\/logo-mainti4-01.png\" alt=\"\" class=\"wp-image-66572\" style=\"border-radius:20px;width:300px\" srcset=\"https:\/\/www.icareweb.com\/wp-content\/uploads\/2025\/11\/logo-mainti4-01.png 1080w, https:\/\/www.icareweb.com\/wp-content\/uploads\/2025\/11\/logo-mainti4-01-600x600.png 600w, https:\/\/www.icareweb.com\/wp-content\/uploads\/2025\/11\/logo-mainti4-01-768x768.png 768w, https:\/\/www.icareweb.com\/wp-content\/uploads\/2025\/11\/logo-mainti4-01-450x450.png 450w, https:\/\/www.icareweb.com\/wp-content\/uploads\/2025\/11\/logo-mainti4-01-900x900.png 900w\" sizes=\"auto, (max-width: 1080px) 100vw, 1080px\" \/><\/figure>\n<\/div>\n\n\n\n<div class=\"wp-block-column is-vertically-aligned-center is-layout-flow wp-container-core-column-is-layout-c7b3064f wp-block-column-is-layout-flow\" style=\"flex-basis:70%\">\n<div class=\"wp-block-group is-vertical is-content-justification-left is-layout-flex wp-container-core-group-is-layout-ca62ba71 wp-block-group-is-layout-flex\">\n<div class=\"wp-block-group has-global-padding is-layout-constrained wp-block-group-is-layout-constrained\">\n<p>MAINTI4 ist ein Computerized Maintenance Management System (CMMS), das von TriboFilm entwickelt wurde, einem franz\u00f6sischen Unternehmen, das seit 1993 auf Instandhaltungssoftwarel\u00f6sungen spezialisiert ist. MAINTI4 wurde entwickelt, um die t\u00e4gliche Arbeit von Instandhaltungsteams zu vereinfachen und erm\u00f6glicht es Organisationen, ihre Instandhaltungsprozesse effizient zu strukturieren, zu \u00fcberwachen und zu optimieren.<\/p>\n\n\n\n<p>Mit jahrzehntelanger Erfahrung und einem starken Ruf im CMMS-Bereich bietet TriboFilm L\u00f6sungen, die auf die Industrie-, Produktions- und Dienstleistungssektoren zugeschnitten sind \u2013 und Unternehmen so erm\u00f6glichen, Zuverl\u00e4ssigkeit, Leistung und R\u00fcckverfolgbarkeit in ihren Instandhaltungsprozessen zu verbessern.<\/p>\n<\/div>\n\n\n\n<div class=\"wp-block-group is-nowrap is-layout-flex wp-container-core-group-is-layout-6c531013 wp-block-group-is-layout-flex\">\n<div class=\"wp-block-buttons is-layout-flex wp-block-buttons-is-layout-flex\">\n<div class=\"wp-block-button\"><a class=\"wp-block-button__link has-secondary-background-color has-background wp-element-button\" href=\"https:\/\/www.icareweb.com\/de\/book-a-meeting\/\">Mit einem Experten sprechen<\/a><\/div>\n<\/div>\n<\/div>\n<\/div>\n<\/div>\n<\/div>\n<\/div>\n<\/div>\n\n\n\n<div class=\"wp-block-group alignfull is-style-default has-global-padding is-layout-constrained wp-container-core-group-is-layout-f3101629 wp-block-group-is-layout-constrained\" style=\"margin-top:0;margin-bottom:0;padding-top:var(--wp--preset--spacing--x-large);padding-bottom:var(--wp--preset--spacing--large)\">\n<div class=\"wp-block-group is-vertical is-content-justification-center is-layout-flex wp-container-core-group-is-layout-c9f4a25e wp-block-group-is-layout-flex\">\n<h2 class=\"wp-block-heading has-text-align-center\"><strong>Der <mark style=\"background-color:rgba(0, 0, 0, 0)\" class=\"has-inline-color has-primary-color\">Zweck<\/mark><\/strong><br><strong>hinter der Integration<\/strong><\/h2>\n\n\n\n<div class=\"wp-block-columns are-vertically-aligned-center is-layout-flex wp-container-core-columns-is-layout-28f84493 wp-block-columns-is-layout-flex\">\n<div class=\"wp-block-column is-vertically-aligned-center is-layout-flow wp-container-core-column-is-layout-8a368f38 wp-block-column-is-layout-flow\" style=\"flex-basis:50%\">\n<div class=\"wp-block-group has-primary-color has-text-color has-link-color wp-elements-8aefa7eac5d779760859fea6c491e3f0 is-layout-grid wp-container-core-group-is-layout-79a98d3f wp-block-group-is-layout-grid\" style=\"--octopods-group-grid-columns-tablet:2;--octopods-group-grid-columns-mobile:1\">\n<div class=\"wp-block-group has-base-background-color has-background is-vertical is-content-justification-center is-layout-flex wp-container-core-group-is-layout-15fbba4b wp-block-group-is-layout-flex\" style=\"border-radius:20px;padding-top:var(--wp--preset--spacing--small);padding-right:var(--wp--preset--spacing--small);padding-bottom:var(--wp--preset--spacing--small);padding-left:var(--wp--preset--spacing--small);box-shadow:var(--wp--preset--shadow--natural);--octopods-group-box-shadow:rgba(48,75,130,.15) 0 0 25px 0\">\n<div class=\"wp-block-getwid-icon\"><div class=\"wp-block-getwid-icon__wrapper\" style=\"font-size:30px;padding:0px\"><i class=\"ph-duotone ph-arrows-horizontal\"><\/i><\/div><\/div>\n\n\n\n<h4 class=\"wp-block-heading has-text-align-center\">Doppelte Dateneingabe<br>beseitigen<\/h4>\n<\/div>\n\n\n\n<div class=\"wp-block-group has-base-background-color has-background is-vertical is-content-justification-center is-layout-flex wp-container-core-group-is-layout-15fbba4b wp-block-group-is-layout-flex\" style=\"border-radius:20px;padding-top:var(--wp--preset--spacing--small);padding-right:var(--wp--preset--spacing--small);padding-bottom:var(--wp--preset--spacing--small);padding-left:var(--wp--preset--spacing--small);box-shadow:var(--wp--preset--shadow--natural);--octopods-group-box-shadow:rgba(48,75,130,.15) 0 0 25px 0\">\n<div class=\"wp-block-getwid-icon\"><div class=\"wp-block-getwid-icon__wrapper\" style=\"font-size:30px;padding:0px\"><i class=\"ph-duotone ph-handshake\"><\/i><\/div><\/div>\n\n\n\n<h4 class=\"wp-block-heading has-text-align-center\">Koordination<br>verbessern<\/h4>\n<\/div>\n\n\n\n<div class=\"wp-block-group has-base-background-color has-background is-vertical is-content-justification-center is-layout-flex wp-container-core-group-is-layout-15fbba4b wp-block-group-is-layout-flex\" style=\"border-radius:20px;padding-top:var(--wp--preset--spacing--small);padding-right:var(--wp--preset--spacing--small);padding-bottom:var(--wp--preset--spacing--small);padding-left:var(--wp--preset--spacing--small);box-shadow:var(--wp--preset--shadow--natural);--octopods-group-box-shadow:rgba(48,75,130,.15) 0 0 25px 0\">\n<div class=\"wp-block-getwid-icon\"><div class=\"wp-block-getwid-icon__wrapper\" style=\"font-size:30px;padding:0px\"><i class=\"ph-duotone ph-arrow-fat-lines-right\"><\/i><\/div><\/div>\n\n\n\n<h4 class=\"wp-block-heading has-text-align-center\">Instandhaltungsabl\u00e4ufe<br>optimieren<\/h4>\n<\/div>\n\n\n\n<div class=\"wp-block-group has-base-background-color has-background is-vertical is-content-justification-center is-layout-flex wp-container-core-group-is-layout-15fbba4b wp-block-group-is-layout-flex\" style=\"border-radius:20px;padding-top:var(--wp--preset--spacing--small);padding-right:var(--wp--preset--spacing--small);padding-bottom:var(--wp--preset--spacing--small);padding-left:var(--wp--preset--spacing--small);box-shadow:var(--wp--preset--shadow--natural);--octopods-group-box-shadow:rgba(48,75,130,.15) 0 0 25px 0\">\n<div class=\"wp-block-getwid-icon\"><div class=\"wp-block-getwid-icon__wrapper\" style=\"font-size:25px;padding:0px\"><i class=\"ph-duotone ph-lightbulb\"><\/i><\/div><\/div>\n\n\n\n<h4 class=\"wp-block-heading has-text-align-center\">Entscheidungsfindung<br>beschleunigen<\/h4>\n<\/div>\n<\/div>\n<\/div>\n\n\n\n<div class=\"wp-block-column is-vertically-aligned-center is-layout-flow wp-container-core-column-is-layout-c7b3064f wp-block-column-is-layout-flow\" style=\"flex-basis:50%\">\n<div class=\"wp-block-group is-vertical is-content-justification-left is-layout-flex wp-container-core-group-is-layout-ca62ba71 wp-block-group-is-layout-flex\">\n<div class=\"wp-block-group has-global-padding is-layout-constrained wp-block-group-is-layout-constrained\">\n<p class=\"has-text-align-left\">Die Vereinfachung von Instandhaltungsabl\u00e4ufen durch vernetzte Daten und intelligente Automatisierung ist ein gemeinsames Ziel von I-care und TriboFilm. Durch die Verbindung von I-see\u2122, der Predictive-Maintenance-Plattform von I-care, mit der CMMS-Software Mainti4 erm\u00f6glicht diese Integration eine nahtlose Synchronisation zwischen pr\u00e4diktiven Erkenntnissen und Instandhaltungsausf\u00fchrung.<\/p>\n\n\n\n<p class=\"has-text-align-left\">Organisationen profitieren von konsistenten, zuverl\u00e4ssigen und automatisch aktualisierten Instandhaltungsdaten, wodurch eine einheitliche Umgebung entsteht, die manuelle Arbeiten reduziert und die Entscheidungsfindung beschleunigt.<\/p>\n<\/div>\n<\/div>\n<\/div>\n<\/div>\n\n\n\n<div class=\"wp-block-group is-nowrap is-layout-flex wp-container-core-group-is-layout-6c531013 wp-block-group-is-layout-flex\">\n<div class=\"wp-block-buttons is-layout-flex wp-block-buttons-is-layout-flex\">\n<div class=\"wp-block-button\"><a class=\"wp-block-button__link has-secondary-background-color has-background wp-element-button\" href=\"https:\/\/www.icareweb.com\/de\/book-a-meeting\/\">Eine Demo buchen<\/a><\/div>\n<\/div>\n<\/div>\n<\/div>\n<\/div>\n\n\n\n<div class=\"wp-block-group alignfull is-style-default has-background has-global-padding is-layout-constrained wp-container-core-group-is-layout-abd6bf5b wp-block-group-is-layout-constrained\" style=\"background:linear-gradient(180deg,rgb(255,255,255) 0%,rgb(247,248,253) 100%);margin-top:0;margin-bottom:0;padding-top:var(--wp--preset--spacing--x-large);padding-bottom:var(--wp--preset--spacing--large)\">\n<div class=\"wp-block-group has-base-background-color has-background is-vertical is-content-justification-center is-layout-flex wp-container-core-group-is-layout-62289b8d wp-block-group-is-layout-flex\" style=\"border-radius:20px;padding-top:var(--wp--preset--spacing--large);padding-right:var(--wp--preset--spacing--large);padding-bottom:var(--wp--preset--spacing--large);padding-left:var(--wp--preset--spacing--large);box-shadow:var(--wp--preset--shadow--natural)\">\n<div class=\"wp-block-group is-vertical is-content-justification-center is-layout-flex wp-container-core-group-is-layout-4eb4b0f8 wp-block-group-is-layout-flex\">\n<h3 class=\"wp-block-heading has-text-align-left has-secondary-color has-text-color has-link-color has-large-font-size wp-elements-0b04adb7ad98384a4f2e809f0ac0cc61\">Wie funktioniert es?<\/h3>\n\n\n\n<h2 class=\"wp-block-heading has-text-align-center\"><strong>Von <mark style=\"background-color:rgba(0, 0, 0, 0)\" class=\"has-inline-color has-primary-color\">Erkennung<\/mark> bis zur <mark style=\"background-color:rgba(0, 0, 0, 0)\" class=\"has-inline-color has-primary-color\">L\u00f6sung<\/mark><\/strong><\/h2>\n<\/div>\n\n\n\n<div class=\"wp-block-group is-vertical is-content-justification-center is-layout-flex wp-container-core-group-is-layout-582cdc1d wp-block-group-is-layout-flex\" style=\"margin-top:0;margin-bottom:0\">\n<figure class=\"wp-block-image size-full is-resized show-desktop\" style=\"margin-top:0;margin-bottom:0\"><img alt=\"\" loading=\"lazy\" decoding=\"async\" width=\"12064\" height=\"5932\" src=\"https:\/\/www.icareweb.com\/wp-content\/uploads\/2025\/11\/mainti4-schema-01.jpg\" alt=\"\" class=\"wp-image-66433\" style=\"width:1000px\"\/><\/figure>\n\n\n<\/div>\n\n\n\n<div class=\"wp-block-group has-global-padding is-layout-constrained wp-container-core-group-is-layout-704e782a wp-block-group-is-layout-constrained\">\n<p class=\"has-text-align-center\">Die Integration gew\u00e4hrleistet die Interoperabilit\u00e4t zwischen beiden Plattformen und schafft einen kontinuierlichen Datenaustausch. I-see\u2122 sammelt und analysiert Daten zum Zustand der Anlagen, erkennt Anomalien und erstellt Instandhaltungsempfehlungen. Die Arbeitsauftr\u00e4ge werden dann automatisch an MAINTI4 \u00fcbertragen, wo sie in Arbeitsauftr\u00e4ge und geplante Instandhaltungsaufgaben umgewandelt werden.<\/p>\n\n\n\n<p class=\"has-text-align-center\">Nach Abschluss flie\u00dfen R\u00fcckmeldungen und Statusupdates wieder in I-see\u2122 zur\u00fcck, best\u00e4tigen die ausgef\u00fchrten Ma\u00dfnahmen und st\u00e4rken die pr\u00e4diktiven Modelle. Dieser geschlossene Prozess verbessert die Genauigkeit, f\u00f6rdert die kontinuierliche Verbesserung und erh\u00f6ht die Zuverl\u00e4ssigkeit im Laufe der Zeit.<\/p>\n<\/div>\n\n\n\n<div class=\"wp-block-group is-nowrap is-layout-flex wp-container-core-group-is-layout-6c531013 wp-block-group-is-layout-flex\">\n<div class=\"wp-block-buttons is-layout-flex wp-block-buttons-is-layout-flex\">\n<div class=\"wp-block-button\"><a class=\"wp-block-button__link has-secondary-background-color has-background wp-element-button\" href=\"https:\/\/www.icareweb.com\/de\/kontakt\/\">Eine Demo buchen<\/a><\/div>\n<\/div>\n<\/div>\n<\/div>\n<\/div>\n\n\n\n<div class=\"wp-block-group alignfull has-neutral-accent-background-color has-background has-global-padding is-layout-constrained wp-block-group-is-layout-constrained\" style=\"margin-top:0;margin-bottom:0;padding-top:var(--wp--preset--spacing--x-large);padding-bottom:0\">\n<div class=\"wp-block-group alignfull has-contrast-background-color has-background has-global-padding is-layout-constrained wp-container-core-group-is-layout-b6f95558 wp-block-group-is-layout-constrained\" style=\"padding-top:var(--wp--preset--spacing--large);padding-right:0;padding-bottom:var(--wp--preset--spacing--large);padding-left:0;box-shadow:var(--wp--preset--shadow--natural)\">\n<div class=\"wp-block-group is-vertical is-content-justification-center is-layout-flex wp-container-core-group-is-layout-a88b2303 wp-block-group-is-layout-flex\" style=\"min-height:0px;margin-top:0;margin-bottom:0;padding-top:var(--wp--preset--spacing--x-small);padding-right:0;padding-bottom:var(--wp--preset--spacing--x-small);padding-left:0;aspect-ratio:unset;\">\n<h2 class=\"wp-block-heading has-text-align-center has-base-color has-text-color has-link-color wp-elements-9ab94dfca54dc73ff6ebd0c585d51880\">Bereit, Ihre <br>Instandhaltungsabl\u00e4ufe zu optimieren?<\/h2>\n\n\n\n<div class=\"wp-block-buttons is-content-justification-left is-layout-flex wp-container-core-buttons-is-layout-c5c13c14 wp-block-buttons-is-layout-flex\" style=\"padding-top:0;padding-bottom:0\">\n<div class=\"wp-block-button\"><a class=\"wp-block-button__link has-secondary-background-color has-background wp-element-button\" href=\"https:\/\/www.icareweb.com\/de\/kontakt\/\">Mit einem Experten sprechen<\/a><\/div>\n<\/div>\n<\/div>\n\n\n\n<p><\/p>\n<\/div>\n<\/div>\n","protected":false},"excerpt":{"rendered":"<p>I-see x MAINTI4 Von Predictive Intelligence bis zur Instandhaltungsausf\u00fchrung Eine nahtlose Integration, die pr\u00e4diktive Erkenntnisse mit Instandhaltungsma\u00dfnahmen verbindet, f\u00fcr mehr Effizienz, Genauigkeit und Zuverl\u00e4ssigkeit. Ein bew\u00e4hrter Experte im Instandhaltungsmanagement MAINTI4 ist ein Computerized Maintenance Management System (CMMS), das von TriboFilm entwickelt wurde, einem franz\u00f6sischen Unternehmen, das seit 1993 auf Instandhaltungssoftwarel\u00f6sungen spezialisiert ist. MAINTI4 wurde entwickelt, [&hellip;]<\/p>\n","protected":false},"author":38,"featured_media":66429,"parent":53145,"menu_order":0,"comment_status":"closed","ping_status":"closed","template":"ressource-blank-template","meta":{"_acf_changed":false,"_seopress_robots_primary_cat":"","_seopress_titles_title":"","_seopress_titles_desc":"Pr\u00e4diktive Erkenntnisse in effiziente Instandhaltungsma\u00dfnahmen umsetzen \u2013 mit zuverl\u00e4ssigem, automatisiertem Datenfluss.","_seopress_robots_index":"","content-type":"","inline_featured_image":false,"footnotes":""},"page_category":[162],"class_list":{"0":"post-66583","1":"page","2":"type-page","3":"status-publish","4":"has-post-thumbnail","6":"page_category-website-pages"},"acf":[],"_links":{"self":[{"href":"https:\/\/www.icareweb.com\/de\/wp-json\/wp\/v2\/pages\/66583","targetHints":{"allow":["GET"]}}],"collection":[{"href":"https:\/\/www.icareweb.com\/de\/wp-json\/wp\/v2\/pages"}],"about":[{"href":"https:\/\/www.icareweb.com\/de\/wp-json\/wp\/v2\/types\/page"}],"author":[{"embeddable":true,"href":"https:\/\/www.icareweb.com\/de\/wp-json\/wp\/v2\/users\/38"}],"replies":[{"embeddable":true,"href":"https:\/\/www.icareweb.com\/de\/wp-json\/wp\/v2\/comments?post=66583"}],"version-history":[{"count":0,"href":"https:\/\/www.icareweb.com\/de\/wp-json\/wp\/v2\/pages\/66583\/revisions"}],"up":[{"embeddable":true,"href":"https:\/\/www.icareweb.com\/de\/wp-json\/wp\/v2\/pages\/53145"}],"wp:featuredmedia":[{"embeddable":true,"href":"https:\/\/www.icareweb.com\/de\/wp-json\/wp\/v2\/media\/66429"}],"wp:attachment":[{"href":"https:\/\/www.icareweb.com\/de\/wp-json\/wp\/v2\/media?parent=66583"}],"wp:term":[{"taxonomy":"page_category","embeddable":true,"href":"https:\/\/www.icareweb.com\/de\/wp-json\/wp\/v2\/page_category?post=66583"}],"curies":[{"name":"wp","href":"https:\/\/api.w.org\/{rel}","templated":true}]}}