{"id":23223,"date":"2024-08-19T14:56:57","date_gmt":"2024-08-19T12:56:57","guid":{"rendered":"https:\/\/20yrnewwebsite.www.icareweb.com\/?page_id=23223"},"modified":"2024-10-02T11:29:36","modified_gmt":"2024-10-02T09:29:36","slug":"analisis-circuito-motor","status":"publish","type":"page","link":"https:\/\/www.icareweb.com\/es\/soluciones\/mantenimiento-predictivo\/servicios\/analisis-circuito-motor\/","title":{"rendered":"An\u00e1lisis del Circuito del Motor"},"content":{"rendered":"\n<div class=\"wp-block-group alignfull icare-hero is-style-shade-right-top has-background has-global-padding is-layout-constrained wp-block-group-is-layout-constrained\" style=\"background:linear-gradient(135deg,rgb(247,248,253) 0%,rgba(247,248,252,0.49) 100%);margin-top:0;margin-bottom:0;padding-top:var(--wp--preset--spacing--medium);padding-bottom:var(--wp--preset--spacing--xx-large);--octopods-group-overlay-color:#27498C;--octopods-group-overflow:hidden;--octopods-group-position:relative\">\n<div style=\"height:150px\" aria-hidden=\"true\" class=\"wp-block-spacer\"><\/div>\n\n\n\n<div class=\"wp-block-group has-primary-color has-text-color has-link-color wp-elements-351d0fe17383efa6da5cc38fea4060be has-global-padding is-layout-constrained wp-container-core-group-is-layout-639b5052 wp-block-group-is-layout-constrained\" style=\"border-radius:50px;padding-top:0;padding-right:0;padding-bottom:0;padding-left:0\"><\/div>\n\n\n\n<div class=\"wp-block-group icare-hero__content is-content-justification-space-between is-nowrap is-layout-flex wp-container-core-group-is-layout-cb46ffcb wp-block-group-is-layout-flex\" style=\"min-height:35vh;--octopods-group-z-index:2;aspect-ratio:unset;\">\n<div class=\"wp-block-columns are-vertically-aligned-center is-style-columns-reverse wp-container-content-9cfa9a5a is-layout-flex wp-container-core-columns-is-layout-28f84493 wp-block-columns-is-layout-flex\">\n<div class=\"wp-block-column is-vertically-aligned-center is-layout-flow wp-block-column-is-layout-flow\" data-aos=\"fade\" data-aos-duration=\"900\" data-aos-easing=\"ease-in-out\" data-aos-once=\"true\">\n<div class=\"wp-block-group is-layout-flow wp-block-group-is-layout-flow\" style=\"padding-right:35px\">\n<h1 class=\"wp-block-heading\">An\u00e1lisis del Circuito del Motor (MCA)<\/h1>\n\n\n\n<p style=\"font-size:clamp(0.875rem, 0.875rem + ((1vw - 0.2rem) * 0.531), 1.3rem);\">Mejora la eficiencia y longevidad de tus motores con un an\u00e1lisis exhaustivo de los circuitos.<\/p>\n\n\n\n<div class=\"wp-block-buttons is-layout-flex wp-block-buttons-is-layout-flex\">\n<div class=\"wp-block-button\"><a class=\"wp-block-button__link wp-element-button\" href=\"#icare-more-content\">Descubre m\u00e1s<\/a><\/div>\n<\/div>\n\n\n\n<div style=\"height:2vw\" aria-hidden=\"true\" class=\"wp-block-spacer\"><\/div>\n<\/div>\n<\/div>\n\n\n\n<div class=\"wp-block-column is-vertically-aligned-center is-layout-flow wp-block-column-is-layout-flow\" data-aos=\"fade-right\" data-aos-duration=\"900\" data-aos-easing=\"ease-in-out\" data-aos-once=\"true\">\n<div class=\"wp-block-group has-global-padding is-layout-constrained wp-block-group-is-layout-constrained\" style=\"--octopods-group-position:relative\">\n<figure class=\"wp-block-image size-full has-custom-border\"><img alt=\"\" loading=\"lazy\" decoding=\"async\" width=\"860\" height=\"573\" src=\"https:\/\/www.icareweb.com\/wp-content\/uploads\/2024\/09\/pumps-01.jpeg\" alt=\"\" class=\"wp-image-22763\" style=\"border-radius:20px;box-shadow:var(--wp--preset--shadow--deep);aspect-ratio:4\/3;object-fit:cover\" srcset=\"https:\/\/www.icareweb.com\/wp-content\/uploads\/2024\/09\/pumps-01.jpeg 860w, https:\/\/www.icareweb.com\/wp-content\/uploads\/2024\/09\/pumps-01-600x400.jpeg 600w, https:\/\/www.icareweb.com\/wp-content\/uploads\/2024\/09\/pumps-01-768x512.jpeg 768w\" sizes=\"auto, (max-width: 860px) 100vw, 860px\" \/><\/figure>\n<\/div>\n<\/div>\n<\/div>\n<\/div>\n\n\n\n<div class=\"wp-block-group alignfull icare-hero__divider is-layout-flow wp-block-group-is-layout-flow\" style=\"margin-top:0px;margin-bottom:0px;--octopods-group-position:absolute;--octopods-group-bottom:0px;--octopods-group-left:0px;--octopods-group-right:0px\">\n<div style=\"min-height:350px;margin-top:0px;--octopods-divider-shape-color:#ffffff;--octopods-divider-icon-color:;--octopods-divider-icon-size:20px;--octopods-divider-icon-align:center;--octopods-divider-icon-justify:center\" class=\"wp-block-octopods-divider alignfull\"><div class=\"wp-block-octopods-divider__shape\"><svg xmlns=\"http:\/\/www.w3.org\/2000\/svg\" aria-hidden=\"true\" class=\"triangle-asymmetrical_svg__octopods-divider-svg triangle-asymmetrical_svg__octopods-divider-svg--wave\" preserveAspectRatio=\"none\" viewBox=\"0 0 1200 115\"><path d=\"M1200 115H0L892.25.28z\"><\/path><\/svg><\/div><\/div>\n<\/div>\n<\/div>\n\n\n\n<div class=\"wp-block-getwid-anchor\" id=\"icare-more-content\"><\/div>\n\n\n\n<div class=\"wp-block-group alignfull has-link-color wp-elements-e4ff80055702b2065be6c713338b0e21 has-global-padding is-layout-constrained wp-container-core-group-is-layout-db9bd740 wp-block-group-is-layout-constrained\" style=\"border-radius:20px;margin-top:0;margin-bottom:0;padding-top:var(--wp--preset--spacing--small);padding-right:0;padding-bottom:var(--wp--preset--spacing--large);padding-left:0;--octopods-group-z-index:2\">\n<div class=\"wp-block-columns are-vertically-aligned-center is-style-columns-reverse is-layout-flex wp-container-core-columns-is-layout-28f84493 wp-block-columns-is-layout-flex\">\n<div class=\"wp-block-column is-vertically-aligned-center is-layout-flow wp-block-column-is-layout-flow\">\n<div class=\"wp-block-group is-layout-grid wp-container-core-group-is-layout-bcb8ac2c wp-block-group-is-layout-grid\" style=\"border-radius:20px;min-height:450px;--octopods-group-grid-columns-tablet:undefined;--octopods-group-grid-columns-mobile:undefined;aspect-ratio:unset;\">\n<div class=\"wp-block-group is-style-default has-base-color has-contrast-background-color has-text-color has-background has-link-color wp-elements-23a09ca1253fbc23dbcd93d77079e72b wp-container-content-d2eb3c98 is-vertical is-content-justification-center is-layout-flex wp-container-core-group-is-layout-220f9113 wp-block-group-is-layout-flex\" style=\"border-radius:20px;padding-top:var(--wp--preset--spacing--medium);padding-right:var(--wp--preset--spacing--small);padding-bottom:var(--wp--preset--spacing--medium);padding-left:var(--wp--preset--spacing--small);--octopods-group-overlay-gradient:linear-gradient(230deg,rgba(39,73,140,0.4) 1%,rgba(39,73,140,0.94) 1%);--octopods-group-background-image:url(https:\/\/www.icareweb.com\/wp-content\/uploads\/2024\/09\/employee-looking-away-01.jpg);--octopods-group-background-position:50% 50%;--octopods-group-background-size:cover;--octopods-group-background-repeat:no-repeat;--octopods-group-background-attachment:scroll;--octopods-group-box-shadow:rgba(48,75,130,.15) 0 0 50px 0;--octopods-group-position:relative\">\n<div class=\"wp-block-getwid-icon\"><div class=\"wp-block-getwid-icon__wrapper\" style=\"font-size:30px;padding:0px\"><i class=\"ph-duotone ph-magnifying-glass\"><\/i><\/div><\/div>\n\n\n\n<p class=\"has-text-align-center\"><strong>Detectar fallos no detectados<br>por otros m\u00e9todos<\/strong><\/p>\n<\/div>\n\n\n\n<div class=\"wp-block-group is-style-default has-base-color has-contrast-background-color has-text-color has-background has-link-color wp-elements-1fdb11d0727321758c5bc1cddc0e6ee7 wp-container-content-d2eb3c98 is-vertical is-content-justification-center is-layout-flex wp-container-core-group-is-layout-220f9113 wp-block-group-is-layout-flex\" style=\"border-radius:20px;padding-top:var(--wp--preset--spacing--medium);padding-right:var(--wp--preset--spacing--small);padding-bottom:var(--wp--preset--spacing--medium);padding-left:var(--wp--preset--spacing--small);--octopods-group-overlay-gradient:linear-gradient(230deg,rgba(39,73,140,0.4) 1%,rgba(39,73,140,0.94) 1%);--octopods-group-background-image:url(https:\/\/www.icareweb.com\/wp-content\/uploads\/2024\/09\/motor-01.jpg);--octopods-group-background-position:50% 50%;--octopods-group-background-size:cover;--octopods-group-background-repeat:no-repeat;--octopods-group-background-attachment:scroll;--octopods-group-box-shadow:rgba(48,75,130,.15) 0 0 50px 0;--octopods-group-position:relative\">\n<div class=\"wp-block-getwid-icon\"><div class=\"wp-block-getwid-icon__wrapper\" style=\"font-size:30px;padding:0px\"><i class=\"ph-duotone ph-arrow-square-down-right\"><\/i><\/div><\/div>\n\n\n\n<p class=\"has-text-align-center\"><strong>Reducci\u00f3n de<\/strong><br><strong>costes en mantenimiento<\/strong><\/p>\n<\/div>\n\n\n\n<div class=\"wp-block-group is-style-default has-base-color has-contrast-background-color has-text-color has-background has-link-color wp-elements-d8a41288a2ad7d39a8e3dfd957cb3e7f wp-container-content-d2eb3c98 is-vertical is-content-justification-center is-layout-flex wp-container-core-group-is-layout-220f9113 wp-block-group-is-layout-flex\" style=\"border-radius:20px;padding-top:var(--wp--preset--spacing--medium);padding-right:var(--wp--preset--spacing--small);padding-bottom:var(--wp--preset--spacing--medium);padding-left:var(--wp--preset--spacing--small);--octopods-group-overlay-gradient:linear-gradient(230deg,rgba(39,73,140,0.4) 1%,rgba(39,73,140,0.94) 1%);--octopods-group-background-image:url(https:\/\/www.icareweb.com\/wp-content\/uploads\/2024\/09\/motor-03.jpg);--octopods-group-background-position:50% 50%;--octopods-group-background-size:cover;--octopods-group-background-repeat:no-repeat;--octopods-group-background-attachment:scroll;--octopods-group-box-shadow:rgba(48,75,130,.15) 0 0 50px 0;--octopods-group-position:relative\">\n<div class=\"wp-block-getwid-icon\"><div class=\"wp-block-getwid-icon__wrapper\" style=\"font-size:30px;padding:0px\"><i class=\"ph-duotone ph-calendar-check\"><\/i><\/div><\/div>\n\n\n\n<p class=\"has-text-align-center\"><strong>Mejorar la planificaci\u00f3n                           del mantenimiento<\/strong><\/p>\n<\/div>\n\n\n\n<div class=\"wp-block-group is-style-default has-base-color has-contrast-background-color has-text-color has-background has-link-color wp-elements-395a98cf81d725dbb2b053eb8afe326c wp-container-content-d2eb3c98 is-vertical is-content-justification-center is-layout-flex wp-container-core-group-is-layout-220f9113 wp-block-group-is-layout-flex\" style=\"border-radius:20px;padding-top:var(--wp--preset--spacing--medium);padding-right:var(--wp--preset--spacing--small);padding-bottom:var(--wp--preset--spacing--medium);padding-left:var(--wp--preset--spacing--small);--octopods-group-overlay-gradient:linear-gradient(230deg,rgba(39,73,140,0.4) 1%,rgba(39,73,140,0.94) 1%);--octopods-group-background-image:url(https:\/\/www.icareweb.com\/wp-content\/uploads\/2024\/09\/employee-looking-up-01.jpg);--octopods-group-background-position:50% 50%;--octopods-group-background-size:cover;--octopods-group-background-repeat:no-repeat;--octopods-group-background-attachment:scroll;--octopods-group-box-shadow:rgba(48,75,130,.15) 0 0 50px 0;--octopods-group-position:relative\">\n<div class=\"wp-block-getwid-icon\"><div class=\"wp-block-getwid-icon__wrapper\" style=\"font-size:30px;padding:0px\"><i class=\"ph-duotone ph-play\"><\/i><\/div><\/div>\n\n\n\n<p class=\"has-text-align-center\"><strong>Evitar tiempo de inactividad            de los equipos<\/strong><\/p>\n<\/div>\n<\/div>\n<\/div>\n\n\n\n<div class=\"wp-block-column is-vertically-aligned-center is-layout-flow wp-container-core-column-is-layout-c7b3064f wp-block-column-is-layout-flow\">\n<h2 class=\"wp-block-heading has-text-align-left\">La Importancia del An\u00e1lisis del Circuito del Motor<\/h2>\n\n\n\n<div class=\"wp-block-group is-vertical is-layout-flex wp-container-core-group-is-layout-fe9cc265 wp-block-group-is-layout-flex\">\n<p>Los fallos de los motores el\u00e9ctricos pueden deberse a diversos factores, como conexiones deficientes, contaminaci\u00f3n del bobinado y cortocircuitos en las espiras.<\/p>\n\n\n\n<p>Aunque estos problemas pueden empezar siendo insignificantes, pueden empeorar con el tiempo si no se tratan, pudiendo provocar aver\u00edas en el motor y afectar negativamente a la productividad y la seguridad.<\/p>\n\n\n\n<p>I-care ofrece una amplia gama de evaluaciones el\u00e9ctricas, desde mediciones de aislamiento offline hasta monitorizaci\u00f3n avanzada online, con el fin de ayudar a prevenir estos problemas.<\/p>\n\n\n\n<div class=\"wp-block-buttons is-layout-flex wp-block-buttons-is-layout-flex\">\n<div class=\"wp-block-button\"><a class=\"wp-block-button__link has-secondary-background-color has-background wp-element-button\" href=\"https:\/\/www.icareweb.com\/es\/contactar\/\">Hablar con un experto<\/a><\/div>\n<\/div>\n<\/div>\n<\/div>\n<\/div>\n<\/div>\n\n\n\n<div class=\"wp-block-group alignfull is-style-shade-right has-primary-color has-text-color has-link-color wp-elements-213d3ad3a0b067b640aa7fdd9b51cd1a has-global-padding is-layout-constrained wp-container-core-group-is-layout-7606df95 wp-block-group-is-layout-constrained\" style=\"border-radius:20px;margin-top:0;margin-bottom:0;padding-top:var(--wp--preset--spacing--x-large);padding-right:0;padding-bottom:var(--wp--preset--spacing--large);padding-left:0;--octopods-group-z-index:2\">\n<div class=\"wp-block-columns are-vertically-aligned-center has-base-background-color has-background is-layout-flex wp-container-core-columns-is-layout-b4138d93 wp-block-columns-is-layout-flex\" style=\"border-radius:20px;padding-top:var(--wp--preset--spacing--large);padding-right:var(--wp--preset--spacing--large);padding-bottom:var(--wp--preset--spacing--large);padding-left:var(--wp--preset--spacing--large);box-shadow:var(--wp--preset--shadow--natural)\">\n<div class=\"wp-block-column is-vertically-aligned-center is-layout-flow wp-block-column-is-layout-flow\">\n<h2 class=\"wp-block-heading has-text-align-center\">\u00bfQu\u00e9 Puede Monitorizar el An\u00e1lisis del Circuito Motor?<\/h2>\n<\/div>\n\n\n\n<div class=\"wp-block-column is-vertically-aligned-center is-layout-flow wp-block-column-is-layout-flow\">\n<div class=\"wp-block-columns is-layout-flex wp-container-core-columns-is-layout-28f84493 wp-block-columns-is-layout-flex\">\n<div class=\"wp-block-column is-layout-flow wp-container-core-column-is-layout-0a386c5a wp-block-column-is-layout-flow\">\n<ul class=\"wp-block-list\">\n<li>Estado de los circuitos del estator y rotor<\/li>\n<\/ul>\n\n\n\n<ul class=\"wp-block-list\">\n<li>Debilidades de aislamiento entre espiras<\/li>\n<\/ul>\n\n\n\n<ul class=\"wp-block-list\">\n<li>Conexi\u00f3n resistiva soldada o atornillada<\/li>\n<\/ul>\n\n\n\n<ul class=\"wp-block-list\">\n<li>Supervisi\u00f3n de la carga<\/li>\n<\/ul>\n\n\n\n<ul class=\"wp-block-list\">\n<li>C\u00e1lculo de la potencia (activa, reactiva, aparente)<\/li>\n<\/ul>\n<\/div>\n\n\n\n<div class=\"wp-block-column is-layout-flow wp-container-core-column-is-layout-0a386c5a wp-block-column-is-layout-flow\">\n<ul class=\"wp-block-list\">\n<li>C\u00e1lculo del defecto del rotor<\/li>\n<\/ul>\n\n\n\n<ul class=\"wp-block-list\">\n<li>C\u00e1lculo del defecto del estator<\/li>\n<\/ul>\n\n\n\n<ul class=\"wp-block-list\">\n<li>C\u00e1lculo del problema de conexi\u00f3n<\/li>\n<\/ul>\n\n\n\n<ul class=\"wp-block-list\">\n<li>C\u00e1lculo del problema de separaci\u00f3n<\/li>\n<\/ul>\n\n\n\n<ul class=\"wp-block-list\">\n<li>Contaminaci\u00f3n del bobinado por grasa, suciedad y humedad<\/li>\n<\/ul>\n<\/div>\n<\/div>\n<\/div>\n<\/div>\n<\/div>\n\n\n\n<div style=\"min-height:30vh;margin-top:-30vh;--octopods-divider-shape-color:#F7F8FD;--octopods-divider-icon-color:;--octopods-divider-icon-size:20px;--octopods-divider-icon-align:center;--octopods-divider-icon-justify:center\" class=\"wp-block-octopods-divider alignfull\"><div class=\"wp-block-octopods-divider__shape\"><svg xmlns=\"http:\/\/www.w3.org\/2000\/svg\" aria-hidden=\"true\" class=\"curve_svg__octopods-divider-svg curve_svg__octopods-divider-svg--curve\" preserveAspectRatio=\"none\" viewBox=\"0 0 1600 200\"><path d=\"M1610 177.3C1423 122.9 1133.3 88 808 88c-334.7 0-631.8 37-818 94.1v28h1620z\"><\/path><\/svg><\/div><\/div>\n\n\n\n<div class=\"wp-block-group alignfull has-neutral-accent-background-color has-background has-link-color wp-elements-0b4d31f71aacf4e078c70a936f8ef7c0 has-global-padding is-layout-constrained wp-container-core-group-is-layout-229b2df6 wp-block-group-is-layout-constrained\" style=\"border-radius:20px;margin-top:0;margin-bottom:0;padding-top:var(--wp--preset--spacing--x-large);padding-right:0;padding-bottom:var(--wp--preset--spacing--xx-large);padding-left:0;--octopods-group-z-index:2\">\n<h2 class=\"wp-block-heading has-text-align-center\">\u00bfQu\u00e9 Incluyen Nuestros Servicios?<\/h2>\n\n\n\n<div class=\"wp-block-group is-layout-grid wp-container-core-group-is-layout-c018f13f wp-block-group-is-layout-grid\" style=\"--octopods-group-grid-columns-tablet:undefined;--octopods-group-grid-columns-mobile:1\">\n<div class=\"wp-block-group alignfull has-base-color has-primary-background-color has-text-color has-background has-link-color wp-elements-501339d96ee10f5fe427c1c5c82753d6 is-vertical is-content-justification-center is-layout-flex wp-container-core-group-is-layout-c0f03d74 wp-block-group-is-layout-flex\" style=\"border-radius:20px;min-height:0vh;margin-top:0;margin-bottom:0;padding-top:var(--wp--preset--spacing--medium);padding-right:var(--wp--preset--spacing--medium);padding-bottom:var(--wp--preset--spacing--medium);padding-left:var(--wp--preset--spacing--medium);--octopods-group-overlay-gradient:linear-gradient(245deg, rgba(32,39,97,0.82) 0%, #0E1132 87%);--octopods-group-overflow:hidden;--octopods-group-background-image:url(https:\/\/www.icareweb.com\/wp-content\/uploads\/2024\/09\/motor-02.jpg);--octopods-group-background-position:50% 50%;--octopods-group-background-size:cover;--octopods-group-background-repeat:no-repeat;--octopods-group-background-attachment:scroll;--octopods-group-position:relative;aspect-ratio:unset;\">\n<div class=\"wp-block-getwid-icon\"><div class=\"wp-block-getwid-icon__wrapper\" style=\"font-size:30px;padding:0px\"><i class=\"ph-duotone ph-compass-tool\"><\/i><\/div><\/div>\n\n\n\n<p class=\"has-text-align-center\"><strong>Programa de medici\u00f3n seg\u00fan los par\u00e1metros nominales y las condiciones de servicio de los equipos<\/strong><\/p>\n<\/div>\n\n\n\n<div class=\"wp-block-group alignfull has-base-color has-primary-background-color has-text-color has-background has-link-color wp-elements-aa0562f0f817664734a82e163ebd9dc3 is-vertical is-content-justification-center is-layout-flex wp-container-core-group-is-layout-c0f03d74 wp-block-group-is-layout-flex\" style=\"border-radius:20px;min-height:0vh;margin-top:0;margin-bottom:0;padding-top:var(--wp--preset--spacing--medium);padding-right:var(--wp--preset--spacing--medium);padding-bottom:var(--wp--preset--spacing--medium);padding-left:var(--wp--preset--spacing--medium);--octopods-group-overlay-gradient:linear-gradient(245deg, rgba(32,39,97,0.82) 0%, #0E1132 87%);--octopods-group-overflow:hidden;--octopods-group-background-image:url(https:\/\/www.icareweb.com\/wp-content\/uploads\/2024\/09\/employee-looking-at-tablet-01.jpg);--octopods-group-background-position:50% 50%;--octopods-group-background-size:cover;--octopods-group-background-repeat:no-repeat;--octopods-group-background-attachment:scroll;--octopods-group-position:relative;aspect-ratio:unset;\">\n<div class=\"wp-block-getwid-icon\"><div class=\"wp-block-getwid-icon__wrapper\" style=\"font-size:30px;padding:0px\"><i class=\"ph-duotone ph-notepad\"><\/i><\/div><\/div>\n\n\n\n<p class=\"has-text-align-center\"><strong>M\u00e9todo de medici\u00f3n replicable para permitir an\u00e1lisis de evoluci\u00f3n<\/strong><\/p>\n<\/div>\n\n\n\n<div class=\"wp-block-group alignfull has-base-color has-primary-background-color has-text-color has-background has-link-color wp-elements-f0cda30763f16374b1c4084e58f7a602 is-vertical is-content-justification-center is-layout-flex wp-container-core-group-is-layout-c0f03d74 wp-block-group-is-layout-flex\" style=\"border-radius:20px;min-height:0vh;margin-top:0;margin-bottom:0;padding-top:var(--wp--preset--spacing--medium);padding-right:var(--wp--preset--spacing--medium);padding-bottom:var(--wp--preset--spacing--medium);padding-left:var(--wp--preset--spacing--medium);--octopods-group-overlay-gradient:linear-gradient(245deg, rgba(32,39,97,0.82) 0%, #0E1132 87%);--octopods-group-overflow:hidden;--octopods-group-background-image:url(https:\/\/www.icareweb.com\/wp-content\/uploads\/2024\/09\/employees-discussing-02.jpg);--octopods-group-background-position:50% 50%;--octopods-group-background-size:cover;--octopods-group-background-repeat:no-repeat;--octopods-group-background-attachment:scroll;--octopods-group-position:relative;aspect-ratio:unset;\">\n<div class=\"wp-block-getwid-icon\"><div class=\"wp-block-getwid-icon__wrapper\" style=\"font-size:30px;padding:0px\"><i class=\"ph-duotone ph-database\"><\/i><\/div><\/div>\n\n\n\n<p class=\"has-text-align-center\"><strong>Evaluaci\u00f3n del par\u00e1metro monitorizado seg\u00fan experiencia, bases de datos y normas internacionales.<\/strong><\/p>\n<\/div>\n\n\n\n<div class=\"wp-block-group alignfull has-base-color has-primary-background-color has-text-color has-background has-link-color wp-elements-d6aa924e91c04db1d6b171eb0c14600f is-vertical is-content-justification-center is-layout-flex wp-container-core-group-is-layout-c0f03d74 wp-block-group-is-layout-flex\" style=\"border-radius:20px;min-height:0vh;margin-top:0;margin-bottom:0;padding-top:var(--wp--preset--spacing--medium);padding-right:var(--wp--preset--spacing--medium);padding-bottom:var(--wp--preset--spacing--medium);padding-left:var(--wp--preset--spacing--medium);--octopods-group-overlay-gradient:linear-gradient(245deg, rgba(32,39,97,0.82) 0%, #0E1132 87%);--octopods-group-overflow:hidden;--octopods-group-background-image:url(https:\/\/www.icareweb.com\/wp-content\/uploads\/2024\/09\/employees-listening-01.png);--octopods-group-background-position:50% 50%;--octopods-group-background-size:cover;--octopods-group-background-repeat:no-repeat;--octopods-group-background-attachment:scroll;--octopods-group-position:relative;aspect-ratio:unset;\">\n<div class=\"wp-block-getwid-icon\"><div class=\"wp-block-getwid-icon__wrapper\" style=\"font-size:30px;padding:0px\"><i class=\"ph-duotone ph-screwdriver\"><\/i><\/div><\/div>\n\n\n\n<p class=\"has-text-align-center\"><strong>Medici\u00f3n de la puesta en marcha de los equipos reparados<\/strong><\/p>\n<\/div>\n<\/div>\n<\/div>\n\n\n\n<div class=\"wp-block-group alignfull has-base-color has-text-color has-link-color wp-elements-203b07d0ce10f1860a1d9b5f18898dc1 has-global-padding is-layout-constrained wp-block-group-is-layout-constrained\" style=\"margin-top:0;margin-bottom:0;padding-top:var(--wp--preset--spacing--large);padding-bottom:var(--wp--preset--spacing--large);--octopods-group-overlay-gradient:linear-gradient(245deg, rgba(32,39,97,0.82) 0%, #0E1132 87%);--octopods-group-background-image:url(https:\/\/www.icareweb.com\/wp-content\/uploads\/2024\/08\/dscf8660.jpg);--octopods-group-background-position:50% 50%;--octopods-group-background-size:cover;--octopods-group-background-repeat:no-repeat;--octopods-group-background-attachment:scroll\">\n<h2 class=\"wp-block-heading has-text-align-center\">\u00bfListo para Olvidarte de las Paradas                                                                                  no Programadas?<\/h2>\n\n\n\n<div class=\"wp-block-buttons is-content-justification-center is-layout-flex wp-container-core-buttons-is-layout-a89b3969 wp-block-buttons-is-layout-flex\">\n<div class=\"wp-block-button\"><a rel=\"\" target=\"\" href=\"https:\/\/www.icareweb.com\/es\/contactar\/\" class=\"wp-block-button__link has-secondary-background-color has-background has-border-color has-secondary-border-color wp-element-button\">Contactar<\/a><\/div>\n<\/div>\n<\/div>\n\n\n\n<p><\/p>\n","protected":false},"excerpt":{"rendered":"<p>Detectar fallos no detectadospor otros m\u00e9todos Reducci\u00f3n decostes en mantenimiento Mejorar la planificaci\u00f3n del mantenimiento Evitar tiempo de inactividad de los equipos La Importancia del An\u00e1lisis del Circuito del Motor Los fallos de los motores el\u00e9ctricos pueden deberse a diversos factores, como conexiones deficientes, contaminaci\u00f3n del bobinado y cortocircuitos en las espiras. Aunque estos problemas [&hellip;]<\/p>\n","protected":false},"author":23,"featured_media":22768,"parent":23160,"menu_order":0,"comment_status":"closed","ping_status":"closed","template":"","meta":{"_acf_changed":false,"_seopress_robots_primary_cat":"0","_seopress_titles_title":"","_seopress_titles_desc":"Descubre c\u00f3mo mejorar la eficiencia de tus motores con un exhaustivo an\u00e1lisis de circuitos y aumentar la longevidad de tus activos.","_seopress_robots_index":"","content-type":"","inline_featured_image":false,"footnotes":""},"page_category":[162],"class_list":{"0":"post-23223","1":"page","2":"type-page","3":"status-publish","4":"has-post-thumbnail","6":"page_category-website-pages"},"acf":[],"_links":{"self":[{"href":"https:\/\/www.icareweb.com\/es\/wp-json\/wp\/v2\/pages\/23223","targetHints":{"allow":["GET"]}}],"collection":[{"href":"https:\/\/www.icareweb.com\/es\/wp-json\/wp\/v2\/pages"}],"about":[{"href":"https:\/\/www.icareweb.com\/es\/wp-json\/wp\/v2\/types\/page"}],"author":[{"embeddable":true,"href":"https:\/\/www.icareweb.com\/es\/wp-json\/wp\/v2\/users\/23"}],"replies":[{"embeddable":true,"href":"https:\/\/www.icareweb.com\/es\/wp-json\/wp\/v2\/comments?post=23223"}],"version-history":[{"count":0,"href":"https:\/\/www.icareweb.com\/es\/wp-json\/wp\/v2\/pages\/23223\/revisions"}],"up":[{"embeddable":true,"href":"https:\/\/www.icareweb.com\/es\/wp-json\/wp\/v2\/pages\/23160"}],"wp:featuredmedia":[{"embeddable":true,"href":"https:\/\/www.icareweb.com\/es\/wp-json\/wp\/v2\/media\/22768"}],"wp:attachment":[{"href":"https:\/\/www.icareweb.com\/es\/wp-json\/wp\/v2\/media?parent=23223"}],"wp:term":[{"taxonomy":"page_category","embeddable":true,"href":"https:\/\/www.icareweb.com\/es\/wp-json\/wp\/v2\/page_category?post=23223"}],"curies":[{"name":"wp","href":"https:\/\/api.w.org\/{rel}","templated":true}]}}