{"id":23232,"date":"2024-08-19T14:45:33","date_gmt":"2024-08-19T12:45:33","guid":{"rendered":"https:\/\/20yrnewwebsite.www.icareweb.com\/?page_id=23232"},"modified":"2024-09-21T23:32:17","modified_gmt":"2024-09-21T21:32:17","slug":"analisis-aceite","status":"publish","type":"page","link":"https:\/\/www.icareweb.com\/es\/soluciones\/mantenimiento-predictivo\/servicios\/analisis-aceite\/","title":{"rendered":"An\u00e1lisis de Aceite"},"content":{"rendered":"\n<div class=\"wp-block-group alignfull icare-hero is-style-shade-right-top has-background has-global-padding is-layout-constrained wp-block-group-is-layout-constrained\" style=\"background:linear-gradient(135deg,rgb(247,248,253) 0%,rgba(247,248,252,0.49) 100%);margin-top:0;margin-bottom:0;padding-top:var(--wp--preset--spacing--medium);padding-bottom:var(--wp--preset--spacing--xx-large);--octopods-group-overlay-color:#27498C;--octopods-group-overflow:hidden;--octopods-group-position:relative\">\n<div style=\"height:150px\" aria-hidden=\"true\" class=\"wp-block-spacer\"><\/div>\n\n\n\n<div class=\"wp-block-group has-primary-color has-text-color has-link-color wp-elements-351d0fe17383efa6da5cc38fea4060be has-global-padding is-layout-constrained wp-container-core-group-is-layout-639b5052 wp-block-group-is-layout-constrained\" style=\"border-radius:50px;padding-top:0;padding-right:0;padding-bottom:0;padding-left:0\"><\/div>\n\n\n\n<div class=\"wp-block-group icare-hero__content is-content-justification-space-between is-nowrap is-layout-flex wp-container-core-group-is-layout-cb46ffcb wp-block-group-is-layout-flex\" style=\"min-height:35vh;--octopods-group-z-index:2;aspect-ratio:unset;\">\n<div class=\"wp-block-columns are-vertically-aligned-center is-style-columns-reverse wp-container-content-9cfa9a5a is-layout-flex wp-container-core-columns-is-layout-28f84493 wp-block-columns-is-layout-flex\">\n<div class=\"wp-block-column is-vertically-aligned-center is-layout-flow wp-block-column-is-layout-flow\" data-aos=\"fade\" data-aos-duration=\"900\" data-aos-easing=\"ease-in-out\" data-aos-once=\"true\">\n<div class=\"wp-block-group is-layout-flow wp-block-group-is-layout-flow\" style=\"padding-right:35px\">\n<h1 class=\"wp-block-heading\">An\u00e1lisis de Aceite<\/h1>\n\n\n\n<p style=\"font-size:clamp(0.875rem, 0.875rem + ((1vw - 0.2rem) * 0.531), 1.3rem);\">Optimiza el rendimiento y la vida \u00fatil de tus equipos mediante an\u00e1lisis exhaustivos.<\/p>\n\n\n\n<div class=\"wp-block-buttons is-layout-flex wp-block-buttons-is-layout-flex\">\n<div class=\"wp-block-button\"><a class=\"wp-block-button__link wp-element-button\" href=\"#icare-more-content\">M\u00e1s informaci\u00f3n<\/a><\/div>\n<\/div>\n\n\n\n<div style=\"height:2vw\" aria-hidden=\"true\" class=\"wp-block-spacer\"><\/div>\n<\/div>\n<\/div>\n\n\n\n<div class=\"wp-block-column is-vertically-aligned-center is-layout-flow wp-block-column-is-layout-flow\" data-aos=\"fade-right\" data-aos-duration=\"900\" data-aos-easing=\"ease-in-out\" data-aos-once=\"true\">\n<div class=\"wp-block-group has-global-padding is-layout-constrained wp-block-group-is-layout-constrained\" style=\"--octopods-group-position:relative\">\n<figure class=\"wp-block-image size-full has-custom-border\"><img alt=\"\" loading=\"lazy\" decoding=\"async\" width=\"801\" height=\"782\" src=\"https:\/\/www.icareweb.com\/wp-content\/uploads\/2024\/09\/oil-analysis-01.jpg\" alt=\"\" class=\"wp-image-22781\" style=\"border-radius:20px;box-shadow:var(--wp--preset--shadow--deep);aspect-ratio:4\/3;object-fit:cover\" srcset=\"https:\/\/www.icareweb.com\/wp-content\/uploads\/2024\/09\/oil-analysis-01.jpg 801w, https:\/\/www.icareweb.com\/wp-content\/uploads\/2024\/09\/oil-analysis-01-600x586.jpg 600w, https:\/\/www.icareweb.com\/wp-content\/uploads\/2024\/09\/oil-analysis-01-768x750.jpg 768w, https:\/\/www.icareweb.com\/wp-content\/uploads\/2024\/09\/oil-analysis-01-461x450.jpg 461w\" sizes=\"auto, (max-width: 801px) 100vw, 801px\" \/><\/figure>\n<\/div>\n<\/div>\n<\/div>\n<\/div>\n\n\n\n<div class=\"wp-block-group alignfull icare-hero__divider is-layout-flow wp-block-group-is-layout-flow\" style=\"margin-top:0px;margin-bottom:0px;--octopods-group-position:absolute;--octopods-group-bottom:0px;--octopods-group-left:0px;--octopods-group-right:0px\">\n<div style=\"min-height:350px;margin-top:0px;--octopods-divider-shape-color:#ffffff;--octopods-divider-icon-color:;--octopods-divider-icon-size:20px;--octopods-divider-icon-align:center;--octopods-divider-icon-justify:center\" class=\"wp-block-octopods-divider alignfull\"><div class=\"wp-block-octopods-divider__shape\"><svg xmlns=\"http:\/\/www.w3.org\/2000\/svg\" aria-hidden=\"true\" class=\"triangle-asymmetrical_svg__octopods-divider-svg triangle-asymmetrical_svg__octopods-divider-svg--wave\" preserveAspectRatio=\"none\" viewBox=\"0 0 1200 115\"><path d=\"M1200 115H0L892.25.28z\"><\/path><\/svg><\/div><\/div>\n<\/div>\n<\/div>\n\n\n\n<div class=\"wp-block-getwid-anchor\" id=\"icare-more-content\"><\/div>\n\n\n\n<div class=\"wp-block-group is-style-shade-right-bottom has-global-padding is-layout-constrained wp-container-core-group-is-layout-db9bd740 wp-block-group-is-layout-constrained\" style=\"border-radius:20px;margin-top:0;margin-bottom:0;padding-top:var(--wp--preset--spacing--small);padding-right:0;padding-bottom:var(--wp--preset--spacing--large);padding-left:0;--octopods-group-z-index:2\">\n<div class=\"wp-block-columns are-vertically-aligned-center is-style-columns-reverse is-layout-flex wp-container-core-columns-is-layout-28f84493 wp-block-columns-is-layout-flex\">\n<div class=\"wp-block-column is-vertically-aligned-center is-layout-flow wp-block-column-is-layout-flow\">\n<div class=\"wp-block-group is-layout-grid wp-container-core-group-is-layout-bcb8ac2c wp-block-group-is-layout-grid\" style=\"border-radius:20px;min-height:450px;--octopods-group-grid-columns-tablet:undefined;--octopods-group-grid-columns-mobile:undefined;aspect-ratio:unset;\">\n<div class=\"wp-block-group is-style-default has-base-color has-contrast-background-color has-text-color has-background has-link-color wp-elements-ed294b7b0781b18f072f87c7396625f3 wp-container-content-d2eb3c98 is-vertical is-content-justification-center is-layout-flex wp-container-core-group-is-layout-220f9113 wp-block-group-is-layout-flex\" style=\"border-radius:20px;padding-top:var(--wp--preset--spacing--medium);padding-right:var(--wp--preset--spacing--small);padding-bottom:var(--wp--preset--spacing--medium);padding-left:var(--wp--preset--spacing--small);--octopods-group-overlay-gradient:linear-gradient(230deg,rgba(39,73,140,0.4) 1%,rgba(39,73,140,0.94) 2%);--octopods-group-background-image:url(https:\/\/www.icareweb.com\/wp-content\/uploads\/2024\/09\/lubrication-container-inside-04.jpg);--octopods-group-background-position:50% 50%;--octopods-group-background-size:cover;--octopods-group-background-repeat:no-repeat;--octopods-group-background-attachment:scroll;--octopods-group-box-shadow:rgba(48,75,130,.15) 0 0 50px 0;--octopods-group-position:relative\">\n<div class=\"wp-block-getwid-icon\"><div class=\"wp-block-getwid-icon__wrapper\" style=\"font-size:30px;padding:0px\"><i class=\"ph-duotone ph-target\"><\/i><\/div><\/div>\n\n\n\n<p class=\"has-text-align-center\"><strong>Preciso y                                                  fiable<\/strong><\/p>\n<\/div>\n\n\n\n<div class=\"wp-block-group is-style-default has-base-color has-contrast-background-color has-text-color has-background has-link-color wp-elements-0cc27c1a3f811ac1792f458a14dc65ee wp-container-content-d2eb3c98 is-vertical is-content-justification-center is-layout-flex wp-container-core-group-is-layout-220f9113 wp-block-group-is-layout-flex\" style=\"border-radius:20px;padding-top:var(--wp--preset--spacing--medium);padding-right:var(--wp--preset--spacing--small);padding-bottom:var(--wp--preset--spacing--medium);padding-left:var(--wp--preset--spacing--small);--octopods-group-overlay-gradient:linear-gradient(230deg,rgba(39,73,140,0.4) 1%,rgba(39,73,140,0.94) 2%);--octopods-group-background-image:url(https:\/\/www.icareweb.com\/wp-content\/uploads\/2024\/09\/employees-posing-01.jpg);--octopods-group-background-position:50% 50%;--octopods-group-background-size:cover;--octopods-group-background-repeat:no-repeat;--octopods-group-background-attachment:scroll;--octopods-group-box-shadow:rgba(48,75,130,.15) 0 0 50px 0;--octopods-group-position:relative\">\n<div class=\"wp-block-getwid-icon\"><div class=\"wp-block-getwid-icon__wrapper\" style=\"font-size:30px;padding:0px\"><i class=\"ph-duotone ph-arrows-out\"><\/i><\/div><\/div>\n\n\n\n<p class=\"has-text-align-center\"><strong>Gran variedad                                     de aplicaciones<\/strong><\/p>\n<\/div>\n\n\n\n<div class=\"wp-block-group is-style-default has-base-color has-contrast-background-color has-text-color has-background has-link-color wp-elements-5d535a407ff342dacbb4c73f8716fb04 wp-container-content-d2eb3c98 is-vertical is-content-justification-center is-layout-flex wp-container-core-group-is-layout-220f9113 wp-block-group-is-layout-flex\" style=\"border-radius:20px;padding-top:var(--wp--preset--spacing--medium);padding-right:var(--wp--preset--spacing--small);padding-bottom:var(--wp--preset--spacing--medium);padding-left:var(--wp--preset--spacing--small);--octopods-group-overlay-gradient:linear-gradient(230deg,rgba(39,73,140,0.4) 1%,rgba(39,73,140,0.94) 2%);--octopods-group-background-image:url(https:\/\/www.icareweb.com\/wp-content\/uploads\/2024\/09\/helmet-01.jpg);--octopods-group-background-position:50% 50%;--octopods-group-background-size:cover;--octopods-group-background-repeat:no-repeat;--octopods-group-background-attachment:scroll;--octopods-group-box-shadow:rgba(48,75,130,.15) 0 0 50px 0;--octopods-group-position:relative\">\n<div class=\"wp-block-getwid-icon\"><div class=\"wp-block-getwid-icon__wrapper\" style=\"font-size:30px;padding:0px\"><i class=\"ph-duotone ph-money-wavy\"><\/i><\/div><\/div>\n\n\n\n<p class=\"has-text-align-center\"><strong>R\u00e1pido y                                            efectivo<\/strong><\/p>\n<\/div>\n\n\n\n<div class=\"wp-block-group is-style-default has-base-color has-contrast-background-color has-text-color has-background has-link-color wp-elements-733bacd35bfd4d49e413eb58167b0fb4 wp-container-content-d2eb3c98 is-vertical is-content-justification-center is-layout-flex wp-container-core-group-is-layout-220f9113 wp-block-group-is-layout-flex\" style=\"border-radius:20px;padding-top:var(--wp--preset--spacing--medium);padding-right:var(--wp--preset--spacing--small);padding-bottom:var(--wp--preset--spacing--medium);padding-left:var(--wp--preset--spacing--small);--octopods-group-overlay-gradient:linear-gradient(230deg,rgba(39,73,140,0.4) 1%,rgba(39,73,140,0.94) 2%);--octopods-group-background-image:url(https:\/\/www.icareweb.com\/wp-content\/uploads\/2024\/09\/lubrication-container-inside-01.jpg);--octopods-group-background-position:50% 50%;--octopods-group-background-size:cover;--octopods-group-background-repeat:no-repeat;--octopods-group-background-attachment:scroll;--octopods-group-box-shadow:rgba(48,75,130,.15) 0 0 50px 0;--octopods-group-position:relative\">\n<div class=\"wp-block-getwid-icon\"><div class=\"wp-block-getwid-icon__wrapper\" style=\"font-size:30px;padding:0px\"><i class=\"ph-duotone ph-hand\"><\/i><\/div><\/div>\n\n\n\n<p class=\"has-text-align-center\"><strong>Tecnolog\u00eda                                           no intrusiva<\/strong><\/p>\n<\/div>\n<\/div>\n<\/div>\n\n\n\n<div class=\"wp-block-column is-vertically-aligned-center is-layout-flow wp-container-core-column-is-layout-c7b3064f wp-block-column-is-layout-flow\">\n<h2 class=\"wp-block-heading has-text-align-left\">La Importancia de los An\u00e1lisis de Aceite<\/h2>\n\n\n\n<div class=\"wp-block-group is-vertical is-layout-flex wp-container-core-group-is-layout-fe9cc265 wp-block-group-is-layout-flex\">\n<p>El an\u00e1lisis de aceite es uno de los servicios m\u00e1s rentables para prevenir aver\u00edas en las m\u00e1quinas.<\/p>\n\n\n\n<p>Determina si un lubricante sigue operando correctamente o necesita ser sustituido supervisando las propiedades qu\u00edmicas del lubricante (viscosidad, aditivos, tipo de aceite, etc.).<\/p>\n\n\n\n<p>Este enfoque, eficaz pero b\u00e1sico, proporciona informaci\u00f3n de gran valor de forma r\u00e1pida y con una inversi\u00f3n reducida.<\/p>\n<\/div>\n\n\n\n<div class=\"wp-block-buttons is-layout-flex wp-block-buttons-is-layout-flex\">\n<div class=\"wp-block-button\"><a class=\"wp-block-button__link has-secondary-background-color has-background wp-element-button\" href=\"https:\/\/www.icareweb.com\/es\/contactar\/\">Hablar con un experto<\/a><\/div>\n<\/div>\n<\/div>\n<\/div>\n<\/div>\n\n\n\n<div style=\"min-height:30vh;margin-top:-30vh;--octopods-divider-shape-color:#F7F8FD;--octopods-divider-icon-color:;--octopods-divider-icon-size:20px;--octopods-divider-icon-align:center;--octopods-divider-icon-justify:center\" class=\"wp-block-octopods-divider alignfull\"><div class=\"wp-block-octopods-divider__shape\"><svg xmlns=\"http:\/\/www.w3.org\/2000\/svg\" class=\"angle-layered_svg__octopods-divider-svg angle-layered_svg__octopods-divider-svg--angle-layered\" preserveAspectRatio=\"none\" viewBox=\"0 0 2600 129\"><path d=\"M2600 64 0 128v1h2600z\"><\/path><path d=\"M0 129h2600V64H0z\" opacity=\"0.5\"><\/path><path d=\"M2600 64 0 0v129h2600z\" opacity=\"0.5\"><\/path><\/svg><\/div><\/div>\n\n\n\n<div class=\"wp-block-group alignfull is-style-default has-primary-color has-neutral-accent-background-color has-text-color has-background has-link-color wp-elements-79f41c87fecda6e91f9b4b59f46d7fea has-global-padding is-layout-constrained wp-container-core-group-is-layout-7606df95 wp-block-group-is-layout-constrained\" style=\"border-radius:20px;margin-top:0;margin-bottom:0;padding-top:var(--wp--preset--spacing--x-large);padding-right:0;padding-bottom:var(--wp--preset--spacing--large);padding-left:0;--octopods-group-z-index:\">\n<div class=\"wp-block-columns are-vertically-aligned-center has-base-background-color has-background is-layout-flex wp-container-core-columns-is-layout-15548f8f wp-block-columns-is-layout-flex\" style=\"border-radius:20px;padding-top:var(--wp--preset--spacing--large);padding-right:var(--wp--preset--spacing--large);padding-bottom:var(--wp--preset--spacing--large);padding-left:var(--wp--preset--spacing--large);box-shadow:var(--wp--preset--shadow--natural)\">\n<div class=\"wp-block-column is-vertically-aligned-center is-layout-flow wp-block-column-is-layout-flow\">\n<h2 class=\"wp-block-heading has-text-align-center\">\u00bfQu\u00e9 Monitoriza el           An\u00e1lisis de Aceite?<\/h2>\n<\/div>\n\n\n\n<div class=\"wp-block-column is-vertically-aligned-center is-layout-flow wp-block-column-is-layout-flow\">\n<div class=\"wp-block-columns is-layout-flex wp-container-core-columns-is-layout-28f84493 wp-block-columns-is-layout-flex\">\n<div class=\"wp-block-column is-layout-flow wp-container-core-column-is-layout-0a386c5a wp-block-column-is-layout-flow\">\n<ul class=\"wp-block-list\">\n<li>Lubricante incorrecto<\/li>\n<\/ul>\n\n\n\n<ul class=\"wp-block-list\">\n<li>Drenajes de aceite prolongados<\/li>\n<\/ul>\n\n\n\n<ul class=\"wp-block-list\">\n<li>Fatiga de los componentes<\/li>\n<\/ul>\n\n\n\n<ul class=\"wp-block-list\">\n<li>Desgaste por deslizamiento<\/li>\n<\/ul>\n<\/div>\n\n\n\n<div class=\"wp-block-column is-layout-flow wp-container-core-column-is-layout-0a386c5a wp-block-column-is-layout-flow\">\n<ul class=\"wp-block-list\">\n<li>Desgaste abrasivo<\/li>\n<\/ul>\n\n\n\n<ul class=\"wp-block-list\">\n<li>Contaminaci\u00f3n externa<\/li>\n<\/ul>\n\n\n\n<ul class=\"wp-block-list\">\n<li>Malas pr\u00e1cticas de manipulaci\u00f3n<\/li>\n<\/ul>\n\n\n\n<ul class=\"wp-block-list\">\n<li>Medidas de control de la contaminaci\u00f3n inadecuadas<\/li>\n<\/ul>\n<\/div>\n<\/div>\n<\/div>\n<\/div>\n<\/div>\n\n\n\n<div class=\"wp-block-group alignfull has-neutral-accent-background-color has-background has-link-color wp-elements-a1e4d4d71e9e955b2aac9b25399103ec has-global-padding is-layout-constrained wp-container-core-group-is-layout-6ddc9305 wp-block-group-is-layout-constrained\" style=\"border-radius:20px;margin-top:0;margin-bottom:0;padding-top:var(--wp--preset--spacing--x-large);padding-right:0;padding-bottom:var(--wp--preset--spacing--xx-large);padding-left:0;--octopods-group-z-index:2\">\n<h2 class=\"wp-block-heading has-text-align-center\">\u00bfQu\u00e9 Incluyen Nuestros Servicios?<\/h2>\n\n\n\n<div class=\"wp-block-group is-layout-grid wp-container-core-group-is-layout-65957d75 wp-block-group-is-layout-grid\" style=\"--octopods-group-grid-columns-tablet:undefined;--octopods-group-grid-columns-mobile:1\">\n<div class=\"wp-block-group alignfull has-base-color has-primary-background-color has-text-color has-background has-link-color wp-elements-5d95f162fcff5f7b7c71eeb721180c6b is-vertical is-content-justification-center is-layout-flex wp-container-core-group-is-layout-44419798 wp-block-group-is-layout-flex\" style=\"border-radius:20px;min-height:0vh;margin-top:0;margin-bottom:0;padding-top:var(--wp--preset--spacing--medium);padding-right:var(--wp--preset--spacing--medium);padding-bottom:var(--wp--preset--spacing--medium);padding-left:var(--wp--preset--spacing--medium);box-shadow:var(--wp--preset--shadow--natural);--octopods-group-overlay-gradient:linear-gradient(245deg, rgba(32,39,97,0.82) 0%, #0E1132 87%);--octopods-group-overflow:hidden;--octopods-group-background-image:url(https:\/\/www.icareweb.com\/wp-content\/uploads\/2024\/09\/handshake-03.jpg);--octopods-group-background-position:50% 50%;--octopods-group-background-size:cover;--octopods-group-background-repeat:no-repeat;--octopods-group-background-attachment:scroll;--octopods-group-position:relative;aspect-ratio:unset;\">\n<div class=\"wp-block-getwid-icon\"><div class=\"wp-block-getwid-icon__wrapper\" style=\"font-size:30px;padding:0px\"><i class=\"ph-duotone ph-stethoscope\"><\/i><\/div><\/div>\n\n\n\n<p class=\"has-text-align-center\"><strong>Informes detallados que resumen las acciones recomendadas en funci\u00f3n de las prioridades del cliente<\/strong><\/p>\n<\/div>\n\n\n\n<div class=\"wp-block-group alignfull has-base-color has-primary-background-color has-text-color has-background has-link-color wp-elements-799dcdde9b72bb573c83ccec6cab0235 is-vertical is-content-justification-center is-layout-flex wp-container-core-group-is-layout-44419798 wp-block-group-is-layout-flex\" style=\"border-radius:20px;min-height:0vh;margin-top:0;margin-bottom:0;padding-top:var(--wp--preset--spacing--medium);padding-right:var(--wp--preset--spacing--medium);padding-bottom:var(--wp--preset--spacing--medium);padding-left:var(--wp--preset--spacing--medium);box-shadow:var(--wp--preset--shadow--natural);--octopods-group-overlay-gradient:linear-gradient(245deg, rgba(32,39,97,0.82) 0%, #0E1132 87%);--octopods-group-overflow:hidden;--octopods-group-background-image:url(https:\/\/www.icareweb.com\/wp-content\/uploads\/2024\/09\/lubrication-container-inside-03.jpg);--octopods-group-background-position:50% 50%;--octopods-group-background-size:cover;--octopods-group-background-repeat:no-repeat;--octopods-group-background-attachment:scroll;--octopods-group-position:relative;aspect-ratio:unset;\">\n<div class=\"wp-block-getwid-icon\"><div class=\"wp-block-getwid-icon__wrapper\" style=\"font-size:30px;padding:0px\"><i class=\"ph-duotone ph-notepad\"><\/i><\/div><\/div>\n\n\n\n<p class=\"has-text-align-center\"><strong>Informes resumidos en los que se destacan los principales fallos de cada m\u00e1quina<\/strong><\/p>\n<\/div>\n\n\n\n<div class=\"wp-block-group alignfull has-base-color has-primary-background-color has-text-color has-background has-link-color wp-elements-52ba79ad8f8bef4f9e6c22cadee9b120 is-content-justification-center is-nowrap is-layout-flex wp-container-core-group-is-layout-332e4462 wp-block-group-is-layout-flex\" style=\"border-radius:20px;min-height:0vh;margin-top:0;margin-bottom:0;padding-top:var(--wp--preset--spacing--medium);padding-right:var(--wp--preset--spacing--medium);padding-bottom:var(--wp--preset--spacing--medium);padding-left:var(--wp--preset--spacing--medium);box-shadow:var(--wp--preset--shadow--natural);--octopods-group-overlay-gradient:linear-gradient(245deg, rgba(32,39,97,0.82) 0%, #0E1132 87%);--octopods-group-overflow:hidden;--octopods-group-background-image:url(https:\/\/www.icareweb.com\/wp-content\/uploads\/2024\/09\/lubrication-container-inside-03.jpg);--octopods-group-background-position:50% 50%;--octopods-group-background-size:cover;--octopods-group-background-repeat:no-repeat;--octopods-group-background-attachment:scroll;--octopods-group-position:relative;aspect-ratio:unset;\">\n<div class=\"wp-block-buttons is-layout-flex wp-block-buttons-is-layout-flex\">\n<div class=\"wp-block-button octopods-button-link is-style-arrow\"><a class=\"wp-block-button__link has-secondary-color has-text-color has-link-color wp-element-button\" href=\"https:\/\/www.icareweb.com\/es\/contactar\/\" style=\"border-style:none;border-width:0px;border-radius:0px;padding-top:0;padding-right:0px;padding-bottom:0;padding-left:0px\">Hablar con un experto<\/a><\/div>\n<\/div>\n<\/div>\n<\/div>\n<\/div>\n\n\n\n<div class=\"wp-block-group alignfull has-base-color has-text-color has-link-color wp-elements-203b07d0ce10f1860a1d9b5f18898dc1 has-global-padding is-layout-constrained wp-block-group-is-layout-constrained\" style=\"margin-top:0;margin-bottom:0;padding-top:var(--wp--preset--spacing--large);padding-bottom:var(--wp--preset--spacing--large);--octopods-group-overlay-gradient:linear-gradient(245deg, rgba(32,39,97,0.82) 0%, #0E1132 87%);--octopods-group-background-image:url(https:\/\/www.icareweb.com\/wp-content\/uploads\/2024\/08\/dscf8660.jpg);--octopods-group-background-position:50% 50%;--octopods-group-background-size:cover;--octopods-group-background-repeat:no-repeat;--octopods-group-background-attachment:scroll\">\n<h2 class=\"wp-block-heading has-text-align-center\">Deja Atr\u00e1s las Aver\u00edas de Activos.<\/h2>\n\n\n\n<div class=\"wp-block-buttons is-content-justification-center is-layout-flex wp-container-core-buttons-is-layout-a89b3969 wp-block-buttons-is-layout-flex\">\n<div class=\"wp-block-button\"><a rel=\"\" target=\"\" href=\"https:\/\/www.icareweb.com\/es\/contactar\/\" class=\"wp-block-button__link has-secondary-background-color has-background has-border-color has-secondary-border-color wp-element-button\">Hablar con un experto<\/a><\/div>\n<\/div>\n<\/div>\n","protected":false},"excerpt":{"rendered":"<p>Preciso y fiable Gran variedad de aplicaciones R\u00e1pido y efectivo Tecnolog\u00eda no intrusiva La Importancia de los An\u00e1lisis de Aceite El an\u00e1lisis de aceite es uno de los servicios m\u00e1s rentables para prevenir aver\u00edas en las m\u00e1quinas. Determina si un lubricante sigue operando correctamente o necesita ser sustituido supervisando las propiedades qu\u00edmicas del lubricante (viscosidad, [&hellip;]<\/p>\n","protected":false},"author":22,"featured_media":22786,"parent":23160,"menu_order":0,"comment_status":"closed","ping_status":"closed","template":"","meta":{"_acf_changed":false,"_seopress_robots_primary_cat":"0","_seopress_titles_title":"","_seopress_titles_desc":"Descubra c\u00f3mo el an\u00e1lisis del aceite optimiza la fiabilidad de los equipos, reduciendo costes de mantenimiento y aumentando su rendimiento.","_seopress_robots_index":"","content-type":"","inline_featured_image":false,"footnotes":""},"page_category":[162],"class_list":{"0":"post-23232","1":"page","2":"type-page","3":"status-publish","4":"has-post-thumbnail","6":"page_category-website-pages"},"acf":[],"_links":{"self":[{"href":"https:\/\/www.icareweb.com\/es\/wp-json\/wp\/v2\/pages\/23232","targetHints":{"allow":["GET"]}}],"collection":[{"href":"https:\/\/www.icareweb.com\/es\/wp-json\/wp\/v2\/pages"}],"about":[{"href":"https:\/\/www.icareweb.com\/es\/wp-json\/wp\/v2\/types\/page"}],"author":[{"embeddable":true,"href":"https:\/\/www.icareweb.com\/es\/wp-json\/wp\/v2\/users\/22"}],"replies":[{"embeddable":true,"href":"https:\/\/www.icareweb.com\/es\/wp-json\/wp\/v2\/comments?post=23232"}],"version-history":[{"count":0,"href":"https:\/\/www.icareweb.com\/es\/wp-json\/wp\/v2\/pages\/23232\/revisions"}],"up":[{"embeddable":true,"href":"https:\/\/www.icareweb.com\/es\/wp-json\/wp\/v2\/pages\/23160"}],"wp:featuredmedia":[{"embeddable":true,"href":"https:\/\/www.icareweb.com\/es\/wp-json\/wp\/v2\/media\/22786"}],"wp:attachment":[{"href":"https:\/\/www.icareweb.com\/es\/wp-json\/wp\/v2\/media?parent=23232"}],"wp:term":[{"taxonomy":"page_category","embeddable":true,"href":"https:\/\/www.icareweb.com\/es\/wp-json\/wp\/v2\/page_category?post=23232"}],"curies":[{"name":"wp","href":"https:\/\/api.w.org\/{rel}","templated":true}]}}