{"id":23250,"date":"2024-08-19T08:27:53","date_gmt":"2024-08-19T06:27:53","guid":{"rendered":"https:\/\/20yrnewwebsite.www.icareweb.com\/?page_id=23250"},"modified":"2025-08-08T14:14:11","modified_gmt":"2025-08-08T12:14:11","slug":"analisis-ultrasonidos","status":"publish","type":"page","link":"https:\/\/www.icareweb.com\/es\/soluciones\/mantenimiento-predictivo\/servicios\/analisis-ultrasonidos\/","title":{"rendered":"An\u00e1lisis de Ultrasonidos"},"content":{"rendered":"\n<div class=\"wp-block-group alignfull icare-hero is-style-shade-right-top has-background has-global-padding is-layout-constrained wp-block-group-is-layout-constrained\" style=\"background:linear-gradient(135deg,rgb(247,248,253) 0%,rgba(247,248,252,0.49) 100%);margin-top:0;margin-bottom:0;padding-top:var(--wp--preset--spacing--medium);padding-bottom:var(--wp--preset--spacing--xx-large);--octopods-group-overlay-color:#27498C;--octopods-group-overflow:hidden;--octopods-group-position:relative\">\n<div style=\"height:150px\" aria-hidden=\"true\" class=\"wp-block-spacer\"><\/div>\n\n\n\n<div class=\"wp-block-group has-primary-color has-text-color has-link-color wp-elements-351d0fe17383efa6da5cc38fea4060be has-global-padding is-layout-constrained wp-container-core-group-is-layout-639b5052 wp-block-group-is-layout-constrained\" style=\"border-radius:50px;padding-top:0;padding-right:0;padding-bottom:0;padding-left:0\"><\/div>\n\n\n\n<div class=\"wp-block-group icare-hero__content is-content-justification-space-between is-nowrap is-layout-flex wp-container-core-group-is-layout-cb46ffcb wp-block-group-is-layout-flex\" style=\"min-height:35vh;--octopods-group-z-index:2;aspect-ratio:unset;\">\n<div class=\"wp-block-columns are-vertically-aligned-center is-style-columns-reverse wp-container-content-9cfa9a5a is-layout-flex wp-container-core-columns-is-layout-28f84493 wp-block-columns-is-layout-flex\">\n<div class=\"wp-block-column is-vertically-aligned-center is-layout-flow wp-block-column-is-layout-flow\" data-aos=\"fade\" data-aos-duration=\"900\" data-aos-easing=\"ease-in-out\" data-aos-once=\"true\">\n<div class=\"wp-block-group is-layout-flow wp-block-group-is-layout-flow\" style=\"padding-right:35px\">\n<h1 class=\"wp-block-heading\">An\u00e1lisis de Ultrasonidos<\/h1>\n\n\n\n<p style=\"font-size:clamp(0.875rem, 0.875rem + ((1vw - 0.2rem) * 0.531), 1.3rem);\">Detecta los problemas de fiabilidad no visibles y mejora la eficiencia de la l\u00ednea de producci\u00f3n. <\/p>\n\n\n\n<div class=\"wp-block-buttons is-layout-flex wp-block-buttons-is-layout-flex\">\n<div class=\"wp-block-button\"><a class=\"wp-block-button__link wp-element-button\" href=\"#icare-more-content\">M\u00e1s informaci\u00f3n<\/a><\/div>\n<\/div>\n\n\n\n<div style=\"height:2vw\" aria-hidden=\"true\" class=\"wp-block-spacer\"><\/div>\n<\/div>\n<\/div>\n\n\n\n<div class=\"wp-block-column is-vertically-aligned-center is-layout-flow wp-block-column-is-layout-flow\" data-aos=\"fade-right\" data-aos-duration=\"900\" data-aos-easing=\"ease-in-out\" data-aos-once=\"true\">\n<div class=\"wp-block-group has-global-padding is-layout-constrained wp-block-group-is-layout-constrained\" style=\"--octopods-group-position:relative\">\n<figure class=\"wp-block-image size-full has-custom-border\"><img alt=\"\" loading=\"lazy\" decoding=\"async\" width=\"2048\" height=\"1365\" src=\"https:\/\/www.icareweb.com\/wp-content\/uploads\/2024\/09\/ultrasound-analysis-02.jpg\" alt=\"\" class=\"wp-image-22931\" style=\"border-radius:20px;box-shadow:var(--wp--preset--shadow--deep);aspect-ratio:4\/3;object-fit:cover\" srcset=\"https:\/\/www.icareweb.com\/wp-content\/uploads\/2024\/09\/ultrasound-analysis-02.jpg 2048w, https:\/\/www.icareweb.com\/wp-content\/uploads\/2024\/09\/ultrasound-analysis-02-1280x853.jpg 1280w, https:\/\/www.icareweb.com\/wp-content\/uploads\/2024\/09\/ultrasound-analysis-02-1920x1280.jpg 1920w, https:\/\/www.icareweb.com\/wp-content\/uploads\/2024\/09\/ultrasound-analysis-02-600x400.jpg 600w, https:\/\/www.icareweb.com\/wp-content\/uploads\/2024\/09\/ultrasound-analysis-02-768x512.jpg 768w, https:\/\/www.icareweb.com\/wp-content\/uploads\/2024\/09\/ultrasound-analysis-02-1536x1024.jpg 1536w, https:\/\/www.icareweb.com\/wp-content\/uploads\/2024\/09\/ultrasound-analysis-02-1200x800.jpg 1200w, https:\/\/www.icareweb.com\/wp-content\/uploads\/2024\/09\/ultrasound-analysis-02-1620x1080.jpg 1620w\" sizes=\"auto, (max-width: 2048px) 100vw, 2048px\" \/><\/figure>\n<\/div>\n<\/div>\n<\/div>\n<\/div>\n\n\n\n<div class=\"wp-block-group alignfull icare-hero__divider is-layout-flow wp-block-group-is-layout-flow\" style=\"margin-top:0px;margin-bottom:0px;--octopods-group-position:absolute;--octopods-group-bottom:0px;--octopods-group-left:0px;--octopods-group-right:0px\">\n<div style=\"min-height:350px;margin-top:0px;--octopods-divider-shape-color:#ffffff;--octopods-divider-icon-color:;--octopods-divider-icon-size:20px;--octopods-divider-icon-align:center;--octopods-divider-icon-justify:center\" class=\"wp-block-octopods-divider alignfull\"><div class=\"wp-block-octopods-divider__shape\"><svg xmlns=\"http:\/\/www.w3.org\/2000\/svg\" aria-hidden=\"true\" class=\"triangle-asymmetrical_svg__octopods-divider-svg triangle-asymmetrical_svg__octopods-divider-svg--wave\" preserveAspectRatio=\"none\" viewBox=\"0 0 1200 115\"><path d=\"M1200 115H0L892.25.28z\"><\/path><\/svg><\/div><\/div>\n<\/div>\n<\/div>\n\n\n\n<div class=\"wp-block-getwid-anchor\" id=\"icare-more-content\"><\/div>\n\n\n\n<div class=\"wp-block-group is-style-default has-global-padding is-layout-constrained wp-container-core-group-is-layout-db9bd740 wp-block-group-is-layout-constrained\" style=\"border-radius:20px;margin-top:0;margin-bottom:0;padding-top:var(--wp--preset--spacing--small);padding-right:0;padding-bottom:var(--wp--preset--spacing--large);padding-left:0;--octopods-group-z-index:\">\n<div class=\"wp-block-columns are-vertically-aligned-center is-style-columns-reverse is-layout-flex wp-container-core-columns-is-layout-28f84493 wp-block-columns-is-layout-flex\">\n<div class=\"wp-block-column is-vertically-aligned-center is-layout-flow wp-block-column-is-layout-flow\">\n<div class=\"wp-block-group is-layout-grid wp-container-core-group-is-layout-bcb8ac2c wp-block-group-is-layout-grid\" style=\"border-radius:20px;min-height:450px;--octopods-group-grid-columns-tablet:undefined;--octopods-group-grid-columns-mobile:undefined;aspect-ratio:unset;\">\n<div class=\"wp-block-group is-style-default has-base-color has-contrast-background-color has-text-color has-background has-link-color wp-elements-eb82ce9724e70707a9dd5c8229d855cd wp-container-content-d2eb3c98 is-vertical is-content-justification-center is-layout-flex wp-container-core-group-is-layout-220f9113 wp-block-group-is-layout-flex\" style=\"border-radius:20px;padding-top:var(--wp--preset--spacing--medium);padding-right:var(--wp--preset--spacing--small);padding-bottom:var(--wp--preset--spacing--medium);padding-left:var(--wp--preset--spacing--small);--octopods-group-overlay-gradient:linear-gradient(245deg,rgba(32,39,97,0.82) 0%,rgba(39,73,140,0.94) 0%);--octopods-group-background-image:url(https:\/\/www.icareweb.com\/wp-content\/uploads\/2024\/09\/ultrasound-analysis-01.jpg);--octopods-group-background-position:50% 50%;--octopods-group-background-size:cover;--octopods-group-background-repeat:no-repeat;--octopods-group-background-attachment:scroll;--octopods-group-box-shadow:rgba(48,75,130,.15) 0 0 50px 0;--octopods-group-position:relative\">\n<div class=\"wp-block-getwid-icon\"><div class=\"wp-block-getwid-icon__wrapper\" style=\"font-size:30px;padding:0px\"><i class=\"ph-duotone ph-hand\"><\/i><\/div><\/div>\n\n\n\n<p class=\"has-text-align-center\"><strong>Seguridad: Tecnolog\u00eda                                       sin contacto<\/strong><\/p>\n<\/div>\n\n\n\n<div class=\"wp-block-group is-style-default has-base-color has-contrast-background-color has-text-color has-background has-link-color wp-elements-8321b8b49957445017aac19964f94406 wp-container-content-d2eb3c98 is-vertical is-content-justification-center is-layout-flex wp-container-core-group-is-layout-220f9113 wp-block-group-is-layout-flex\" style=\"border-radius:20px;padding-top:var(--wp--preset--spacing--medium);padding-right:var(--wp--preset--spacing--small);padding-bottom:var(--wp--preset--spacing--medium);padding-left:var(--wp--preset--spacing--small);--octopods-group-overlay-gradient:linear-gradient(245deg,rgba(32,39,97,0.82) 0%,rgba(39,73,140,0.94) 0%);--octopods-group-background-image:url(https:\/\/www.icareweb.com\/wp-content\/uploads\/2024\/09\/ultrasound-analysis-04.jpg);--octopods-group-background-position:50% 50%;--octopods-group-background-size:cover;--octopods-group-background-repeat:no-repeat;--octopods-group-background-attachment:scroll;--octopods-group-box-shadow:rgba(48,75,130,.15) 0 0 50px 0;--octopods-group-position:relative\">\n<div class=\"wp-block-getwid-icon\"><div class=\"wp-block-getwid-icon__wrapper\" style=\"font-size:30px;padding:0px\"><i class=\"ph-duotone ph-arrows-out\"><\/i><\/div><\/div>\n\n\n\n<p class=\"has-text-align-center\"><strong>Mediciones r\u00e1pidas                            en \u00e1reas grandes<\/strong><\/p>\n<\/div>\n\n\n\n<div class=\"wp-block-group is-style-default has-base-color has-contrast-background-color has-text-color has-background has-link-color wp-elements-46dfb16dc7a19560bceefa162e501a99 wp-container-content-d2eb3c98 is-vertical is-content-justification-center is-layout-flex wp-container-core-group-is-layout-220f9113 wp-block-group-is-layout-flex\" style=\"border-radius:20px;padding-top:var(--wp--preset--spacing--medium);padding-right:var(--wp--preset--spacing--small);padding-bottom:var(--wp--preset--spacing--medium);padding-left:var(--wp--preset--spacing--small);--octopods-group-overlay-gradient:linear-gradient(245deg,rgba(32,39,97,0.82) 0%,rgba(39,73,140,0.94) 0%);--octopods-group-background-image:url(https:\/\/www.icareweb.com\/wp-content\/uploads\/2024\/09\/employees-discussing-02.jpg);--octopods-group-background-position:50% 50%;--octopods-group-background-size:cover;--octopods-group-background-repeat:no-repeat;--octopods-group-background-attachment:scroll;--octopods-group-box-shadow:rgba(48,75,130,.15) 0 0 50px 0;--octopods-group-position:relative\">\n<div class=\"wp-block-getwid-icon\"><div class=\"wp-block-getwid-icon__wrapper\" style=\"font-size:30px;padding:0px\"><i class=\"ph-duotone ph-money-wavy\"><\/i><\/div><\/div>\n\n\n\n<p class=\"has-text-align-center\"><strong>R\u00e1pido y                                              rentable<\/strong><\/p>\n<\/div>\n\n\n\n<div class=\"wp-block-group is-style-default has-base-color has-contrast-background-color has-text-color has-background has-link-color wp-elements-04920e7beccd5022342b48155fd7ad15 wp-container-content-d2eb3c98 is-vertical is-content-justification-center is-layout-flex wp-container-core-group-is-layout-220f9113 wp-block-group-is-layout-flex\" style=\"border-radius:20px;padding-top:var(--wp--preset--spacing--medium);padding-right:var(--wp--preset--spacing--small);padding-bottom:var(--wp--preset--spacing--medium);padding-left:var(--wp--preset--spacing--small);--octopods-group-overlay-gradient:linear-gradient(245deg,rgba(32,39,97,0.82) 0%,rgba(39,73,140,0.94) 0%);--octopods-group-background-image:url(https:\/\/www.icareweb.com\/wp-content\/uploads\/2024\/09\/ultrasound-analysis-03.png);--octopods-group-background-position:50% 50%;--octopods-group-background-size:cover;--octopods-group-background-repeat:no-repeat;--octopods-group-background-attachment:scroll;--octopods-group-box-shadow:rgba(48,75,130,.15) 0 0 50px 0;--octopods-group-position:relative\">\n<div class=\"wp-block-getwid-icon\"><div class=\"wp-block-getwid-icon__wrapper\" style=\"font-size:30px;padding:0px\"><i class=\"ph-duotone ph-target\"><\/i><\/div><\/div>\n\n\n\n<p class=\"has-text-align-center\"><strong>Preciso y                                                    fiable<\/strong><\/p>\n<\/div>\n<\/div>\n<\/div>\n\n\n\n<div class=\"wp-block-column is-vertically-aligned-center is-layout-flow wp-container-core-column-is-layout-c7b3064f wp-block-column-is-layout-flow\">\n<h2 class=\"wp-block-heading has-text-align-left\">La Importancia del An\u00e1lisis de Ultrasonidos<\/h2>\n\n\n\n<div class=\"wp-block-group is-vertical is-layout-flex wp-container-core-group-is-layout-fe9cc265 wp-block-group-is-layout-flex\">\n<p>Los sistemas de aire comprimido pueden sufrir importantes p\u00e9rdidas de energ\u00eda debido a fugas en conductos de aire, acoplamientos, tuber\u00edas y otros componentes defectuosos. La detecci\u00f3n por ultrasonidos puede detectar estos fen\u00f3menos inaudibles y reducir dr\u00e1sticamente el consumo de energ\u00eda.<\/p>\n<\/div>\n\n\n\n<div class=\"wp-block-buttons is-content-justification-left is-layout-flex wp-container-core-buttons-is-layout-6e9f73ed wp-block-buttons-is-layout-flex\">\n<div class=\"wp-block-button\"><a class=\"wp-block-button__link has-secondary-background-color has-background wp-element-button\" href=\"https:\/\/www.icareweb.com\/es\/contactar\/\">Hablar con un experto<\/a><\/div>\n<\/div>\n<\/div>\n<\/div>\n<\/div>\n\n\n\n<div class=\"wp-block-group is-style-shade-right has-primary-color has-text-color has-link-color wp-elements-3a68df3386a7eb3b6367ac0255f788a4 has-global-padding is-layout-constrained wp-container-core-group-is-layout-7606df95 wp-block-group-is-layout-constrained\" style=\"border-radius:20px;margin-top:0;margin-bottom:0;padding-top:var(--wp--preset--spacing--x-large);padding-right:0;padding-bottom:var(--wp--preset--spacing--large);padding-left:0;--octopods-group-z-index:\">\n<div class=\"wp-block-columns are-vertically-aligned-center has-base-background-color has-background is-layout-flex wp-container-core-columns-is-layout-b4138d93 wp-block-columns-is-layout-flex\" style=\"border-radius:20px;padding-top:var(--wp--preset--spacing--large);padding-right:var(--wp--preset--spacing--large);padding-bottom:var(--wp--preset--spacing--large);padding-left:var(--wp--preset--spacing--large);box-shadow:var(--wp--preset--shadow--natural)\">\n<div class=\"wp-block-column is-vertically-aligned-center is-layout-flow wp-block-column-is-layout-flow\">\n<h2 class=\"wp-block-heading has-text-align-center\">\u00bfQu\u00e9 Monitoriza el               An\u00e1lisis de Ultrasonidos?<\/h2>\n<\/div>\n\n\n\n<div class=\"wp-block-column is-vertically-aligned-center is-layout-flow wp-block-column-is-layout-flow\">\n<div class=\"wp-block-columns is-layout-flex wp-container-core-columns-is-layout-28f84493 wp-block-columns-is-layout-flex\">\n<div class=\"wp-block-column is-layout-flow wp-container-core-column-is-layout-0a386c5a wp-block-column-is-layout-flow\">\n<ul class=\"wp-block-list\">\n<li>Fugas de gas comprimido<\/li>\n<\/ul>\n\n\n\n<ul class=\"wp-block-list\">\n<li>Generadores de calor<\/li>\n<\/ul>\n\n\n\n<ul class=\"wp-block-list\">\n<li>Calderas y condensadores<\/li>\n<\/ul>\n\n\n\n<ul class=\"wp-block-list\">\n<li>Dep\u00f3sitos y tuber\u00edas<\/li>\n<\/ul>\n\n\n\n<ul class=\"wp-block-list\">\n<li>V\u00e1lvulas y purgadores<\/li>\n<\/ul>\n\n\n\n<ul class=\"wp-block-list\">\n<li>Arcos el\u00e9ctricos, trazas, corona<\/li>\n<\/ul>\n<\/div>\n\n\n\n<div class=\"wp-block-column is-layout-flow wp-container-core-column-is-layout-0a386c5a wp-block-column-is-layout-flow\">\n<ul class=\"wp-block-list\">\n<li>Dispositivos<\/li>\n<\/ul>\n\n\n\n<ul class=\"wp-block-list\">\n<li>Transformadores<\/li>\n<\/ul>\n\n\n\n<ul class=\"wp-block-list\">\n<li>Fallos de rodamientos<\/li>\n<\/ul>\n\n\n\n<ul class=\"wp-block-list\">\n<li>Problemas de engranajes<\/li>\n<\/ul>\n\n\n\n<ul class=\"wp-block-list\">\n<li>Disyuntores<\/li>\n<\/ul>\n\n\n\n<ul class=\"wp-block-list\">\n<li>Defectos de acoplamientos<\/li>\n<\/ul>\n<\/div>\n<\/div>\n<\/div>\n<\/div>\n<\/div>\n\n\n\n<div class=\"wp-block-group alignfull has-link-color wp-elements-b45a215ee5be020d0f10f0e36415bfc7 has-global-padding is-layout-constrained wp-container-core-group-is-layout-6ddc9305 wp-block-group-is-layout-constrained\" style=\"border-radius:20px;margin-top:0;margin-bottom:0;padding-top:var(--wp--preset--spacing--x-large);padding-right:0;padding-bottom:var(--wp--preset--spacing--xx-large);padding-left:0;--octopods-group-z-index:2\">\n<h2 class=\"wp-block-heading has-text-align-center\">\u00bfQu\u00e9 Incluyen Nuestros Servicios?<\/h2>\n\n\n\n<div class=\"wp-block-group is-layout-grid wp-container-core-group-is-layout-587c4170 wp-block-group-is-layout-grid\" style=\"--octopods-group-grid-columns-tablet:undefined;--octopods-group-grid-columns-mobile:1\">\n<div class=\"wp-block-group alignfull has-base-color has-primary-background-color has-text-color has-background has-link-color wp-elements-9a2c0d99b977c9e28656b4fdf5a4c3c7 is-vertical is-content-justification-center is-layout-flex wp-container-core-group-is-layout-cd52a991 wp-block-group-is-layout-flex\" style=\"border-radius:20px;min-height:0vh;margin-top:0;margin-bottom:0;padding-top:var(--wp--preset--spacing--medium);padding-right:var(--wp--preset--spacing--medium);padding-bottom:var(--wp--preset--spacing--medium);padding-left:var(--wp--preset--spacing--medium);--octopods-group-overlay-gradient:linear-gradient(245deg, rgba(32,39,97,0.82) 0%, #0E1132 87%);--octopods-group-overflow:hidden;--octopods-group-background-image:url(https:\/\/www.icareweb.com\/wp-content\/uploads\/2024\/09\/helmet-02.jpg);--octopods-group-background-position:50% 50%;--octopods-group-background-size:cover;--octopods-group-background-repeat:no-repeat;--octopods-group-background-attachment:scroll;--octopods-group-position:relative;aspect-ratio:unset;\">\n<div class=\"wp-block-getwid-icon\"><div class=\"wp-block-getwid-icon__wrapper has-text-color has-base-color\" style=\"font-size:30px;padding:0px\"><i class=\"ph-duotone ph-speaker-simple-none\"><\/i><\/div><\/div>\n\n\n\n<p class=\"has-text-align-center\"><strong>Medici\u00f3n de toda la red de aire comprimido para una detecci\u00f3n exhaustiva de fugas<\/strong><\/p>\n<\/div>\n\n\n\n<div class=\"wp-block-group alignfull has-base-color has-primary-background-color has-text-color has-background has-link-color wp-elements-64d186f63912d0f486044ee2d3235d4a is-vertical is-content-justification-center is-layout-flex wp-container-core-group-is-layout-cd52a991 wp-block-group-is-layout-flex\" style=\"border-radius:20px;min-height:0vh;margin-top:0;margin-bottom:0;padding-top:var(--wp--preset--spacing--medium);padding-right:var(--wp--preset--spacing--medium);padding-bottom:var(--wp--preset--spacing--medium);padding-left:var(--wp--preset--spacing--medium);--octopods-group-overlay-gradient:linear-gradient(245deg, rgba(32,39,97,0.82) 0%, #0E1132 87%);--octopods-group-overflow:hidden;--octopods-group-background-image:url(https:\/\/www.icareweb.com\/wp-content\/uploads\/2024\/09\/employees-listening-01.png);--octopods-group-background-position:50% 50%;--octopods-group-background-size:cover;--octopods-group-background-repeat:no-repeat;--octopods-group-background-attachment:scroll;--octopods-group-position:relative;aspect-ratio:unset;\">\n<div class=\"wp-block-getwid-icon\"><div class=\"wp-block-getwid-icon__wrapper has-text-color has-base-color\" style=\"font-size:30px;padding:0px\"><i class=\"ph-duotone ph-clipboard-text\"><\/i><\/div><\/div>\n\n\n\n<p class=\"has-text-align-center\"><strong>Detecci\u00f3n precisa de fugas in situ con un informe detallado en 48 horas, incluida una estimaci\u00f3n del coste de las p\u00e9rdidas<\/strong><\/p>\n<\/div>\n\n\n\n<div class=\"wp-block-group has-base-color has-secondary-background-color has-text-color has-background has-link-color wp-elements-4c25557be0431c78779e9d1d60c0924b is-vertical is-content-justification-center is-layout-flex wp-container-core-group-is-layout-52bd730b wp-block-group-is-layout-flex\" style=\"border-radius:20px;padding-top:var(--wp--preset--spacing--small);padding-right:var(--wp--preset--spacing--small);padding-bottom:var(--wp--preset--spacing--small);padding-left:var(--wp--preset--spacing--small);--octopods-group-overlay-gradient:linear-gradient(230deg,rgba(247,146,30,0.84) 2%,rgb(247,147,29) 75%);--octopods-group-overflow:hidden;--octopods-group-background-image:url(https:\/\/www.icareweb.com\/wp-content\/uploads\/2024\/09\/ultrasound-analysis-01.jpg);--octopods-group-background-position:50% 50%;--octopods-group-background-size:cover;--octopods-group-background-repeat:no-repeat;--octopods-group-background-attachment:scroll;--octopods-group-box-shadow:rgba(48,75,130,.15) 0 0 50px 0;--octopods-group-position:relative;aspect-ratio:unset;\">\n<div class=\"wp-block-buttons is-content-justification-center is-layout-flex wp-container-core-buttons-is-layout-a89b3969 wp-block-buttons-is-layout-flex\">\n<div class=\"wp-block-button octopods-button-link is-style-arrow\"><a class=\"wp-block-button__link wp-element-button\" href=\"https:\/\/www.icareweb.com\/es\/contactar\/\" style=\"border-style:none;border-width:0px;border-radius:0px;padding-top:0;padding-right:0px;padding-bottom:0;padding-left:0px\">Hablar con un experto<\/a><\/div>\n<\/div>\n<\/div>\n<\/div>\n<\/div>\n\n\n\n<div style=\"min-height:50vh;margin-top:-50vh;--octopods-divider-shape-color:#F7F8FD;--octopods-divider-icon-color:;--octopods-divider-icon-size:20px;--octopods-divider-icon-align:center;--octopods-divider-icon-justify:center\" class=\"wp-block-octopods-divider alignfull\"><div class=\"wp-block-octopods-divider__shape\"><svg xmlns=\"http:\/\/www.w3.org\/2000\/svg\" class=\"angle-layered-2_svg__octopods-divider-svg angle-layered-2_svg__octopods-divider-svg--angle-layered-2\" preserveAspectRatio=\"none\" viewBox=\"0 0 1000 100\"><path d=\"M0 94v6h1000V0z\" opacity=\"0.5\"><\/path><path d=\"M1000 94v6H0V0z\"><\/path><\/svg><\/div><\/div>\n\n\n\n<div class=\"wp-block-group alignfull has-base-color has-text-color has-link-color wp-elements-203b07d0ce10f1860a1d9b5f18898dc1 has-global-padding is-layout-constrained wp-block-group-is-layout-constrained\" style=\"margin-top:0;margin-bottom:0;padding-top:var(--wp--preset--spacing--large);padding-bottom:var(--wp--preset--spacing--large);--octopods-group-overlay-gradient:linear-gradient(245deg, rgba(32,39,97,0.82) 0%, #0E1132 87%);--octopods-group-background-image:url(https:\/\/www.icareweb.com\/wp-content\/uploads\/2024\/08\/dscf8660.jpg);--octopods-group-background-position:50% 50%;--octopods-group-background-size:cover;--octopods-group-background-repeat:no-repeat;--octopods-group-background-attachment:scroll\">\n<h2 class=\"wp-block-heading has-text-align-center\">\u00bfEst\u00e1s Listo para Olvidarte de                                                                                                    las Paradas no Programadas?<\/h2>\n\n\n\n<div class=\"wp-block-buttons is-content-justification-center is-layout-flex wp-container-core-buttons-is-layout-a89b3969 wp-block-buttons-is-layout-flex\">\n<div class=\"wp-block-button\"><a rel=\"\" target=\"\" href=\"https:\/\/www.icareweb.com\/es\/contactar\/\" class=\"wp-block-button__link has-secondary-background-color has-background has-border-color has-secondary-border-color wp-element-button\">Contactar<\/a><\/div>\n<\/div>\n<\/div>\n\n\n\n<p><\/p>\n","protected":false},"excerpt":{"rendered":"<p>Seguridad: Tecnolog\u00eda sin contacto Mediciones r\u00e1pidas en \u00e1reas grandes R\u00e1pido y rentable Preciso y fiable La Importancia del An\u00e1lisis de Ultrasonidos Los sistemas de aire comprimido pueden sufrir importantes p\u00e9rdidas de energ\u00eda debido a fugas en conductos de aire, acoplamientos, tuber\u00edas y otros componentes defectuosos. La detecci\u00f3n por ultrasonidos puede detectar estos fen\u00f3menos inaudibles y [&hellip;]<\/p>\n","protected":false},"author":23,"featured_media":22936,"parent":23160,"menu_order":0,"comment_status":"closed","ping_status":"closed","template":"","meta":{"_acf_changed":false,"_seopress_robots_primary_cat":"","_seopress_titles_title":"","_seopress_titles_desc":"Descubra c\u00f3mo el an\u00e1lisis por ultrasonidospuede detectar problemas de salud de los activos antes de que se conviertan en aver\u00edas graves.","_seopress_robots_index":"","content-type":"","inline_featured_image":false,"footnotes":""},"page_category":[162],"class_list":{"0":"post-23250","1":"page","2":"type-page","3":"status-publish","4":"has-post-thumbnail","6":"page_category-website-pages"},"acf":[],"_links":{"self":[{"href":"https:\/\/www.icareweb.com\/es\/wp-json\/wp\/v2\/pages\/23250","targetHints":{"allow":["GET"]}}],"collection":[{"href":"https:\/\/www.icareweb.com\/es\/wp-json\/wp\/v2\/pages"}],"about":[{"href":"https:\/\/www.icareweb.com\/es\/wp-json\/wp\/v2\/types\/page"}],"author":[{"embeddable":true,"href":"https:\/\/www.icareweb.com\/es\/wp-json\/wp\/v2\/users\/23"}],"replies":[{"embeddable":true,"href":"https:\/\/www.icareweb.com\/es\/wp-json\/wp\/v2\/comments?post=23250"}],"version-history":[{"count":0,"href":"https:\/\/www.icareweb.com\/es\/wp-json\/wp\/v2\/pages\/23250\/revisions"}],"up":[{"embeddable":true,"href":"https:\/\/www.icareweb.com\/es\/wp-json\/wp\/v2\/pages\/23160"}],"wp:featuredmedia":[{"embeddable":true,"href":"https:\/\/www.icareweb.com\/es\/wp-json\/wp\/v2\/media\/22936"}],"wp:attachment":[{"href":"https:\/\/www.icareweb.com\/es\/wp-json\/wp\/v2\/media?parent=23250"}],"wp:term":[{"taxonomy":"page_category","embeddable":true,"href":"https:\/\/www.icareweb.com\/es\/wp-json\/wp\/v2\/page_category?post=23250"}],"curies":[{"name":"wp","href":"https:\/\/api.w.org\/{rel}","templated":true}]}}