{"id":23843,"date":"2024-08-06T21:58:52","date_gmt":"2024-08-06T19:58:52","guid":{"rendered":"https:\/\/20yrnewwebsite.www.icareweb.com\/soluciones\/industrial-performance\/"},"modified":"2026-03-19T11:26:49","modified_gmt":"2026-03-19T10:26:49","slug":"rendimiento-industrial","status":"publish","type":"page","link":"https:\/\/www.icareweb.com\/es\/soluciones\/rendimiento-industrial\/","title":{"rendered":"Rendimiento Industrial"},"content":{"rendered":"\n<div class=\"wp-block-group alignfull icare-hero is-style-shade-left has-background has-global-padding is-layout-constrained wp-block-group-is-layout-constrained\" style=\"background:linear-gradient(135deg,rgb(247,248,253) 0%,rgba(247,248,252,0.49) 100%);margin-top:0;margin-bottom:0;padding-top:var(--wp--preset--spacing--medium);padding-bottom:var(--wp--preset--spacing--xx-large);--octopods-group-overlay-color:#27498C;--octopods-group-overflow:hidden;--octopods-group-position:relative\">\n<div style=\"height:150px\" aria-hidden=\"true\" class=\"wp-block-spacer\"><\/div>\n\n\n\n<div class=\"wp-block-group icare-hero__content is-content-justification-space-between is-nowrap is-layout-flex wp-container-core-group-is-layout-cb46ffcb wp-block-group-is-layout-flex\" style=\"min-height:35vh;--octopods-group-z-index:2;aspect-ratio:unset;\">\n<div class=\"wp-block-columns are-vertically-aligned-center is-style-columns-reverse wp-container-content-9cfa9a5a is-layout-flex wp-container-core-columns-is-layout-28f84493 wp-block-columns-is-layout-flex\">\n<div class=\"wp-block-column is-vertically-aligned-center is-layout-flow wp-block-column-is-layout-flow\" data-aos=\"fade\" data-aos-duration=\"900\" data-aos-easing=\"ease-in-out\" data-aos-once=\"true\">\n<div class=\"wp-block-group is-layout-flow wp-block-group-is-layout-flow\" style=\"padding-right:35px\">\n<h1 class=\"wp-block-heading\">Pioneros en la Excelencia del Rendimiento Industrial<\/h1>\n\n\n\n<p style=\"font-size:clamp(0.875rem, 0.875rem + ((1vw - 0.2rem) * 0.531), 1.3rem);\">Optimiza tu producci\u00f3n y aumenta la rentabilidad.<\/p>\n\n\n\n<div class=\"wp-block-buttons is-layout-flex wp-block-buttons-is-layout-flex\">\n<div class=\"wp-block-button\"><a class=\"wp-block-button__link wp-element-button\" href=\"#icare-more-content\">Descubrir m\u00e1s<\/a><\/div>\n<\/div>\n\n\n\n<div style=\"height:2vw\" aria-hidden=\"true\" class=\"wp-block-spacer\"><\/div>\n<\/div>\n<\/div>\n\n\n\n<div class=\"wp-block-column is-vertically-aligned-center is-layout-flow wp-block-column-is-layout-flow\" data-aos=\"fade-right\" data-aos-duration=\"900\" data-aos-easing=\"ease-in-out\" data-aos-once=\"true\">\n<div class=\"wp-block-group has-global-padding is-layout-constrained wp-block-group-is-layout-constrained\" style=\"--octopods-group-position:relative\">\n<figure class=\"wp-block-image size-full has-custom-border\"><img alt=\"\" loading=\"lazy\" decoding=\"async\" width=\"1282\" height=\"1920\" src=\"https:\/\/www.icareweb.com\/wp-content\/uploads\/2024\/09\/employee-looking-away-01.jpg\" alt=\"\" class=\"wp-image-22523\" style=\"border-radius:20px;box-shadow:var(--wp--preset--shadow--deep);aspect-ratio:4\/3;object-fit:cover\" srcset=\"https:\/\/www.icareweb.com\/wp-content\/uploads\/2024\/09\/employee-looking-away-01.jpg 1282w, https:\/\/www.icareweb.com\/wp-content\/uploads\/2024\/09\/employee-looking-away-01-855x1280.jpg 855w, https:\/\/www.icareweb.com\/wp-content\/uploads\/2024\/09\/employee-looking-away-01-401x600.jpg 401w, https:\/\/www.icareweb.com\/wp-content\/uploads\/2024\/09\/employee-looking-away-01-768x1150.jpg 768w, https:\/\/www.icareweb.com\/wp-content\/uploads\/2024\/09\/employee-looking-away-01-1026x1536.jpg 1026w, https:\/\/www.icareweb.com\/wp-content\/uploads\/2024\/09\/employee-looking-away-01-300x450.jpg 300w, https:\/\/www.icareweb.com\/wp-content\/uploads\/2024\/09\/employee-looking-away-01-601x900.jpg 601w, https:\/\/www.icareweb.com\/wp-content\/uploads\/2024\/09\/employee-looking-away-01-721x1080.jpg 721w\" sizes=\"auto, (max-width: 1282px) 100vw, 1282px\" \/><\/figure>\n<\/div>\n<\/div>\n<\/div>\n<\/div>\n\n\n\n<div class=\"wp-block-group alignfull icare-hero__divider is-layout-flow wp-block-group-is-layout-flow\" style=\"margin-top:0px;margin-bottom:0px;--octopods-group-position:absolute;--octopods-group-bottom:0px;--octopods-group-left:0px;--octopods-group-right:0px\">\n<div style=\"min-height:350px;margin-top:0px;--octopods-divider-shape-color:#ffffff;--octopods-divider-icon-color:;--octopods-divider-icon-size:20px;--octopods-divider-icon-align:center;--octopods-divider-icon-justify:center\" class=\"wp-block-octopods-divider alignfull\"><div class=\"wp-block-octopods-divider__shape\"><svg xmlns=\"http:\/\/www.w3.org\/2000\/svg\" aria-hidden=\"true\" class=\"angle_svg__octopods-divider-svg angle_svg__octopods-divider-svg--angle\" preserveAspectRatio=\"none\" viewBox=\"0 0 1620 188.5\"><path d=\"M0 188.5h1620V0L0 183.4z\"><\/path><\/svg><\/div><\/div>\n<\/div>\n<\/div>\n\n\n\n<div class=\"wp-block-getwid-anchor\" id=\"icare-more-content\"><\/div>\n\n\n\n<div class=\"wp-block-group alignfull is-style-default has-global-padding is-layout-constrained wp-block-group-is-layout-constrained\" style=\"margin-top:0;margin-bottom:0;padding-top:var(--wp--preset--spacing--x-large);padding-bottom:var(--wp--preset--spacing--large);--octopods-group-z-index:\">\n<div class=\"wp-block-columns are-vertically-aligned-center is-style-columns-reverse is-layout-flex wp-container-core-columns-is-layout-28f84493 wp-block-columns-is-layout-flex\">\n<div class=\"wp-block-column is-vertically-aligned-center is-layout-flow wp-container-core-column-is-layout-c7b3064f wp-block-column-is-layout-flow\">\n<div class=\"wp-block-group is-vertical is-layout-flex wp-container-core-group-is-layout-fe9cc265 wp-block-group-is-layout-flex\">\n<h2 class=\"wp-block-heading\">Ingenier\u00eda de Fiabilidad<\/h2>\n<\/div>\n\n\n\n<div class=\"wp-block-group is-vertical is-layout-flex wp-container-core-group-is-layout-fe9cc265 wp-block-group-is-layout-flex\">\n<p>Proporcionamos a nuestros clientes soluciones integrales de gesti\u00f3n del ciclo de vida de los activos y optimizaci\u00f3n de procesos. Todo esto dise\u00f1ado para aumentar los ingresos, garantizar el cumplimiento de la normativa y minimizar los costes.<\/p>\n<\/div>\n\n\n\n<div class=\"wp-block-buttons is-layout-flex wp-block-buttons-is-layout-flex\">\n<div class=\"wp-block-button\"><a class=\"wp-block-button__link wp-element-button\" href=\"https:\/\/www.icareweb.com\/es\/soluciones\/rendimiento-industrial\/ingenieria-fiabilidad\/\">Leer m\u00e1s<\/a><\/div>\n\n\n\n<div class=\"wp-block-button\"><a class=\"wp-block-button__link has-secondary-background-color has-background wp-element-button\" href=\"https:\/\/www.icareweb.com\/es\/contactar\/\">Hablar con un experto<\/a><\/div>\n<\/div>\n<\/div>\n\n\n\n<div class=\"wp-block-column is-vertically-aligned-center is-layout-flow wp-block-column-is-layout-flow\">\n<div class=\"wp-block-group is-layout-grid wp-container-core-group-is-layout-bcb8ac2c wp-block-group-is-layout-grid\" style=\"border-radius:20px;min-height:450px;--octopods-group-grid-columns-tablet:undefined;--octopods-group-grid-columns-mobile:undefined;aspect-ratio:unset;\">\n<div class=\"wp-block-group is-style-default has-base-color has-contrast-background-color has-text-color has-background has-link-color wp-elements-1c8eaa69a75cbc36e301358a40510182 wp-container-content-d2eb3c98 is-vertical is-content-justification-center is-layout-flex wp-container-core-group-is-layout-f06147a1 wp-block-group-is-layout-flex\" style=\"border-radius:20px;padding-top:var(--wp--preset--spacing--large);padding-right:var(--wp--preset--spacing--small);padding-bottom:var(--wp--preset--spacing--large);padding-left:var(--wp--preset--spacing--small);--octopods-group-overlay-gradient:linear-gradient(245deg, rgba(32,39,97,0.82) 0%, #0E1132 87%);--octopods-group-background-image:url(https:\/\/www.icareweb.com\/wp-content\/uploads\/2024\/09\/maintenance-schema-01.jpg);--octopods-group-background-position:50% 50%;--octopods-group-background-size:cover;--octopods-group-background-repeat:no-repeat;--octopods-group-background-attachment:scroll;--octopods-group-box-shadow:rgba(48,75,130,.15) 0 0 50px 0;--octopods-group-position:relative\">\n<div class=\"wp-block-getwid-icon\"><div class=\"wp-block-getwid-icon__wrapper\" style=\"padding:0px\"><i class=\"ph-duotone ph-medal\"><\/i><\/div><\/div>\n\n\n\n<p class=\"has-text-align-center\"><strong>Mejorar el Programa de Mantenimiento <\/strong><\/p>\n<\/div>\n\n\n\n<div class=\"wp-block-group is-style-default has-base-color has-contrast-background-color has-text-color has-background has-link-color wp-elements-b7caf489e97f0e7a0f5c4314df977b44 wp-container-content-d2eb3c98 is-vertical is-content-justification-center is-layout-flex wp-container-core-group-is-layout-f06147a1 wp-block-group-is-layout-flex\" style=\"border-radius:20px;padding-top:var(--wp--preset--spacing--large);padding-right:var(--wp--preset--spacing--small);padding-bottom:var(--wp--preset--spacing--large);padding-left:var(--wp--preset--spacing--small);--octopods-group-overlay-gradient:linear-gradient(245deg, rgba(32,39,97,0.82) 0%, #0E1132 87%);--octopods-group-background-image:url(https:\/\/www.icareweb.com\/wp-content\/uploads\/2024\/09\/team-07.jpg);--octopods-group-background-position:50% 50%;--octopods-group-background-size:cover;--octopods-group-background-repeat:no-repeat;--octopods-group-background-attachment:scroll;--octopods-group-box-shadow:rgba(48,75,130,.15) 0 0 50px 0;--octopods-group-position:relative\">\n<div class=\"wp-block-getwid-icon\"><div class=\"wp-block-getwid-icon__wrapper\" style=\"font-size:30px;padding:0px\"><i class=\"ph-duotone ph-arrow-fat-lines-right\"><\/i><\/div><\/div>\n\n\n\n<p class=\"has-text-align-center\"><strong>Mantenimiento Eficiente<\/strong><\/p>\n<\/div>\n\n\n\n<div class=\"wp-block-group is-style-default wp-container-content-d2eb3c98 is-vertical is-content-justification-center is-layout-flex wp-container-core-group-is-layout-ef5830d1 wp-block-group-is-layout-flex\" style=\"border-radius:20px;padding-top:var(--wp--preset--spacing--large);padding-right:var(--wp--preset--spacing--small);padding-bottom:var(--wp--preset--spacing--large);padding-left:var(--wp--preset--spacing--small);--octopods-group-background-image:url(https:\/\/www.icareweb.com\/wp-content\/uploads\/2025\/08\/onsite-employees-02.jpg);--octopods-group-background-position:34% 28.000000000000004%;--octopods-group-background-size:cover;--octopods-group-background-repeat:no-repeat;--octopods-group-background-attachment:scroll;--octopods-group-box-shadow:rgba(48,75,130,.15) 0 0 50px 0;--octopods-group-position:relative\"><\/div>\n\n\n\n<div class=\"wp-block-group is-style-default has-base-color has-contrast-background-color has-text-color has-background has-link-color wp-elements-813add42bb424aa2df8b3f55c5073706 wp-container-content-d2eb3c98 is-vertical is-content-justification-center is-layout-flex wp-container-core-group-is-layout-f06147a1 wp-block-group-is-layout-flex\" style=\"border-radius:20px;padding-top:var(--wp--preset--spacing--large);padding-right:var(--wp--preset--spacing--small);padding-bottom:var(--wp--preset--spacing--large);padding-left:var(--wp--preset--spacing--small);--octopods-group-overlay-gradient:linear-gradient(245deg, rgba(32,39,97,0.82) 0%, #0E1132 87%);--octopods-group-background-image:url(https:\/\/www.icareweb.com\/wp-content\/uploads\/2024\/09\/team-04.jpg);--octopods-group-background-position:50% 50%;--octopods-group-background-size:cover;--octopods-group-background-repeat:no-repeat;--octopods-group-background-attachment:scroll;--octopods-group-box-shadow:rgba(48,75,130,.15) 0 0 50px 0;--octopods-group-position:relative\">\n<div class=\"wp-block-getwid-icon\"><div class=\"wp-block-getwid-icon__wrapper\" style=\"font-size:30px;padding:0px\"><i class=\"ph-duotone ph-circle-notch\"><\/i><\/div><\/div>\n\n\n\n<p class=\"has-text-align-center\"><strong>Mejora Continua<\/strong><\/p>\n<\/div>\n<\/div>\n<\/div>\n<\/div>\n<\/div>\n\n\n\n<div class=\"wp-block-group alignfull is-style-default has-global-padding is-layout-constrained wp-block-group-is-layout-constrained\" style=\"margin-top:0;margin-bottom:0;padding-top:var(--wp--preset--spacing--x-large);padding-bottom:var(--wp--preset--spacing--large);--octopods-group-z-index:2\">\n<div class=\"wp-block-group alignfull has-global-padding is-layout-constrained wp-block-group-is-layout-constrained\" style=\"--octopods-group-overlay-color:#F7F8FD;--octopods-group-box-shadow:rgba(48,75,130,.15) 0 0 50px 0\">\n<div class=\"wp-block-columns are-vertically-aligned-center is-style-columns-reverse is-layout-flex wp-container-core-columns-is-layout-ecdc13ea wp-block-columns-is-layout-flex\" style=\"margin-top:0;margin-bottom:0;padding-top:var(--wp--preset--spacing--x-large);padding-bottom:var(--wp--preset--spacing--x-large)\">\n<div class=\"wp-block-column is-vertically-aligned-center is-layout-flow wp-block-column-is-layout-flow\">\n<div class=\"wp-block-getwid-images-stack is-layout-gamma\"><div class=\"wp-block-getwid-images-stack__wrapper\"><div class=\"wp-block-getwid-images-stack__chunk\"><div class=\"wp-block-getwid-images-stack__media-wrapper\"><div class=\"wp-block-getwid-images-stack__media-inner-wrapper\"><img alt=\"\" loading=\"lazy\" decoding=\"async\" width=\"1126\" height=\"1280\" class=\"wp-block-getwid-images-stack__media wp-image-22829\" src=\"https:\/\/www.icareweb.com\/wp-content\/uploads\/2024\/09\/lubrication-container-inside-07-1126x1280.jpg\" data-id=\"22829\" data-link=\"https:\/\/www.icareweb.com\/lubrication-container-inside-07\/\" srcset=\"https:\/\/www.icareweb.com\/wp-content\/uploads\/2024\/09\/lubrication-container-inside-07-1126x1280.jpg 1126w, https:\/\/www.icareweb.com\/wp-content\/uploads\/2024\/09\/lubrication-container-inside-07-528x600.jpg 528w, https:\/\/www.icareweb.com\/wp-content\/uploads\/2024\/09\/lubrication-container-inside-07-768x873.jpg 768w, https:\/\/www.icareweb.com\/wp-content\/uploads\/2024\/09\/lubrication-container-inside-07-1352x1536.jpg 1352w, https:\/\/www.icareweb.com\/wp-content\/uploads\/2024\/09\/lubrication-container-inside-07-396x450.jpg 396w, https:\/\/www.icareweb.com\/wp-content\/uploads\/2024\/09\/lubrication-container-inside-07-792x900.jpg 792w, https:\/\/www.icareweb.com\/wp-content\/uploads\/2024\/09\/lubrication-container-inside-07-950x1080.jpg 950w, https:\/\/www.icareweb.com\/wp-content\/uploads\/2024\/09\/lubrication-container-inside-07.jpg 1502w\" sizes=\"auto, (max-width: 1126px) 100vw, 1126px\" \/><\/div><\/div><div class=\"wp-block-getwid-images-stack__media-wrapper\"><div class=\"wp-block-getwid-images-stack__media-inner-wrapper\"><img alt=\"\" loading=\"lazy\" decoding=\"async\" width=\"1150\" height=\"786\" class=\"wp-block-getwid-images-stack__media wp-image-22847\" src=\"https:\/\/www.icareweb.com\/wp-content\/uploads\/2024\/09\/lubrication-container-outside-01.jpg\" data-id=\"22847\" data-link=\"https:\/\/www.icareweb.com\/lubrication-container-outside-01\/\" srcset=\"https:\/\/www.icareweb.com\/wp-content\/uploads\/2024\/09\/lubrication-container-outside-01.jpg 1150w, https:\/\/www.icareweb.com\/wp-content\/uploads\/2024\/09\/lubrication-container-outside-01-600x410.jpg 600w, https:\/\/www.icareweb.com\/wp-content\/uploads\/2024\/09\/lubrication-container-outside-01-768x525.jpg 768w\" sizes=\"auto, (max-width: 1150px) 100vw, 1150px\" \/><\/div><\/div><\/div><\/div><\/div>\n<\/div>\n\n\n\n<div class=\"wp-block-column is-vertically-aligned-center is-layout-flow wp-container-core-column-is-layout-c7b3064f wp-block-column-is-layout-flow\">\n<div class=\"wp-block-group is-vertical is-layout-flex wp-container-core-group-is-layout-fe9cc265 wp-block-group-is-layout-flex\">\n<h2 class=\"wp-block-heading\">Lubricaci\u00f3n Centrada en Fiabilidad<\/h2>\n<\/div>\n\n\n\n<div class=\"wp-block-group is-vertical is-layout-flex wp-container-core-group-is-layout-fe9cc265 wp-block-group-is-layout-flex\">\n<p>Descubre c\u00f3mo mejorar la fiabilidad de tus activos con nuestros programas de lubricaci\u00f3n<\/p>\n<\/div>\n\n\n\n<div class=\"wp-block-group has-primary-color has-text-color has-link-color wp-elements-6c912132089eacb7267bd398a3e961fb is-vertical is-content-justification-left is-layout-flex wp-container-core-group-is-layout-f8b30b0c wp-block-group-is-layout-flex\">\n<div class=\"wp-block-group is-content-justification-left is-nowrap is-layout-flex wp-container-core-group-is-layout-08e2cdc5 wp-block-group-is-layout-flex\">\n<div class=\"wp-block-getwid-icon\"><div class=\"wp-block-getwid-icon__wrapper\" style=\"font-size:30px;padding:0px\"><i class=\"ph-duotone ph-warning\"><\/i><\/div><\/div>\n\n\n\n<p class=\"has-text-align-left\"><strong>Menor Riesgo de Fallos de Lubricaci\u00f3n<\/strong><\/p>\n<\/div>\n\n\n\n<div class=\"wp-block-group is-nowrap is-layout-flex wp-container-core-group-is-layout-4a8ca3eb wp-block-group-is-layout-flex\">\n<div class=\"wp-block-getwid-icon\"><div class=\"wp-block-getwid-icon__wrapper\" style=\"font-size:30px;padding:0px\"><i class=\"ph-duotone ph-arrow-bend-right-down\"><\/i><\/div><\/div>\n\n\n\n<p class=\"has-text-align-center\"><strong>Disminuci\u00f3n de Gastos en Lubricantes<\/strong><\/p>\n<\/div>\n\n\n\n<div class=\"wp-block-group is-nowrap is-layout-flex wp-container-core-group-is-layout-4a8ca3eb wp-block-group-is-layout-flex\">\n<div class=\"wp-block-getwid-icon\"><div class=\"wp-block-getwid-icon__wrapper\" style=\"font-size:30px;padding:0px\"><i class=\"bx bx-leaf\"><\/i><\/div><\/div>\n\n\n\n<p class=\"has-text-align-center\"><strong>Reducci\u00f3n de Riesgos Medioambientales<\/strong><\/p>\n<\/div>\n\n\n\n<div class=\"wp-block-group is-nowrap is-layout-flex wp-container-core-group-is-layout-4a8ca3eb wp-block-group-is-layout-flex\">\n<div class=\"wp-block-getwid-icon\"><div class=\"wp-block-getwid-icon__wrapper\" style=\"font-size:30px;padding:0px\"><i class=\"ph-duotone ph-hourglass-high\"><\/i><\/div><\/div>\n\n\n\n<p class=\"has-text-align-center\"><strong>Prolongaci\u00f3n de la Vida \u00d9til de los Equipos<\/strong><\/p>\n<\/div>\n<\/div>\n\n\n\n<div class=\"wp-block-buttons is-layout-flex wp-block-buttons-is-layout-flex\">\n<div class=\"wp-block-button\"><a class=\"wp-block-button__link wp-element-button\" href=\"https:\/\/www.icareweb.com\/es\/soluciones\/rendimiento-industrial\/lubricacion-centrada-fiabilidad\/\">Descubrir m\u00e1s<\/a><\/div>\n\n\n\n<div class=\"wp-block-button\"><a class=\"wp-block-button__link has-secondary-background-color has-background wp-element-button\" href=\"https:\/\/www.icareweb.com\/es\/contactar\/\">Contactar<\/a><\/div>\n<\/div>\n<\/div>\n<\/div>\n<\/div>\n<\/div>\n\n\n\n<div class=\"wp-block-group alignfull is-style-default has-global-padding is-layout-constrained wp-block-group-is-layout-constrained\" style=\"margin-top:0;margin-bottom:0;padding-top:var(--wp--preset--spacing--x-large);padding-bottom:var(--wp--preset--spacing--xx-large);--octopods-group-z-index:2\">\n<div class=\"wp-block-columns are-vertically-aligned-center is-style-columns-reverse is-layout-flex wp-container-core-columns-is-layout-28f84493 wp-block-columns-is-layout-flex\">\n<div class=\"wp-block-column is-vertically-aligned-center is-layout-flow wp-container-core-column-is-layout-c7b3064f wp-block-column-is-layout-flow\">\n<div class=\"wp-block-group is-vertical is-layout-flex wp-container-core-group-is-layout-fe9cc265 wp-block-group-is-layout-flex\">\n<h2 class=\"wp-block-heading\">Calibraci\u00f3n y Medici\u00f3n<\/h2>\n<\/div>\n\n\n\n<div class=\"wp-block-group is-vertical is-layout-flex wp-container-core-group-is-layout-fe9cc265 wp-block-group-is-layout-flex\">\n<p>Conoce nuestros completos servicios de calibraci\u00f3n y medici\u00f3n que garantizan una precisi\u00f3n y exactitud inigualables en tus l\u00edneas de producci\u00f3n, mejorando la eficiencia y la calidad del producto.<\/p>\n<\/div>\n\n\n\n<div class=\"wp-block-group has-primary-color has-text-color has-link-color wp-elements-c0ad629cef4507855e5acd7fa3abbd07 is-vertical is-layout-flex wp-container-core-group-is-layout-e9e558ad wp-block-group-is-layout-flex\">\n<div class=\"wp-block-group is-nowrap is-layout-flex wp-container-core-group-is-layout-4a8ca3eb wp-block-group-is-layout-flex\">\n<div class=\"wp-block-getwid-icon\"><div class=\"wp-block-getwid-icon__wrapper\" style=\"font-size:30px;padding:0px\"><i class=\"ph-duotone ph-arrow-bend-right-down\"><\/i><\/div><\/div>\n\n\n\n<p class=\"has-text-align-left\"><strong>Reducci\u00f3n de Gastos<\/strong><\/p>\n<\/div>\n\n\n\n<div class=\"wp-block-group is-nowrap is-layout-flex wp-container-core-group-is-layout-4a8ca3eb wp-block-group-is-layout-flex\">\n<div class=\"wp-block-getwid-icon\"><div class=\"wp-block-getwid-icon__wrapper\" style=\"font-size:30px;padding:0px\"><i class=\"bx bx-leaf\"><\/i><\/div><\/div>\n\n\n\n<p class=\"has-text-align-left\"><strong>Reducci\u00f3n de Riesgos Medioambientales<\/strong><\/p>\n<\/div>\n\n\n\n<div class=\"wp-block-group is-nowrap is-layout-flex wp-container-core-group-is-layout-4a8ca3eb wp-block-group-is-layout-flex\">\n<div class=\"wp-block-getwid-icon\"><div class=\"wp-block-getwid-icon__wrapper\" style=\"font-size:30px;padding:0px\"><i class=\"ph-duotone ph-hourglass-high\"><\/i><\/div><\/div>\n\n\n\n<p class=\"has-text-align-left\"><strong>Prolongaci\u00f3n de la Vida \u00d9til de los Equipos<\/strong><\/p>\n<\/div>\n<\/div>\n\n\n\n<div class=\"wp-block-buttons is-layout-flex wp-block-buttons-is-layout-flex\">\n<div class=\"wp-block-button\"><a class=\"wp-block-button__link wp-element-button\" href=\"https:\/\/www.icareweb.com\/es\/soluciones\/rendimiento-industrial\/calibracion-medicion\/\">M\u00e1s informaci\u00f3n<\/a><\/div>\n\n\n\n<div class=\"wp-block-button\"><a class=\"wp-block-button__link has-secondary-background-color has-background wp-element-button\" href=\"https:\/\/www.icareweb.com\/es\/contactar\/\">Hablar con un experto<\/a><\/div>\n<\/div>\n<\/div>\n\n\n\n<div class=\"wp-block-column is-vertically-aligned-center is-layout-flow wp-block-column-is-layout-flow\">\n<figure class=\"wp-block-image size-full has-custom-border\"><img alt=\"\" loading=\"lazy\" decoding=\"async\" width=\"865\" height=\"578\" src=\"https:\/\/www.icareweb.com\/wp-content\/uploads\/2024\/09\/calibration-and-measurement-02.png\" alt=\"\" class=\"wp-image-22435\" style=\"border-radius:20px\" srcset=\"https:\/\/www.icareweb.com\/wp-content\/uploads\/2024\/09\/calibration-and-measurement-02.png 865w, https:\/\/www.icareweb.com\/wp-content\/uploads\/2024\/09\/calibration-and-measurement-02-600x401.png 600w, https:\/\/www.icareweb.com\/wp-content\/uploads\/2024\/09\/calibration-and-measurement-02-768x513.png 768w\" sizes=\"auto, (max-width: 865px) 100vw, 865px\" \/><\/figure>\n<\/div>\n<\/div>\n<\/div>\n\n\n\n<div style=\"min-height:50vh;margin-top:-50vh;--octopods-divider-shape-color:#F7F8FD;--octopods-divider-icon-color:;--octopods-divider-icon-size:20px;--octopods-divider-icon-align:center;--octopods-divider-icon-justify:center\" class=\"wp-block-octopods-divider alignfull\"><\/div>\n\n\n\n<div class=\"wp-block-group alignfull has-base-color has-text-color has-link-color wp-elements-203b07d0ce10f1860a1d9b5f18898dc1 has-global-padding is-layout-constrained wp-block-group-is-layout-constrained\" style=\"margin-top:0;margin-bottom:0;padding-top:var(--wp--preset--spacing--large);padding-bottom:var(--wp--preset--spacing--large);--octopods-group-overlay-gradient:linear-gradient(245deg, rgba(32,39,97,0.82) 0%, #0E1132 87%);--octopods-group-background-image:url(https:\/\/www.icareweb.com\/wp-content\/uploads\/2024\/08\/dscf8660.jpg);--octopods-group-background-position:50% 50%;--octopods-group-background-size:cover;--octopods-group-background-repeat:no-repeat;--octopods-group-background-attachment:scroll\">\n<h2 class=\"wp-block-heading has-text-align-center\">\u00bfListo para Mejorar Tu Rendimiento?<\/h2>\n\n\n\n<div class=\"wp-block-buttons is-content-justification-center is-layout-flex wp-container-core-buttons-is-layout-a89b3969 wp-block-buttons-is-layout-flex\">\n<div class=\"wp-block-button\"><a rel=\"\" target=\"\" href=\"https:\/\/www.icareweb.com\/es\/contactar\/\" class=\"wp-block-button__link has-secondary-background-color has-background has-border-color has-secondary-border-color wp-element-button\">Contactar<\/a><\/div>\n<\/div>\n<\/div>\n","protected":false},"excerpt":{"rendered":"<p>Ingenier\u00eda de Fiabilidad Proporcionamos a nuestros clientes soluciones integrales de gesti\u00f3n del ciclo de vida de los activos y optimizaci\u00f3n de procesos. Todo esto dise\u00f1ado para aumentar los ingresos, garantizar el cumplimiento de la normativa y minimizar los costes. Mejorar el Programa de Mantenimiento Mantenimiento Eficiente Mejora Continua Lubricaci\u00f3n Centrada en Fiabilidad Descubre c\u00f3mo mejorar [&hellip;]<\/p>\n","protected":false},"author":23,"featured_media":22528,"parent":23286,"menu_order":0,"comment_status":"closed","ping_status":"closed","template":"","meta":{"_acf_changed":false,"_seopress_robots_primary_cat":"","_seopress_titles_title":"Rendimiento Industrial: Fiabilidad, Calibraci\u00f3n y Medici\u00f3n %%sep%% %%sitename%%","_seopress_titles_desc":"Descubra nuestras Soluciones de Rendimiento Industrial. Optimizamos la fiabilidad y las operaciones de mantenimiento mediante ingenier\u00eda especializada, calibraci\u00f3n y lubricaci\u00f3n.","_seopress_robots_index":"","content-type":"","inline_featured_image":false,"footnotes":""},"page_category":[162],"class_list":{"0":"post-23843","1":"page","2":"type-page","3":"status-publish","4":"has-post-thumbnail","6":"page_category-website-pages"},"acf":[],"_links":{"self":[{"href":"https:\/\/www.icareweb.com\/es\/wp-json\/wp\/v2\/pages\/23843","targetHints":{"allow":["GET"]}}],"collection":[{"href":"https:\/\/www.icareweb.com\/es\/wp-json\/wp\/v2\/pages"}],"about":[{"href":"https:\/\/www.icareweb.com\/es\/wp-json\/wp\/v2\/types\/page"}],"author":[{"embeddable":true,"href":"https:\/\/www.icareweb.com\/es\/wp-json\/wp\/v2\/users\/23"}],"replies":[{"embeddable":true,"href":"https:\/\/www.icareweb.com\/es\/wp-json\/wp\/v2\/comments?post=23843"}],"version-history":[{"count":1,"href":"https:\/\/www.icareweb.com\/es\/wp-json\/wp\/v2\/pages\/23843\/revisions"}],"predecessor-version":[{"id":91766,"href":"https:\/\/www.icareweb.com\/es\/wp-json\/wp\/v2\/pages\/23843\/revisions\/91766"}],"up":[{"embeddable":true,"href":"https:\/\/www.icareweb.com\/es\/wp-json\/wp\/v2\/pages\/23286"}],"wp:featuredmedia":[{"embeddable":true,"href":"https:\/\/www.icareweb.com\/es\/wp-json\/wp\/v2\/media\/22528"}],"wp:attachment":[{"href":"https:\/\/www.icareweb.com\/es\/wp-json\/wp\/v2\/media?parent=23843"}],"wp:term":[{"taxonomy":"page_category","embeddable":true,"href":"https:\/\/www.icareweb.com\/es\/wp-json\/wp\/v2\/page_category?post=23843"}],"curies":[{"name":"wp","href":"https:\/\/api.w.org\/{rel}","templated":true}]}}