{"id":3792,"date":"2022-03-14T13:50:25","date_gmt":"2022-03-14T12:50:25","guid":{"rendered":"https:\/\/i-care.local\/calibration-measurement\/"},"modified":"2025-06-30T11:44:57","modified_gmt":"2025-06-30T09:44:57","slug":"calibracion-medicion","status":"publish","type":"page","link":"https:\/\/www.icareweb.com\/es\/soluciones\/rendimiento-industrial\/calibracion-medicion\/","title":{"rendered":"Calibraci\u00f3n y Medici\u00f3n"},"content":{"rendered":"\n<div class=\"wp-block-group alignfull icare-hero is-style-shade-left has-background has-global-padding is-layout-constrained wp-block-group-is-layout-constrained\" style=\"background:linear-gradient(135deg,rgb(247,248,253) 0%,rgba(247,248,252,0.49) 100%);margin-top:0;margin-bottom:0;padding-top:var(--wp--preset--spacing--medium);padding-bottom:var(--wp--preset--spacing--xx-large);--octopods-group-overlay-color:#27498C;--octopods-group-overflow:hidden;--octopods-group-position:relative\">\n<div style=\"height:150px\" aria-hidden=\"true\" class=\"wp-block-spacer block-visibility-hide-small-screen\"><\/div>\n\n\n\n<div style=\"height:45px\" aria-hidden=\"true\" class=\"wp-block-spacer block-visibility-hide-large-screen block-visibility-hide-medium-screen\"><\/div>\n\n\n\n<div class=\"wp-block-group icare-hero__content is-content-justification-space-between is-nowrap is-layout-flex wp-container-core-group-is-layout-cb46ffcb wp-block-group-is-layout-flex\" style=\"min-height:35vh;--octopods-group-z-index:2;aspect-ratio:unset;\">\n<div class=\"wp-block-columns are-vertically-aligned-center is-style-columns-reverse wp-container-content-9cfa9a5a is-layout-flex wp-container-core-columns-is-layout-28f84493 wp-block-columns-is-layout-flex\">\n<div class=\"wp-block-column is-vertically-aligned-center is-layout-flow wp-block-column-is-layout-flow\" data-aos=\"fade\" data-aos-duration=\"900\" data-aos-easing=\"ease-in-out\" data-aos-once=\"true\">\n<div class=\"wp-block-group is-layout-flow wp-block-group-is-layout-flow\" style=\"padding-right:35px\">\n<h1 class=\"wp-block-heading\">Calibraci\u00f3n y Medici\u00f3n<\/h1>\n\n\n\n<p style=\"font-size:clamp(0.875rem, 0.875rem + ((1vw - 0.2rem) * 0.531), 1.3rem);\">Reduce los riesgos de seguridad, mejora la calidad de la producci\u00f3n y minimiza la exposici\u00f3n medioambiental.<\/p>\n\n\n\n<div class=\"wp-block-buttons is-layout-flex wp-block-buttons-is-layout-flex\">\n<div class=\"wp-block-button\"><a class=\"wp-block-button__link wp-element-button\" href=\"#icare-more-content\">M\u00e1s informaci\u00f3n<\/a><\/div>\n<\/div>\n\n\n\n<div style=\"height:2vw\" aria-hidden=\"true\" class=\"wp-block-spacer\"><\/div>\n<\/div>\n<\/div>\n\n\n\n<div class=\"wp-block-column is-vertically-aligned-center is-layout-flow wp-block-column-is-layout-flow\" data-aos=\"fade-right\" data-aos-duration=\"900\" data-aos-easing=\"ease-in-out\" data-aos-once=\"true\">\n<div class=\"wp-block-group has-global-padding is-layout-constrained wp-block-group-is-layout-constrained\" style=\"--octopods-group-position:relative\">\n<figure class=\"wp-block-image size-full has-custom-border\"><img alt=\"\" loading=\"lazy\" decoding=\"async\" width=\"865\" height=\"576\" src=\"https:\/\/www.icareweb.com\/wp-content\/uploads\/2024\/09\/calibration-and-measurement-01.png\" alt=\"\" class=\"wp-image-22429\" style=\"border-radius:20px;box-shadow:var(--wp--preset--shadow--deep);aspect-ratio:4\/3;object-fit:cover\" srcset=\"https:\/\/www.icareweb.com\/wp-content\/uploads\/2024\/09\/calibration-and-measurement-01.png 865w, https:\/\/www.icareweb.com\/wp-content\/uploads\/2024\/09\/calibration-and-measurement-01-600x400.png 600w, https:\/\/www.icareweb.com\/wp-content\/uploads\/2024\/09\/calibration-and-measurement-01-768x511.png 768w\" sizes=\"auto, (max-width: 865px) 100vw, 865px\" \/><\/figure>\n<\/div>\n<\/div>\n<\/div>\n<\/div>\n\n\n\n<div class=\"wp-block-group alignfull icare-hero__divider is-layout-flow wp-block-group-is-layout-flow\" style=\"margin-top:0px;margin-bottom:0px;--octopods-group-position:absolute;--octopods-group-bottom:0px;--octopods-group-left:0px;--octopods-group-right:0px\">\n<div style=\"min-height:350px;margin-top:0px;--octopods-divider-shape-color:#ffffff;--octopods-divider-icon-color:;--octopods-divider-icon-size:20px;--octopods-divider-icon-align:center;--octopods-divider-icon-justify:center\" class=\"wp-block-octopods-divider alignfull\"><div class=\"wp-block-octopods-divider__shape\"><svg xmlns=\"http:\/\/www.w3.org\/2000\/svg\" aria-hidden=\"true\" class=\"curve-asymmetrical_svg__octopods-divider-svg curve-asymmetrical_svg__octopods-divider-svg--curve-asymmetrical\" preserveAspectRatio=\"none\" viewBox=\"0 0 1600 200\"><path d=\"M-10 207.6h1620S1430.8 23.8 1138.3 23.8C884 23.8 234.9 140.1-10 197.9z\"><\/path><\/svg><\/div><\/div>\n<\/div>\n<\/div>\n\n\n\n<div class=\"wp-block-getwid-anchor\" id=\"icare-more-content\"><\/div>\n\n\n\n<div class=\"wp-block-group alignfull is-style-default has-global-padding is-layout-constrained wp-block-group-is-layout-constrained\" style=\"margin-top:0;margin-bottom:0;padding-top:var(--wp--preset--spacing--small);padding-bottom:var(--wp--preset--spacing--large);--octopods-group-z-index:\">\n<div class=\"wp-block-columns are-vertically-aligned-center is-layout-flex wp-container-core-columns-is-layout-28f84493 wp-block-columns-is-layout-flex\">\n<div class=\"wp-block-column is-vertically-aligned-center is-layout-flow wp-block-column-is-layout-flow\">\n<figure class=\"wp-block-image size-full has-custom-border is-style-default\"><img alt=\"\" loading=\"lazy\" decoding=\"async\" width=\"865\" height=\"578\" src=\"https:\/\/www.icareweb.com\/wp-content\/uploads\/2024\/09\/calibration-and-measurement-02.png\" alt=\"\" class=\"wp-image-22435\" style=\"border-radius:20px;box-shadow:var(--wp--preset--shadow--natural);aspect-ratio:4\/3;object-fit:cover\" srcset=\"https:\/\/www.icareweb.com\/wp-content\/uploads\/2024\/09\/calibration-and-measurement-02.png 865w, https:\/\/www.icareweb.com\/wp-content\/uploads\/2024\/09\/calibration-and-measurement-02-600x401.png 600w, https:\/\/www.icareweb.com\/wp-content\/uploads\/2024\/09\/calibration-and-measurement-02-768x513.png 768w\" sizes=\"auto, (max-width: 865px) 100vw, 865px\" \/><\/figure>\n<\/div>\n\n\n\n<div class=\"wp-block-column is-vertically-aligned-center is-layout-flow wp-container-core-column-is-layout-c7b3064f wp-block-column-is-layout-flow\">\n<div class=\"wp-block-group is-vertical is-layout-flex wp-container-core-group-is-layout-fe9cc265 wp-block-group-is-layout-flex\">\n<h2 class=\"wp-block-heading\">\u00bfSab\u00edas Que&#8230;?<\/h2>\n<\/div>\n\n\n\n<div class=\"wp-block-group is-vertical is-content-justification-left is-layout-flex wp-container-core-group-is-layout-f8b30b0c wp-block-group-is-layout-flex\">\n<p>La calibraci\u00f3n garantiza que las mediciones de los equipos sean precisas y coherentes, eliminando la variabilidad en los procesos de ensayo.<\/p>\n\n\n\n<p class=\"has-text-align-left\">Por ejemplo, aquellos sistemas que no se calibran rutinariamente pueden dar lugar a informaci\u00f3n poco fiable sobre el funcionamiento de los equipos, por lo que aumentan los riesgos para la seguridad de los trabajadores, la contaminaci\u00f3n ambiental y la calidad de la producci\u00f3n.<\/p>\n\n\n\n<p>Estos riesgos pueden acarrear costes sustanciales debido a posibles multas y a la p\u00e9rdida de confianza de los clientes.<\/p>\n<\/div>\n\n\n\n<div class=\"wp-block-buttons is-layout-flex wp-block-buttons-is-layout-flex\">\n<div class=\"wp-block-button is-style-default\"><a class=\"wp-block-button__link has-secondary-background-color has-background wp-element-button\" href=\"https:\/\/www.icareweb.com\/es\/contactar\/\">Hablar con un experto<\/a><\/div>\n<\/div>\n<\/div>\n<\/div>\n<\/div>\n\n\n\n<div class=\"wp-block-group alignfull is-style-default has-global-padding is-layout-constrained wp-container-core-group-is-layout-9574962a wp-block-group-is-layout-constrained\" style=\"margin-top:0;margin-bottom:0;padding-top:var(--wp--preset--spacing--x-large);padding-bottom:var(--wp--preset--spacing--large)\">\n<div class=\"wp-block-group alignfull is-style-default has-neutral-accent-background-color has-background has-global-padding is-layout-constrained wp-block-group-is-layout-constrained\" style=\"--octopods-group-box-shadow:rgba(48,75,130,.15) 0 0 50px 0\">\n<div class=\"wp-block-group has-global-padding is-layout-constrained wp-container-core-group-is-layout-7350d15f wp-block-group-is-layout-constrained\" style=\"border-radius:20px;padding-top:var(--wp--preset--spacing--large);padding-right:0;padding-bottom:var(--wp--preset--spacing--large);padding-left:0\">\n<h2 class=\"wp-block-heading has-text-align-center has-primary-color has-text-color has-link-color wp-elements-1bd57584232102699940fcb2621041e3\">Beneficios Clave<\/h2>\n\n\n\n<div class=\"wp-block-group has-primary-color has-text-color has-link-color wp-elements-3eaf5f9eefa841fe78bb75d13e53c287 is-layout-grid wp-container-core-group-is-layout-1f9244cd wp-block-group-is-layout-grid\" style=\"--octopods-group-grid-columns-tablet:undefined;--octopods-group-grid-columns-mobile:1\">\n<div class=\"wp-block-group wp-container-content-2155ee95 is-vertical is-content-justification-center is-layout-flex wp-container-core-group-is-layout-4eb4b0f8 wp-block-group-is-layout-flex\">\n<h3 class=\"wp-block-heading has-text-align-center\">Mejora de la Seguridad<\/h3>\n\n\n\n<p class=\"has-text-align-center\">La precisi\u00f3n de las mediciones de los instrumentos reduce peligros en entornos controlados.<\/p>\n<\/div>\n\n\n\n<div class=\"wp-block-group is-vertical is-content-justification-center is-layout-flex wp-container-core-group-is-layout-4eb4b0f8 wp-block-group-is-layout-flex\">\n<h3 class=\"wp-block-heading has-text-align-center\">Duraci\u00f3n de los Instrumentos<\/h3>\n\n\n\n<p class=\"has-text-align-center\">La calibraci\u00f3n peri\u00f3dica mantiene los instrumentos como nuevos, conservando la precisi\u00f3n a lo largo del tiempo.<\/p>\n<\/div>\n\n\n\n<div class=\"wp-block-group is-vertical is-content-justification-center is-layout-flex wp-container-core-group-is-layout-4eb4b0f8 wp-block-group-is-layout-flex\">\n<h3 class=\"wp-block-heading has-text-align-center\">Rentabilidad<\/h3>\n\n\n\n<p class=\"has-text-align-center\">Los falsos fallos pueden incrementar los costes de fabricaci\u00f3n por duplicar el trabajo o las reparaciones.<\/p>\n<\/div>\n\n\n\n<div class=\"wp-block-group is-vertical is-content-justification-center is-layout-flex wp-container-core-group-is-layout-4eb4b0f8 wp-block-group-is-layout-flex\">\n<h3 class=\"wp-block-heading has-text-align-center\">Precisi\u00f3n de la Medici\u00f3n<\/h3>\n\n\n\n<p class=\"has-text-align-center\">Garantiza la veracidad de las lecturas realizadas por los instrumentos.<\/p>\n<\/div>\n\n\n\n<div class=\"wp-block-group is-vertical is-content-justification-center is-layout-flex wp-container-core-group-is-layout-4eb4b0f8 wp-block-group-is-layout-flex\">\n<h3 class=\"wp-block-heading has-text-align-center\">Reducci\u00f3n de los Tiempos de Inactividad<\/h3>\n\n\n\n<p class=\"has-text-align-center\">Los ajustes r\u00e1pidos de la calibraci\u00f3n minimizan los retrasos operativos relacionados con las reparaciones.<\/p>\n<\/div>\n\n\n\n<div class=\"wp-block-group is-vertical is-content-justification-center is-layout-flex wp-container-core-group-is-layout-4eb4b0f8 wp-block-group-is-layout-flex\">\n<h3 class=\"wp-block-heading has-text-align-center\">Regulatory Compliance<\/h3>\n\n\n\n<p class=\"has-text-align-center\">Cumplimiento de las normas m\u00e1s importantes (FDA, UE, ISO, PIC, GMP, EUDRALEX) de tu sector.<\/p>\n<\/div>\n<\/div>\n\n\n\n<div class=\"wp-block-buttons is-content-justification-center is-layout-flex wp-container-core-buttons-is-layout-a89b3969 wp-block-buttons-is-layout-flex\">\n<div class=\"wp-block-button is-style-default\"><a class=\"wp-block-button__link has-secondary-background-color has-background wp-element-button\" href=\"https:\/\/www.icareweb.com\/es\/contactar\/\">Contactar<\/a><\/div>\n<\/div>\n<\/div>\n<\/div>\n<\/div>\n\n\n\n<div class=\"wp-block-group alignfull is-style-shade-right-bottom has-global-padding is-layout-constrained wp-block-group-is-layout-constrained\" style=\"margin-top:0;margin-bottom:0;padding-top:var(--wp--preset--spacing--x-large);padding-bottom:var(--wp--preset--spacing--large);--octopods-group-overlay-color:#27498C;--octopods-group-z-index:\">\n<div class=\"wp-block-columns are-vertically-aligned-center is-style-columns-reverse is-layout-flex wp-container-core-columns-is-layout-28f84493 wp-block-columns-is-layout-flex\">\n<div class=\"wp-block-column is-vertically-aligned-center is-layout-flow wp-container-core-column-is-layout-c7b3064f wp-block-column-is-layout-flow\">\n<div class=\"wp-block-group is-vertical is-layout-flex wp-container-core-group-is-layout-4b827052 wp-block-group-is-layout-flex\">\n<h2 class=\"wp-block-heading\">Calibraci\u00f3n Avanzada<\/h2>\n\n\n\n<p class=\"has-secondary-color has-text-color has-link-color wp-elements-280badf7629bd6f14f0bbb0c7232fa6c\"><strong>by Mecotec<\/strong><\/p>\n<\/div>\n\n\n\n<div class=\"wp-block-group is-vertical is-layout-flex wp-container-core-group-is-layout-e9e558ad wp-block-group-is-layout-flex\">\n<p>Mecotec, empresa filial de I-care, est\u00e1 especializada en la calibraci\u00f3n de instrumentos y la certificaci\u00f3n de equipos de producci\u00f3n y salas blancas. Ofrecemos un s\u00f3lido conjunto de servicios:<\/p>\n\n\n\n<div class=\"wp-block-group is-vertical is-layout-flex wp-container-core-group-is-layout-e9e558ad wp-block-group-is-layout-flex\">\n<p><strong><mark style=\"background-color:rgba(0, 0, 0, 0)\" class=\"has-inline-color has-primary-color\">Soporte de producci\u00f3n 4.0:<\/mark><\/strong> Con TileConnect 4.0, Mecotec mejora tus l\u00edneas de producci\u00f3n diagnosticando problemas y aumentando la eficiencia.<\/p>\n<\/div>\n\n\n\n<div class=\"wp-block-group is-vertical is-nowrap is-layout-flex wp-container-core-group-is-layout-f44fb481 wp-block-group-is-layout-flex\">\n<p><strong>Calibraci\u00f3n y cualificaci\u00f3n:<\/strong> Nuestros expertos garantizan que tu instrumental mida con precisi\u00f3n y funcione a la perfecci\u00f3n.<\/p>\n<\/div>\n\n\n\n<div class=\"wp-block-group is-vertical is-layout-flex wp-container-core-group-is-layout-4b827052 wp-block-group-is-layout-flex\">\n<p><mark style=\"background-color:rgba(0, 0, 0, 0)\" class=\"has-inline-color has-primary-color\"><strong>Garant\u00eda de cumplimiento:<\/strong><\/mark> Garantizamos que tus equipos y salas blancas cumplen las normas reglamentarias.<\/p>\n<\/div>\n<\/div>\n\n\n\n<div class=\"wp-block-buttons is-layout-flex wp-block-buttons-is-layout-flex\">\n<div class=\"wp-block-button is-style-default\"><a class=\"wp-block-button__link has-secondary-background-color has-background wp-element-button\" href=\"https:\/\/www.icareweb.com\/es\/contactar\/\">Hablar con un experto<\/a><\/div>\n<\/div>\n<\/div>\n\n\n\n<div class=\"wp-block-column is-vertically-aligned-center is-layout-flow wp-block-column-is-layout-flow\">\n<figure class=\"wp-block-image size-full has-custom-border is-style-default\"><img alt=\"\" loading=\"lazy\" decoding=\"async\" width=\"865\" height=\"623\" src=\"https:\/\/www.icareweb.com\/wp-content\/uploads\/2024\/09\/calibration-and-measurement-03.png\" alt=\"\" class=\"wp-image-22441\" style=\"border-radius:20px;box-shadow:var(--wp--preset--shadow--natural);aspect-ratio:4\/3;object-fit:cover\" srcset=\"https:\/\/www.icareweb.com\/wp-content\/uploads\/2024\/09\/calibration-and-measurement-03.png 865w, https:\/\/www.icareweb.com\/wp-content\/uploads\/2024\/09\/calibration-and-measurement-03-600x432.png 600w, https:\/\/www.icareweb.com\/wp-content\/uploads\/2024\/09\/calibration-and-measurement-03-768x553.png 768w\" sizes=\"auto, (max-width: 865px) 100vw, 865px\" \/><\/figure>\n<\/div>\n<\/div>\n<\/div>\n\n\n\n<div class=\"wp-block-group has-primary-color has-text-color has-link-color wp-elements-ef6c7fee10e12407336b4bf666e17051 has-global-padding is-layout-constrained wp-container-core-group-is-layout-76e4eb28 wp-block-group-is-layout-constrained\" style=\"padding-top:var(--wp--preset--spacing--x-large);padding-bottom:var(--wp--preset--spacing--xx-large)\">\n<h2 class=\"wp-block-heading has-text-align-center\">\u00bfQu\u00e9 Instrumentos Necesitan Calibraci\u00f3n?<\/h2>\n\n\n\n<div class=\"wp-block-group is-layout-grid wp-container-core-group-is-layout-c50a679f wp-block-group-is-layout-grid\" style=\"--octopods-group-grid-columns-tablet:2;--octopods-group-grid-columns-mobile:1\">\n<div class=\"wp-block-group has-base-background-color has-background is-vertical is-content-justification-center is-layout-flex wp-container-core-group-is-layout-8b71dc92 wp-block-group-is-layout-flex\" style=\"border-radius:20px;margin-top:0;margin-bottom:0;padding-top:var(--wp--preset--spacing--medium);padding-right:var(--wp--preset--spacing--medium);padding-bottom:var(--wp--preset--spacing--medium);padding-left:var(--wp--preset--spacing--medium);--octopods-group-box-shadow:rgba(48,75,130,.15) 0 0 10px 0\">\n<div class=\"wp-block-group is-content-justification-center is-nowrap is-layout-flex wp-container-core-group-is-layout-71978bd4 wp-block-group-is-layout-flex\">\n<div class=\"wp-block-getwid-icon\"><div class=\"wp-block-getwid-icon__wrapper\" style=\"font-size:30px;padding:0px\"><i class=\"ph-duotone ph-thermometer-simple\"><\/i><\/div><\/div>\n\n\n\n<h3 class=\"wp-block-heading has-text-align-center\">Temperatura<\/h3>\n<\/div>\n\n\n\n<p class=\"has-text-align-center\">Circuitos de agua, sondas de frigor\u00edficos o fermentadores, temperaturas de salas, \u2026<\/p>\n<\/div>\n\n\n\n<div class=\"wp-block-group has-base-background-color has-background is-vertical is-content-justification-center is-layout-flex wp-container-core-group-is-layout-8b71dc92 wp-block-group-is-layout-flex\" style=\"border-radius:20px;margin-top:0;margin-bottom:0;padding-top:var(--wp--preset--spacing--medium);padding-right:var(--wp--preset--spacing--medium);padding-bottom:var(--wp--preset--spacing--medium);padding-left:var(--wp--preset--spacing--medium);--octopods-group-box-shadow:rgba(48,75,130,.15) 0 0 10px 0\">\n<div class=\"wp-block-group is-content-justification-center is-nowrap is-layout-flex wp-container-core-group-is-layout-71978bd4 wp-block-group-is-layout-flex\">\n<div class=\"wp-block-getwid-icon\"><div class=\"wp-block-getwid-icon__wrapper\" style=\"font-size:30px;padding:0px\"><i class=\"ph-duotone ph-gauge\"><\/i><\/div><\/div>\n\n\n\n<h3 class=\"wp-block-heading has-text-align-center\">Presi\u00f3n<\/h3>\n<\/div>\n\n\n\n<p class=\"has-text-align-center\">Liofilizador, autoclave, circuitos de agua, presiones diferenciales de los recintos<\/p>\n<\/div>\n\n\n\n<div class=\"wp-block-group has-base-background-color has-background is-vertical is-content-justification-center is-layout-flex wp-container-core-group-is-layout-8b71dc92 wp-block-group-is-layout-flex\" style=\"border-radius:20px;margin-top:0;margin-bottom:0;padding-top:var(--wp--preset--spacing--medium);padding-right:var(--wp--preset--spacing--medium);padding-bottom:var(--wp--preset--spacing--medium);padding-left:var(--wp--preset--spacing--medium);--octopods-group-box-shadow:rgba(48,75,130,.15) 0 0 10px 0\">\n<div class=\"wp-block-group is-content-justification-center is-nowrap is-layout-flex wp-container-core-group-is-layout-71978bd4 wp-block-group-is-layout-flex\">\n<div class=\"wp-block-getwid-icon\"><div class=\"wp-block-getwid-icon__wrapper\" style=\"font-size:30px;padding:0px\"><i class=\"ph-duotone ph-stack\"><\/i><\/div><\/div>\n\n\n\n<h3 class=\"wp-block-heading has-text-align-center\">Nivel<\/h3>\n<\/div>\n\n\n\n<p class=\"has-text-align-center\">Nivel de tanques, fermentadores, estaciones de limpieza in situ<\/p>\n<\/div>\n\n\n\n<div class=\"wp-block-group has-base-background-color has-background is-vertical is-content-justification-center is-layout-flex wp-container-core-group-is-layout-8b71dc92 wp-block-group-is-layout-flex\" style=\"border-radius:20px;margin-top:0;margin-bottom:0;padding-top:var(--wp--preset--spacing--medium);padding-right:var(--wp--preset--spacing--medium);padding-bottom:var(--wp--preset--spacing--medium);padding-left:var(--wp--preset--spacing--medium);--octopods-group-box-shadow:rgba(48,75,130,.15) 0 0 10px 0\">\n<div class=\"wp-block-group is-content-justification-center is-nowrap is-layout-flex wp-container-core-group-is-layout-71978bd4 wp-block-group-is-layout-flex\">\n<div class=\"wp-block-getwid-icon\"><div class=\"wp-block-getwid-icon__wrapper\" style=\"font-size:30px;padding:0px\"><i class=\"ph-duotone ph-scribble-loop\"><\/i><\/div><\/div>\n\n\n\n<h3 class=\"wp-block-heading has-text-align-center\">Flujo<\/h3>\n<\/div>\n\n\n\n<p class=\"has-text-align-center\">Circuitos de agua, &#8230;<\/p>\n<\/div>\n\n\n\n<div class=\"wp-block-group has-base-background-color has-background is-vertical is-content-justification-center is-layout-flex wp-container-core-group-is-layout-8b71dc92 wp-block-group-is-layout-flex\" style=\"border-radius:20px;margin-top:0;margin-bottom:0;padding-top:var(--wp--preset--spacing--medium);padding-right:var(--wp--preset--spacing--medium);padding-bottom:var(--wp--preset--spacing--medium);padding-left:var(--wp--preset--spacing--medium);--octopods-group-box-shadow:rgba(48,75,130,.15) 0 0 10px 0\">\n<div class=\"wp-block-group is-content-justification-center is-nowrap is-layout-flex wp-container-core-group-is-layout-71978bd4 wp-block-group-is-layout-flex\">\n<div class=\"wp-block-getwid-icon\"><div class=\"wp-block-getwid-icon__wrapper\" style=\"font-size:30px;padding:0px\"><i class=\"ph-duotone ph-scales\"><\/i><\/div><\/div>\n\n\n\n<h3 class=\"wp-block-heading has-text-align-center\">Peso<\/h3>\n<\/div>\n\n\n\n<p class=\"has-text-align-center\">B\u00e1sculas de producci\u00f3n, transpaletas, b\u00e1sculas de laboratorio, b\u00e1sculas anal\u00edticas, c\u00e9lulas de carga, \u2026<\/p>\n<\/div>\n\n\n\n<div class=\"wp-block-group has-base-background-color has-background is-vertical is-content-justification-center is-layout-flex wp-container-core-group-is-layout-8b71dc92 wp-block-group-is-layout-flex\" style=\"border-radius:20px;margin-top:0;margin-bottom:0;padding-top:var(--wp--preset--spacing--medium);padding-right:var(--wp--preset--spacing--medium);padding-bottom:var(--wp--preset--spacing--medium);padding-left:var(--wp--preset--spacing--medium);--octopods-group-box-shadow:rgba(48,75,130,.15) 0 0 10px 0\">\n<div class=\"wp-block-group is-content-justification-center is-nowrap is-layout-flex wp-container-core-group-is-layout-71978bd4 wp-block-group-is-layout-flex\">\n<div class=\"wp-block-getwid-icon\"><div class=\"wp-block-getwid-icon__wrapper\" style=\"font-size:30px;padding:0px\"><i class=\"ph-duotone ph-fast-forward\"><\/i><\/div><\/div>\n\n\n\n<h3 class=\"wp-block-heading has-text-align-center\">Velocidad<\/h3>\n<\/div>\n\n\n\n<p class=\"has-text-align-center\">Rotaci\u00f3n de centrifugadoras, velocidad de agitaci\u00f3n de los tanques, \u2026<\/p>\n<\/div>\n<\/div>\n<\/div>\n\n\n\n<div class=\"wp-block-group alignfull has-primary-color has-neutral-accent-background-color has-text-color has-background has-link-color wp-elements-cb0b8556126adebff84b4f7490135431 has-global-padding is-layout-constrained wp-block-group-is-layout-constrained\" style=\"margin-top:0;padding-top:var(--wp--preset--spacing--medium);padding-bottom:var(--wp--preset--spacing--medium);box-shadow:var(--wp--preset--shadow--natural);--octopods-group-box-shadow:rgba(48,75,130,.15) 0 0 50px 0\">\n<div class=\"wp-block-columns is-layout-flex wp-container-core-columns-is-layout-0974ab71 wp-block-columns-is-layout-flex\" style=\"padding-top:var(--wp--preset--spacing--large);padding-right:0;padding-bottom:var(--wp--preset--spacing--large);padding-left:0;box-shadow:none\">\n<div class=\"wp-block-column is-vertically-aligned-center is-layout-flow wp-block-column-is-layout-flow\">\n<h2 class=\"wp-block-heading has-text-align-left\">\u00bfDispuesto a Optimizar Tu Fiabilidad?<\/h2>\n<\/div>\n\n\n\n<div class=\"wp-block-column is-layout-flow wp-container-core-column-is-layout-c7b3064f wp-block-column-is-layout-flow\">\n<div class=\"wp-block-group has-global-padding is-layout-constrained wp-block-group-is-layout-constrained\">\n<p class=\"has-large-font-size\">Ponte en contacto con nuestro equipo y descubre nuestros servicios de calibraci\u00f3n y medici\u00f3n.<\/p>\n<\/div>\n\n\n\n<div class=\"wp-block-buttons is-content-justification-left is-layout-flex wp-container-core-buttons-is-layout-fc4fd283 wp-block-buttons-is-layout-flex\">\n<div class=\"wp-block-button\"><a rel=\"\" target=\"\" href=\"https:\/\/www.icareweb.com\/es\/contactar\/\" class=\"wp-block-button__link has-secondary-background-color has-background wp-element-button\"> Contactar<\/a><\/div>\n<\/div>\n<\/div>\n<\/div>\n<\/div>\n","protected":false},"excerpt":{"rendered":"<p>\u00bfSab\u00edas Que&#8230;? La calibraci\u00f3n garantiza que las mediciones de los equipos sean precisas y coherentes, eliminando la variabilidad en los procesos de ensayo. Por ejemplo, aquellos sistemas que no se calibran rutinariamente pueden dar lugar a informaci\u00f3n poco fiable sobre el funcionamiento de los equipos, por lo que aumentan los riesgos para la seguridad de [&hellip;]<\/p>\n","protected":false},"author":23,"featured_media":22434,"parent":23843,"menu_order":0,"comment_status":"closed","ping_status":"closed","template":"","meta":{"_acf_changed":false,"_seopress_robots_primary_cat":"0","_seopress_titles_title":"Servicios de Calibraci\u00f3n y Medici\u00f3n: Precisi\u00f3n y Cumplimiento %%sep%% Mecotec, una filial de %%sitename%%","_seopress_titles_desc":"Descubra los Servicios de Calibraci\u00f3n y Medici\u00f3n de Mecotec, filial de I-care. Garantizamos precisi\u00f3n, cumplimiento y trazabilidad con experiencia acreditada.","_seopress_robots_index":"","content-type":"","inline_featured_image":false,"footnotes":""},"page_category":[162],"class_list":{"0":"post-3792","1":"page","2":"type-page","3":"status-publish","4":"has-post-thumbnail","6":"page_category-website-pages"},"acf":[],"_links":{"self":[{"href":"https:\/\/www.icareweb.com\/es\/wp-json\/wp\/v2\/pages\/3792","targetHints":{"allow":["GET"]}}],"collection":[{"href":"https:\/\/www.icareweb.com\/es\/wp-json\/wp\/v2\/pages"}],"about":[{"href":"https:\/\/www.icareweb.com\/es\/wp-json\/wp\/v2\/types\/page"}],"author":[{"embeddable":true,"href":"https:\/\/www.icareweb.com\/es\/wp-json\/wp\/v2\/users\/23"}],"replies":[{"embeddable":true,"href":"https:\/\/www.icareweb.com\/es\/wp-json\/wp\/v2\/comments?post=3792"}],"version-history":[{"count":0,"href":"https:\/\/www.icareweb.com\/es\/wp-json\/wp\/v2\/pages\/3792\/revisions"}],"up":[{"embeddable":true,"href":"https:\/\/www.icareweb.com\/es\/wp-json\/wp\/v2\/pages\/23843"}],"wp:featuredmedia":[{"embeddable":true,"href":"https:\/\/www.icareweb.com\/es\/wp-json\/wp\/v2\/media\/22434"}],"wp:attachment":[{"href":"https:\/\/www.icareweb.com\/es\/wp-json\/wp\/v2\/media?parent=3792"}],"wp:term":[{"taxonomy":"page_category","embeddable":true,"href":"https:\/\/www.icareweb.com\/es\/wp-json\/wp\/v2\/page_category?post=3792"}],"curies":[{"name":"wp","href":"https:\/\/api.w.org\/{rel}","templated":true}]}}