{"id":3802,"date":"2022-04-02T12:39:52","date_gmt":"2022-04-02T10:39:52","guid":{"rendered":"https:\/\/i-care.local\/cookies\/"},"modified":"2024-09-30T09:08:46","modified_gmt":"2024-09-30T07:08:46","slug":"politica-cookies","status":"publish","type":"page","link":"https:\/\/www.icareweb.com\/es\/politica-cookies\/","title":{"rendered":"Pol\u00edtica de Cookies"},"content":{"rendered":"\n<div class=\"wp-block-group alignfull icare-hero is-style-shade-left-bottom has-background has-global-padding is-layout-constrained wp-block-group-is-layout-constrained\" style=\"background:linear-gradient(270deg,rgba(247,248,252,0.45) 0%,rgb(247,248,253) 64%);margin-top:0;margin-bottom:0;padding-top:var(--wp--preset--spacing--medium);padding-bottom:var(--wp--preset--spacing--medium);--octopods-group-overlay-color:#1a3469;--octopods-group-overflow:hidden;--octopods-group-position:relative\">\n<div style=\"height:150px\" aria-hidden=\"true\" class=\"wp-block-spacer block-visibility-hide-small-screen\"><\/div>\n\n\n\n<div style=\"height:45px\" aria-hidden=\"true\" class=\"wp-block-spacer block-visibility-hide-large-screen block-visibility-hide-medium-screen\"><\/div>\n\n\n\n<div class=\"wp-block-group icare-hero__content has-global-padding is-layout-constrained wp-container-core-group-is-layout-da8ab678 wp-block-group-is-layout-constrained\" style=\"padding-top:var(--wp--preset--spacing--large);--octopods-group-z-index:2;aspect-ratio:unset;\">\n<div class=\"wp-block-group is-layout-flow wp-block-group-is-layout-flow\">\n<h1 class=\"wp-block-heading has-text-align-center\">Pol\u00edtica de Cookies<\/h1>\n\n\n\n<p class=\"has-text-align-center\" style=\"font-size:clamp(0.875rem, 0.875rem + ((1vw - 0.2rem) * 0.531), 1.3rem);\"><\/p>\n\n\n\n<hr class=\"wp-block-separator has-text-color has-secondary-color has-alpha-channel-opacity has-secondary-background-color has-background is-style-default\"\/>\n\n\n\n<div style=\"height:30px\" aria-hidden=\"true\" class=\"wp-block-spacer block-visibility-hide-small-screen\"><\/div>\n<\/div>\n<\/div>\n<\/div>\n\n\n\n<div class=\"wp-block-group has-global-padding is-layout-constrained wp-block-group-is-layout-constrained\" style=\"padding-top:var(--wp--preset--spacing--large);padding-bottom:var(--wp--preset--spacing--large)\">\n<div class=\"wp-block-group has-global-padding is-layout-constrained wp-block-group-is-layout-constrained\" style=\"padding-top:var(--wp--preset--spacing--x-small);padding-bottom:var(--wp--preset--spacing--x-small)\">\n<p>I-care SRL (\u00abnosotros\u00bb o \u00abnuestro\u00bb) utiliza cookies en el sitio web https:\/\/www.icareweb.com (el \u00abServicio\u00bb). Al utilizar el Servicio, usted acepta el uso de cookies.<\/p>\n\n\n\n<p>Nuestra pol\u00edtica de cookies explica qu\u00e9 son las cookies, c\u00f3mo las utilizamos, c\u00f3mo los terceros con los que nos asociamos pueden utilizar las cookies en el Servicio, sus opciones en relaci\u00f3n con las cookies y m\u00e1s informaci\u00f3n sobre las cookies.<\/p>\n<\/div>\n\n\n\n<div class=\"wp-block-group has-global-padding is-layout-constrained wp-block-group-is-layout-constrained\" style=\"padding-top:var(--wp--preset--spacing--x-small);padding-bottom:var(--wp--preset--spacing--x-small)\">\n<h3 class=\"wp-block-heading has-text-align-left\"><strong>Qu\u00e9 son las cookies<\/strong><\/h3>\n\n\n\n<p>Las cookies son peque\u00f1os fragmentos de texto enviados a su navegador por un sitio web que usted visita. Un archivo cookie se almacena en su navegador y permite al Servicio o a un tercero reconocerle y hacer que su pr\u00f3xima visita sea m\u00e1s f\u00e1cil y el Servicio m\u00e1s \u00fatil para usted.<\/p>\n\n\n\n<p>Las cookies pueden ser \u00abpersistentes\u00bb o \u00abde sesi\u00f3n\u00bb. Las cookies persistentes permanecen en su ordenador personal o dispositivo m\u00f3vil cuando se desconecta, mientras que las cookies de sesi\u00f3n se eliminan en cuanto cierra su navegador web.<\/p>\n<\/div>\n\n\n\n<div class=\"wp-block-group has-global-padding is-layout-constrained wp-block-group-is-layout-constrained\" style=\"padding-top:var(--wp--preset--spacing--x-small);padding-bottom:var(--wp--preset--spacing--x-small)\">\n<h3 class=\"wp-block-heading\"><strong>C\u00f3mo usar las cookies<\/strong><\/h3>\n\n\n\n<p>Cuando usted utilice y accede al Servicio, podemos colocar varios archivos de cookies en su navegador web.<\/p>\n\n\n\n<p>Utilizamos las cookies para los siguientes fines:<\/p>\n\n\n\n<ul class=\"wp-block-list\">\n<li>Para habilitar ciertas funciones del Servicio<\/li>\n\n\n\n<li>Para proporcionar an\u00e1lisis<\/li>\n<\/ul>\n\n\n\n<p>En el Servicio utilizamos tanto cookies de sesi\u00f3n como persistentes y utilizamos diferentes tipos de cookies para el funcionamiento del Servicio:<\/p>\n\n\n\n<ul class=\"wp-block-list\">\n<li><strong>Cookies esenciales<\/strong>. Podemos utilizar cookies para recordar informaci\u00f3n que cambie el comportamiento o el aspecto del Servicio, como la preferencia de idioma del usuario en el Servicio.<\/li>\n\n\n\n<li><strong>Cookies anal\u00edticas.<\/strong> Podemos utilizar cookies anal\u00edticas para hacer un seguimiento de la informaci\u00f3n sobre c\u00f3mo se utiliza el Servicio y as\u00ed poder realizar mejoras. Tambi\u00e9n podemos utilizar cookies de an\u00e1lisis para probar nuevos anuncios, p\u00e1ginas, caracter\u00edsticas o nuevas funcionalidades del Servicio para ver c\u00f3mo reaccionan nuestros usuarios.<\/li>\n<\/ul>\n<\/div>\n\n\n\n<div class=\"wp-block-group has-global-padding is-layout-constrained wp-block-group-is-layout-constrained\" style=\"padding-top:var(--wp--preset--spacing--x-small);padding-bottom:var(--wp--preset--spacing--x-small)\">\n<h3 class=\"wp-block-heading\"><strong>Cookies de terceros<\/strong><\/h3>\n\n\n\n<p>Adem\u00e1s de nuestras cookies, tambi\u00e9n podemos utilizar cookies de terceros para informar de las estad\u00edsticas de uso del Servicio, ofrecer anuncios en y a trav\u00e9s del Servicio, etc.<\/p>\n<\/div>\n\n\n\n<div class=\"wp-block-group has-global-padding is-layout-constrained wp-block-group-is-layout-constrained\" style=\"padding-top:var(--wp--preset--spacing--x-small);padding-bottom:var(--wp--preset--spacing--x-small)\">\n<h3 class=\"wp-block-heading\"><strong>\u00bfCu\u00e1les son sus opciones con respecto a las cookies?<\/strong><\/h3>\n\n\n\n<p>Si desea eliminar las cookies o indicar a su navegador que las elimine o rechace, visite las p\u00e1ginas de ayuda de su navegador.<\/p>\n\n\n\n<p>Sin embargo, tenga en cuenta que si elimina las cookies o se niega a aceptarlas, es posible que no pueda utilizar todas las funciones que ofrecemos, que no pueda almacenar sus preferencias y que algunas de nuestras p\u00e1ginas no se muestren correctamente.<\/p>\n\n\n\n<ul class=\"wp-block-list\">\n<li>Para el navegador web Chrome, visite esta p\u00e1gina de Google: https:\/\/support.google.com\/accounts\/answer\/32050<\/li>\n\n\n\n<li>Para el navegador Internet Explorer, visite esta p\u00e1gina de Microsoft: https:\/\/support.microsoft.com\/kb\/278835<\/li>\n\n\n\n<li>Para el navegador Firefox, visite esta p\u00e1gina de Mozilla: https:\/\/support.mozilla.org\/en-US\/kb\/delete-cookies-remove-info-websites-stored<\/li>\n\n\n\n<li>Para el navegador Safari, visite esta p\u00e1gina de Apple: https:\/\/support.apple.com\/guide\/safari\/manage-cookies-and-website-data-sfri11471\/mac<\/li>\n\n\n\n<li>Para cualquier otro navegador, visite las p\u00e1ginas oficiales de su navegador.<\/li>\n<\/ul>\n<\/div>\n\n\n\n<div class=\"wp-block-group has-global-padding is-layout-constrained wp-block-group-is-layout-constrained\" style=\"padding-top:var(--wp--preset--spacing--x-small);padding-bottom:var(--wp--preset--spacing--x-small)\">\n<h3 class=\"wp-block-heading\"><strong>\u00bfD\u00f3nde puede encontrar m\u00e1s informaci\u00f3n sobre las cookies?<\/strong><\/h3>\n\n\n\n<p>Puede obtener m\u00e1s informaci\u00f3n sobre las cookies en los siguientes sitios web de terceros:<\/p>\n\n\n\n<p><strong>Todo sobre las cookies:<\/strong> https:\/\/www.allaboutcookies.org\/<\/p>\n\n\n\n<p><strong>Iniciativa de Publicidad en Red:<\/strong> https:\/\/www.networkadvertising.org\/<\/p>\n<\/div>\n<\/div>\n","protected":false},"excerpt":{"rendered":"<p>I-care SRL (\u00abnosotros\u00bb o \u00abnuestro\u00bb) utiliza cookies en el sitio web https:\/\/www.icareweb.com (el \u00abServicio\u00bb). Al utilizar el Servicio, usted acepta el uso de cookies. Nuestra pol\u00edtica de cookies explica qu\u00e9 son las cookies, c\u00f3mo las utilizamos, c\u00f3mo los terceros con los que nos asociamos pueden utilizar las cookies en el Servicio, sus opciones en relaci\u00f3n [&hellip;]<\/p>\n","protected":false},"author":23,"featured_media":0,"parent":0,"menu_order":0,"comment_status":"closed","ping_status":"closed","template":"","meta":{"_acf_changed":false,"_seopress_robots_primary_cat":"0","_seopress_titles_title":"","_seopress_titles_desc":"","_seopress_robots_index":"","content-type":"","inline_featured_image":false,"footnotes":""},"page_category":[162],"class_list":{"0":"post-3802","1":"page","2":"type-page","3":"status-publish","5":"page_category-website-pages"},"acf":[],"_links":{"self":[{"href":"https:\/\/www.icareweb.com\/es\/wp-json\/wp\/v2\/pages\/3802","targetHints":{"allow":["GET"]}}],"collection":[{"href":"https:\/\/www.icareweb.com\/es\/wp-json\/wp\/v2\/pages"}],"about":[{"href":"https:\/\/www.icareweb.com\/es\/wp-json\/wp\/v2\/types\/page"}],"author":[{"embeddable":true,"href":"https:\/\/www.icareweb.com\/es\/wp-json\/wp\/v2\/users\/23"}],"replies":[{"embeddable":true,"href":"https:\/\/www.icareweb.com\/es\/wp-json\/wp\/v2\/comments?post=3802"}],"version-history":[{"count":0,"href":"https:\/\/www.icareweb.com\/es\/wp-json\/wp\/v2\/pages\/3802\/revisions"}],"wp:attachment":[{"href":"https:\/\/www.icareweb.com\/es\/wp-json\/wp\/v2\/media?parent=3802"}],"wp:term":[{"taxonomy":"page_category","embeddable":true,"href":"https:\/\/www.icareweb.com\/es\/wp-json\/wp\/v2\/page_category?post=3802"}],"curies":[{"name":"wp","href":"https:\/\/api.w.org\/{rel}","templated":true}]}}