{"id":3837,"date":"2022-03-02T15:47:52","date_gmt":"2022-03-02T14:47:52","guid":{"rendered":"https:\/\/i-care.local\/prescriptive-maintenance\/"},"modified":"2026-03-19T11:51:36","modified_gmt":"2026-03-19T10:51:36","slug":"ingenieria-fiabilidad","status":"publish","type":"page","link":"https:\/\/www.icareweb.com\/es\/soluciones\/rendimiento-industrial\/ingenieria-fiabilidad\/","title":{"rendered":"Ingenier\u00eda de Fiabilidad"},"content":{"rendered":"\n<div class=\"wp-block-group alignfull icare-hero is-style-shade-left has-background has-global-padding is-layout-constrained wp-block-group-is-layout-constrained\" style=\"background:linear-gradient(135deg,rgb(247,248,253) 0%,rgba(247,248,252,0.49) 100%);margin-top:0;margin-bottom:0;padding-top:var(--wp--preset--spacing--medium);padding-bottom:var(--wp--preset--spacing--xx-large);--octopods-group-overlay-color:#27498C;--octopods-group-overflow:hidden;--octopods-group-position:relative\">\n<div style=\"height:150px\" aria-hidden=\"true\" class=\"wp-block-spacer block-visibility-hide-small-screen\"><\/div>\n\n\n\n<div style=\"height:45px\" aria-hidden=\"true\" class=\"wp-block-spacer block-visibility-hide-large-screen block-visibility-hide-medium-screen\"><\/div>\n\n\n\n<div class=\"wp-block-group icare-hero__content is-content-justification-space-between is-nowrap is-layout-flex wp-container-core-group-is-layout-cb46ffcb wp-block-group-is-layout-flex\" style=\"min-height:35vh;--octopods-group-z-index:2;aspect-ratio:unset;\">\n<div class=\"wp-block-columns are-vertically-aligned-center is-style-columns-reverse wp-container-content-9cfa9a5a is-layout-flex wp-container-core-columns-is-layout-28f84493 wp-block-columns-is-layout-flex\">\n<div class=\"wp-block-column is-vertically-aligned-center is-layout-flow wp-block-column-is-layout-flow\" data-aos=\"fade\" data-aos-duration=\"900\" data-aos-easing=\"ease-in-out\" data-aos-once=\"true\">\n<div class=\"wp-block-group is-layout-flow wp-block-group-is-layout-flow\" style=\"padding-right:35px\">\n<h1 class=\"wp-block-heading\">Ingenier\u00eda de Fiabilidad<\/h1>\n\n\n\n<p style=\"font-size:clamp(0.875rem, 0.875rem + ((1vw - 0.2rem) * 0.531), 1.3rem);\">Aumenta la eficiencia con nuestro el apoyo y asesoramiento de nuestros ingenieros. Siempre a la altura de cada proyecto.<\/p>\n\n\n\n<div class=\"wp-block-buttons is-layout-flex wp-block-buttons-is-layout-flex\">\n<div class=\"wp-block-button\"><a class=\"wp-block-button__link wp-element-button\" href=\"#icare-more-content\">M\u00e1s informaci\u00f3n<\/a><\/div>\n<\/div>\n\n\n\n<div style=\"height:2vw\" aria-hidden=\"true\" class=\"wp-block-spacer\"><\/div>\n<\/div>\n<\/div>\n\n\n\n<div class=\"wp-block-column is-vertically-aligned-center is-layout-flow wp-block-column-is-layout-flow\" data-aos=\"fade-right\" data-aos-duration=\"900\" data-aos-easing=\"ease-in-out\" data-aos-once=\"true\">\n<div class=\"wp-block-group has-global-padding is-layout-constrained wp-block-group-is-layout-constrained\" style=\"--octopods-group-position:relative\">\n<figure class=\"wp-block-image size-full has-custom-border\"><img alt=\"\" loading=\"lazy\" decoding=\"async\" width=\"860\" height=\"573\" src=\"https:\/\/www.icareweb.com\/wp-content\/uploads\/2024\/09\/outside-industry-03.jpg\" alt=\"\" class=\"wp-image-23714\" style=\"border-radius:20px;box-shadow:var(--wp--preset--shadow--deep);aspect-ratio:4\/3;object-fit:cover\" srcset=\"https:\/\/www.icareweb.com\/wp-content\/uploads\/2024\/09\/outside-industry-03.jpg 860w, https:\/\/www.icareweb.com\/wp-content\/uploads\/2024\/09\/outside-industry-03-600x400.jpg 600w, https:\/\/www.icareweb.com\/wp-content\/uploads\/2024\/09\/outside-industry-03-768x512.jpg 768w\" sizes=\"auto, (max-width: 860px) 100vw, 860px\" \/><\/figure>\n<\/div>\n<\/div>\n<\/div>\n<\/div>\n\n\n\n<div class=\"wp-block-group alignfull icare-hero__divider is-layout-flow wp-block-group-is-layout-flow\" style=\"margin-top:0px;margin-bottom:0px;--octopods-group-position:absolute;--octopods-group-bottom:0px;--octopods-group-left:0px;--octopods-group-right:0px\">\n<div style=\"min-height:350px;margin-top:0px;--octopods-divider-shape-color:#ffffff;--octopods-divider-icon-color:;--octopods-divider-icon-size:20px;--octopods-divider-icon-align:center;--octopods-divider-icon-justify:center\" class=\"wp-block-octopods-divider alignfull\"><div class=\"wp-block-octopods-divider__shape\"><svg xmlns=\"http:\/\/www.w3.org\/2000\/svg\" aria-hidden=\"true\" class=\"curve-asymmetrical_svg__octopods-divider-svg curve-asymmetrical_svg__octopods-divider-svg--curve-asymmetrical\" preserveAspectRatio=\"none\" viewBox=\"0 0 1600 200\"><path d=\"M-10 207.6h1620S1430.8 23.8 1138.3 23.8C884 23.8 234.9 140.1-10 197.9z\"><\/path><\/svg><\/div><\/div>\n<\/div>\n<\/div>\n\n\n\n<div class=\"wp-block-getwid-anchor\" id=\"icare-more-content\"><\/div>\n\n\n\n<div class=\"wp-block-group alignfull is-style-default has-global-padding is-layout-constrained wp-block-group-is-layout-constrained\" style=\"margin-top:0;margin-bottom:0;padding-top:var(--wp--preset--spacing--small);padding-bottom:var(--wp--preset--spacing--large);--octopods-group-z-index:\">\n<div class=\"wp-block-columns are-vertically-aligned-center is-layout-flex wp-container-core-columns-is-layout-28f84493 wp-block-columns-is-layout-flex\">\n<div class=\"wp-block-column is-vertically-aligned-center is-layout-flow wp-block-column-is-layout-flow\">\n<figure class=\"wp-block-image size-full has-custom-border\"><img alt=\"\" loading=\"lazy\" decoding=\"async\" width=\"1920\" height=\"1280\" src=\"https:\/\/www.icareweb.com\/wp-content\/uploads\/2024\/09\/pumps-02.jpg\" alt=\"\" class=\"wp-image-24006\" style=\"border-radius:20px\" srcset=\"https:\/\/www.icareweb.com\/wp-content\/uploads\/2024\/09\/pumps-02.jpg 1920w, https:\/\/www.icareweb.com\/wp-content\/uploads\/2024\/09\/pumps-02-1280x853.jpg 1280w, https:\/\/www.icareweb.com\/wp-content\/uploads\/2024\/09\/pumps-02-600x400.jpg 600w, https:\/\/www.icareweb.com\/wp-content\/uploads\/2024\/09\/pumps-02-768x512.jpg 768w, https:\/\/www.icareweb.com\/wp-content\/uploads\/2024\/09\/pumps-02-1536x1024.jpg 1536w, https:\/\/www.icareweb.com\/wp-content\/uploads\/2024\/09\/pumps-02-1200x800.jpg 1200w, https:\/\/www.icareweb.com\/wp-content\/uploads\/2024\/09\/pumps-02-1620x1080.jpg 1620w\" sizes=\"auto, (max-width: 1920px) 100vw, 1920px\" \/><\/figure>\n<\/div>\n\n\n\n<div class=\"wp-block-column is-vertically-aligned-center is-layout-flow wp-container-core-column-is-layout-c7b3064f wp-block-column-is-layout-flow\">\n<div class=\"wp-block-group is-vertical is-layout-flex wp-container-core-group-is-layout-fe9cc265 wp-block-group-is-layout-flex\">\n<h2 class=\"wp-block-heading\">Lleva la Fiabilidad de Tus Activos al Siguiente Nivel<\/h2>\n<\/div>\n\n\n\n<div class=\"wp-block-group is-vertical is-layout-flex wp-container-core-group-is-layout-fe9cc265 wp-block-group-is-layout-flex\">\n<p>Proporcionamos a nuestros clientes soluciones integrales de gesti\u00f3n del ciclo de vida de los activos y optimizaci\u00f3n de procesos, dise\u00f1adas para aumentar los ingresos, garantizar el cumplimiento de la normativa y minimizar los costes.<\/p>\n<\/div>\n\n\n\n<div class=\"wp-block-group has-primary-color has-text-color has-link-color wp-elements-9140a14e11f813a208053651e5bbbde6 is-content-justification-left is-nowrap is-layout-flex wp-container-core-group-is-layout-ab6733dc wp-block-group-is-layout-flex\">\n<div class=\"wp-block-group is-vertical is-content-justification-center is-layout-flex wp-container-core-group-is-layout-81423f52 wp-block-group-is-layout-flex\">\n<div class=\"wp-block-getwid-icon\"><div class=\"wp-block-getwid-icon__wrapper\" style=\"font-size:25px;padding:5px\"><i class=\"ph-duotone ph-money-wavy\"><\/i><\/div><\/div>\n\n\n\n<p class=\"has-text-align-center\"><strong>Optimizaci\u00f3n de los <\/strong><\/p>\n\n\n\n<p><strong>Costes de Producci\u00f3n<\/strong><\/p>\n<\/div>\n\n\n\n<div class=\"wp-block-group is-vertical is-content-justification-center is-layout-flex wp-container-core-group-is-layout-81423f52 wp-block-group-is-layout-flex\">\n<div class=\"wp-block-getwid-icon\"><div class=\"wp-block-getwid-icon__wrapper\" style=\"font-size:25px;padding:5px\"><i class=\"ph-duotone ph-chart-line-up\"><\/i><\/div><\/div>\n\n\n\n<p class=\"has-text-align-center\"><strong>Aumento de Eficiencia<\/strong><\/p>\n\n\n\n<p><strong>y Rentabilidad<\/strong><\/p>\n<\/div>\n\n\n\n<div class=\"wp-block-group is-vertical is-content-justification-center is-layout-flex wp-container-core-group-is-layout-81423f52 wp-block-group-is-layout-flex\">\n<div class=\"wp-block-getwid-icon\"><div class=\"wp-block-getwid-icon__wrapper\" style=\"font-size:25px;padding:5px\"><i class=\"ph-duotone ph-handshake\"><\/i><\/div><\/div>\n\n\n\n<p class=\"has-text-align-center\"><strong>Cumplimiento  <\/strong><\/p>\n\n\n\n<p class=\"has-text-align-center\"><strong>Garantizado<\/strong><\/p>\n<\/div>\n<\/div>\n\n\n\n<div class=\"wp-block-buttons is-content-justification-left is-layout-flex wp-container-core-buttons-is-layout-fc4fd283 wp-block-buttons-is-layout-flex\">\n<div class=\"wp-block-button\"><a class=\"wp-block-button__link has-secondary-background-color has-background wp-element-button\" href=\"https:\/\/www.icareweb.com\/es\/contactar\/\">Contactar<\/a><\/div>\n<\/div>\n<\/div>\n<\/div>\n<\/div>\n\n\n\n<div class=\"wp-block-group alignfull has-global-padding is-layout-constrained wp-container-core-group-is-layout-caac5540 wp-block-group-is-layout-constrained\" style=\"margin-top:0;margin-bottom:0;padding-top:var(--wp--preset--spacing--x-large);padding-bottom:var(--wp--preset--spacing--large);--octopods-group-z-index:2\">\n<div class=\"wp-block-group has-global-padding is-layout-constrained wp-container-core-group-is-layout-ff9531a3 wp-block-group-is-layout-constrained\" style=\"padding-right:var(--wp--preset--spacing--xx-large);padding-left:var(--wp--preset--spacing--xx-large)\">\n<p class=\"has-text-align-center has-secondary-color has-text-color has-link-color wp-elements-6e31494e2a7893cd907fffe69833c6b2\"><strong>Ingenier\u00eda de Fiabilidad<\/strong><\/p>\n\n\n\n<h2 class=\"wp-block-heading has-text-align-center has-contrast-color has-text-color has-link-color wp-elements-d0f109460cff4d5f1d399200df5e7cfb\">Los Tres Pilares<\/h2>\n<\/div>\n\n\n\n<div class=\"wp-block-group is-layout-grid wp-container-core-group-is-layout-666055a6 wp-block-group-is-layout-grid\" style=\"padding-top:0;padding-right:0;padding-bottom:0;padding-left:0;--octopods-group-overflow:hidden;--octopods-group-grid-columns-tablet:3;--octopods-group-grid-columns-mobile:1;--octopods-group-position:relative\">\n<div class=\"wp-block-group icare-card--feature has-base-background-color has-background has-global-padding is-layout-constrained wp-block-group-is-layout-constrained\" style=\"border-radius:20px;--octopods-group-overflow:hidden;--octopods-group-position:relative\">\n<p><a href=\"https:\/\/www.icareweb.com\/es\/soluciones\/rendimiento-industrial\/ingenieria-fiabilidad\/mejorar-programa-mantenimiento\/\">  Mejor Mantenimiento Establecido<\/a><\/p>\n\n\n\n<figure class=\"wp-block-image size-full\"><img alt=\"\" loading=\"lazy\" decoding=\"async\" width=\"860\" height=\"573\" src=\"https:\/\/www.icareweb.com\/wp-content\/uploads\/2024\/09\/maintenance-schema-01.jpg\" alt=\"\" class=\"wp-image-22823\" style=\"aspect-ratio:1;object-fit:cover\" srcset=\"https:\/\/www.icareweb.com\/wp-content\/uploads\/2024\/09\/maintenance-schema-01.jpg 860w, https:\/\/www.icareweb.com\/wp-content\/uploads\/2024\/09\/maintenance-schema-01-600x400.jpg 600w, https:\/\/www.icareweb.com\/wp-content\/uploads\/2024\/09\/maintenance-schema-01-768x512.jpg 768w\" sizes=\"auto, (max-width: 860px) 100vw, 860px\" \/><\/figure>\n\n\n\n<div class=\"wp-block-group pointer-none icare-card--feature__text has-contrast-color has-base-background-color has-text-color has-background has-link-color wp-elements-c145bc742e75a4e911377ee2a657c85c is-layout-flow wp-block-group-is-layout-flow\" style=\"padding-top:var(--wp--preset--spacing--small);padding-right:var(--wp--preset--spacing--x-small);padding-bottom:var(--wp--preset--spacing--small);padding-left:var(--wp--preset--spacing--x-small);--octopods-group-z-index:2;--octopods-group-position:absolute;--octopods-group-bottom:0px;--octopods-group-left:0px;--octopods-group-right:0px\">\n<h3 class=\"wp-block-heading has-text-align-center\">Mejorar el Programa de Mantenimiento <\/h3>\n<\/div>\n<\/div>\n\n\n\n<div class=\"wp-block-group icare-card--feature has-base-background-color has-background has-global-padding is-layout-constrained wp-block-group-is-layout-constrained\" style=\"border-radius:20px;--octopods-group-overflow:hidden;--octopods-group-position:relative\">\n<p><a href=\"https:\/\/www.icareweb.com\/es\/soluciones\/rendimiento-industrial\/ingenieria-fiabilidad\/mantenimiento-eficiente\/\">  Mantenimiento Eficiente<\/a><\/p>\n\n\n\n<figure class=\"wp-block-image size-full\"><img alt=\"\" loading=\"lazy\" decoding=\"async\" width=\"750\" height=\"830\" src=\"https:\/\/www.icareweb.com\/wp-content\/uploads\/2024\/09\/employee-working-at-computer-01.jpg\" alt=\"\" class=\"wp-image-22547\" style=\"aspect-ratio:1;object-fit:cover\" srcset=\"https:\/\/www.icareweb.com\/wp-content\/uploads\/2024\/09\/employee-working-at-computer-01.jpg 750w, https:\/\/www.icareweb.com\/wp-content\/uploads\/2024\/09\/employee-working-at-computer-01-542x600.jpg 542w, https:\/\/www.icareweb.com\/wp-content\/uploads\/2024\/09\/employee-working-at-computer-01-407x450.jpg 407w\" sizes=\"auto, (max-width: 750px) 100vw, 750px\" \/><\/figure>\n\n\n\n<div class=\"wp-block-group pointer-none icare-card--feature__text has-contrast-color has-base-background-color has-text-color has-background has-link-color wp-elements-2834ff7aa5cfbf526b6b0465bad15de0 is-layout-flow wp-block-group-is-layout-flow\" style=\"padding-top:var(--wp--preset--spacing--small);padding-right:var(--wp--preset--spacing--x-small);padding-bottom:var(--wp--preset--spacing--small);padding-left:var(--wp--preset--spacing--x-small);--octopods-group-z-index:2;--octopods-group-position:absolute;--octopods-group-bottom:0px;--octopods-group-left:0px;--octopods-group-right:0px\">\n<h3 class=\"wp-block-heading has-text-align-center\">Mantenimiento                                         Eficiente<\/h3>\n<\/div>\n<\/div>\n\n\n\n<div class=\"wp-block-group icare-card--feature has-base-background-color has-background has-global-padding is-layout-constrained wp-block-group-is-layout-constrained\" style=\"border-radius:20px;--octopods-group-overflow:hidden;--octopods-group-position:relative\">\n<p><a href=\"https:\/\/www.icareweb.com\/es\/soluciones\/rendimiento-industrial\/ingenieria-fiabilidad\/mejora-continua\/\">  Mejora Continua<\/a><\/p>\n\n\n\n<figure class=\"wp-block-image size-large\"><img alt=\"\" loading=\"lazy\" decoding=\"async\" width=\"1920\" height=\"1280\" src=\"https:\/\/www.icareweb.com\/wp-content\/uploads\/2024\/09\/team-02-1920x1280.jpg\" alt=\"\" class=\"wp-image-22895\" style=\"aspect-ratio:1;object-fit:cover\" srcset=\"https:\/\/www.icareweb.com\/wp-content\/uploads\/2024\/09\/team-02-1920x1280.jpg 1920w, https:\/\/www.icareweb.com\/wp-content\/uploads\/2024\/09\/team-02-1280x853.jpg 1280w, https:\/\/www.icareweb.com\/wp-content\/uploads\/2024\/09\/team-02-600x400.jpg 600w, https:\/\/www.icareweb.com\/wp-content\/uploads\/2024\/09\/team-02-768x512.jpg 768w, https:\/\/www.icareweb.com\/wp-content\/uploads\/2024\/09\/team-02-1536x1024.jpg 1536w, https:\/\/www.icareweb.com\/wp-content\/uploads\/2024\/09\/team-02-1200x800.jpg 1200w, https:\/\/www.icareweb.com\/wp-content\/uploads\/2024\/09\/team-02-1620x1080.jpg 1620w, https:\/\/www.icareweb.com\/wp-content\/uploads\/2024\/09\/team-02.jpg 2048w\" sizes=\"auto, (max-width: 1920px) 100vw, 1920px\" \/><\/figure>\n\n\n\n<div class=\"wp-block-group pointer-none icare-card--feature__text has-contrast-color has-base-background-color has-text-color has-background has-link-color wp-elements-f535ff17a4c7b878e89ec5c342959269 is-layout-flow wp-block-group-is-layout-flow\" style=\"padding-top:var(--wp--preset--spacing--small);padding-right:var(--wp--preset--spacing--x-small);padding-bottom:var(--wp--preset--spacing--small);padding-left:var(--wp--preset--spacing--x-small);--octopods-group-z-index:2;--octopods-group-position:absolute;--octopods-group-bottom:0px;--octopods-group-left:0px;--octopods-group-right:0px\">\n<h3 class=\"wp-block-heading has-text-align-center\">Mejora                                                          Continua<\/h3>\n<\/div>\n<\/div>\n<\/div>\n<\/div>\n\n\n\n<div class=\"wp-block-group alignfull is-style-default has-global-padding is-layout-constrained wp-block-group-is-layout-constrained\" style=\"margin-top:0;margin-bottom:0;padding-top:var(--wp--preset--spacing--x-large);padding-bottom:var(--wp--preset--spacing--xx-large);--octopods-group-z-index:2\">\n<div class=\"wp-block-columns are-vertically-aligned-center is-layout-flex wp-container-core-columns-is-layout-28f84493 wp-block-columns-is-layout-flex\">\n<div class=\"wp-block-column is-vertically-aligned-center is-layout-flow wp-container-core-column-is-layout-c7b3064f wp-block-column-is-layout-flow\">\n<div class=\"wp-block-group is-vertical is-layout-flex wp-container-core-group-is-layout-fe9cc265 wp-block-group-is-layout-flex\">\n<h2 class=\"wp-block-heading\"><strong>Accede a la experiencia detr\u00e1s del rendimiento<\/strong><\/h2>\n<\/div>\n\n\n\n<div class=\"wp-block-group is-vertical is-layout-flex wp-container-core-group-is-layout-fe9cc265 wp-block-group-is-layout-flex\">\n<p>El rendimiento se construye con la experiencia adecuada. Como l\u00edder global en mantenimiento predictivo y fiabilidad, I-care pone su conocimiento al alcance a trav\u00e9s de una cuidada selecci\u00f3n de perfiles disponibles.<\/p>\n\n\n\n<p>Estos profesionales aportan experiencia comprobada en campo, un profundo conocimiento del rendimiento industrial y una mentalidad orientada a resultados para apoyar tus operaciones.<\/p>\n<\/div>\n\n\n\n<div class=\"wp-block-buttons is-layout-flex wp-block-buttons-is-layout-flex\">\n<div class=\"wp-block-button\"><a class=\"wp-block-button__link wp-element-button\" href=\"https:\/\/www.icareweb.com\/es\/perfiles-disponibles\/\">Ver perfiles disponibles<\/a><\/div>\n<\/div>\n<\/div>\n\n\n\n<div class=\"wp-block-column is-vertically-aligned-center is-layout-flow wp-block-column-is-layout-flow\">\n<figure class=\"wp-block-image size-full has-custom-border\"><img alt=\"\" loading=\"lazy\" decoding=\"async\" width=\"1920\" height=\"1280\" src=\"https:\/\/www.icareweb.com\/wp-content\/uploads\/2025\/07\/team-icare-51.jpg\" alt=\"\" class=\"wp-image-51035\" style=\"border-radius:20px\" srcset=\"https:\/\/www.icareweb.com\/wp-content\/uploads\/2025\/07\/team-icare-51.jpg 1920w, https:\/\/www.icareweb.com\/wp-content\/uploads\/2025\/07\/team-icare-51-1280x853.jpg 1280w, https:\/\/www.icareweb.com\/wp-content\/uploads\/2025\/07\/team-icare-51-600x400.jpg 600w, https:\/\/www.icareweb.com\/wp-content\/uploads\/2025\/07\/team-icare-51-768x512.jpg 768w, https:\/\/www.icareweb.com\/wp-content\/uploads\/2025\/07\/team-icare-51-1536x1024.jpg 1536w, https:\/\/www.icareweb.com\/wp-content\/uploads\/2025\/07\/team-icare-51-1200x800.jpg 1200w, https:\/\/www.icareweb.com\/wp-content\/uploads\/2025\/07\/team-icare-51-1620x1080.jpg 1620w\" sizes=\"auto, (max-width: 1920px) 100vw, 1920px\" \/><\/figure>\n<\/div>\n<\/div>\n<\/div>\n\n\n\n<div style=\"min-height:50vh;margin-top:-50vh;--octopods-divider-shape-color:#F7F8FD;--octopods-divider-icon-color:;--octopods-divider-icon-size:20px;--octopods-divider-icon-align:center;--octopods-divider-icon-justify:center\" class=\"wp-block-octopods-divider alignfull\"><div class=\"wp-block-octopods-divider__shape\"><svg xmlns=\"http:\/\/www.w3.org\/2000\/svg\" class=\"angle-layered_svg__octopods-divider-svg angle-layered_svg__octopods-divider-svg--angle-layered\" preserveAspectRatio=\"none\" viewBox=\"0 0 2600 129\"><path d=\"M2600 64 0 128v1h2600z\"><\/path><path d=\"M0 129h2600V64H0z\" opacity=\"0.5\"><\/path><path d=\"M2600 64 0 0v129h2600z\" opacity=\"0.5\"><\/path><\/svg><\/div><\/div>\n\n\n\n<div class=\"wp-block-group alignfull has-base-color has-text-color has-link-color wp-elements-203b07d0ce10f1860a1d9b5f18898dc1 has-global-padding is-layout-constrained wp-block-group-is-layout-constrained\" style=\"margin-top:0;margin-bottom:0;padding-top:var(--wp--preset--spacing--large);padding-bottom:var(--wp--preset--spacing--large);--octopods-group-overlay-gradient:linear-gradient(245deg, rgba(32,39,97,0.82) 0%, #0E1132 87%);--octopods-group-background-image:url(https:\/\/www.icareweb.com\/wp-content\/uploads\/2024\/08\/dscf8660.jpg);--octopods-group-background-position:50% 50%;--octopods-group-background-size:cover;--octopods-group-background-repeat:no-repeat;--octopods-group-background-attachment:scroll\">\n<h2 class=\"wp-block-heading has-text-align-center\">\u00bfEst\u00e1s Listo para Optimizar el Mantenimiento de Tus Activos?<\/h2>\n\n\n\n<div class=\"wp-block-buttons is-content-justification-center is-layout-flex wp-container-core-buttons-is-layout-a89b3969 wp-block-buttons-is-layout-flex\">\n<div class=\"wp-block-button\"><a rel=\"\" target=\"\" href=\"https:\/\/www.icareweb.com\/es\/contactar\/\" class=\"wp-block-button__link has-secondary-background-color has-background has-border-color has-secondary-border-color wp-element-button\">Hablar con un experto<\/a><\/div>\n<\/div>\n<\/div>\n","protected":false},"excerpt":{"rendered":"<p>Lleva la Fiabilidad de Tus Activos al Siguiente Nivel Proporcionamos a nuestros clientes soluciones integrales de gesti\u00f3n del ciclo de vida de los activos y optimizaci\u00f3n de procesos, dise\u00f1adas para aumentar los ingresos, garantizar el cumplimiento de la normativa y minimizar los costes. Optimizaci\u00f3n de los Costes de Producci\u00f3n Aumento de Eficiencia y Rentabilidad Cumplimiento [&hellip;]<\/p>\n","protected":false},"author":23,"featured_media":23719,"parent":23843,"menu_order":0,"comment_status":"closed","ping_status":"closed","template":"","meta":{"_acf_changed":false,"_seopress_robots_primary_cat":"","_seopress_titles_title":"Servicios de Ingenier\u00eda de Fiabilidad: Rendimiento Sostenible de los Activos %%sep%% %%sitename%%","_seopress_titles_desc":"Descubra nuestros Servicios de Ingenier\u00eda de Fiabilidad. Ofrecemos gesti\u00f3n del ciclo de vida de activos y estrategias de mantenimiento basadas en datos para mejorar la eficiencia.","_seopress_robots_index":"","content-type":"","inline_featured_image":false,"footnotes":""},"page_category":[162],"class_list":{"0":"post-3837","1":"page","2":"type-page","3":"status-publish","4":"has-post-thumbnail","6":"page_category-website-pages"},"acf":[],"_links":{"self":[{"href":"https:\/\/www.icareweb.com\/es\/wp-json\/wp\/v2\/pages\/3837","targetHints":{"allow":["GET"]}}],"collection":[{"href":"https:\/\/www.icareweb.com\/es\/wp-json\/wp\/v2\/pages"}],"about":[{"href":"https:\/\/www.icareweb.com\/es\/wp-json\/wp\/v2\/types\/page"}],"author":[{"embeddable":true,"href":"https:\/\/www.icareweb.com\/es\/wp-json\/wp\/v2\/users\/23"}],"replies":[{"embeddable":true,"href":"https:\/\/www.icareweb.com\/es\/wp-json\/wp\/v2\/comments?post=3837"}],"version-history":[{"count":1,"href":"https:\/\/www.icareweb.com\/es\/wp-json\/wp\/v2\/pages\/3837\/revisions"}],"predecessor-version":[{"id":91788,"href":"https:\/\/www.icareweb.com\/es\/wp-json\/wp\/v2\/pages\/3837\/revisions\/91788"}],"up":[{"embeddable":true,"href":"https:\/\/www.icareweb.com\/es\/wp-json\/wp\/v2\/pages\/23843"}],"wp:featuredmedia":[{"embeddable":true,"href":"https:\/\/www.icareweb.com\/es\/wp-json\/wp\/v2\/media\/23719"}],"wp:attachment":[{"href":"https:\/\/www.icareweb.com\/es\/wp-json\/wp\/v2\/media?parent=3837"}],"wp:term":[{"taxonomy":"page_category","embeddable":true,"href":"https:\/\/www.icareweb.com\/es\/wp-json\/wp\/v2\/page_category?post=3837"}],"curies":[{"name":"wp","href":"https:\/\/api.w.org\/{rel}","templated":true}]}}