{"id":49020,"date":"2025-04-14T14:00:52","date_gmt":"2025-04-14T12:00:52","guid":{"rendered":"https:\/\/www.icareweb.com\/book-a-meeting\/"},"modified":"2025-09-16T14:35:52","modified_gmt":"2025-09-16T12:35:52","slug":"book-a-meeting","status":"publish","type":"page","link":"https:\/\/www.icareweb.com\/es\/book-a-meeting\/","title":{"rendered":"Book A Meeting"},"content":{"rendered":"\n<div class=\"wp-block-group alignfull icare-hero is-style-shade-left-bottom has-background has-global-padding is-layout-constrained wp-block-group-is-layout-constrained\" style=\"background:linear-gradient(270deg,rgba(247,248,252,0.45) 0%,rgb(247,248,253) 100%);margin-top:0;margin-bottom:0;padding-top:var(--wp--preset--spacing--medium);padding-bottom:var(--wp--preset--spacing--medium);--octopods-group-overlay-color:#27498C;--octopods-group-overflow:visible;--octopods-group-position:relative\">\n<div style=\"height:150px\" aria-hidden=\"true\" class=\"wp-block-spacer\"><\/div>\n\n\n\n<div class=\"wp-block-group alignwide icare-hero__content has-global-padding is-layout-constrained wp-block-group-is-layout-constrained\" style=\"padding-top:var(--wp--preset--spacing--large);--octopods-group-z-index:2;--octopods-group-overflow:visible;aspect-ratio:unset;\" data-aos=\"fade\" data-aos-duration=\"900\" data-aos-easing=\"ease-in-out\" data-aos-once=\"true\">\n<div class=\"wp-block-columns is-layout-flex wp-container-core-columns-is-layout-28f84493 wp-block-columns-is-layout-flex\">\n<div class=\"wp-block-column is-layout-flow wp-block-column-is-layout-flow\" style=\"flex-basis:40%\">\n<div class=\"wp-block-group is-vertical is-layout-flex wp-container-core-group-is-layout-7aa4b7fc wp-block-group-is-layout-flex wp-container-1 is-position-sticky\" style=\"--octopods-group-position:sticky;--octopods-group-top:40px\">\n<h1 class=\"wp-block-heading has-text-align-left\"><mark style=\"background-color:rgba(0, 0, 0, 0)\" class=\"has-inline-color has-primary-color\">Agenda una reuni\u00f3n<\/mark><\/h1>\n\n\n\n<p class=\"has-text-align-left has-large-font-size\">\u00bfListo para reducir paradas imprevistas y mejorar la fiabilidad de tus equipos?<\/p>\n\n\n\n<p class=\"has-text-align-left has-large-font-size\">Habla unos minutos con uno de nuestros expertos y descubre c\u00f3mo nuestras soluciones pueden mejorar el rendimiento de tu planta.<\/p>\n\n\n\n<hr class=\"wp-block-separator has-text-color has-secondary-color has-alpha-channel-opacity has-secondary-background-color has-background is-style-default\"\/>\n\n\n\n<p class=\"has-text-align-left has-large-font-size\">\u00bfNo te apetece agendar una reuni\u00f3n?<br>Env\u00edanos simplemente un mensaje r\u00e1pido.<\/p>\n\n\n\n<div class=\"wp-block-buttons is-layout-flex wp-block-buttons-is-layout-flex\">\n<div class=\"wp-block-button popmake-55108\"><a class=\"wp-block-button__link has-secondary-background-color has-background wp-element-button\">Enviar un mensaje<\/a><\/div>\n<\/div>\n<\/div>\n<\/div>\n\n\n\n<div class=\"wp-block-column is-layout-flow wp-block-column-is-layout-flow\" style=\"flex-basis:60%\" data-aos=\"fade-up\" data-aos-duration=\"950\" data-aos-easing=\"ease-in-out\" data-aos-once=\"true\">\n<div class=\"wp-block-group card is-style-shade-right-bottom has-border-color has-base-background-color has-background is-layout-flow wp-block-group-is-layout-flow\" style=\"border-color:#304b820f;border-width:1px;border-radius:20px;margin-top:0;margin-bottom:0;padding-top:0;padding-right:0;padding-bottom:0;padding-left:0;--octopods-group-overlay-color:#27498c70;--octopods-group-z-index:4;--octopods-group-overflow:hidden;--octopods-group-box-shadow:rgba(48,75,130,.15) 0 0 50px 0;--octopods-group-position:relative\">\n<!-- Calendly inline widget begin -->\n<div class=\"calendly-inline-widget\" data-url=\"https:\/\/calendly.com\/tim-mester\/introduction-meeting-with-i-care-web?hide_event_type_details=1&#038;hide_gdpr_banner=1&#038;text_color=2f4f83&#038;primary_color=f7941d\" style=\"min-width:320px;height:700px;\"><\/div>\n<script type=\"text\/javascript\" src=\"https:\/\/assets.calendly.com\/assets\/external\/widget.js\" async><\/script>\n<!-- Calendly inline widget end -->\n<\/div>\n\n\n\n<div style=\"height:30px\" aria-hidden=\"true\" class=\"wp-block-spacer\"><\/div>\n<\/div>\n<\/div>\n<\/div>\n<\/div>\n","protected":false},"excerpt":{"rendered":"<p>Agenda una reuni\u00f3n \u00bfListo para reducir paradas imprevistas y mejorar la fiabilidad de tus equipos? Habla unos minutos con uno de nuestros expertos y descubre c\u00f3mo nuestras soluciones pueden mejorar el rendimiento de tu planta. \u00bfNo te apetece agendar una reuni\u00f3n?Env\u00edanos simplemente un mensaje r\u00e1pido.<\/p>\n","protected":false},"author":9,"featured_media":22954,"parent":0,"menu_order":0,"comment_status":"closed","ping_status":"closed","template":"","meta":{"_acf_changed":false,"_seopress_robots_primary_cat":"","_seopress_titles_title":"","_seopress_titles_desc":"Agenda una reuni\u00f3n o escr\u00edbenos\u2014mejora la fiabilidad de tus equipos con mantenimiento predictivo.","_seopress_robots_index":"","content-type":"","inline_featured_image":false,"footnotes":""},"page_category":[162],"class_list":{"0":"post-49020","1":"page","2":"type-page","3":"status-publish","4":"has-post-thumbnail","6":"page_category-website-pages"},"acf":[],"_links":{"self":[{"href":"https:\/\/www.icareweb.com\/es\/wp-json\/wp\/v2\/pages\/49020","targetHints":{"allow":["GET"]}}],"collection":[{"href":"https:\/\/www.icareweb.com\/es\/wp-json\/wp\/v2\/pages"}],"about":[{"href":"https:\/\/www.icareweb.com\/es\/wp-json\/wp\/v2\/types\/page"}],"author":[{"embeddable":true,"href":"https:\/\/www.icareweb.com\/es\/wp-json\/wp\/v2\/users\/9"}],"replies":[{"embeddable":true,"href":"https:\/\/www.icareweb.com\/es\/wp-json\/wp\/v2\/comments?post=49020"}],"version-history":[{"count":0,"href":"https:\/\/www.icareweb.com\/es\/wp-json\/wp\/v2\/pages\/49020\/revisions"}],"wp:featuredmedia":[{"embeddable":true,"href":"https:\/\/www.icareweb.com\/es\/wp-json\/wp\/v2\/media\/22954"}],"wp:attachment":[{"href":"https:\/\/www.icareweb.com\/es\/wp-json\/wp\/v2\/media?parent=49020"}],"wp:term":[{"taxonomy":"page_category","embeddable":true,"href":"https:\/\/www.icareweb.com\/es\/wp-json\/wp\/v2\/page_category?post=49020"}],"curies":[{"name":"wp","href":"https:\/\/api.w.org\/{rel}","templated":true}]}}