{"id":61812,"date":"2025-10-07T14:24:54","date_gmt":"2025-10-07T12:24:54","guid":{"rendered":"https:\/\/www.icareweb.com\/integraciones\/dimomaint\/"},"modified":"2025-10-13T16:13:18","modified_gmt":"2025-10-13T14:13:18","slug":"dimomaint","status":"publish","type":"page","link":"https:\/\/www.icareweb.com\/es\/integraciones\/dimomaint\/","title":{"rendered":"I-see\u2122 x DimoMaint"},"content":{"rendered":"\n<div class=\"wp-block-group alignfull icare-hero is-style-shade-left has-background has-global-padding is-layout-constrained wp-block-group-is-layout-constrained\" style=\"background:linear-gradient(135deg,rgb(247,248,253) 0%,rgba(247,248,252,0.49) 100%);margin-top:0;margin-bottom:0;padding-top:var(--wp--preset--spacing--medium);padding-bottom:var(--wp--preset--spacing--xx-large);--octopods-group-overlay-color:#27498C;--octopods-group-overflow:hidden;--octopods-group-position:relative\">\n<div style=\"height:150px\" aria-hidden=\"true\" class=\"wp-block-spacer\"><\/div>\n\n\n\n<div class=\"wp-block-group icare-hero__content is-content-justification-space-between is-nowrap is-layout-flex wp-container-core-group-is-layout-cb46ffcb wp-block-group-is-layout-flex\" style=\"min-height:35vh;--octopods-group-z-index:2;aspect-ratio:unset;\">\n<div class=\"wp-block-columns are-vertically-aligned-center is-style-columns-reverse wp-container-content-9cfa9a5a is-layout-flex wp-container-core-columns-is-layout-28f84493 wp-block-columns-is-layout-flex\">\n<div class=\"wp-block-column is-vertically-aligned-center is-layout-flow wp-block-column-is-layout-flow\" data-aos=\"fade\" data-aos-duration=\"900\" data-aos-easing=\"ease-in-out\" data-aos-once=\"true\">\n<div class=\"wp-block-group is-vertical is-layout-flex wp-container-core-group-is-layout-a0e6f414 wp-block-group-is-layout-flex\" style=\"padding-right:35px\">\n<div class=\"wp-block-group has-global-padding is-layout-constrained wp-container-core-group-is-layout-7d0d3654 wp-block-group-is-layout-constrained\">\n<h1 class=\"wp-block-heading has-text-align-left has-secondary-color has-text-color has-link-color has-large-font-size wp-elements-163ba5b36859d725f644ccb0c8d43ccb\"><strong>I-see\u2122 x DimoMaint<\/strong><\/h1>\n\n\n\n<h2 class=\"wp-block-heading has-xxx-large-font-size\"><strong>Uniendo informaci\u00f3n predictiva y ejecuci\u00f3n en mantenimiento<\/strong><\/h2>\n\n\n\n<p style=\"font-size:clamp(0.875rem, 0.875rem + ((1vw - 0.2rem) * 0.531), 1.3rem);\">Una integraci\u00f3n fluida que incorpora insights potenciados por IA en las operaciones diarias de mantenimiento, ayudando a los equipos a actuar m\u00e1s r\u00e1pido y rendir mejor.<\/p>\n<\/div>\n\n\n\n<div class=\"wp-block-group is-nowrap is-layout-flex wp-container-core-group-is-layout-6c531013 wp-block-group-is-layout-flex\">\n<div class=\"wp-block-buttons is-layout-flex wp-block-buttons-is-layout-flex\">\n<div class=\"wp-block-button\"><a class=\"wp-block-button__link has-secondary-background-color has-background wp-element-button\" href=\"https:\/\/www.icareweb.com\/es\/contactar\/\">Solicita una demo<\/a><\/div>\n<\/div>\n<\/div>\n<\/div>\n<\/div>\n\n\n\n<div class=\"wp-block-column is-vertically-aligned-center is-layout-flow wp-block-column-is-layout-flow\" data-aos=\"fade-right\" data-aos-duration=\"900\" data-aos-easing=\"ease-in-out\" data-aos-once=\"true\">\n<div class=\"wp-block-group has-global-padding is-layout-constrained wp-block-group-is-layout-constrained\" style=\"--octopods-group-position:relative\">\n<figure class=\"wp-block-image size-full has-custom-border\"><img alt=\"\" loading=\"lazy\" decoding=\"async\" width=\"1348\" height=\"907\" src=\"https:\/\/www.icareweb.com\/wp-content\/uploads\/2025\/10\/dimomaint-featured-01-v1.png\" alt=\"\" class=\"wp-image-60517\" style=\"border-radius:20px;aspect-ratio:4\/3;object-fit:cover\" srcset=\"https:\/\/www.icareweb.com\/wp-content\/uploads\/2025\/10\/dimomaint-featured-01-v1.png 1348w, https:\/\/www.icareweb.com\/wp-content\/uploads\/2025\/10\/dimomaint-featured-01-v1-1280x861.png 1280w, https:\/\/www.icareweb.com\/wp-content\/uploads\/2025\/10\/dimomaint-featured-01-v1-600x404.png 600w, https:\/\/www.icareweb.com\/wp-content\/uploads\/2025\/10\/dimomaint-featured-01-v1-768x517.png 768w, https:\/\/www.icareweb.com\/wp-content\/uploads\/2025\/10\/dimomaint-featured-01-v1-1200x807.png 1200w\" sizes=\"auto, (max-width: 1348px) 100vw, 1348px\" \/><\/figure>\n<\/div>\n<\/div>\n<\/div>\n<\/div>\n\n\n\n<div class=\"wp-block-group alignfull icare-hero__divider is-layout-flow wp-block-group-is-layout-flow\" style=\"margin-top:0px;margin-bottom:0px;--octopods-group-position:absolute;--octopods-group-bottom:0px;--octopods-group-left:0px;--octopods-group-right:0px\">\n<div style=\"min-height:350px;margin-top:0px;--octopods-divider-shape-color:#ffffff;--octopods-divider-icon-color:;--octopods-divider-icon-size:20px;--octopods-divider-icon-align:center;--octopods-divider-icon-justify:center\" class=\"wp-block-octopods-divider alignfull\"><div class=\"wp-block-octopods-divider__shape\"><svg xmlns=\"http:\/\/www.w3.org\/2000\/svg\" class=\"angle-layered-3_svg__octopods-divider-svg angle-layered-3_svg__octopods-divider-svg--angle-layered-3\" preserveAspectRatio=\"none\" viewBox=\"0 0 1000 120\"><path d=\"M1000 120V15.608L0 120z\"><\/path><path fill-opacity=\"0.7\" d=\"M0 120 1000 15.608V0z\"><\/path><\/svg><\/div><\/div>\n<\/div>\n<\/div>\n\n\n\n<div class=\"wp-block-group alignfull is-style-default has-global-padding is-layout-constrained wp-block-group-is-layout-constrained\" style=\"margin-top:0;margin-bottom:0;padding-top:var(--wp--preset--spacing--small);padding-bottom:var(--wp--preset--spacing--large);--octopods-group-z-index:2\">\n<div class=\"wp-block-group has-base-background-color has-background has-global-padding is-layout-constrained wp-container-core-group-is-layout-80e8bf0c wp-block-group-is-layout-constrained\" style=\"border-radius:20px;padding-top:var(--wp--preset--spacing--large);padding-right:var(--wp--preset--spacing--large);padding-bottom:var(--wp--preset--spacing--large);padding-left:var(--wp--preset--spacing--large);box-shadow:var(--wp--preset--shadow--natural)\">\n<div class=\"wp-block-columns are-vertically-aligned-center is-layout-flex wp-container-core-columns-is-layout-28f84493 wp-block-columns-is-layout-flex\">\n<div class=\"wp-block-column is-vertically-aligned-center is-layout-flow wp-block-column-is-layout-flow\" style=\"flex-basis:25%\">\n<figure class=\"wp-block-image aligncenter size-full is-resized has-custom-border\"><img alt=\"\" loading=\"lazy\" decoding=\"async\" width=\"2560\" height=\"1926\" src=\"https:\/\/www.icareweb.com\/wp-content\/uploads\/2025\/10\/logo-dimomaint-colors-01-v1-scaled.png\" alt=\"\" class=\"wp-image-60538\" style=\"border-radius:20px;width:250px\" srcset=\"https:\/\/www.icareweb.com\/wp-content\/uploads\/2025\/10\/logo-dimomaint-colors-01-v1-scaled.png 2560w, https:\/\/www.icareweb.com\/wp-content\/uploads\/2025\/10\/logo-dimomaint-colors-01-v1-1280x963.png 1280w, https:\/\/www.icareweb.com\/wp-content\/uploads\/2025\/10\/logo-dimomaint-colors-01-v1-1920x1445.png 1920w, https:\/\/www.icareweb.com\/wp-content\/uploads\/2025\/10\/logo-dimomaint-colors-01-v1-600x451.png 600w, https:\/\/www.icareweb.com\/wp-content\/uploads\/2025\/10\/logo-dimomaint-colors-01-v1-768x578.png 768w, https:\/\/www.icareweb.com\/wp-content\/uploads\/2025\/10\/logo-dimomaint-colors-01-v1-1536x1156.png 1536w, https:\/\/www.icareweb.com\/wp-content\/uploads\/2025\/10\/logo-dimomaint-colors-01-v1-2048x1541.png 2048w, https:\/\/www.icareweb.com\/wp-content\/uploads\/2025\/10\/logo-dimomaint-colors-01-v1-598x450.png 598w, https:\/\/www.icareweb.com\/wp-content\/uploads\/2025\/10\/logo-dimomaint-colors-01-v1-1196x900.png 1196w, https:\/\/www.icareweb.com\/wp-content\/uploads\/2025\/10\/logo-dimomaint-colors-01-v1-1435x1080.png 1435w\" sizes=\"auto, (max-width: 2560px) 100vw, 2560px\" \/><\/figure>\n<\/div>\n\n\n\n<div class=\"wp-block-column is-vertically-aligned-center is-layout-flow wp-container-core-column-is-layout-0a386c5a wp-block-column-is-layout-flow\">\n<div class=\"wp-block-group is-vertical is-content-justification-left is-layout-flex wp-container-core-group-is-layout-ca62ba71 wp-block-group-is-layout-flex\">\n<h2 class=\"wp-block-heading has-text-align-left has-xx-large-font-size\">M\u00e1s de 30 a\u00f1os de experiencia<\/h2>\n<\/div>\n\n\n\n<div class=\"wp-block-group is-vertical is-layout-flex wp-container-core-group-is-layout-fe9cc265 wp-block-group-is-layout-flex\">\n<hr class=\"wp-block-separator has-text-color has-secondary-color has-alpha-channel-opacity has-secondary-background-color has-background is-style-default\"\/>\n<\/div>\n\n\n\n<div class=\"wp-block-group is-vertical is-content-justification-left is-layout-flex wp-container-core-group-is-layout-f8b30b0c wp-block-group-is-layout-flex\">\n<p>La misi\u00f3n de DimoMaint es simplificar y asegurar las operaciones cotidianas de los equipos de mantenimiento, al tiempo que respalda la transformaci\u00f3n digital en diversos sectores.<\/p>\n\n\n\n<p>Con m\u00e1s de 2.200 clientes en todo el mundo, desde peque\u00f1as empresas hasta grandes corporaciones en todos los sectores industriales, DimoMaint es un actor reconocido en el mercado CMMS de nueva generaci\u00f3n, ofreciendo soluciones en la nube y locales que son m\u00f3viles, escalables y f\u00e1ciles de desplegar.<\/p>\n<\/div>\n<\/div>\n<\/div>\n<\/div>\n<\/div>\n\n\n\n<div class=\"wp-block-group alignfull is-style-default has-global-padding is-layout-constrained wp-container-core-group-is-layout-f3101629 wp-block-group-is-layout-constrained\" style=\"margin-top:0;margin-bottom:0;padding-top:var(--wp--preset--spacing--x-large);padding-bottom:var(--wp--preset--spacing--large)\">\n<div class=\"wp-block-group is-vertical is-content-justification-center is-layout-flex wp-container-core-group-is-layout-b032f303 wp-block-group-is-layout-flex\">\n<h2 class=\"wp-block-heading has-text-align-center\">El <mark style=\"background-color:rgba(0, 0, 0, 0)\" class=\"has-inline-color has-primary-color\">prop\u00f3sito<\/mark><br>detr\u00e1s de la integraci\u00f3n<\/h2>\n\n\n\n<div class=\"wp-block-columns are-vertically-aligned-center is-layout-flex wp-container-core-columns-is-layout-28f84493 wp-block-columns-is-layout-flex\">\n<div class=\"wp-block-column is-vertically-aligned-center is-layout-flow wp-container-core-column-is-layout-8a368f38 wp-block-column-is-layout-flow\" style=\"flex-basis:50%\">\n<div class=\"wp-block-group has-primary-color has-text-color has-link-color wp-elements-f9d1dcf5903504d1392d9297eff01946 is-layout-grid wp-container-core-group-is-layout-79a98d3f wp-block-group-is-layout-grid\" style=\"--octopods-group-grid-columns-tablet:2;--octopods-group-grid-columns-mobile:1\">\n<div class=\"wp-block-group has-base-background-color has-background is-vertical is-content-justification-center is-layout-flex wp-container-core-group-is-layout-15fbba4b wp-block-group-is-layout-flex\" style=\"border-radius:20px;padding-top:var(--wp--preset--spacing--small);padding-right:var(--wp--preset--spacing--small);padding-bottom:var(--wp--preset--spacing--small);padding-left:var(--wp--preset--spacing--small);box-shadow:var(--wp--preset--shadow--natural);--octopods-group-box-shadow:rgba(48,75,130,.15) 0 0 25px 0\">\n<div class=\"wp-block-getwid-icon\"><div class=\"wp-block-getwid-icon__wrapper\" style=\"font-size:30px;padding:0px\"><i class=\"ph-duotone ph-clock-clockwise\"><\/i><\/div><\/div>\n\n\n\n<h4 class=\"wp-block-heading has-text-align-center\">Garantizar datos precisos y compartidos<\/h4>\n<\/div>\n\n\n\n<div class=\"wp-block-group has-base-background-color has-background is-vertical is-content-justification-center is-layout-flex wp-container-core-group-is-layout-15fbba4b wp-block-group-is-layout-flex\" style=\"border-radius:20px;padding-top:var(--wp--preset--spacing--small);padding-right:var(--wp--preset--spacing--small);padding-bottom:var(--wp--preset--spacing--small);padding-left:var(--wp--preset--spacing--small);box-shadow:var(--wp--preset--shadow--natural);--octopods-group-box-shadow:rgba(48,75,130,.15) 0 0 25px 0\">\n<div class=\"wp-block-getwid-icon\"><div class=\"wp-block-getwid-icon__wrapper\" style=\"font-size:30px;padding:0px\"><i class=\"ph-duotone ph-money-wavy\"><\/i><\/div><\/div>\n\n\n\n<h4 class=\"wp-block-heading has-text-align-center\">Mejorar la coordinaci\u00f3n entre departamentos<\/h4>\n<\/div>\n\n\n\n<div class=\"wp-block-group has-base-background-color has-background is-vertical is-content-justification-center is-layout-flex wp-container-core-group-is-layout-15fbba4b wp-block-group-is-layout-flex\" style=\"border-radius:20px;padding-top:var(--wp--preset--spacing--small);padding-right:var(--wp--preset--spacing--small);padding-bottom:var(--wp--preset--spacing--small);padding-left:var(--wp--preset--spacing--small);box-shadow:var(--wp--preset--shadow--natural);--octopods-group-box-shadow:rgba(48,75,130,.15) 0 0 25px 0\">\n<div class=\"wp-block-getwid-icon\"><div class=\"wp-block-getwid-icon__wrapper\" style=\"font-size:30px;padding:0px\"><i class=\"ph-duotone ph-hourglass-high\"><\/i><\/div><\/div>\n\n\n\n<h4 class=\"wp-block-heading has-text-align-center\">Racionalizar las operaciones de mantenimiento<\/h4>\n<\/div>\n\n\n\n<div class=\"wp-block-group has-base-background-color has-background is-vertical is-content-justification-center is-layout-flex wp-container-core-group-is-layout-15fbba4b wp-block-group-is-layout-flex\" style=\"border-radius:20px;padding-top:var(--wp--preset--spacing--small);padding-right:var(--wp--preset--spacing--small);padding-bottom:var(--wp--preset--spacing--small);padding-left:var(--wp--preset--spacing--small);box-shadow:var(--wp--preset--shadow--natural);--octopods-group-box-shadow:rgba(48,75,130,.15) 0 0 25px 0\">\n<div class=\"wp-block-getwid-icon\"><div class=\"wp-block-getwid-icon__wrapper\" style=\"font-size:25px;padding:0px\"><i class=\"ph-duotone ph-medal\"><\/i><\/div><\/div>\n\n\n\n<h4 class=\"wp-block-heading has-text-align-center\">Acelerar la toma de decisiones<\/h4>\n<\/div>\n<\/div>\n<\/div>\n\n\n\n<div class=\"wp-block-column is-vertically-aligned-center is-layout-flow wp-container-core-column-is-layout-c7b3064f wp-block-column-is-layout-flow\" style=\"flex-basis:50%\">\n<div class=\"wp-block-group is-vertical is-content-justification-left is-layout-flex wp-container-core-group-is-layout-ca62ba71 wp-block-group-is-layout-flex\">\n<div class=\"wp-block-group has-global-padding is-layout-constrained wp-block-group-is-layout-constrained\">\n<p class=\"has-text-align-left\">La integraci\u00f3n entre la plataforma de monitoreo IA <strong>I-see\u2122<\/strong> de I-care y el CMMS de DimoMaint va m\u00e1s all\u00e1 de un intercambio de datos. Inyecta inteligencia predictiva en el coraz\u00f3n de las operaciones de mantenimiento. Al combinar insights en tiempo real sobre el estado de los activos con capacidades de ejecuci\u00f3n, las organizaciones pueden pasar de correcciones reactivas a acciones proactivas de mantenimiento que impulsan el rendimiento.<\/p>\n\n\n\n<p class=\"has-text-align-left\">Juntas, I-see\u2122 y DimoMaint crean un ecosistema unificado de mantenimiento donde la fiabilidad y las operaciones trabajan de la mano. Este flujo continuo de datos y acciones mejora la visibilidad, acelera la toma de decisiones y fomenta la colaboraci\u00f3n entre equipos, transformando el mantenimiento en una funci\u00f3n coordinada de creaci\u00f3n de valor que maximiza el ROI al tiempo que protege la integridad de los activos.<\/p>\n<\/div>\n<\/div>\n<\/div>\n<\/div>\n\n\n\n<div class=\"wp-block-group is-nowrap is-layout-flex wp-container-core-group-is-layout-6c531013 wp-block-group-is-layout-flex\">\n<div class=\"wp-block-buttons is-layout-flex wp-block-buttons-is-layout-flex\">\n<div class=\"wp-block-button\"><a class=\"wp-block-button__link has-secondary-background-color has-background wp-element-button\" href=\"https:\/\/www.icareweb.com\/es\/contactar\/\">Solicita una demo<\/a><\/div>\n<\/div>\n<\/div>\n<\/div>\n<\/div>\n\n\n\n<div class=\"wp-block-group alignfull is-style-default has-background has-global-padding is-layout-constrained wp-container-core-group-is-layout-abd6bf5b wp-block-group-is-layout-constrained\" style=\"background:linear-gradient(180deg,rgb(255,255,255) 0%,rgb(247,248,253) 100%);margin-top:0;margin-bottom:0;padding-top:var(--wp--preset--spacing--x-large);padding-bottom:var(--wp--preset--spacing--large)\">\n<div class=\"wp-block-group has-base-background-color has-background is-vertical is-content-justification-center is-layout-flex wp-container-core-group-is-layout-62289b8d wp-block-group-is-layout-flex\" style=\"border-radius:20px;padding-top:var(--wp--preset--spacing--large);padding-right:var(--wp--preset--spacing--large);padding-bottom:var(--wp--preset--spacing--large);padding-left:var(--wp--preset--spacing--large);box-shadow:var(--wp--preset--shadow--natural)\">\n<div class=\"wp-block-group is-vertical is-content-justification-center is-layout-flex wp-container-core-group-is-layout-4eb4b0f8 wp-block-group-is-layout-flex\">\n<h3 class=\"wp-block-heading has-text-align-left has-secondary-color has-text-color has-link-color has-large-font-size wp-elements-32f6b67065af043c742ae8e7cf2d0c73\">\u00bfC\u00f3mo funciona?<\/h3>\n\n\n\n<h2 class=\"wp-block-heading has-text-align-center\"><strong>De la <mark style=\"background-color:rgba(0, 0, 0, 0)\" class=\"has-inline-color has-primary-color\">detecci\u00f3n <\/mark>a la <mark style=\"background-color:rgba(0, 0, 0, 0)\" class=\"has-inline-color has-primary-color\">resoluci\u00f3n<\/mark><\/strong><\/h2>\n<\/div>\n\n\n\n<div class=\"wp-block-group is-vertical is-content-justification-center is-layout-flex wp-container-core-group-is-layout-582cdc1d wp-block-group-is-layout-flex\" style=\"margin-top:0;margin-bottom:0\">\n<figure class=\"wp-block-image size-full is-resized show-desktop\" style=\"margin-top:var(--wp--preset--spacing--x-small);margin-bottom:var(--wp--preset--spacing--x-small)\"><img alt=\"\" loading=\"lazy\" decoding=\"async\" width=\"12064\" height=\"5932\" src=\"https:\/\/www.icareweb.com\/wp-content\/uploads\/2025\/10\/desktop-dimomaint-schema-01-v2.jpg.jpg\" alt=\"\" class=\"wp-image-61452\" style=\"width:1000px\"\/><\/figure>\n\n\n<\/div>\n\n\n\n<div class=\"wp-block-group has-global-padding is-layout-constrained wp-container-core-group-is-layout-704e782a wp-block-group-is-layout-constrained\">\n<p class=\"has-text-align-center\">La integraci\u00f3n se construye sobre interoperabilidad y sincronizaci\u00f3n diaria. I-see\u2122 monitorea constantemente la salud del equipo, detectando fallas y generando informes diagn\u00f3sticos detallados que impulsan recomendaciones de mantenimiento. Estos insights se transfieren autom\u00e1ticamente a DimoMaint, donde se convierten en tareas programadas de mantenimiento.<\/p>\n\n\n\n<p class=\"has-text-align-center\">Una vez que se completan las intervenciones, el feedback regresa a I-see\u2122, proporcionando trazabilidad total y reforzando los modelos predictivos. Este bucle de retroalimentaci\u00f3n no solo confirma la efectividad de cada acci\u00f3n, sino que apoya la mejora continua, haciendo que el sistema sea cada vez m\u00e1s confiable con el tiempo.<\/p>\n<\/div>\n\n\n\n<div class=\"wp-block-group is-nowrap is-layout-flex wp-container-core-group-is-layout-6c531013 wp-block-group-is-layout-flex\">\n<div class=\"wp-block-buttons is-layout-flex wp-block-buttons-is-layout-flex\">\n<div class=\"wp-block-button\"><a class=\"wp-block-button__link has-secondary-background-color has-background wp-element-button\" href=\"https:\/\/www.icareweb.com\/es\/contactar\/\">Solicita una demo<\/a><\/div>\n<\/div>\n<\/div>\n<\/div>\n<\/div>\n\n\n\n<div class=\"wp-block-group alignfull has-neutral-accent-background-color has-background has-global-padding is-layout-constrained wp-block-group-is-layout-constrained\" style=\"margin-top:0;margin-bottom:0;padding-top:var(--wp--preset--spacing--x-large);padding-bottom:0\">\n<div class=\"wp-block-group alignfull has-contrast-background-color has-background has-global-padding is-layout-constrained wp-container-core-group-is-layout-b6f95558 wp-block-group-is-layout-constrained\" style=\"padding-top:var(--wp--preset--spacing--large);padding-right:0;padding-bottom:var(--wp--preset--spacing--large);padding-left:0;box-shadow:var(--wp--preset--shadow--natural)\">\n<div class=\"wp-block-group is-vertical is-content-justification-center is-layout-flex wp-container-core-group-is-layout-a88b2303 wp-block-group-is-layout-flex\" style=\"min-height:0px;margin-top:0;margin-bottom:0;padding-top:var(--wp--preset--spacing--x-small);padding-right:0;padding-bottom:var(--wp--preset--spacing--x-small);padding-left:0;aspect-ratio:unset;\">\n<h2 class=\"wp-block-heading has-text-align-center has-base-color has-text-color has-link-color wp-elements-ab0d0befaff2a8850d4004581048c4af\">\u00bfListo para optimizar tus operaciones de mantenimiento?<\/h2>\n\n\n\n<div class=\"wp-block-buttons is-content-justification-left is-layout-flex wp-container-core-buttons-is-layout-c5c13c14 wp-block-buttons-is-layout-flex\" style=\"padding-top:0;padding-bottom:0\">\n<div class=\"wp-block-button\"><a class=\"wp-block-button__link has-secondary-background-color has-background wp-element-button\" href=\"https:\/\/www.icareweb.com\/es\/contactar\/\">Solicita una demo<\/a><\/div>\n<\/div>\n<\/div>\n<\/div>\n<\/div>\n","protected":false},"excerpt":{"rendered":"<p>I-see\u2122 x DimoMaint Uniendo informaci\u00f3n predictiva y ejecuci\u00f3n en mantenimiento Una integraci\u00f3n fluida que incorpora insights potenciados por IA en las operaciones diarias de mantenimiento, ayudando a los equipos a actuar m\u00e1s r\u00e1pido y rendir mejor. M\u00e1s de 30 a\u00f1os de experiencia La misi\u00f3n de DimoMaint es simplificar y asegurar las operaciones cotidianas de los [&hellip;]<\/p>\n","protected":false},"author":23,"featured_media":60523,"parent":53169,"menu_order":0,"comment_status":"closed","ping_status":"closed","template":"","meta":{"_acf_changed":false,"_seopress_robots_primary_cat":"","_seopress_titles_title":"","_seopress_titles_desc":"Integra I-see\u2122 con DimoMaint: conecta datos predictivos con mantenimiento para decisiones m\u00e1s r\u00e1pidas y operaciones m\u00e1s fiables.","_seopress_robots_index":"","content-type":"","inline_featured_image":false,"footnotes":""},"page_category":[162],"class_list":{"0":"post-61812","1":"page","2":"type-page","3":"status-publish","4":"has-post-thumbnail","6":"page_category-website-pages"},"acf":[],"_links":{"self":[{"href":"https:\/\/www.icareweb.com\/es\/wp-json\/wp\/v2\/pages\/61812","targetHints":{"allow":["GET"]}}],"collection":[{"href":"https:\/\/www.icareweb.com\/es\/wp-json\/wp\/v2\/pages"}],"about":[{"href":"https:\/\/www.icareweb.com\/es\/wp-json\/wp\/v2\/types\/page"}],"author":[{"embeddable":true,"href":"https:\/\/www.icareweb.com\/es\/wp-json\/wp\/v2\/users\/23"}],"replies":[{"embeddable":true,"href":"https:\/\/www.icareweb.com\/es\/wp-json\/wp\/v2\/comments?post=61812"}],"version-history":[{"count":0,"href":"https:\/\/www.icareweb.com\/es\/wp-json\/wp\/v2\/pages\/61812\/revisions"}],"up":[{"embeddable":true,"href":"https:\/\/www.icareweb.com\/es\/wp-json\/wp\/v2\/pages\/53169"}],"wp:featuredmedia":[{"embeddable":true,"href":"https:\/\/www.icareweb.com\/es\/wp-json\/wp\/v2\/media\/60523"}],"wp:attachment":[{"href":"https:\/\/www.icareweb.com\/es\/wp-json\/wp\/v2\/media?parent=61812"}],"wp:term":[{"taxonomy":"page_category","embeddable":true,"href":"https:\/\/www.icareweb.com\/es\/wp-json\/wp\/v2\/page_category?post=61812"}],"curies":[{"name":"wp","href":"https:\/\/api.w.org\/{rel}","templated":true}]}}