{"id":23206,"date":"2024-08-19T15:11:15","date_gmt":"2024-08-19T13:11:15","guid":{"rendered":"https:\/\/20yrnewwebsite.www.icareweb.com\/?page_id=23206"},"modified":"2024-09-21T23:55:07","modified_gmt":"2024-09-21T21:55:07","slug":"motion-magnification","status":"publish","type":"page","link":"https:\/\/www.icareweb.com\/fr\/solutions\/maintenance-predictive\/services\/motion-magnification\/","title":{"rendered":"Motion Magnification"},"content":{"rendered":"\n<div class=\"wp-block-group alignfull icare-hero is-style-shade-right-top has-background has-global-padding is-layout-constrained wp-block-group-is-layout-constrained\" style=\"background:linear-gradient(135deg,rgb(247,248,253) 0%,rgba(247,248,252,0.49) 100%);margin-top:0;margin-bottom:0;padding-top:var(--wp--preset--spacing--medium);padding-bottom:var(--wp--preset--spacing--xx-large);--octopods-group-overlay-color:#27498C;--octopods-group-overflow:hidden;--octopods-group-position:relative\">\n<div style=\"height:150px\" aria-hidden=\"true\" class=\"wp-block-spacer\"><\/div>\n\n\n\n<div class=\"wp-block-group has-primary-color has-text-color has-link-color wp-elements-351d0fe17383efa6da5cc38fea4060be has-global-padding is-layout-constrained wp-container-core-group-is-layout-639b5052 wp-block-group-is-layout-constrained\" style=\"border-radius:50px;padding-top:0;padding-right:0;padding-bottom:0;padding-left:0\"><\/div>\n\n\n\n<div class=\"wp-block-group icare-hero__content is-content-justification-space-between is-nowrap is-layout-flex wp-container-core-group-is-layout-cb46ffcb wp-block-group-is-layout-flex\" style=\"min-height:35vh;--octopods-group-z-index:2;aspect-ratio:unset;\">\n<div class=\"wp-block-columns are-vertically-aligned-center is-style-columns-reverse wp-container-content-9cfa9a5a is-layout-flex wp-container-core-columns-is-layout-28f84493 wp-block-columns-is-layout-flex\">\n<div class=\"wp-block-column is-vertically-aligned-center is-layout-flow wp-block-column-is-layout-flow\" data-aos=\"fade\" data-aos-duration=\"900\" data-aos-easing=\"ease-in-out\" data-aos-once=\"true\">\n<div class=\"wp-block-group is-layout-flow wp-block-group-is-layout-flow\" style=\"padding-right:35px\">\n<h1 class=\"wp-block-heading\">Motion Magnification <\/h1>\n\n\n\n<p style=\"font-size:clamp(0.875rem, 0.875rem + ((1vw - 0.2rem) * 0.531), 1.3rem);\">Am\u00e9liorez l&#8217;efficacit\u00e9 de vos moyens de production gr\u00e2ce \u00e0 l&#8217;amplification des mouvements.<\/p>\n\n\n\n<div class=\"wp-block-buttons is-layout-flex wp-block-buttons-is-layout-flex\">\n<div class=\"wp-block-button\"><a class=\"wp-block-button__link wp-element-button\" href=\"#icare-more-content\">En savoir plus<\/a><\/div>\n<\/div>\n\n\n\n<div style=\"height:2vw\" aria-hidden=\"true\" class=\"wp-block-spacer\"><\/div>\n<\/div>\n<\/div>\n\n\n\n<div class=\"wp-block-column is-vertically-aligned-center is-layout-flow wp-block-column-is-layout-flow\" data-aos=\"fade-right\" data-aos-duration=\"900\" data-aos-easing=\"ease-in-out\" data-aos-once=\"true\">\n<div class=\"wp-block-group has-global-padding is-layout-constrained wp-block-group-is-layout-constrained\" style=\"--octopods-group-position:relative\">\n<figure class=\"wp-block-image size-full has-custom-border\"><img alt=\"Motion Magnification video capture during predictive maintenance inspection\" loading=\"lazy\" decoding=\"async\" width=\"2048\" height=\"1365\" src=\"https:\/\/www.icareweb.com\/wp-content\/uploads\/2024\/09\/motion-magnification-01.jpg\" alt=\"\" class=\"wp-image-22769\" style=\"border-radius:20px;box-shadow:var(--wp--preset--shadow--deep);aspect-ratio:4\/3;object-fit:cover\" srcset=\"https:\/\/www.icareweb.com\/wp-content\/uploads\/2024\/09\/motion-magnification-01.jpg 2048w, https:\/\/www.icareweb.com\/wp-content\/uploads\/2024\/09\/motion-magnification-01-1280x853.jpg 1280w, https:\/\/www.icareweb.com\/wp-content\/uploads\/2024\/09\/motion-magnification-01-1920x1280.jpg 1920w, https:\/\/www.icareweb.com\/wp-content\/uploads\/2024\/09\/motion-magnification-01-600x400.jpg 600w, https:\/\/www.icareweb.com\/wp-content\/uploads\/2024\/09\/motion-magnification-01-768x512.jpg 768w, https:\/\/www.icareweb.com\/wp-content\/uploads\/2024\/09\/motion-magnification-01-1536x1024.jpg 1536w, https:\/\/www.icareweb.com\/wp-content\/uploads\/2024\/09\/motion-magnification-01-1200x800.jpg 1200w, https:\/\/www.icareweb.com\/wp-content\/uploads\/2024\/09\/motion-magnification-01-1620x1080.jpg 1620w\" sizes=\"auto, (max-width: 2048px) 100vw, 2048px\" \/><\/figure>\n<\/div>\n<\/div>\n<\/div>\n<\/div>\n\n\n\n<div class=\"wp-block-group alignfull icare-hero__divider is-layout-flow wp-block-group-is-layout-flow\" style=\"margin-top:0px;margin-bottom:0px;--octopods-group-position:absolute;--octopods-group-bottom:0px;--octopods-group-left:0px;--octopods-group-right:0px\">\n<div style=\"min-height:350px;margin-top:0px;--octopods-divider-shape-color:#ffffff;--octopods-divider-icon-color:;--octopods-divider-icon-size:20px;--octopods-divider-icon-align:center;--octopods-divider-icon-justify:center\" class=\"wp-block-octopods-divider alignfull\"><div class=\"wp-block-octopods-divider__shape\"><svg xmlns=\"http:\/\/www.w3.org\/2000\/svg\" aria-hidden=\"true\" class=\"triangle-asymmetrical_svg__octopods-divider-svg triangle-asymmetrical_svg__octopods-divider-svg--wave\" preserveAspectRatio=\"none\" viewBox=\"0 0 1200 115\"><path d=\"M1200 115H0L892.25.28z\"><\/path><\/svg><\/div><\/div>\n<\/div>\n<\/div>\n\n\n\n<div class=\"wp-block-getwid-anchor\" id=\"icare-more-content\"><\/div>\n\n\n\n<div class=\"wp-block-group is-style-shade-right-bottom has-global-padding is-layout-constrained wp-container-core-group-is-layout-db9bd740 wp-block-group-is-layout-constrained\" style=\"border-radius:20px;margin-top:0;margin-bottom:0;padding-top:var(--wp--preset--spacing--small);padding-right:0;padding-bottom:var(--wp--preset--spacing--large);padding-left:0;--octopods-group-z-index:2\">\n<div class=\"wp-block-columns are-vertically-aligned-center is-layout-flex wp-container-core-columns-is-layout-28f84493 wp-block-columns-is-layout-flex\">\n<div class=\"wp-block-column is-vertically-aligned-center is-layout-flow wp-block-column-is-layout-flow\">\n<div class=\"wp-block-group is-layout-grid wp-container-core-group-is-layout-bcb8ac2c wp-block-group-is-layout-grid\" style=\"border-radius:20px;min-height:450px;--octopods-group-grid-columns-tablet:undefined;--octopods-group-grid-columns-mobile:undefined;aspect-ratio:unset;\">\n<div class=\"wp-block-group is-style-default has-base-color has-contrast-background-color has-text-color has-background has-link-color wp-elements-b350ba4f33be113f6a06a5abc158c4d7 wp-container-content-d2eb3c98 is-vertical is-content-justification-center is-layout-flex wp-container-core-group-is-layout-220f9113 wp-block-group-is-layout-flex\" style=\"border-radius:20px;padding-top:var(--wp--preset--spacing--medium);padding-right:var(--wp--preset--spacing--small);padding-bottom:var(--wp--preset--spacing--medium);padding-left:var(--wp--preset--spacing--small);--octopods-group-overlay-gradient:linear-gradient(230deg,rgba(39,73,140,0.4) 1%,rgba(39,73,140,0.94) 1%);--octopods-group-background-image:url(https:\/\/www.icareweb.com\/wp-content\/uploads\/2024\/09\/motion-magnification-02.jpg);--octopods-group-background-position:50% 50%;--octopods-group-background-size:cover;--octopods-group-background-repeat:no-repeat;--octopods-group-background-attachment:scroll;--octopods-group-box-shadow:rgba(48,75,130,.15) 0 0 50px 0;--octopods-group-position:relative\">\n<div class=\"wp-block-getwid-icon\"><div class=\"wp-block-getwid-icon__wrapper\" style=\"font-size:30px;padding:0px\"><i class=\"ph-duotone ph-hand\"><\/i><\/div><\/div>\n\n\n\n<p class=\"has-text-align-center\"><strong>Mesures rapides <br>de structures compl\u00e8tes<\/strong><\/p>\n<\/div>\n\n\n\n<div class=\"wp-block-group is-style-default has-base-color has-contrast-background-color has-text-color has-background has-link-color wp-elements-e4ad8dc5459b5af0b96ebb6eb72bab53 wp-container-content-d2eb3c98 is-vertical is-content-justification-center is-layout-flex wp-container-core-group-is-layout-220f9113 wp-block-group-is-layout-flex\" style=\"border-radius:20px;padding-top:var(--wp--preset--spacing--medium);padding-right:var(--wp--preset--spacing--small);padding-bottom:var(--wp--preset--spacing--medium);padding-left:var(--wp--preset--spacing--small);--octopods-group-overlay-gradient:linear-gradient(230deg,rgba(39,73,140,0.4) 1%,rgba(39,73,140,0.94) 1%);--octopods-group-background-image:url(https:\/\/www.icareweb.com\/wp-content\/uploads\/2024\/09\/handshake-03.jpg);--octopods-group-background-position:50% 50%;--octopods-group-background-size:cover;--octopods-group-background-repeat:no-repeat;--octopods-group-background-attachment:scroll;--octopods-group-box-shadow:rgba(48,75,130,.15) 0 0 50px 0;--octopods-group-position:relative\">\n<div class=\"wp-block-getwid-icon\"><div class=\"wp-block-getwid-icon__wrapper\" style=\"font-size:30px;padding:0px\"><i class=\"ph-duotone ph-arrows-out\"><\/i><\/div><\/div>\n\n\n\n<p class=\"has-text-align-center\"><strong>Identifier les probl\u00e8mes et les causes profondes<\/strong><\/p>\n<\/div>\n\n\n\n<div class=\"wp-block-group is-style-default has-base-color has-contrast-background-color has-text-color has-background has-link-color wp-elements-225f9b52a31db41ef9cbfc65e3120237 wp-container-content-d2eb3c98 is-vertical is-content-justification-center is-layout-flex wp-container-core-group-is-layout-220f9113 wp-block-group-is-layout-flex\" style=\"border-radius:20px;padding-top:var(--wp--preset--spacing--medium);padding-right:var(--wp--preset--spacing--small);padding-bottom:var(--wp--preset--spacing--medium);padding-left:var(--wp--preset--spacing--small);--octopods-group-overlay-gradient:linear-gradient(230deg,rgba(39,73,140,0.4) 1%,rgba(39,73,140,0.94) 1%);--octopods-group-background-image:url(https:\/\/www.icareweb.com\/wp-content\/uploads\/2024\/09\/employee-looking-back-01.jpg);--octopods-group-background-position:50% 50%;--octopods-group-background-size:cover;--octopods-group-background-repeat:no-repeat;--octopods-group-background-attachment:scroll;--octopods-group-box-shadow:rgba(48,75,130,.15) 0 0 50px 0;--octopods-group-position:relative\">\n<div class=\"wp-block-getwid-icon\"><div class=\"wp-block-getwid-icon__wrapper\" style=\"font-size:30px;padding:0px\"><i class=\"ph-duotone ph-money-wavy\"><\/i><\/div><\/div>\n\n\n\n<p class=\"has-text-align-center\"><strong>R\u00e9duire les pannes <\/strong><br><strong>d&#8217;\u00e9quipement et de site<\/strong><\/p>\n<\/div>\n\n\n\n<div class=\"wp-block-group is-style-default has-base-color has-contrast-background-color has-text-color has-background has-link-color wp-elements-b2857d75d91b4480d12a0cee210b9d23 wp-container-content-d2eb3c98 is-vertical is-content-justification-center is-layout-flex wp-container-core-group-is-layout-220f9113 wp-block-group-is-layout-flex\" style=\"border-radius:20px;padding-top:var(--wp--preset--spacing--medium);padding-right:var(--wp--preset--spacing--small);padding-bottom:var(--wp--preset--spacing--medium);padding-left:var(--wp--preset--spacing--small);--octopods-group-overlay-gradient:linear-gradient(230deg,rgba(39,73,140,0.4) 1%,rgba(39,73,140,0.94) 1%);--octopods-group-background-image:url(https:\/\/www.icareweb.com\/wp-content\/uploads\/2024\/09\/employee-climbing-ladder-02.jpg);--octopods-group-background-position:50% 50%;--octopods-group-background-size:cover;--octopods-group-background-repeat:no-repeat;--octopods-group-background-attachment:scroll;--octopods-group-box-shadow:rgba(48,75,130,.15) 0 0 50px 0;--octopods-group-position:relative\">\n<div class=\"wp-block-getwid-icon\"><div class=\"wp-block-getwid-icon__wrapper\" style=\"font-size:30px;padding:0px\"><i class=\"ph-duotone ph-target\"><\/i><\/div><\/div>\n\n\n\n<p class=\"has-text-align-center\"><strong>S\u00e9curit\u00e9 :<\/strong><br><strong>Technolog<\/strong>ie <strong>sans contact<\/strong><\/p>\n<\/div>\n<\/div>\n<\/div>\n\n\n\n<div class=\"wp-block-column is-vertically-aligned-center is-layout-flow wp-container-core-column-is-layout-c7b3064f wp-block-column-is-layout-flow\">\n<h2 class=\"wp-block-heading has-text-align-left\">L&#8217;importance de la Motion Magnification<\/h2>\n\n\n\n<div class=\"wp-block-group is-vertical is-layout-flex wp-container-core-group-is-layout-fe9cc265 wp-block-group-is-layout-flex\">\n<p>La Motion Magnification est id\u00e9ale pour identifier les mod\u00e8les de vibration dans les machines et les structures enti\u00e8res.<\/p>\n\n\n\n<p>Un syst\u00e8me de cam\u00e9ras haute r\u00e9solution \u00e0 grande vitesse capture de courtes s\u00e9quences vid\u00e9o, et un logiciel intelligent grossit les petits d\u00e9placements, auparavant invisibles, pour les rendre visibles \u00e0 l&#8217;\u0153il nu.<\/p>\n\n\n\n<p>Le logiciel permet d&#8217;agrandir n&#8217;importe quelle fr\u00e9quence jusqu&#8217;\u00e0 600 Hz. Ainsi, la capture de seulement 10 secondes de donn\u00e9es vid\u00e9o de qualit\u00e9 permet d&#8217;acc\u00e9der \u00e0 toutes les fr\u00e9quences pertinentes pour l&#8217;analyse.<\/p>\n<\/div>\n\n\n\n<div class=\"wp-block-buttons is-layout-flex wp-block-buttons-is-layout-flex\">\n<div class=\"wp-block-button\"><a class=\"wp-block-button__link has-secondary-background-color has-background wp-element-button\" href=\"https:\/\/www.icareweb.com\/fr\/contact\/\">Parler \u00e0 un expert<\/a><\/div>\n<\/div>\n<\/div>\n<\/div>\n<\/div>\n\n\n\n<div style=\"min-height:30vh;margin-top:-30vh;--octopods-divider-shape-color:#F7F8FD;--octopods-divider-icon-color:;--octopods-divider-icon-size:20px;--octopods-divider-icon-align:center;--octopods-divider-icon-justify:center\" class=\"wp-block-octopods-divider alignfull\"><div class=\"wp-block-octopods-divider__shape\"><svg xmlns=\"http:\/\/www.w3.org\/2000\/svg\" class=\"angle-layered_svg__octopods-divider-svg angle-layered_svg__octopods-divider-svg--angle-layered\" preserveAspectRatio=\"none\" viewBox=\"0 0 2600 129\"><path d=\"M2600 64 0 128v1h2600z\"><\/path><path d=\"M0 129h2600V64H0z\" opacity=\"0.5\"><\/path><path d=\"M2600 64 0 0v129h2600z\" opacity=\"0.5\"><\/path><\/svg><\/div><\/div>\n\n\n\n<div class=\"wp-block-group alignfull is-style-shade-right has-primary-color has-neutral-accent-background-color has-text-color has-background has-link-color wp-elements-021c0cc161bd9bd5323ca8b463334381 has-global-padding is-layout-constrained wp-container-core-group-is-layout-7606df95 wp-block-group-is-layout-constrained\" style=\"border-radius:20px;margin-top:0;margin-bottom:0;padding-top:var(--wp--preset--spacing--x-large);padding-right:0;padding-bottom:var(--wp--preset--spacing--large);padding-left:0;--octopods-group-z-index:\">\n<div class=\"wp-block-columns are-vertically-aligned-center has-base-background-color has-background is-layout-flex wp-container-core-columns-is-layout-e4d8fde9 wp-block-columns-is-layout-flex\" style=\"border-radius:20px;padding-top:var(--wp--preset--spacing--large);padding-right:var(--wp--preset--spacing--medium);padding-bottom:var(--wp--preset--spacing--large);padding-left:var(--wp--preset--spacing--medium);box-shadow:var(--wp--preset--shadow--natural)\">\n<div class=\"wp-block-column is-vertically-aligned-center is-layout-flow wp-block-column-is-layout-flow\">\n<h2 class=\"wp-block-heading has-text-align-center\">Que peut-on contr\u00f4ler ?<\/h2>\n<\/div>\n\n\n\n<div class=\"wp-block-column is-vertically-aligned-center is-layout-flow wp-container-core-column-is-layout-c7b3064f wp-block-column-is-layout-flow\">\n<p>Les applications typiques de la Motion Magnification comprennent de nombreux \u00e9quipements rotatifs (par exemple, les pompes, les compresseurs et les turbines) ainsi que leur structure, leurs fondations et leur tuyauterie.<\/p>\n\n\n\n<p>Comme il s&#8217;agit d&#8217;une technologie relativement nouvelle, de nouvelles applications sont ajout\u00e9es chaque jour. Si vous pensez qu&#8217;elle pourrait vous \u00eatre utile, nous sommes pr\u00eats \u00e0 relever le d\u00e9fi !<\/p>\n<\/div>\n<\/div>\n<\/div>\n\n\n\n<div class=\"wp-block-group alignfull has-neutral-accent-background-color has-background has-link-color wp-elements-3a5304be3fb16f65ba1ff010e4fba541 has-global-padding is-layout-constrained wp-container-core-group-is-layout-6ddc9305 wp-block-group-is-layout-constrained\" style=\"border-radius:20px;margin-top:0;margin-bottom:0;padding-top:var(--wp--preset--spacing--x-large);padding-right:0;padding-bottom:var(--wp--preset--spacing--xx-large);padding-left:0;--octopods-group-z-index:2\">\n<h2 class=\"wp-block-heading has-text-align-center\">Que comprennent nos services ?<\/h2>\n\n\n\n<div class=\"wp-block-group is-layout-grid wp-container-core-group-is-layout-587c4170 wp-block-group-is-layout-grid\" style=\"--octopods-group-grid-columns-tablet:undefined;--octopods-group-grid-columns-mobile:1\">\n<div class=\"wp-block-group alignfull has-base-color has-primary-background-color has-text-color has-background has-link-color wp-elements-fe5d5dc9c530b105c99786cbe61458d7 is-vertical is-content-justification-center is-layout-flex wp-container-core-group-is-layout-44419798 wp-block-group-is-layout-flex\" style=\"border-radius:20px;min-height:0vh;margin-top:0;margin-bottom:0;padding-top:var(--wp--preset--spacing--medium);padding-right:var(--wp--preset--spacing--medium);padding-bottom:var(--wp--preset--spacing--medium);padding-left:var(--wp--preset--spacing--medium);box-shadow:var(--wp--preset--shadow--natural);--octopods-group-overlay-gradient:linear-gradient(245deg, rgba(32,39,97,0.82) 0%, #0E1132 87%);--octopods-group-overflow:hidden;--octopods-group-background-image:url(https:\/\/www.icareweb.com\/wp-content\/uploads\/2024\/09\/employee-inspecting-asset-01.jpg);--octopods-group-background-position:50% 50%;--octopods-group-background-size:cover;--octopods-group-background-repeat:no-repeat;--octopods-group-background-attachment:scroll;--octopods-group-position:relative;aspect-ratio:unset;\">\n<div class=\"wp-block-getwid-icon\"><div class=\"wp-block-getwid-icon__wrapper\" style=\"font-size:30px;padding:0px\"><i class=\"ph-duotone ph-user-square\"><\/i><\/div><\/div>\n\n\n\n<p class=\"has-text-align-center\"><strong>D\u00e9ploiement d&#8217;un ing\u00e9nieur pour <\/strong><br><strong>la mise en place et l&#8217;analyse.<\/strong><\/p>\n<\/div>\n\n\n\n<div class=\"wp-block-group alignfull has-base-color has-primary-background-color has-text-color has-background has-link-color wp-elements-381e71d08547d5d6e75f99fb109cb828 is-vertical is-content-justification-center is-layout-flex wp-container-core-group-is-layout-44419798 wp-block-group-is-layout-flex\" style=\"border-radius:20px;min-height:0vh;margin-top:0;margin-bottom:0;padding-top:var(--wp--preset--spacing--medium);padding-right:var(--wp--preset--spacing--medium);padding-bottom:var(--wp--preset--spacing--medium);padding-left:var(--wp--preset--spacing--medium);box-shadow:var(--wp--preset--shadow--natural);--octopods-group-overlay-gradient:linear-gradient(245deg, rgba(32,39,97,0.82) 0%, #0E1132 87%);--octopods-group-overflow:hidden;--octopods-group-background-image:url(https:\/\/www.icareweb.com\/wp-content\/uploads\/2024\/09\/helmet-01.jpg);--octopods-group-background-position:50% 50%;--octopods-group-background-size:cover;--octopods-group-background-repeat:no-repeat;--octopods-group-background-attachment:scroll;--octopods-group-position:relative;aspect-ratio:unset;\">\n<div class=\"wp-block-getwid-icon\"><div class=\"wp-block-getwid-icon__wrapper\" style=\"font-size:30px;padding:0px\"><i class=\"ph-duotone ph-notepad\"><\/i><\/div><\/div>\n\n\n\n<p class=\"has-text-align-center\"><strong>Vente de produits <br>de support<\/strong><\/p>\n<\/div>\n\n\n\n<div class=\"wp-block-group alignfull has-base-color has-primary-background-color has-text-color has-background has-link-color wp-elements-b5b4fc7e7982fba241290825fa7497a8 is-vertical is-content-justification-center is-layout-flex wp-container-core-group-is-layout-44419798 wp-block-group-is-layout-flex\" style=\"border-radius:20px;min-height:0vh;margin-top:0;margin-bottom:0;padding-top:var(--wp--preset--spacing--medium);padding-right:var(--wp--preset--spacing--medium);padding-bottom:var(--wp--preset--spacing--medium);padding-left:var(--wp--preset--spacing--medium);box-shadow:var(--wp--preset--shadow--natural);--octopods-group-overlay-gradient:linear-gradient(245deg, rgba(32,39,97,0.82) 0%, #0E1132 87%);--octopods-group-overflow:hidden;--octopods-group-background-image:url(https:\/\/www.icareweb.com\/wp-content\/uploads\/2024\/09\/inside-industry-01.jpg);--octopods-group-background-position:50% 50%;--octopods-group-background-size:cover;--octopods-group-background-repeat:no-repeat;--octopods-group-background-attachment:scroll;--octopods-group-position:relative;aspect-ratio:unset;\">\n<div class=\"wp-block-getwid-icon\"><div class=\"wp-block-getwid-icon__wrapper\" style=\"font-size:30px;padding:0px\"><i class=\"ph-duotone ph-magnifying-glass\"><\/i><\/div><\/div>\n\n\n\n<p class=\"has-text-align-center\">Consultation en <br>maintenance pr\u00e9dictive<\/p>\n<\/div>\n<\/div>\n<\/div>\n\n\n\n<div class=\"wp-block-group alignfull has-base-color has-text-color has-link-color wp-elements-cccf51eec2fc982c7622fd2a65deea71 has-global-padding is-layout-constrained wp-block-group-is-layout-constrained\" style=\"margin-top:0;margin-bottom:0;padding-top:var(--wp--preset--spacing--large);padding-bottom:var(--wp--preset--spacing--large);--octopods-group-overlay-gradient:linear-gradient(245deg, rgba(32,39,97,0.82) 0%, #0E1132 87%);--octopods-group-background-image:url(https:\/\/www.icareweb.com\/wp-content\/uploads\/2024\/08\/dscf8660.jpg);--octopods-group-background-position:50% 50%;--octopods-group-background-size:cover;--octopods-group-background-repeat:no-repeat;--octopods-group-background-attachment:scroll\">\n<div class=\"wp-block-group has-global-padding is-layout-constrained wp-container-core-group-is-layout-704e782a wp-block-group-is-layout-constrained\">\n<h2 class=\"wp-block-heading has-text-align-center\">Oubliez les pannes de production<\/h2>\n\n\n\n<p class=\"has-text-align-center has-large-font-size\">Am\u00e9liorez la fiabilit\u00e9 de vos machines.<\/p>\n\n\n\n<div class=\"wp-block-buttons is-content-justification-center is-layout-flex wp-container-core-buttons-is-layout-a89b3969 wp-block-buttons-is-layout-flex\">\n<div class=\"wp-block-button\"><a rel=\"\" target=\"\" href=\"https:\/\/www.icareweb.com\/fr\/contact\/\" class=\"wp-block-button__link has-secondary-background-color has-background has-border-color has-secondary-border-color wp-element-button\">Parler \u00e0 un expert<\/a><\/div>\n<\/div>\n<\/div>\n<\/div>\n","protected":false},"excerpt":{"rendered":"<p>Mesures rapides de structures compl\u00e8tes Identifier les probl\u00e8mes et les causes profondes R\u00e9duire les pannes d&#8217;\u00e9quipement et de site S\u00e9curit\u00e9 :Technologie sans contact L&#8217;importance de la Motion Magnification La Motion Magnification est id\u00e9ale pour identifier les mod\u00e8les de vibration dans les machines et les structures enti\u00e8res. Un syst\u00e8me de cam\u00e9ras haute r\u00e9solution \u00e0 grande vitesse [&hellip;]<\/p>\n","protected":false},"author":22,"featured_media":22771,"parent":21611,"menu_order":0,"comment_status":"closed","ping_status":"closed","template":"","meta":{"_acf_changed":false,"_seopress_robots_primary_cat":"0","_seopress_titles_title":"","_seopress_titles_desc":"D\u00e9couvrez comment am\u00e9liorer la fiabilit\u00e9 de vos \u00e9quipements gr\u00e2ce \u00e0 la Motion Magnification et augmenter votre efficacit\u00e9 de production.","_seopress_robots_index":"","content-type":"","inline_featured_image":false,"footnotes":""},"page_category":[162],"class_list":{"0":"post-23206","1":"page","2":"type-page","3":"status-publish","4":"has-post-thumbnail","6":"page_category-website-pages"},"acf":[],"_links":{"self":[{"href":"https:\/\/www.icareweb.com\/fr\/wp-json\/wp\/v2\/pages\/23206","targetHints":{"allow":["GET"]}}],"collection":[{"href":"https:\/\/www.icareweb.com\/fr\/wp-json\/wp\/v2\/pages"}],"about":[{"href":"https:\/\/www.icareweb.com\/fr\/wp-json\/wp\/v2\/types\/page"}],"author":[{"embeddable":true,"href":"https:\/\/www.icareweb.com\/fr\/wp-json\/wp\/v2\/users\/22"}],"replies":[{"embeddable":true,"href":"https:\/\/www.icareweb.com\/fr\/wp-json\/wp\/v2\/comments?post=23206"}],"version-history":[{"count":0,"href":"https:\/\/www.icareweb.com\/fr\/wp-json\/wp\/v2\/pages\/23206\/revisions"}],"up":[{"embeddable":true,"href":"https:\/\/www.icareweb.com\/fr\/wp-json\/wp\/v2\/pages\/21611"}],"wp:featuredmedia":[{"embeddable":true,"href":"https:\/\/www.icareweb.com\/fr\/wp-json\/wp\/v2\/media\/22771"}],"wp:attachment":[{"href":"https:\/\/www.icareweb.com\/fr\/wp-json\/wp\/v2\/media?parent=23206"}],"wp:term":[{"taxonomy":"page_category","embeddable":true,"href":"https:\/\/www.icareweb.com\/fr\/wp-json\/wp\/v2\/page_category?post=23206"}],"curies":[{"name":"wp","href":"https:\/\/api.w.org\/{rel}","templated":true}]}}