{"id":23967,"date":"2024-07-12T16:06:14","date_gmt":"2024-07-12T14:06:14","guid":{"rendered":"https:\/\/20yrnewwebsite.www.icareweb.com\/?page_id=23967"},"modified":"2024-09-25T11:54:57","modified_gmt":"2024-09-25T09:54:57","slug":"localisations","status":"publish","type":"page","link":"https:\/\/www.icareweb.com\/fr\/a-propos\/localisations\/","title":{"rendered":"Localisations"},"content":{"rendered":"\n<div class=\"wp-block-group alignfull icare-hero is-style-shade-left-bottom has-background has-global-padding is-layout-constrained wp-block-group-is-layout-constrained\" style=\"background:linear-gradient(270deg,rgba(247,248,252,0.45) 0%,rgb(247,248,253) 64%);margin-top:0;margin-bottom:0;padding-top:var(--wp--preset--spacing--medium);padding-bottom:var(--wp--preset--spacing--medium);--octopods-group-overlay-color:#1a3469;--octopods-group-overflow:hidden;--octopods-group-position:relative\">\n<div style=\"height:150px\" aria-hidden=\"true\" class=\"wp-block-spacer block-visibility-hide-small-screen\"><\/div>\n\n\n\n<div style=\"height:45px\" aria-hidden=\"true\" class=\"wp-block-spacer block-visibility-hide-large-screen block-visibility-hide-medium-screen\"><\/div>\n\n\n\n<div class=\"wp-block-group icare-hero__content has-global-padding is-layout-constrained wp-container-core-group-is-layout-da8ab678 wp-block-group-is-layout-constrained\" style=\"padding-top:var(--wp--preset--spacing--large);--octopods-group-z-index:2;aspect-ratio:unset;\">\n<div class=\"wp-block-group is-layout-flow wp-block-group-is-layout-flow\">\n<h1 class=\"wp-block-heading has-text-align-center\">Localisations<\/h1>\n\n\n\n<p class=\"has-text-align-center\" style=\"font-size:clamp(0.875rem, 0.875rem + ((1vw - 0.2rem) * 0.531), 1.3rem);\">Rencontrez notre \u00e9quipe et commencez votre voyage vers l&#8217;am\u00e9lioration de la fiabilit\u00e9 des \u00e9quipements et de la performance industrielle.<\/p>\n\n\n\n<hr class=\"wp-block-separator has-text-color has-secondary-color has-alpha-channel-opacity has-secondary-background-color has-background is-style-default\"\/>\n\n\n\n<div style=\"height:30px\" aria-hidden=\"true\" class=\"wp-block-spacer block-visibility-hide-small-screen\"><\/div>\n<\/div>\n<\/div>\n<\/div>\n\n\n\n<div class=\"wp-block-getwid-anchor\" id=\"icare-anchor-filters\"><\/div>\n\n\n\n<div class=\"wp-block-group alignfull icare-filters has-base-background-color has-background has-global-padding is-layout-constrained wp-container-core-group-is-layout-4c48b175 wp-block-group-is-layout-constrained wp-container-2 is-position-sticky\" style=\"border-top-color:var(--wp--preset--color--shadow);border-top-width:1px;border-bottom-color:var(--wp--preset--color--shadow);border-bottom-width:1px;margin-top:0;margin-bottom:0;padding-top:0;padding-right:0;padding-bottom:0;padding-left:0;--octopods-group-z-index:9;--octopods-group-overflow:visible;--octopods-group-box-shadow:#0e113312 0 0 50px 0;--octopods-group-position:sticky;--octopods-group-top:0px\">\n<div class=\"wp-block-getwid-toggle\">\n<div class=\"wp-block-getwid-toggle__row\"><div class=\"wp-block-getwid-toggle__header-wrapper\"><h5 class=\"wp-block-getwid-toggle__header\"><a href=\"#\"><span class=\"wp-block-getwid-toggle__header-title\">Filters<\/span><span class=\"wp-block-getwid-toggle__icon is-active\"><i class=\"bx bx-down-arrow-alt\"><\/i><\/span><span class=\"wp-block-getwid-toggle__icon is-passive\"><i class=\"bx bx-up-arrow-alt\"><\/i><\/span><\/a><\/h5><\/div><div class=\"wp-block-getwid-toggle__content-wrapper\"><div class=\"wp-block-getwid-toggle__content\">\n<div class=\"wp-block-group icare-filters__row is-content-justification-center is-nowrap is-layout-flex wp-container-core-group-is-layout-682d279f wp-block-group-is-layout-flex\" style=\"margin-top:0;margin-bottom:0;padding-right:0;padding-left:0\">\n<div class=\"wp-block-group icare-filters__item has-global-padding is-layout-constrained wp-block-group-is-layout-constrained\"><div class=\"facetwp-facet facetwp-facet-location_region facetwp-type-fselect\" data-name=\"location_region\" data-type=\"fselect\"><\/div>\n<\/div>\n\n\n\n<div class=\"wp-block-group icare-filters__item has-global-padding is-layout-constrained wp-block-group-is-layout-constrained\"><div class=\"facetwp-facet facetwp-facet-location_country facetwp-type-fselect\" data-name=\"location_country\" data-type=\"fselect\"><\/div>\n<\/div>\n\n\n\n<div class=\"wp-block-group icare-filters__item has-global-padding is-layout-constrained wp-block-group-is-layout-constrained\"><div class=\"facetwp-facet facetwp-facet-location_type facetwp-type-fselect\" data-name=\"location_type\" data-type=\"fselect\"><\/div>\n<\/div>\n<\/div>\n<\/div><\/div><\/div>\n<\/div>\n<\/div>\n\n\n\n<div class=\"wp-block-group alignfull is-layout-flow wp-container-core-group-is-layout-dc35bc7e wp-block-group-is-layout-flow\" style=\"margin-top:0;margin-bottom:0\" data-aos=\"fade\" data-aos-duration=\"900\" data-aos-easing=\"ease-in-out\" data-aos-once=\"true\"><div class=\"facetwp-facet facetwp-facet-locations_map facetwp-type-map\" data-name=\"locations_map\" data-type=\"map\"><\/div>\n\n\n\n<div class=\"wp-block-query fs-hidden is-layout-flow wp-block-query-is-layout-flow\"><ul class=\"facetwp-template wp-block-post-template is-layout-flow wp-block-post-template-is-layout-flow\"><li class=\"wp-block-post post-91573 location type-location status-publish has-post-thumbnail\">\n<h2 class=\"wp-block-post-title\">I-care Mons &#8211; Factory<\/h2>\n<\/li><\/ul><\/div>\n<\/div>\n\n\n\n<div class=\"wp-block-group alignfull has-neutral-accent-background-color has-background has-global-padding is-content-justification-center is-layout-constrained wp-block-group-is-layout-constrained\" style=\"margin-top:0;margin-bottom:0;padding-top:var(--wp--preset--spacing--x-large);padding-bottom:var(--wp--preset--spacing--x-large)\">\n<h2 class=\"wp-block-heading\">Vous souhaitez faire partie du voyage ?<\/h2>\n\n\n\n<div class=\"wp-block-group is-nowrap is-layout-flex wp-container-core-group-is-layout-6c531013 wp-block-group-is-layout-flex\">\n<p class=\"has-large-font-size wp-container-content-7efe0f6a\">Contactez notre \u00e9quipe et d\u00e9couvrez comment I-care peut am\u00e9liorer l&#8217;efficacit\u00e9 et r\u00e9duire les co\u00fbts des lignes de production.<\/p>\n<\/div>\n\n\n\n<div class=\"wp-block-buttons is-layout-flex wp-block-buttons-is-layout-flex\">\n<div class=\"wp-block-button\"><a rel=\"\" target=\"\" class=\"wp-block-button__link wp-element-button\" href=\"https:\/\/www.icareweb.com\/fr\/contact\/\">Contactez nous<\/a><\/div>\n<\/div>\n<\/div>\n","protected":false},"excerpt":{"rendered":"","protected":false},"author":23,"featured_media":25659,"parent":3778,"menu_order":0,"comment_status":"closed","ping_status":"closed","template":"","meta":{"_acf_changed":false,"_seopress_robots_primary_cat":"0","_seopress_titles_title":"","_seopress_titles_desc":"Trouvez le bureau I-care le plus proche pour am\u00e9liorer la fiabilit\u00e9 de vos \u00e9quipements et vos performances industrielles.","_seopress_robots_index":"","content-type":"","inline_featured_image":false,"footnotes":""},"page_category":[162],"class_list":{"0":"post-23967","1":"page","2":"type-page","3":"status-publish","4":"has-post-thumbnail","6":"page_category-website-pages"},"acf":[],"_links":{"self":[{"href":"https:\/\/www.icareweb.com\/fr\/wp-json\/wp\/v2\/pages\/23967","targetHints":{"allow":["GET"]}}],"collection":[{"href":"https:\/\/www.icareweb.com\/fr\/wp-json\/wp\/v2\/pages"}],"about":[{"href":"https:\/\/www.icareweb.com\/fr\/wp-json\/wp\/v2\/types\/page"}],"author":[{"embeddable":true,"href":"https:\/\/www.icareweb.com\/fr\/wp-json\/wp\/v2\/users\/23"}],"replies":[{"embeddable":true,"href":"https:\/\/www.icareweb.com\/fr\/wp-json\/wp\/v2\/comments?post=23967"}],"version-history":[{"count":0,"href":"https:\/\/www.icareweb.com\/fr\/wp-json\/wp\/v2\/pages\/23967\/revisions"}],"up":[{"embeddable":true,"href":"https:\/\/www.icareweb.com\/fr\/wp-json\/wp\/v2\/pages\/3778"}],"wp:featuredmedia":[{"embeddable":true,"href":"https:\/\/www.icareweb.com\/fr\/wp-json\/wp\/v2\/media\/25659"}],"wp:attachment":[{"href":"https:\/\/www.icareweb.com\/fr\/wp-json\/wp\/v2\/media?parent=23967"}],"wp:term":[{"taxonomy":"page_category","embeddable":true,"href":"https:\/\/www.icareweb.com\/fr\/wp-json\/wp\/v2\/page_category?post=23967"}],"curies":[{"name":"wp","href":"https:\/\/api.w.org\/{rel}","templated":true}]}}