{"id":27640,"date":"2024-10-11T08:33:42","date_gmt":"2024-10-11T06:33:42","guid":{"rendered":"https:\/\/www.icareweb.com\/?page_id=27640"},"modified":"2025-05-13T16:02:45","modified_gmt":"2025-05-13T14:02:45","slug":"qualiopi","status":"publish","type":"page","link":"https:\/\/www.icareweb.com\/fr\/formations\/qualiopi\/","title":{"rendered":"Qualiopi"},"content":{"rendered":"\n<div class=\"wp-block-group alignfull icare-hero is-style-shade-right-top has-background has-global-padding is-layout-constrained wp-block-group-is-layout-constrained\" style=\"background:linear-gradient(135deg,rgb(247,248,253) 0%,rgba(247,248,252,0.49) 100%);margin-top:0;margin-bottom:0;padding-top:var(--wp--preset--spacing--medium);padding-bottom:var(--wp--preset--spacing--xx-large);--octopods-group-overlay-color:#27498C;--octopods-group-overflow:hidden;--octopods-group-position:relative\">\n<div style=\"height:150px\" aria-hidden=\"true\" class=\"wp-block-spacer\"><\/div>\n\n\n\n<div class=\"wp-block-group has-primary-color has-text-color has-link-color wp-elements-351d0fe17383efa6da5cc38fea4060be has-global-padding is-layout-constrained wp-container-core-group-is-layout-639b5052 wp-block-group-is-layout-constrained\" style=\"border-radius:50px;padding-top:0;padding-right:0;padding-bottom:0;padding-left:0\"><\/div>\n\n\n\n<div class=\"wp-block-group icare-hero__content is-content-justification-space-between is-nowrap is-layout-flex wp-container-core-group-is-layout-cb46ffcb wp-block-group-is-layout-flex\" style=\"min-height:35vh;--octopods-group-z-index:2;aspect-ratio:unset;\">\n<div class=\"wp-block-columns are-vertically-aligned-center is-style-columns-reverse wp-container-content-9cfa9a5a is-layout-flex wp-container-core-columns-is-layout-28f84493 wp-block-columns-is-layout-flex\">\n<div class=\"wp-block-column is-vertically-aligned-center is-layout-flow wp-container-core-column-is-layout-8a368f38 wp-block-column-is-layout-flow\" data-aos=\"fade\" data-aos-duration=\"900\" data-aos-easing=\"ease-in-out\" data-aos-once=\"true\">\n<div class=\"wp-block-group is-layout-flow wp-block-group-is-layout-flow\" style=\"margin-top:var(--wp--preset--spacing--small);margin-bottom:var(--wp--preset--spacing--small);padding-right:35px\">\n<h1 class=\"wp-block-heading\">Excellence certifi\u00e9e<\/h1>\n\n\n\n<p style=\"font-size:clamp(0.875rem, 0.875rem + ((1vw - 0.2rem) * 0.531), 1.3rem);\">Avec la certification QUALIOPI, nous garantissons les normes les plus \u00e9lev\u00e9es en mati\u00e8re de formation professionnelle, en proposant des sessions priv\u00e9es et publiques, accessibles \u00e0 tous.<\/p>\n\n\n\n<div class=\"wp-block-buttons is-layout-flex wp-block-buttons-is-layout-flex\">\n<div class=\"wp-block-button\"><a class=\"wp-block-button__link wp-element-button\" href=\"https:\/\/www.icareweb.com\/wp-content\/uploads\/2025\/05\/641676-44894-Certificat-Qualiopi-renouvellement-Cofrac.pdf\" target=\"_blank\" rel=\"noreferrer noopener\">Voir le certificat<\/a><\/div>\n<\/div>\n\n\n\n<div style=\"height:2vw\" aria-hidden=\"true\" class=\"wp-block-spacer\"><\/div>\n<\/div>\n<\/div>\n\n\n\n<div class=\"wp-block-column is-vertically-aligned-center is-layout-flow wp-block-column-is-layout-flow\" data-aos=\"fade-right\" data-aos-duration=\"900\" data-aos-easing=\"ease-in-out\" data-aos-once=\"true\">\n<div class=\"wp-block-group has-global-padding is-layout-constrained wp-block-group-is-layout-constrained\" style=\"--octopods-group-position:relative\">\n\n\n<figure class=\"wp-block-image size-full has-custom-border\"><img alt=\"\" loading=\"lazy\" decoding=\"async\" width=\"1755\" height=\"1061\" src=\"https:\/\/www.icareweb.com\/wp-content\/uploads\/2025\/04\/qualipi-af-logo-01.png\" alt=\"\" class=\"wp-image-44663\" style=\"border-radius:20px;box-shadow:var(--wp--preset--shadow--deep)\" srcset=\"https:\/\/www.icareweb.com\/wp-content\/uploads\/2025\/04\/qualipi-af-logo-01.png 1755w, https:\/\/www.icareweb.com\/wp-content\/uploads\/2025\/04\/qualipi-af-logo-01-1280x774.png 1280w, https:\/\/www.icareweb.com\/wp-content\/uploads\/2025\/04\/qualipi-af-logo-01-600x363.png 600w, https:\/\/www.icareweb.com\/wp-content\/uploads\/2025\/04\/qualipi-af-logo-01-768x464.png 768w, https:\/\/www.icareweb.com\/wp-content\/uploads\/2025\/04\/qualipi-af-logo-01-1536x929.png 1536w, https:\/\/www.icareweb.com\/wp-content\/uploads\/2025\/04\/qualipi-af-logo-01-1200x725.png 1200w\" sizes=\"auto, (max-width: 1755px) 100vw, 1755px\" \/><\/figure>\n<\/div>\n<\/div>\n<\/div>\n<\/div>\n\n\n\n<div class=\"wp-block-group alignfull icare-hero__divider is-layout-flow wp-block-group-is-layout-flow\" style=\"margin-top:0px;margin-bottom:0px;--octopods-group-position:absolute;--octopods-group-bottom:0px;--octopods-group-left:0px;--octopods-group-right:0px\">\n<div style=\"min-height:350px;margin-top:0px;--octopods-divider-shape-color:#ffffff;--octopods-divider-icon-color:;--octopods-divider-icon-size:20px;--octopods-divider-icon-align:center;--octopods-divider-icon-justify:center\" class=\"wp-block-octopods-divider alignfull\"><div class=\"wp-block-octopods-divider__shape\"><svg xmlns=\"http:\/\/www.w3.org\/2000\/svg\" aria-hidden=\"true\" class=\"triangle-asymmetrical_svg__octopods-divider-svg triangle-asymmetrical_svg__octopods-divider-svg--wave\" preserveAspectRatio=\"none\" viewBox=\"0 0 1200 115\"><path d=\"M1200 115H0L892.25.28z\"><\/path><\/svg><\/div><\/div>\n<\/div>\n<\/div>\n\n\n\n<div class=\"wp-block-getwid-anchor\" id=\"icare-more-content\"><\/div>\n\n\n\n<div class=\"wp-block-group alignfull is-style-shade-right-bottom has-global-padding is-layout-constrained wp-container-core-group-is-layout-9864c2c2 wp-block-group-is-layout-constrained\" style=\"margin-top:0;margin-bottom:0;padding-top:var(--wp--preset--spacing--medium);padding-bottom:var(--wp--preset--spacing--large);--octopods-group-overlay-color:#27498C;--octopods-group-z-index:\">\n<div class=\"wp-block-columns are-vertically-aligned-center is-layout-flex wp-container-core-columns-is-layout-28f84493 wp-block-columns-is-layout-flex\">\n<div class=\"wp-block-column is-vertically-aligned-center is-layout-flow wp-block-column-is-layout-flow\">\n<div class=\"wp-block-columns is-layout-flex wp-container-core-columns-is-layout-28232c24 wp-block-columns-is-layout-flex\">\n<div class=\"wp-block-column is-layout-flow wp-block-column-is-layout-flow\">\n<div class=\"wp-block-group is-vertical is-content-justification-center is-layout-flex wp-container-core-group-is-layout-4eb4b0f8 wp-block-group-is-layout-flex\">\n<figure class=\"wp-block-image size-full is-resized is-style-default\"><img alt=\"\" loading=\"lazy\" decoding=\"async\" width=\"1920\" height=\"1920\" src=\"https:\/\/www.icareweb.com\/wp-content\/uploads\/2024\/10\/illustration-qualiopi-board-01.png\" alt=\"\" class=\"wp-image-27889\" style=\"width:auto;height:150px\" srcset=\"https:\/\/www.icareweb.com\/wp-content\/uploads\/2024\/10\/illustration-qualiopi-board-01.png 1920w, https:\/\/www.icareweb.com\/wp-content\/uploads\/2024\/10\/illustration-qualiopi-board-01-1280x1280.png 1280w, https:\/\/www.icareweb.com\/wp-content\/uploads\/2024\/10\/illustration-qualiopi-board-01-600x600.png 600w, https:\/\/www.icareweb.com\/wp-content\/uploads\/2024\/10\/illustration-qualiopi-board-01-768x768.png 768w, https:\/\/www.icareweb.com\/wp-content\/uploads\/2024\/10\/illustration-qualiopi-board-01-1536x1536.png 1536w, https:\/\/www.icareweb.com\/wp-content\/uploads\/2024\/10\/illustration-qualiopi-board-01-450x450.png 450w, https:\/\/www.icareweb.com\/wp-content\/uploads\/2024\/10\/illustration-qualiopi-board-01-900x900.png 900w, https:\/\/www.icareweb.com\/wp-content\/uploads\/2024\/10\/illustration-qualiopi-board-01-1080x1080.png 1080w\" sizes=\"auto, (max-width: 1920px) 100vw, 1920px\" \/><\/figure>\n\n\n\n<div class=\"wp-block-group is-vertical is-content-justification-center is-layout-flex wp-container-core-group-is-layout-81423f52 wp-block-group-is-layout-flex\">\n<p class=\"has-secondary-color has-text-color has-link-color has-large-font-size wp-elements-13cc8ed343f13eca7322cf6851454d37\"><strong>9.8\/10<\/strong><\/p>\n\n\n\n<p class=\"has-text-align-center has-primary-color has-text-color has-link-color wp-elements-a1f1584542165069b42ae91618444a3b\"><strong>Notes donn\u00e9es <\/strong><br><strong>\u00e0 nos formateurs <\/strong><br><strong>par les participants<\/strong><\/p>\n<\/div>\n<\/div>\n<\/div>\n\n\n\n<div class=\"wp-block-column is-layout-flow wp-block-column-is-layout-flow\">\n<div class=\"wp-block-group is-vertical is-content-justification-center is-layout-flex wp-container-core-group-is-layout-4eb4b0f8 wp-block-group-is-layout-flex\">\n<figure class=\"wp-block-image size-full is-resized is-style-default\"><img alt=\"\" loading=\"lazy\" decoding=\"async\" width=\"1920\" height=\"1920\" src=\"https:\/\/www.icareweb.com\/wp-content\/uploads\/2024\/10\/illustration-qualiopi-hand-01.png\" alt=\"\" class=\"wp-image-27895\" style=\"width:auto;height:150px\" srcset=\"https:\/\/www.icareweb.com\/wp-content\/uploads\/2024\/10\/illustration-qualiopi-hand-01.png 1920w, https:\/\/www.icareweb.com\/wp-content\/uploads\/2024\/10\/illustration-qualiopi-hand-01-1280x1280.png 1280w, https:\/\/www.icareweb.com\/wp-content\/uploads\/2024\/10\/illustration-qualiopi-hand-01-600x600.png 600w, https:\/\/www.icareweb.com\/wp-content\/uploads\/2024\/10\/illustration-qualiopi-hand-01-768x768.png 768w, https:\/\/www.icareweb.com\/wp-content\/uploads\/2024\/10\/illustration-qualiopi-hand-01-1536x1536.png 1536w, https:\/\/www.icareweb.com\/wp-content\/uploads\/2024\/10\/illustration-qualiopi-hand-01-450x450.png 450w, https:\/\/www.icareweb.com\/wp-content\/uploads\/2024\/10\/illustration-qualiopi-hand-01-900x900.png 900w, https:\/\/www.icareweb.com\/wp-content\/uploads\/2024\/10\/illustration-qualiopi-hand-01-1080x1080.png 1080w\" sizes=\"auto, (max-width: 1920px) 100vw, 1920px\" \/><\/figure>\n\n\n\n<div class=\"wp-block-group is-vertical is-content-justification-center is-layout-flex wp-container-core-group-is-layout-81423f52 wp-block-group-is-layout-flex\">\n<p class=\"has-secondary-color has-text-color has-link-color has-large-font-size wp-elements-7f8d13566e968578334d9558203e33b2\"><strong>9.1\/10<\/strong><\/p>\n\n\n\n<p class=\"has-text-align-center has-primary-color has-text-color has-link-color wp-elements-65d27bcad057ef8e847fe3999fa5231d\"><strong>Notes donn\u00e9es au <\/strong><br><strong>contenu des formations <\/strong><\/p>\n\n\n\n<p class=\"has-text-align-center has-primary-color has-text-color has-link-color wp-elements-41bad63bc8002adf1bb2f818f03ba14e\"><strong>par les participants<\/strong><\/p>\n<\/div>\n<\/div>\n<\/div>\n<\/div>\n<\/div>\n\n\n\n<div class=\"wp-block-column is-vertically-aligned-center is-layout-flow wp-container-core-column-is-layout-c7b3064f wp-block-column-is-layout-flow\">\n<h2 class=\"wp-block-heading has-text-align-left\">Une expertise reconnue <\/h2>\n\n\n\n<div class=\"wp-block-group is-vertical is-layout-flex wp-container-core-group-is-layout-e9e558ad wp-block-group-is-layout-flex\">\n<p>I-care SAS a obtenu la certification QUALIOPI (num\u00e9ro de d\u00e9claration activit\u00e9 n\u00b0641676) pour ses actions de formation.<\/p>\n\n\n\n<p>Cette certification atteste de la qualit\u00e9 du processus mis en \u0153uvre par les prestataires de formations visant au d\u00e9veloppement des comp\u00e9tences, selon les crit\u00e8res d\u00e9finis par les OPCO (OP\u00e9rateurs de COmp\u00e9tences).<\/p>\n\n\n\n<p>Les retours et chiffres cl\u00e9s plaident en notre faveur (p\u00e9riode 2022-2023) !<\/p>\n<\/div>\n\n\n\n<div class=\"wp-block-buttons is-content-justification-left is-layout-flex wp-container-core-buttons-is-layout-fc4fd283 wp-block-buttons-is-layout-flex\">\n<div class=\"wp-block-button is-style-default\"><a class=\"wp-block-button__link has-secondary-background-color has-background wp-element-button\" href=\"https:\/\/www.icareweb.com\/fr\/contact\/\">Contactez-nous<\/a><\/div>\n<\/div>\n<\/div>\n<\/div>\n<\/div>\n\n\n\n<div class=\"wp-block-group is-style-default has-global-padding is-layout-constrained wp-container-core-group-is-layout-61fdcf4f wp-block-group-is-layout-constrained\" style=\"padding-top:var(--wp--preset--spacing--x-large);padding-bottom:var(--wp--preset--spacing--large);--octopods-group-z-index:2\">\n<div class=\"wp-block-group has-global-padding is-layout-constrained wp-block-group-is-layout-constrained\">\n<h2 class=\"wp-block-heading has-text-align-center\"><strong>Des formules <mark style=\"background-color:rgba(0, 0, 0, 0)\" class=\"has-inline-color has-secondary-color\">adapt\u00e9es \u00e0 vos besoins<\/mark><\/strong><\/h2>\n<\/div>\n\n\n\n<div class=\"wp-block-group is-layout-grid wp-container-core-group-is-layout-7c54ae96 wp-block-group-is-layout-grid\" style=\"--octopods-group-grid-columns-tablet:1;--octopods-group-grid-columns-mobile:1\">\n<div class=\"wp-block-group has-base-background-color has-background has-global-padding is-layout-constrained wp-container-core-group-is-layout-8217c53c wp-block-group-is-layout-constrained\" style=\"border-radius:20px;padding-top:var(--wp--preset--spacing--medium);padding-right:var(--wp--preset--spacing--medium);padding-bottom:var(--wp--preset--spacing--medium);padding-left:var(--wp--preset--spacing--medium);box-shadow:var(--wp--preset--shadow--natural)\">\n<h3 class=\"wp-block-heading has-text-align-center\">Priv\u00e9e<\/h3>\n\n\n\n<div class=\"wp-block-group is-vertical is-content-justification-center is-layout-flex wp-container-core-group-is-layout-4eb4b0f8 wp-block-group-is-layout-flex\">\n<p class=\"has-text-align-center\">Vous souhaitez organiser des formations directement sur votre site afin de r\u00e9pondre aux besoins sp\u00e9cifiques de vos \u00e9quipes ?<\/p>\n\n\n\n<p class=\"has-text-align-center\">Nous pouvons d\u00e9terminer ensemble le lieu et la date qui conviendront le mieux \u00e0 vos contraintes organisationnelles.<\/p>\n<\/div>\n<\/div>\n\n\n\n<div class=\"wp-block-group has-base-background-color has-background has-global-padding is-layout-constrained wp-container-core-group-is-layout-8217c53c wp-block-group-is-layout-constrained\" style=\"border-radius:20px;padding-top:var(--wp--preset--spacing--medium);padding-right:var(--wp--preset--spacing--medium);padding-bottom:var(--wp--preset--spacing--medium);padding-left:var(--wp--preset--spacing--medium);box-shadow:var(--wp--preset--shadow--natural)\">\n<h3 class=\"wp-block-heading has-text-align-center\">Publique<\/h3>\n\n\n\n<div class=\"wp-block-group is-vertical is-content-justification-center is-layout-flex wp-container-core-group-is-layout-4eb4b0f8 wp-block-group-is-layout-flex\">\n<p class=\"has-text-align-center\">Vous envisagez de participer \u00e0 nos sessions inter-entreprises et rencontrer d&#8217;autres professionnels de votre secteur?<\/p>\n\n\n\n<p class=\"has-text-align-center\">Nous vous informerons d\u00e8s que le nombre minimum de participants requis sera atteint pour garantir la tenue de la session<\/p>\n<\/div>\n<\/div>\n<\/div>\n\n\n\n<div class=\"wp-block-buttons is-content-justification-center is-layout-flex wp-container-core-buttons-is-layout-a89b3969 wp-block-buttons-is-layout-flex\">\n<div class=\"wp-block-button\"><a class=\"wp-block-button__link has-secondary-background-color has-background wp-element-button\" href=\"https:\/\/www.icareweb.com\/fr\/contact\/\">Contactez-nous<\/a><\/div>\n<\/div>\n<\/div>\n\n\n\n<div class=\"wp-block-group is-style-default has-global-padding is-layout-constrained wp-container-core-group-is-layout-61fdcf4f wp-block-group-is-layout-constrained\" style=\"padding-top:var(--wp--preset--spacing--x-large);padding-bottom:var(--wp--preset--spacing--large);--octopods-group-z-index:2\">\n<div class=\"wp-block-group has-global-padding is-layout-constrained wp-container-core-group-is-layout-f5f3bcb8 wp-block-group-is-layout-constrained\">\n<h2 class=\"wp-block-heading has-text-align-center\"><mark style=\"background-color:rgba(0, 0, 0, 0)\" class=\"has-inline-color has-secondary-color\">Modalit\u00e9s <\/mark><mark style=\"background-color:rgba(0, 0, 0, 0)\" class=\"has-inline-color has-contrast-color\">d&#8217;\u00e9valuation<\/mark><\/h2>\n\n\n\n<p class=\"has-text-align-center\">Toutes les formations identifi\u00e9es au catalogue font l&#8217;objet d&#8217;une \u00e9valuation sous la forme <br>d&#8217;un formulaire (Questions \u00e0 Choix Multiples), qu&#8217;elles soient certifiantes ou non. <\/p>\n<\/div>\n\n\n\n<div class=\"wp-block-buttons is-content-justification-center is-layout-flex wp-container-core-buttons-is-layout-a89b3969 wp-block-buttons-is-layout-flex\">\n<div class=\"wp-block-button\"><a class=\"wp-block-button__link has-secondary-background-color has-background wp-element-button\" href=\"https:\/\/www.icareweb.com\/fr\/contact\/\">Contactez-nous<\/a><\/div>\n<\/div>\n<\/div>\n\n\n\n<div class=\"wp-block-group alignfull is-style-shade-right-bottom has-global-padding is-layout-constrained wp-block-group-is-layout-constrained\" style=\"margin-top:0;margin-bottom:0;padding-top:var(--wp--preset--spacing--x-large);padding-bottom:var(--wp--preset--spacing--large);--octopods-group-overlay-color:#DEE0EA;--octopods-group-z-index:2\">\n<div class=\"wp-block-columns are-vertically-aligned-center is-layout-flex wp-container-core-columns-is-layout-28f84493 wp-block-columns-is-layout-flex\">\n<div class=\"wp-block-column is-vertically-aligned-center is-layout-flow wp-block-column-is-layout-flow\">\n<figure class=\"wp-block-image size-full has-custom-border\"><img alt=\"\" loading=\"lazy\" decoding=\"async\" width=\"640\" height=\"480\" src=\"https:\/\/www.icareweb.com\/wp-content\/uploads\/2024\/09\/training-02.jpg\" alt=\"\" class=\"wp-image-23543\" style=\"border-radius:20px;box-shadow:var(--wp--preset--shadow--natural);aspect-ratio:4\/3;object-fit:cover\" srcset=\"https:\/\/www.icareweb.com\/wp-content\/uploads\/2024\/09\/training-02.jpg 640w, https:\/\/www.icareweb.com\/wp-content\/uploads\/2024\/09\/training-02-600x450.jpg 600w\" sizes=\"auto, (max-width: 640px) 100vw, 640px\" \/><\/figure>\n<\/div>\n\n\n\n<div class=\"wp-block-column is-vertically-aligned-center is-layout-flow wp-container-core-column-is-layout-c7b3064f wp-block-column-is-layout-flow\">\n<h2 class=\"wp-block-heading\">A propos des formations priv\u00e9es<\/h2>\n\n\n\n<div class=\"wp-block-group is-vertical is-layout-flex wp-container-core-group-is-layout-e9e558ad wp-block-group-is-layout-flex\">\n<p>Dans le cas des formations priv\u00e9es, et sauf cas particulier, le d\u00e9lai d&#8217;acc\u00e8s moyen entre la date de validation et la premi\u00e8re heure de formation est d&#8217;un mois pour des programmes de formation standard.<\/p>\n\n\n\n<p>Ce d\u00e9lai peut \u00eatre allong\u00e9 s\u2019il s\u2019agit de r\u00e9aliser des formations sur demande (personnalis\u00e9es). Ce d\u00e9lai suppose que les dates de planification propos\u00e9es soient rapidement valid\u00e9es.<\/p>\n<\/div>\n\n\n\n<div class=\"wp-block-buttons is-layout-flex wp-block-buttons-is-layout-flex\">\n<div class=\"wp-block-button is-style-default\"><a class=\"wp-block-button__link has-secondary-background-color has-background wp-element-button\" href=\"https:\/\/www.icareweb.com\/fr\/contact\/\">Contactez-nous<\/a><\/div>\n<\/div>\n<\/div>\n<\/div>\n<\/div>\n\n\n\n<div style=\"min-height:50vh;margin-top:-50vh;--octopods-divider-shape-color:#F7F8FD;--octopods-divider-icon-color:;--octopods-divider-icon-size:20px;--octopods-divider-icon-align:center;--octopods-divider-icon-justify:center\" class=\"wp-block-octopods-divider alignfull\"><div class=\"wp-block-octopods-divider__shape\"><svg xmlns=\"http:\/\/www.w3.org\/2000\/svg\" class=\"angle-layered_svg__octopods-divider-svg angle-layered_svg__octopods-divider-svg--angle-layered\" preserveAspectRatio=\"none\" viewBox=\"0 0 2600 129\"><path d=\"M2600 64 0 128v1h2600z\"><\/path><path d=\"M0 129h2600V64H0z\" opacity=\"0.5\"><\/path><path d=\"M2600 64 0 0v129h2600z\" opacity=\"0.5\"><\/path><\/svg><\/div><\/div>\n\n\n\n<div class=\"wp-block-group alignfull has-neutral-accent-background-color has-background has-global-padding is-layout-constrained wp-block-group-is-layout-constrained\" style=\"margin-top:0;margin-bottom:0;padding-top:var(--wp--preset--spacing--large);padding-bottom:var(--wp--preset--spacing--large);box-shadow:none\">\n<div class=\"wp-block-group is-vertical is-content-justification-center is-layout-flex wp-container-core-group-is-layout-b032f303 wp-block-group-is-layout-flex\">\n<h2 class=\"wp-block-heading\">Acc\u00e8s \u00e0 nos formations<\/h2>\n\n\n\n<div class=\"wp-block-group is-vertical is-layout-flex wp-container-core-group-is-layout-e9e558ad wp-block-group-is-layout-flex\">\n<p class=\"has-text-align-center\">Pour toute question relative \u00e0 un accompagnement pour une personne en situation de Handicap,<br>pour plus d&#8217;informations ou pour vous inscrire, contactez notre \u00e9quipe.<\/p>\n<\/div>\n\n\n\n<div class=\"wp-block-buttons is-layout-flex wp-block-buttons-is-layout-flex\">\n<div class=\"wp-block-button is-style-default\"><a class=\"wp-block-button__link has-secondary-background-color has-background wp-element-button\" href=\"https:\/\/www.icareweb.com\/fr\/contact\/\">Contactez-nous<\/a><\/div>\n<\/div>\n<\/div>\n<\/div>\n","protected":false},"excerpt":{"rendered":"<p>Excellence certifi\u00e9e Avec la certification QUALIOPI, nous garantissons les normes les plus \u00e9lev\u00e9es en mati\u00e8re de formation professionnelle, en proposant des sessions priv\u00e9es et publiques, accessibles \u00e0 tous. 9.8\/10 Notes donn\u00e9es \u00e0 nos formateurs par les participants 9.1\/10 Notes donn\u00e9es au contenu des formations par les participants Une expertise reconnue I-care SAS a obtenu la [&hellip;]<\/p>\n","protected":false},"author":23,"featured_media":0,"parent":3854,"menu_order":0,"comment_status":"closed","ping_status":"closed","template":"","meta":{"_acf_changed":false,"_seopress_robots_primary_cat":"0","_seopress_titles_title":"","_seopress_titles_desc":"","_seopress_robots_index":"","content-type":"","inline_featured_image":false,"footnotes":""},"page_category":[162],"class_list":{"0":"post-27640","1":"page","2":"type-page","3":"status-publish","5":"page_category-website-pages"},"acf":[],"_links":{"self":[{"href":"https:\/\/www.icareweb.com\/fr\/wp-json\/wp\/v2\/pages\/27640","targetHints":{"allow":["GET"]}}],"collection":[{"href":"https:\/\/www.icareweb.com\/fr\/wp-json\/wp\/v2\/pages"}],"about":[{"href":"https:\/\/www.icareweb.com\/fr\/wp-json\/wp\/v2\/types\/page"}],"author":[{"embeddable":true,"href":"https:\/\/www.icareweb.com\/fr\/wp-json\/wp\/v2\/users\/23"}],"replies":[{"embeddable":true,"href":"https:\/\/www.icareweb.com\/fr\/wp-json\/wp\/v2\/comments?post=27640"}],"version-history":[{"count":1,"href":"https:\/\/www.icareweb.com\/fr\/wp-json\/wp\/v2\/pages\/27640\/revisions"}],"predecessor-version":[{"id":92027,"href":"https:\/\/www.icareweb.com\/fr\/wp-json\/wp\/v2\/pages\/27640\/revisions\/92027"}],"up":[{"embeddable":true,"href":"https:\/\/www.icareweb.com\/fr\/wp-json\/wp\/v2\/pages\/3854"}],"wp:attachment":[{"href":"https:\/\/www.icareweb.com\/fr\/wp-json\/wp\/v2\/media?parent=27640"}],"wp:term":[{"taxonomy":"page_category","embeddable":true,"href":"https:\/\/www.icareweb.com\/fr\/wp-json\/wp\/v2\/page_category?post=27640"}],"curies":[{"name":"wp","href":"https:\/\/api.w.org\/{rel}","templated":true}]}}