{"id":27924,"date":"2024-10-16T07:51:09","date_gmt":"2024-10-16T05:51:09","guid":{"rendered":"https:\/\/www.icareweb.com\/?page_id=27924"},"modified":"2025-06-30T08:51:41","modified_gmt":"2025-06-30T06:51:41","slug":"actualites","status":"publish","type":"page","link":"https:\/\/www.icareweb.com\/fr\/actualites\/","title":{"rendered":"Actualit\u00e9s"},"content":{"rendered":"\n<div class=\"wp-block-group alignfull icare-hero is-style-shade-right-top has-base-background-color has-background has-global-padding is-layout-constrained wp-block-group-is-layout-constrained\" style=\"margin-top:0;margin-bottom:0;padding-top:var(--wp--preset--spacing--medium);padding-bottom:var(--wp--preset--spacing--medium);--octopods-group-overlay-color:#27498C;--octopods-group-overflow:hidden;--octopods-group-position:relative\">\n<div style=\"height:150px\" aria-hidden=\"true\" class=\"wp-block-spacer\"><\/div>\n\n\n\n<div class=\"wp-block-group icare-hero__content has-global-padding is-layout-constrained wp-container-core-group-is-layout-da8ab678 wp-block-group-is-layout-constrained\" style=\"padding-top:var(--wp--preset--spacing--large);--octopods-group-z-index:2;aspect-ratio:unset;\">\n<div class=\"wp-block-group is-layout-flow wp-block-group-is-layout-flow\">\n<h1 class=\"wp-block-heading has-text-align-center\">Actualit\u00e9s<\/h1>\n\n\n\n<p class=\"has-text-align-center\" style=\"font-size:clamp(0.875rem, 0.875rem + ((1vw - 0.2rem) * 0.531), 1.3rem);\">Recevez les derni\u00e8res mises \u00e0 jour sur les d\u00e9veloppements et les innovations d&#8217;I-care.<\/p>\n\n\n\n<hr class=\"wp-block-separator has-text-color has-secondary-color has-alpha-channel-opacity has-secondary-background-color has-background is-style-default\"\/>\n\n\n\n<div style=\"height:30px\" aria-hidden=\"true\" class=\"wp-block-spacer\"><\/div>\n<\/div>\n<\/div>\n<\/div>\n\n\n\n<div class=\"wp-block-group alignfull is-style-default has-global-padding is-layout-constrained wp-block-group-is-layout-constrained\" style=\"margin-top:0;margin-bottom:0;padding-top:var(--wp--preset--spacing--small);padding-bottom:var(--wp--preset--spacing--xx-large);--octopods-group-z-index:2;--octopods-group-overflow:hidden\">\n<div class=\"wp-block-query is-layout-flow wp-block-query-is-layout-flow\"><li class=\"facetwp-no-results\">\n\n<div class=\"wp-block-group is-style-shade-left-bottom has-neutral-background-color has-background is-content-justification-center is-nowrap is-layout-flex wp-container-core-group-is-layout-a253edb6 wp-block-group-is-layout-flex\" style=\"border-radius:15px;margin-top:var(--wp--preset--spacing--x-small);margin-bottom:var(--wp--preset--spacing--x-large);padding-top:var(--wp--preset--spacing--small);padding-bottom:var(--wp--preset--spacing--small);--octopods-group-overlay-color:#27498C\" data-aos=\"fade\" data-aos-duration=\"900\" data-aos-easing=\"ease-in-out\" data-aos-once=\"true\">\n<p class=\"has-text-align-center\">No resource matches these criteria<\/p>\n<\/div>\n\n<\/li><\/ul>\n\n\n<div style=\"height:25px\" aria-hidden=\"true\" class=\"wp-block-spacer\"><\/div>\n\n\n\n\n<\/div>\n<\/div>\n","protected":false},"excerpt":{"rendered":"","protected":false},"author":23,"featured_media":22633,"parent":0,"menu_order":0,"comment_status":"closed","ping_status":"closed","template":"","meta":{"_acf_changed":false,"_seopress_robots_primary_cat":"0","_seopress_titles_title":"Actualit\u00e9s d&#039;I-care : Innovations &amp; \u00c9volutions de l&#039;entreprise %%sep%% %%sitename%%","_seopress_titles_desc":"Restez inform\u00e9 des derni\u00e8res actualit\u00e9s d&#039;I-care : nos innovations, nos \u00e9volutions majeurs, nos r\u00e9ussites et les mises \u00e0 jour de nos solutions de Maintenance Pr\u00e9dictive.","_seopress_robots_index":"","content-type":"","inline_featured_image":false,"footnotes":""},"page_category":[162],"class_list":{"0":"post-27924","1":"page","2":"type-page","3":"status-publish","4":"has-post-thumbnail","6":"page_category-website-pages"},"acf":[],"_links":{"self":[{"href":"https:\/\/www.icareweb.com\/fr\/wp-json\/wp\/v2\/pages\/27924","targetHints":{"allow":["GET"]}}],"collection":[{"href":"https:\/\/www.icareweb.com\/fr\/wp-json\/wp\/v2\/pages"}],"about":[{"href":"https:\/\/www.icareweb.com\/fr\/wp-json\/wp\/v2\/types\/page"}],"author":[{"embeddable":true,"href":"https:\/\/www.icareweb.com\/fr\/wp-json\/wp\/v2\/users\/23"}],"replies":[{"embeddable":true,"href":"https:\/\/www.icareweb.com\/fr\/wp-json\/wp\/v2\/comments?post=27924"}],"version-history":[{"count":0,"href":"https:\/\/www.icareweb.com\/fr\/wp-json\/wp\/v2\/pages\/27924\/revisions"}],"wp:featuredmedia":[{"embeddable":true,"href":"https:\/\/www.icareweb.com\/fr\/wp-json\/wp\/v2\/media\/22633"}],"wp:attachment":[{"href":"https:\/\/www.icareweb.com\/fr\/wp-json\/wp\/v2\/media?parent=27924"}],"wp:term":[{"taxonomy":"page_category","embeddable":true,"href":"https:\/\/www.icareweb.com\/fr\/wp-json\/wp\/v2\/page_category?post=27924"}],"curies":[{"name":"wp","href":"https:\/\/api.w.org\/{rel}","templated":true}]}}