{"id":3799,"date":"2022-04-02T12:39:52","date_gmt":"2022-04-02T10:39:52","guid":{"rendered":"https:\/\/i-care.local\/cookies\/"},"modified":"2024-09-30T09:08:39","modified_gmt":"2024-09-30T07:08:39","slug":"politique-cookies","status":"publish","type":"page","link":"https:\/\/www.icareweb.com\/fr\/politique-cookies\/","title":{"rendered":"Cookies"},"content":{"rendered":"\n<div class=\"wp-block-group alignfull icare-hero is-style-shade-left-bottom has-background has-global-padding is-layout-constrained wp-block-group-is-layout-constrained\" style=\"background:linear-gradient(270deg,rgba(247,248,252,0.45) 0%,rgb(247,248,253) 64%);margin-top:0;margin-bottom:0;padding-top:var(--wp--preset--spacing--medium);padding-bottom:var(--wp--preset--spacing--medium);--octopods-group-overlay-color:#1a3469;--octopods-group-overflow:hidden;--octopods-group-position:relative\">\n<div style=\"height:150px\" aria-hidden=\"true\" class=\"wp-block-spacer block-visibility-hide-small-screen\"><\/div>\n\n\n\n<div style=\"height:45px\" aria-hidden=\"true\" class=\"wp-block-spacer block-visibility-hide-large-screen block-visibility-hide-medium-screen\"><\/div>\n\n\n\n<div class=\"wp-block-group icare-hero__content has-global-padding is-layout-constrained wp-container-core-group-is-layout-da8ab678 wp-block-group-is-layout-constrained\" style=\"padding-top:var(--wp--preset--spacing--large);--octopods-group-z-index:2;aspect-ratio:unset;\">\n<div class=\"wp-block-group is-layout-flow wp-block-group-is-layout-flow\">\n<h1 class=\"wp-block-heading has-text-align-center\">Politique de Cookies<\/h1>\n\n\n\n<p class=\"has-text-align-center\" style=\"font-size:clamp(0.875rem, 0.875rem + ((1vw - 0.2rem) * 0.531), 1.3rem);\"><\/p>\n\n\n\n<hr class=\"wp-block-separator has-text-color has-secondary-color has-alpha-channel-opacity has-secondary-background-color has-background is-style-default\"\/>\n\n\n\n<div style=\"height:30px\" aria-hidden=\"true\" class=\"wp-block-spacer block-visibility-hide-small-screen\"><\/div>\n<\/div>\n<\/div>\n<\/div>\n\n\n\n<div class=\"wp-block-group has-global-padding is-layout-constrained wp-block-group-is-layout-constrained\" style=\"padding-top:var(--wp--preset--spacing--large);padding-bottom:var(--wp--preset--spacing--large)\">\n<div class=\"wp-block-group has-global-padding is-layout-constrained wp-block-group-is-layout-constrained\" style=\"padding-top:var(--wp--preset--spacing--x-small);padding-bottom:var(--wp--preset--spacing--x-small)\">\n<p>I-care SRL (\u00ab nous \u00bb, \u00ab nous \u00bb ou \u00ab notre \u00bb) utilise des cookies sur le site web https:\/\/www.icareweb.com (le \u00ab service \u00bb). En utilisant le Service, vous consentez \u00e0 l&#8217;utilisation de cookies.<\/p>\n\n\n\n<p>Notre politique en mati\u00e8re de cookies explique ce que sont les cookies, comment nous les utilisons, comment les tiers avec lesquels nous pouvons \u00eatre associ\u00e9s peuvent utiliser des cookies sur le service, vos choix concernant les cookies et d&#8217;autres informations sur les cookies.<\/p>\n<\/div>\n\n\n\n<div class=\"wp-block-group has-global-padding is-layout-constrained wp-block-group-is-layout-constrained\" style=\"padding-top:var(--wp--preset--spacing--x-small);padding-bottom:var(--wp--preset--spacing--x-small)\">\n<h3 class=\"wp-block-heading has-text-align-left\"><strong>Que sont les cookies ?<\/strong><\/h3>\n\n\n\n<p>Les cookies sont de petits morceaux de texte envoy\u00e9s \u00e0 votre navigateur web par un site web que vous visitez. Un fichier cookie est stock\u00e9 dans votre navigateur web et permet au service ou \u00e0 un tiers de vous reconna\u00eetre et de rendre votre prochaine visite plus facile et le service plus utile pour vous.<\/p>\n\n\n\n<p>Les cookies peuvent \u00eatre \u00ab persistants \u00bb ou \u00ab de session \u00bb. Les cookies persistants restent sur votre ordinateur personnel ou votre appareil mobile lorsque vous \u00eates hors ligne, tandis que les cookies de session sont supprim\u00e9s d\u00e8s que vous fermez votre navigateur web.<\/p>\n<\/div>\n\n\n\n<div class=\"wp-block-group has-global-padding is-layout-constrained wp-block-group-is-layout-constrained\" style=\"padding-top:var(--wp--preset--spacing--x-small);padding-bottom:var(--wp--preset--spacing--x-small)\">\n<h3 class=\"wp-block-heading\"><strong>Comment I-care utilise les cookies ?<\/strong><\/h3>\n\n\n\n<p>Lorsque vous utilisez le service et y acc\u00e9dez, nous pouvons placer plusieurs fichiers de cookies dans votre navigateur web.<\/p>\n\n\n\n<p>Nous utilisons les cookies aux fins suivantes :<\/p>\n\n\n\n<ul class=\"wp-block-list\">\n<li>Permettre certaines fonctions du service<\/li>\n\n\n\n<li>Fournir des analyses<\/li>\n<\/ul>\n\n\n\n<p>Nous utilisons \u00e0 la fois des cookies de session et des cookies persistants sur le service et nous utilisons diff\u00e9rents types de cookies pour faire fonctionner le service :<\/p>\n\n\n\n<ul class=\"wp-block-list\">\n<li><strong>Cookies essentiels<\/strong>. Nous pouvons utiliser des cookies pour m\u00e9moriser des informations qui modifient le comportement ou l&#8217;apparence du service, telles que les pr\u00e9f\u00e9rences linguistiques d&#8217;un utilisateur sur le service.<\/li>\n\n\n\n<li><strong>Cookies analytiques<\/strong>. Nous pouvons utiliser des cookies analytiques pour recueillir des informations sur la mani\u00e8re dont le service est utilis\u00e9 afin de pouvoir l&#8217;am\u00e9liorer. Nous pouvons \u00e9galement utiliser des cookies analytiques pour tester de nouvelles publicit\u00e9s, pages, caract\u00e9ristiques ou de nouvelles fonctionnalit\u00e9s du service afin de voir comment nos utilisateurs y r\u00e9agissent.<\/li>\n<\/ul>\n<\/div>\n\n\n\n<div class=\"wp-block-group has-global-padding is-layout-constrained wp-block-group-is-layout-constrained\" style=\"padding-top:var(--wp--preset--spacing--x-small);padding-bottom:var(--wp--preset--spacing--x-small)\">\n<h3 class=\"wp-block-heading\"><strong>Cookies de tiers<\/strong><\/h3>\n\n\n\n<p>Outre nos cookies, nous pouvons \u00e9galement utiliser des cookies de tiers pour \u00e9tablir des statistiques d&#8217;utilisation du service, diffuser des publicit\u00e9s sur et par le biais du service, etc.<\/p>\n<\/div>\n\n\n\n<div class=\"wp-block-group has-global-padding is-layout-constrained wp-block-group-is-layout-constrained\" style=\"padding-top:var(--wp--preset--spacing--x-small);padding-bottom:var(--wp--preset--spacing--x-small)\">\n<h3 class=\"wp-block-heading\"><strong>Quels sont vos choix en mati\u00e8re de cookies ?<\/strong><\/h3>\n\n\n\n<p>Si vous souhaitez supprimer les cookies ou demander \u00e0 votre navigateur web de les supprimer ou de les refuser, veuillez consulter les pages d&#8217;aide de votre navigateur web.<\/p>\n\n\n\n<p>Notez toutefois que si vous supprimez les cookies ou refusez de les accepter, il se peut que vous ne puissiez pas utiliser toutes les fonctions que nous offrons, que vous ne puissiez pas enregistrer vos pr\u00e9f\u00e9rences et que certaines de nos pages ne s&#8217;affichent pas correctement.<\/p>\n\n\n\n<ul class=\"wp-block-list\">\n<li>Pour le navigateur web <strong>Chrome<\/strong>, veuillez consulter cette page de Google : https:\/\/support.google.com\/accounts\/answer\/32050<\/li>\n\n\n\n<li>Pour le navigateur Internet <strong>Explorer<\/strong>, veuillez consulter cette page de Microsoft : https:\/\/support.microsoft.com\/kb\/278835<\/li>\n\n\n\n<li>Pour le navigateur web <strong>Firefox<\/strong>, veuillez consulter cette page de Mozilla : https:\/\/support.mozilla.org\/en-US\/kb\/delete-cookies-remove-info-websites-stored<\/li>\n\n\n\n<li>Pour le navigateur web <strong>Safari<\/strong>, veuillez consulter cette page d&#8217;Apple : https:\/\/support.apple.com\/guide\/safari\/manage-cookies-and-website-data-sfri11471\/mac<\/li>\n\n\n\n<li>Pour tout <strong>autre navigateur web<\/strong>, veuillez consulter les pages web officielles de votre navigateur.<\/li>\n<\/ul>\n<\/div>\n\n\n\n<div class=\"wp-block-group has-global-padding is-layout-constrained wp-block-group-is-layout-constrained\" style=\"padding-top:var(--wp--preset--spacing--x-small);padding-bottom:var(--wp--preset--spacing--x-small)\">\n<h3 class=\"wp-block-heading\"><strong>O\u00f9 trouver plus d&#8217;informations sur les cookies ?<\/strong><\/h3>\n\n\n\n<p>Vous pouvez en savoir plus sur les cookies et les sites web de tiers suivants :<\/p>\n\n\n\n<p>All about cookies : https:\/\/www.allaboutcookies.org\/<\/p>\n\n\n\n<p><strong>Network Advertising Initiative<\/strong>: https:\/\/www.networkadvertising.org\/<\/p>\n<\/div>\n<\/div>\n","protected":false},"excerpt":{"rendered":"<p>I-care SRL (\u00ab nous \u00bb, \u00ab nous \u00bb ou \u00ab notre \u00bb) utilise des cookies sur le site web https:\/\/www.icareweb.com (le \u00ab service \u00bb). En utilisant le Service, vous consentez \u00e0 l&#8217;utilisation de cookies. Notre politique en mati\u00e8re de cookies explique ce que sont les cookies, comment nous les utilisons, comment les tiers avec lesquels [&hellip;]<\/p>\n","protected":false},"author":23,"featured_media":0,"parent":0,"menu_order":0,"comment_status":"closed","ping_status":"closed","template":"","meta":{"_acf_changed":false,"_seopress_robots_primary_cat":"0","_seopress_titles_title":"","_seopress_titles_desc":"","_seopress_robots_index":"","content-type":"","inline_featured_image":false,"footnotes":""},"page_category":[162],"class_list":{"0":"post-3799","1":"page","2":"type-page","3":"status-publish","5":"page_category-website-pages"},"acf":[],"_links":{"self":[{"href":"https:\/\/www.icareweb.com\/fr\/wp-json\/wp\/v2\/pages\/3799","targetHints":{"allow":["GET"]}}],"collection":[{"href":"https:\/\/www.icareweb.com\/fr\/wp-json\/wp\/v2\/pages"}],"about":[{"href":"https:\/\/www.icareweb.com\/fr\/wp-json\/wp\/v2\/types\/page"}],"author":[{"embeddable":true,"href":"https:\/\/www.icareweb.com\/fr\/wp-json\/wp\/v2\/users\/23"}],"replies":[{"embeddable":true,"href":"https:\/\/www.icareweb.com\/fr\/wp-json\/wp\/v2\/comments?post=3799"}],"version-history":[{"count":0,"href":"https:\/\/www.icareweb.com\/fr\/wp-json\/wp\/v2\/pages\/3799\/revisions"}],"wp:attachment":[{"href":"https:\/\/www.icareweb.com\/fr\/wp-json\/wp\/v2\/media?parent=3799"}],"wp:term":[{"taxonomy":"page_category","embeddable":true,"href":"https:\/\/www.icareweb.com\/fr\/wp-json\/wp\/v2\/page_category?post=3799"}],"curies":[{"name":"wp","href":"https:\/\/api.w.org\/{rel}","templated":true}]}}