{"id":3834,"date":"2022-03-02T15:47:52","date_gmt":"2022-03-02T14:47:52","guid":{"rendered":"https:\/\/i-care.local\/prescriptive-maintenance\/"},"modified":"2026-03-19T11:34:18","modified_gmt":"2026-03-19T10:34:18","slug":"ingenierie-fiabilite","status":"publish","type":"page","link":"https:\/\/www.icareweb.com\/fr\/solutions\/performance-industrielle\/ingenierie-fiabilite\/","title":{"rendered":"Ing\u00e9nierie de fiabilit\u00e9"},"content":{"rendered":"\n<div class=\"wp-block-group alignfull icare-hero is-style-shade-left has-background has-global-padding is-layout-constrained wp-block-group-is-layout-constrained\" style=\"background:linear-gradient(135deg,rgb(247,248,253) 0%,rgba(247,248,252,0.49) 100%);margin-top:0;margin-bottom:0;padding-top:var(--wp--preset--spacing--medium);padding-bottom:var(--wp--preset--spacing--xx-large);--octopods-group-overlay-color:#27498C;--octopods-group-overflow:hidden;--octopods-group-position:relative\">\n<div style=\"height:150px\" aria-hidden=\"true\" class=\"wp-block-spacer block-visibility-hide-small-screen\"><\/div>\n\n\n\n<div style=\"height:45px\" aria-hidden=\"true\" class=\"wp-block-spacer block-visibility-hide-large-screen block-visibility-hide-medium-screen\"><\/div>\n\n\n\n<div class=\"wp-block-group icare-hero__content is-content-justification-space-between is-nowrap is-layout-flex wp-container-core-group-is-layout-cb46ffcb wp-block-group-is-layout-flex\" style=\"min-height:35vh;--octopods-group-z-index:2;aspect-ratio:unset;\">\n<div class=\"wp-block-columns are-vertically-aligned-center is-style-columns-reverse wp-container-content-9cfa9a5a is-layout-flex wp-container-core-columns-is-layout-28f84493 wp-block-columns-is-layout-flex\">\n<div class=\"wp-block-column is-vertically-aligned-center is-layout-flow wp-block-column-is-layout-flow\" data-aos=\"fade\" data-aos-duration=\"900\" data-aos-easing=\"ease-in-out\" data-aos-once=\"true\">\n<div class=\"wp-block-group is-layout-flow wp-block-group-is-layout-flow\" style=\"padding-right:35px\">\n<h1 class=\"wp-block-heading\">Ing\u00e9nierie de fiabilit\u00e9<\/h1>\n\n\n\n<p style=\"font-size:clamp(0.875rem, 0.875rem + ((1vw - 0.2rem) * 0.531), 1.3rem);\">Optimisez votre efficacit\u00e9 gr\u00e2ce \u00e0 notre soutien technique sp\u00e9cialis\u00e9. Adapt\u00e9 \u00e0 chaque projet.<\/p>\n\n\n\n<div class=\"wp-block-buttons is-layout-flex wp-block-buttons-is-layout-flex\">\n<div class=\"wp-block-button\"><a class=\"wp-block-button__link wp-element-button\" href=\"#icare-more-content\">En savoir plus<\/a><\/div>\n<\/div>\n\n\n\n<div style=\"height:2vw\" aria-hidden=\"true\" class=\"wp-block-spacer\"><\/div>\n<\/div>\n<\/div>\n\n\n\n<div class=\"wp-block-column is-vertically-aligned-center is-layout-flow wp-block-column-is-layout-flow\" data-aos=\"fade-right\" data-aos-duration=\"900\" data-aos-easing=\"ease-in-out\" data-aos-once=\"true\">\n<div class=\"wp-block-group has-global-padding is-layout-constrained wp-block-group-is-layout-constrained\" style=\"--octopods-group-position:relative\">\n<figure class=\"wp-block-image size-full has-custom-border\"><img alt=\"\" loading=\"lazy\" decoding=\"async\" width=\"860\" height=\"573\" src=\"https:\/\/www.icareweb.com\/wp-content\/uploads\/2024\/09\/outside-industry-03.jpg\" alt=\"\" class=\"wp-image-23714\" style=\"border-radius:20px;box-shadow:var(--wp--preset--shadow--deep);aspect-ratio:4\/3;object-fit:cover\" srcset=\"https:\/\/www.icareweb.com\/wp-content\/uploads\/2024\/09\/outside-industry-03.jpg 860w, https:\/\/www.icareweb.com\/wp-content\/uploads\/2024\/09\/outside-industry-03-600x400.jpg 600w, https:\/\/www.icareweb.com\/wp-content\/uploads\/2024\/09\/outside-industry-03-768x512.jpg 768w\" sizes=\"auto, (max-width: 860px) 100vw, 860px\" \/><\/figure>\n<\/div>\n<\/div>\n<\/div>\n<\/div>\n\n\n\n<div class=\"wp-block-group alignfull icare-hero__divider is-layout-flow wp-block-group-is-layout-flow\" style=\"margin-top:0px;margin-bottom:0px;--octopods-group-position:absolute;--octopods-group-bottom:0px;--octopods-group-left:0px;--octopods-group-right:0px\">\n<div style=\"min-height:350px;margin-top:0px;--octopods-divider-shape-color:#ffffff;--octopods-divider-icon-color:;--octopods-divider-icon-size:20px;--octopods-divider-icon-align:center;--octopods-divider-icon-justify:center\" class=\"wp-block-octopods-divider alignfull\"><div class=\"wp-block-octopods-divider__shape\"><svg xmlns=\"http:\/\/www.w3.org\/2000\/svg\" aria-hidden=\"true\" class=\"curve-asymmetrical_svg__octopods-divider-svg curve-asymmetrical_svg__octopods-divider-svg--curve-asymmetrical\" preserveAspectRatio=\"none\" viewBox=\"0 0 1600 200\"><path d=\"M-10 207.6h1620S1430.8 23.8 1138.3 23.8C884 23.8 234.9 140.1-10 197.9z\"><\/path><\/svg><\/div><\/div>\n<\/div>\n<\/div>\n\n\n\n<div class=\"wp-block-getwid-anchor\" id=\"icare-more-content\"><\/div>\n\n\n\n<div class=\"wp-block-group alignfull is-style-default has-global-padding is-layout-constrained wp-block-group-is-layout-constrained\" style=\"margin-top:0;margin-bottom:0;padding-top:var(--wp--preset--spacing--small);padding-bottom:var(--wp--preset--spacing--large);--octopods-group-z-index:\">\n<div class=\"wp-block-columns are-vertically-aligned-center is-layout-flex wp-container-core-columns-is-layout-28f84493 wp-block-columns-is-layout-flex\">\n<div class=\"wp-block-column is-vertically-aligned-center is-layout-flow wp-block-column-is-layout-flow\">\n<figure class=\"wp-block-image size-full has-custom-border\"><img alt=\"\" loading=\"lazy\" decoding=\"async\" width=\"1920\" height=\"1280\" src=\"https:\/\/www.icareweb.com\/wp-content\/uploads\/2024\/09\/pumps-02.jpg\" alt=\"\" class=\"wp-image-24006\" style=\"border-radius:20px\" srcset=\"https:\/\/www.icareweb.com\/wp-content\/uploads\/2024\/09\/pumps-02.jpg 1920w, https:\/\/www.icareweb.com\/wp-content\/uploads\/2024\/09\/pumps-02-1280x853.jpg 1280w, https:\/\/www.icareweb.com\/wp-content\/uploads\/2024\/09\/pumps-02-600x400.jpg 600w, https:\/\/www.icareweb.com\/wp-content\/uploads\/2024\/09\/pumps-02-768x512.jpg 768w, https:\/\/www.icareweb.com\/wp-content\/uploads\/2024\/09\/pumps-02-1536x1024.jpg 1536w, https:\/\/www.icareweb.com\/wp-content\/uploads\/2024\/09\/pumps-02-1200x800.jpg 1200w, https:\/\/www.icareweb.com\/wp-content\/uploads\/2024\/09\/pumps-02-1620x1080.jpg 1620w\" sizes=\"auto, (max-width: 1920px) 100vw, 1920px\" \/><\/figure>\n<\/div>\n\n\n\n<div class=\"wp-block-column is-vertically-aligned-center is-layout-flow wp-container-core-column-is-layout-c7b3064f wp-block-column-is-layout-flow\">\n<div class=\"wp-block-group is-vertical is-layout-flex wp-container-core-group-is-layout-fe9cc265 wp-block-group-is-layout-flex\">\n<h2 class=\"wp-block-heading\">Passez la fiabilit\u00e9 de vos \u00e9quipements au niveau sup\u00e9rieur<\/h2>\n<\/div>\n\n\n\n<div class=\"wp-block-group is-vertical is-layout-flex wp-container-core-group-is-layout-fe9cc265 wp-block-group-is-layout-flex\">\n<p>Nous offrons \u00e0 nos clients des solutions compl\u00e8tes de gestion du cycle de vie des \u00e9quipements et d&#8217;optimisation des processus, con\u00e7ues pour augmenter les revenus, garantir la conformit\u00e9 et minimiser les co\u00fbts.<\/p>\n<\/div>\n\n\n\n<div class=\"wp-block-group has-primary-color has-text-color has-link-color wp-elements-e43d9975658862271aa8f356c153989a is-content-justification-left is-nowrap is-layout-flex wp-container-core-group-is-layout-ab6733dc wp-block-group-is-layout-flex\">\n<div class=\"wp-block-group is-vertical is-content-justification-center is-layout-flex wp-container-core-group-is-layout-81423f52 wp-block-group-is-layout-flex\">\n<div class=\"wp-block-getwid-icon\"><div class=\"wp-block-getwid-icon__wrapper\" style=\"font-size:25px;padding:5px\"><i class=\"ph-duotone ph-money-wavy\"><\/i><\/div><\/div>\n\n\n\n<p class=\"has-text-align-center\"><strong>Optimisation des co\u00fbts <\/strong><\/p>\n<\/div>\n\n\n\n<div class=\"wp-block-group is-vertical is-content-justification-center is-layout-flex wp-container-core-group-is-layout-81423f52 wp-block-group-is-layout-flex\">\n<div class=\"wp-block-getwid-icon\"><div class=\"wp-block-getwid-icon__wrapper\" style=\"font-size:25px;padding:5px\"><i class=\"ph-duotone ph-chart-line-up\"><\/i><\/div><\/div>\n\n\n\n<p class=\"has-text-align-center\"><strong>Efficacit\u00e9 et rentabilit\u00e9 accrues<\/strong><\/p>\n<\/div>\n\n\n\n<div class=\"wp-block-group is-vertical is-content-justification-center is-layout-flex wp-container-core-group-is-layout-81423f52 wp-block-group-is-layout-flex\">\n<div class=\"wp-block-getwid-icon\"><div class=\"wp-block-getwid-icon__wrapper\" style=\"font-size:25px;padding:5px\"><i class=\"ph-duotone ph-handshake\"><\/i><\/div><\/div>\n\n\n\n<p class=\"has-text-align-center\"><strong>Conformit\u00e9 assur\u00e9e<\/strong><\/p>\n<\/div>\n<\/div>\n\n\n\n<div class=\"wp-block-buttons is-layout-flex wp-block-buttons-is-layout-flex\">\n<div class=\"wp-block-button\"><a class=\"wp-block-button__link has-secondary-background-color has-background wp-element-button\" href=\"https:\/\/www.icareweb.com\/fr\/contact\/\">Contactez nous<\/a><\/div>\n<\/div>\n<\/div>\n<\/div>\n<\/div>\n\n\n\n<div class=\"wp-block-group alignfull has-global-padding is-layout-constrained wp-container-core-group-is-layout-caac5540 wp-block-group-is-layout-constrained\" style=\"margin-top:0;margin-bottom:0;padding-top:var(--wp--preset--spacing--x-large);padding-bottom:var(--wp--preset--spacing--large);--octopods-group-z-index:2\">\n<div class=\"wp-block-group has-global-padding is-layout-constrained wp-container-core-group-is-layout-ff9531a3 wp-block-group-is-layout-constrained\" style=\"padding-right:var(--wp--preset--spacing--xx-large);padding-left:var(--wp--preset--spacing--xx-large)\">\n<p class=\"has-text-align-center has-secondary-color has-text-color has-link-color wp-elements-962d338488e96c2997c7ec497b93b664\"><strong>Ing\u00e9nierie de fiabilit\u00e9<\/strong><\/p>\n\n\n\n<h2 class=\"wp-block-heading has-text-align-center has-contrast-color has-text-color has-link-color wp-elements-efd76bd04cfdf47223250a676a03ba86\">La triple force<\/h2>\n<\/div>\n\n\n\n<div class=\"wp-block-group is-layout-grid wp-container-core-group-is-layout-666055a6 wp-block-group-is-layout-grid\" style=\"padding-top:0;padding-right:0;padding-bottom:0;padding-left:0;--octopods-group-overflow:hidden;--octopods-group-grid-columns-tablet:3;--octopods-group-grid-columns-mobile:1;--octopods-group-position:relative\">\n<div class=\"wp-block-group icare-card--feature has-base-background-color has-background has-global-padding is-layout-constrained wp-block-group-is-layout-constrained\" style=\"border-radius:20px;--octopods-group-overflow:hidden;--octopods-group-position:relative\">\n<p><a href=\"https:\/\/www.icareweb.com\/fr\/solutions\/performance-industrielle\/ingenierie-fiabilite\/definition-meilleure-maintenance\/\">D\u00e9finition de <\/a><br><a href=\"https:\/\/www.icareweb.com\/fr\/solutions\/performance-industrielle\/ingenierie-fiabilite\/definition-meilleure-maintenance\/\">la meilleure maintenance<\/a><\/p>\n\n\n\n<figure class=\"wp-block-image size-full\"><img alt=\"\" loading=\"lazy\" decoding=\"async\" width=\"860\" height=\"573\" src=\"https:\/\/www.icareweb.com\/wp-content\/uploads\/2024\/09\/maintenance-schema-01.jpg\" alt=\"\" class=\"wp-image-22823\" style=\"aspect-ratio:1;object-fit:cover\" srcset=\"https:\/\/www.icareweb.com\/wp-content\/uploads\/2024\/09\/maintenance-schema-01.jpg 860w, https:\/\/www.icareweb.com\/wp-content\/uploads\/2024\/09\/maintenance-schema-01-600x400.jpg 600w, https:\/\/www.icareweb.com\/wp-content\/uploads\/2024\/09\/maintenance-schema-01-768x512.jpg 768w\" sizes=\"auto, (max-width: 860px) 100vw, 860px\" \/><\/figure>\n\n\n\n<div class=\"wp-block-group pointer-none icare-card--feature__text has-contrast-color has-base-background-color has-text-color has-background has-link-color wp-elements-b2fbe5f6d12cb7daa8f849c94924f6a4 is-layout-flow wp-block-group-is-layout-flow\" style=\"padding-top:var(--wp--preset--spacing--small);padding-right:var(--wp--preset--spacing--x-small);padding-bottom:var(--wp--preset--spacing--small);padding-left:var(--wp--preset--spacing--x-small);--octopods-group-z-index:2;--octopods-group-position:absolute;--octopods-group-bottom:0px;--octopods-group-left:0px;--octopods-group-right:0px\">\n<h3 class=\"wp-block-heading has-text-align-center\">D\u00e9finition de la meilleure maintenance <\/h3>\n<\/div>\n<\/div>\n\n\n\n<div class=\"wp-block-group icare-card--feature has-base-background-color has-background has-global-padding is-layout-constrained wp-block-group-is-layout-constrained\" style=\"border-radius:20px;--octopods-group-overflow:hidden;--octopods-group-position:relative\">\n<p><br><a href=\"https:\/\/www.icareweb.com\/fr\/solutions\/performance-industrielle\/ingenierie-fiabilite\/maintenance-efficace\/\">Maintenance<\/a><a href=\"https:\/\/www.icareweb.com\/fr\/solutions\/performance-industrielle\/ingenierie-fiabilite\/maintenance-efficace\/\"> efficace<\/a><\/p>\n\n\n\n<figure class=\"wp-block-image size-full\"><img alt=\"\" loading=\"lazy\" decoding=\"async\" width=\"750\" height=\"830\" src=\"https:\/\/www.icareweb.com\/wp-content\/uploads\/2024\/09\/employee-working-at-computer-01.jpg\" alt=\"\" class=\"wp-image-22547\" style=\"aspect-ratio:1;object-fit:cover\" srcset=\"https:\/\/www.icareweb.com\/wp-content\/uploads\/2024\/09\/employee-working-at-computer-01.jpg 750w, https:\/\/www.icareweb.com\/wp-content\/uploads\/2024\/09\/employee-working-at-computer-01-542x600.jpg 542w, https:\/\/www.icareweb.com\/wp-content\/uploads\/2024\/09\/employee-working-at-computer-01-407x450.jpg 407w\" sizes=\"auto, (max-width: 750px) 100vw, 750px\" \/><\/figure>\n\n\n\n<div class=\"wp-block-group pointer-none icare-card--feature__text has-contrast-color has-base-background-color has-text-color has-background has-link-color wp-elements-e9e19c2cb4b0c32c2d40b863f5db7f91 is-layout-flow wp-block-group-is-layout-flow\" style=\"padding-top:var(--wp--preset--spacing--small);padding-right:var(--wp--preset--spacing--x-small);padding-bottom:var(--wp--preset--spacing--small);padding-left:var(--wp--preset--spacing--x-small);--octopods-group-z-index:2;--octopods-group-position:absolute;--octopods-group-bottom:0px;--octopods-group-left:0px;--octopods-group-right:0px\">\n<h3 class=\"wp-block-heading has-text-align-center\">Maintenance<br>efficace<\/h3>\n<\/div>\n<\/div>\n\n\n\n<div class=\"wp-block-group icare-card--feature has-base-background-color has-background wp-container-content-574e1f9d has-global-padding is-layout-constrained wp-block-group-is-layout-constrained\" style=\"border-radius:20px;--octopods-group-overflow:hidden;--octopods-group-position:relative\">\n<p><br><a href=\"https:\/\/www.icareweb.com\/fr\/solutions\/performance-industrielle\/ingenierie-fiabilite\/amelioration-continue\/\">Am\u00e9lioration continue<\/a><\/p>\n\n\n\n<figure class=\"wp-block-image size-large\"><img alt=\"\" loading=\"lazy\" decoding=\"async\" width=\"1920\" height=\"1280\" src=\"https:\/\/www.icareweb.com\/wp-content\/uploads\/2024\/09\/team-02-1920x1280.jpg\" alt=\"\" class=\"wp-image-22895\" style=\"aspect-ratio:1;object-fit:cover\" srcset=\"https:\/\/www.icareweb.com\/wp-content\/uploads\/2024\/09\/team-02-1920x1280.jpg 1920w, https:\/\/www.icareweb.com\/wp-content\/uploads\/2024\/09\/team-02-1280x853.jpg 1280w, https:\/\/www.icareweb.com\/wp-content\/uploads\/2024\/09\/team-02-600x400.jpg 600w, https:\/\/www.icareweb.com\/wp-content\/uploads\/2024\/09\/team-02-768x512.jpg 768w, https:\/\/www.icareweb.com\/wp-content\/uploads\/2024\/09\/team-02-1536x1024.jpg 1536w, https:\/\/www.icareweb.com\/wp-content\/uploads\/2024\/09\/team-02-1200x800.jpg 1200w, https:\/\/www.icareweb.com\/wp-content\/uploads\/2024\/09\/team-02-1620x1080.jpg 1620w, https:\/\/www.icareweb.com\/wp-content\/uploads\/2024\/09\/team-02.jpg 2048w\" sizes=\"auto, (max-width: 1920px) 100vw, 1920px\" \/><\/figure>\n\n\n\n<div class=\"wp-block-group pointer-none icare-card--feature__text has-contrast-color has-base-background-color has-text-color has-background has-link-color wp-elements-361aba5b5e68dab7a5b21318f2683ef2 is-layout-flow wp-block-group-is-layout-flow\" style=\"padding-top:var(--wp--preset--spacing--small);padding-right:var(--wp--preset--spacing--x-small);padding-bottom:var(--wp--preset--spacing--small);padding-left:var(--wp--preset--spacing--x-small);--octopods-group-z-index:2;--octopods-group-position:absolute;--octopods-group-bottom:0px;--octopods-group-left:0px;--octopods-group-right:0px\">\n<h3 class=\"wp-block-heading has-text-align-center\">Am\u00e9lioration<br>continue<\/h3>\n<\/div>\n<\/div>\n<\/div>\n<\/div>\n\n\n\n<div class=\"wp-block-group alignfull is-style-default has-global-padding is-layout-constrained wp-block-group-is-layout-constrained\" style=\"margin-top:0;margin-bottom:0;padding-top:var(--wp--preset--spacing--x-large);padding-bottom:var(--wp--preset--spacing--xx-large);--octopods-group-z-index:2\">\n<div class=\"wp-block-columns are-vertically-aligned-center is-layout-flex wp-container-core-columns-is-layout-28f84493 wp-block-columns-is-layout-flex\">\n<div class=\"wp-block-column is-vertically-aligned-center is-layout-flow wp-container-core-column-is-layout-c7b3064f wp-block-column-is-layout-flow\">\n<div class=\"wp-block-group is-vertical is-layout-flex wp-container-core-group-is-layout-fe9cc265 wp-block-group-is-layout-flex\">\n<h2 class=\"wp-block-heading\"><strong><strong>Acc\u00e9dez \u00e0 l\u2019expertise au service de la performance<\/strong><\/strong><\/h2>\n<\/div>\n\n\n\n<div class=\"wp-block-group is-vertical is-layout-flex wp-container-core-group-is-layout-fe9cc265 wp-block-group-is-layout-flex\">\n<p>La performance repose sur la bonne expertise. En tant que leader mondial de la maintenance pr\u00e9dictive et de la fiabilit\u00e9, I-care rend son expertise accessible \u00e0 travers une s\u00e9lection de profils disponibles.<\/p>\n\n\n\n<p>Ces professionnels apportent une exp\u00e9rience terrain \u00e9prouv\u00e9e, une compr\u00e9hension approfondie de la performance industrielle et une approche orient\u00e9e r\u00e9sultats pour soutenir vos op\u00e9rations.<\/p>\n<\/div>\n\n\n\n<div class=\"wp-block-buttons is-layout-flex wp-block-buttons-is-layout-flex\">\n<div class=\"wp-block-button\"><a class=\"wp-block-button__link wp-element-button\" href=\"https:\/\/www.icareweb.com\/fr\/profils-disponibles\/\">Voir les profils disponibles<\/a><\/div>\n<\/div>\n<\/div>\n\n\n\n<div class=\"wp-block-column is-vertically-aligned-center is-layout-flow wp-block-column-is-layout-flow\">\n<figure class=\"wp-block-image size-full has-custom-border\"><img alt=\"\" loading=\"lazy\" decoding=\"async\" width=\"1920\" height=\"1280\" src=\"https:\/\/www.icareweb.com\/wp-content\/uploads\/2025\/07\/team-icare-51.jpg\" alt=\"\" class=\"wp-image-51035\" style=\"border-radius:20px\" srcset=\"https:\/\/www.icareweb.com\/wp-content\/uploads\/2025\/07\/team-icare-51.jpg 1920w, https:\/\/www.icareweb.com\/wp-content\/uploads\/2025\/07\/team-icare-51-1280x853.jpg 1280w, https:\/\/www.icareweb.com\/wp-content\/uploads\/2025\/07\/team-icare-51-600x400.jpg 600w, https:\/\/www.icareweb.com\/wp-content\/uploads\/2025\/07\/team-icare-51-768x512.jpg 768w, https:\/\/www.icareweb.com\/wp-content\/uploads\/2025\/07\/team-icare-51-1536x1024.jpg 1536w, https:\/\/www.icareweb.com\/wp-content\/uploads\/2025\/07\/team-icare-51-1200x800.jpg 1200w, https:\/\/www.icareweb.com\/wp-content\/uploads\/2025\/07\/team-icare-51-1620x1080.jpg 1620w\" sizes=\"auto, (max-width: 1920px) 100vw, 1920px\" \/><\/figure>\n<\/div>\n<\/div>\n<\/div>\n\n\n\n<div style=\"min-height:50vh;margin-top:-50vh;--octopods-divider-shape-color:#F7F8FD;--octopods-divider-icon-color:;--octopods-divider-icon-size:20px;--octopods-divider-icon-align:center;--octopods-divider-icon-justify:center\" class=\"wp-block-octopods-divider alignfull\"><div class=\"wp-block-octopods-divider__shape\"><svg xmlns=\"http:\/\/www.w3.org\/2000\/svg\" class=\"angle-layered_svg__octopods-divider-svg angle-layered_svg__octopods-divider-svg--angle-layered\" preserveAspectRatio=\"none\" viewBox=\"0 0 2600 129\"><path d=\"M2600 64 0 128v1h2600z\"><\/path><path d=\"M0 129h2600V64H0z\" opacity=\"0.5\"><\/path><path d=\"M2600 64 0 0v129h2600z\" opacity=\"0.5\"><\/path><\/svg><\/div><\/div>\n\n\n\n<div class=\"wp-block-group alignfull has-base-color has-text-color has-link-color wp-elements-203b07d0ce10f1860a1d9b5f18898dc1 has-global-padding is-layout-constrained wp-block-group-is-layout-constrained\" style=\"margin-top:0;margin-bottom:0;padding-top:var(--wp--preset--spacing--large);padding-bottom:var(--wp--preset--spacing--large);--octopods-group-overlay-gradient:linear-gradient(245deg, rgba(32,39,97,0.82) 0%, #0E1132 87%);--octopods-group-background-image:url(https:\/\/www.icareweb.com\/wp-content\/uploads\/2024\/08\/dscf8660.jpg);--octopods-group-background-position:50% 50%;--octopods-group-background-size:cover;--octopods-group-background-repeat:no-repeat;--octopods-group-background-attachment:scroll\">\n<h2 class=\"wp-block-heading has-text-align-center\">Pr\u00eat \u00e0 optimiser la maintenance <br>de vos \u00e9quipements ?<\/h2>\n\n\n\n<div class=\"wp-block-buttons is-content-justification-center is-layout-flex wp-container-core-buttons-is-layout-a89b3969 wp-block-buttons-is-layout-flex\">\n<div class=\"wp-block-button\"><a rel=\"\" target=\"\" href=\"https:\/\/www.icareweb.com\/fr\/contact\/\" class=\"wp-block-button__link has-secondary-background-color has-background has-border-color has-secondary-border-color wp-element-button\">Parler \u00e0 un expert<\/a><\/div>\n<\/div>\n<\/div>\n","protected":false},"excerpt":{"rendered":"<p>Passez la fiabilit\u00e9 de vos \u00e9quipements au niveau sup\u00e9rieur Nous offrons \u00e0 nos clients des solutions compl\u00e8tes de gestion du cycle de vie des \u00e9quipements et d&#8217;optimisation des processus, con\u00e7ues pour augmenter les revenus, garantir la conformit\u00e9 et minimiser les co\u00fbts. Optimisation des co\u00fbts Efficacit\u00e9 et rentabilit\u00e9 accrues Conformit\u00e9 assur\u00e9e Ing\u00e9nierie de fiabilit\u00e9 La triple [&hellip;]<\/p>\n","protected":false},"author":23,"featured_media":23716,"parent":23832,"menu_order":0,"comment_status":"closed","ping_status":"closed","template":"","meta":{"_acf_changed":false,"_seopress_robots_primary_cat":"","_seopress_titles_title":"Services d'Ing\u00e9nierie de Fiabilit\u00e9 : Performance des \u00e9quipements %%sep%% %%sitename%%","_seopress_titles_desc":"D\u00e9couvrez nos services d\u2019ing\u00e9nierie de fiabilit\u00e9. Nous assurons la gestion du cycle de vie de vos \u00e9quipements et d\u00e9veloppons des strat\u00e9gies de maintenance bas\u00e9es sur les donn\u00e9es pour am\u00e9liorer l\u2019efficacit\u00e9.","_seopress_robots_index":"","content-type":"","inline_featured_image":false,"footnotes":""},"page_category":[162],"class_list":{"0":"post-3834","1":"page","2":"type-page","3":"status-publish","4":"has-post-thumbnail","6":"page_category-website-pages"},"acf":[],"_links":{"self":[{"href":"https:\/\/www.icareweb.com\/fr\/wp-json\/wp\/v2\/pages\/3834","targetHints":{"allow":["GET"]}}],"collection":[{"href":"https:\/\/www.icareweb.com\/fr\/wp-json\/wp\/v2\/pages"}],"about":[{"href":"https:\/\/www.icareweb.com\/fr\/wp-json\/wp\/v2\/types\/page"}],"author":[{"embeddable":true,"href":"https:\/\/www.icareweb.com\/fr\/wp-json\/wp\/v2\/users\/23"}],"replies":[{"embeddable":true,"href":"https:\/\/www.icareweb.com\/fr\/wp-json\/wp\/v2\/comments?post=3834"}],"version-history":[{"count":2,"href":"https:\/\/www.icareweb.com\/fr\/wp-json\/wp\/v2\/pages\/3834\/revisions"}],"predecessor-version":[{"id":91773,"href":"https:\/\/www.icareweb.com\/fr\/wp-json\/wp\/v2\/pages\/3834\/revisions\/91773"}],"up":[{"embeddable":true,"href":"https:\/\/www.icareweb.com\/fr\/wp-json\/wp\/v2\/pages\/23832"}],"wp:featuredmedia":[{"embeddable":true,"href":"https:\/\/www.icareweb.com\/fr\/wp-json\/wp\/v2\/media\/23716"}],"wp:attachment":[{"href":"https:\/\/www.icareweb.com\/fr\/wp-json\/wp\/v2\/media?parent=3834"}],"wp:term":[{"taxonomy":"page_category","embeddable":true,"href":"https:\/\/www.icareweb.com\/fr\/wp-json\/wp\/v2\/page_category?post=3834"}],"curies":[{"name":"wp","href":"https:\/\/api.w.org\/{rel}","templated":true}]}}