{"id":48207,"date":"2025-07-01T09:53:07","date_gmt":"2025-07-01T07:53:07","guid":{"rendered":"https:\/\/www.icareweb.com\/soluzioni\/manutenzione-predittiva\/hardware\/datasheet\/"},"modified":"2026-04-22T14:44:27","modified_gmt":"2026-04-22T12:44:27","slug":"datasheet","status":"publish","type":"page","link":"https:\/\/www.icareweb.com\/it\/soluzioni\/manutenzione-predittiva\/hardware\/scheda-tecnica\/","title":{"rendered":"Datasheet"},"content":{"rendered":"\n<div class=\"wp-block-group alignfull icare-hero is-style-shade-left has-background has-global-padding is-layout-constrained wp-block-group-is-layout-constrained\" style=\"background:linear-gradient(135deg,rgb(247,248,253) 0%,rgba(247,248,252,0.49) 100%);margin-top:0;margin-bottom:0;padding-top:var(--wp--preset--spacing--medium);padding-bottom:var(--wp--preset--spacing--xx-large);--octopods-group-overlay-color:#27498C;--octopods-group-overflow:hidden;--octopods-group-position:relative\">\n<div style=\"height:150px\" aria-hidden=\"true\" class=\"wp-block-spacer\"><\/div>\n\n\n\n<div class=\"wp-block-group has-primary-color has-text-color has-link-color wp-elements-351d0fe17383efa6da5cc38fea4060be has-global-padding is-layout-constrained wp-container-core-group-is-layout-639b5052 wp-block-group-is-layout-constrained\" style=\"border-radius:50px;padding-top:0;padding-right:0;padding-bottom:0;padding-left:0\"><\/div>\n\n\n\n<div class=\"wp-block-group icare-hero__content is-content-justification-space-between is-nowrap is-layout-flex wp-container-core-group-is-layout-cb46ffcb wp-block-group-is-layout-flex\" style=\"min-height:35vh;--octopods-group-z-index:2;aspect-ratio:unset;\">\n<div class=\"wp-block-columns is-style-columns-reverse wp-container-content-9cfa9a5a is-layout-flex wp-container-core-columns-is-layout-28f84493 wp-block-columns-is-layout-flex\">\n<div class=\"wp-block-column is-layout-flow wp-container-core-column-is-layout-c7b3064f wp-block-column-is-layout-flow\" style=\"flex-basis:50%\" data-aos=\"fade\" data-aos-duration=\"900\" data-aos-easing=\"ease-in-out\" data-aos-once=\"true\">\n<h1 class=\"wp-block-heading has-contrast-color has-text-color has-link-color wp-elements-6d76fd122fcc67092806779f76c6d70c\"><mark style=\"background-color:rgba(0, 0, 0, 0)\" class=\"has-inline-color has-contrast-color\">Potenza dentro, affidabilit\u00e0 davanti!<\/mark><\/h1>\n\n\n\n<p style=\"font-size:clamp(0.875rem, 0.875rem + ((1vw - 0.2rem) * 0.531), 1.3rem);\">Basato su 14 anni di ricerca e sviluppo, il sensore di I-care offre dati di vibrazione della massima qualit\u00e0 grazie al vero rilevamento piezoelettrico, alla velocit\u00e0 di campionamento pi\u00f9 elevata e alla tecnologia brevettata I-DNA\u2122, che consente di rilevare i guasti nel modo pi\u00f9 precoce possibile.<\/p>\n\n\n\n<div class=\"wp-block-group has-global-padding is-content-justification-left is-layout-constrained wp-container-core-group-is-layout-12dd3699 wp-block-group-is-layout-constrained\">\n<hr class=\"wp-block-separator has-text-color has-secondary-color has-alpha-channel-opacity has-secondary-background-color has-background is-style-default\"\/>\n<\/div>\n\n\n\n<div class=\"wp-block-group has-primary-color has-text-color has-link-color wp-elements-a86771b7a9137bbf0b91fce75e10fa75 is-vertical is-layout-flex wp-container-core-group-is-layout-e9e558ad wp-block-group-is-layout-flex\" style=\"font-size:clamp(0.875rem, 0.875rem + ((1vw - 0.2rem) * 0.531), 1.3rem);\">\n<div class=\"wp-block-group is-horizontal is-nowrap is-layout-flex wp-container-core-group-is-layout-edc3bc78 wp-block-group-is-layout-flex\">\n<div class=\"wp-block-getwid-icon\"><div class=\"wp-block-getwid-icon__wrapper\" style=\"font-size:25px;padding:0px\"><i class=\"ph-duotone ph-resize\"><\/i><\/div><\/div>\n\n\n\n<p style=\"font-size:clamp(0.875rem, 0.875rem + ((1vw - 0.2rem) * 0.531), 1.3rem);\"><strong>Caratteristiche del prodotto<\/strong><\/p>\n<\/div>\n\n\n\n<div class=\"wp-block-group is-horizontal is-nowrap is-layout-flex wp-container-core-group-is-layout-edc3bc78 wp-block-group-is-layout-flex\">\n<div class=\"wp-block-getwid-icon\"><div class=\"wp-block-getwid-icon__wrapper\" style=\"font-size:25px;padding:0px\"><i class=\"ph-duotone ph-seal-check\"><\/i><\/div><\/div>\n\n\n\n<p style=\"font-size:clamp(0.875rem, 0.875rem + ((1vw - 0.2rem) * 0.531), 1.3rem);\"><strong>Conformit\u00e0<\/strong><\/p>\n<\/div>\n\n\n\n<div class=\"wp-block-group is-horizontal is-nowrap is-layout-flex wp-container-core-group-is-layout-edc3bc78 wp-block-group-is-layout-flex\">\n<div class=\"wp-block-getwid-icon\"><div class=\"wp-block-getwid-icon__wrapper\" style=\"font-size:25px;padding:0px\"><i class=\"ph-duotone ph-fan\"><\/i><\/div><\/div>\n\n\n\n<p style=\"font-size:clamp(0.875rem, 0.875rem + ((1vw - 0.2rem) * 0.531), 1.3rem);\"><strong>Condizioni di funzionamento<\/strong><\/p>\n<\/div>\n<\/div>\n<\/div>\n\n\n\n<div class=\"wp-block-column is-vertically-aligned-center is-layout-flow wp-block-column-is-layout-flow\" style=\"flex-basis:50%\" data-aos=\"fade-right\" data-aos-duration=\"900\" data-aos-easing=\"ease-in-out\" data-aos-once=\"true\">\n<div class=\"wp-block-group has-base-background-color has-background has-global-padding is-layout-constrained wp-container-core-group-is-layout-d53eb030 wp-block-group-is-layout-constrained\" style=\"border-radius:25px;padding-top:0;padding-right:var(--wp--preset--spacing--x-small);padding-bottom:0;padding-left:var(--wp--preset--spacing--x-small);box-shadow:var(--wp--preset--shadow--natural);--octopods-group-position:relative\">\n<div class=\"wp-block-leadin-hubspot-form-block\">\n\t\t\t<div\n\t\t\tclass=\"hs-form-frame\"\n\t\t\tdata-region=\"eu1\"\n\t\t\tdata-form-id=\"cf0cad07-a6c4-46f2-b876-cee459b0b152\"\n\t\t\tdata-portal-id=\"146104290\"\n\t\t\t >\n\t\t\t<\/div>\n\t\t\t<\/div>\n<\/div>\n<\/div>\n<\/div>\n<\/div>\n\n\n\n<div class=\"wp-block-group alignfull icare-hero__divider is-layout-flow wp-block-group-is-layout-flow\" style=\"margin-top:0px;margin-bottom:0px;--octopods-group-position:absolute;--octopods-group-bottom:0px;--octopods-group-left:0px;--octopods-group-right:0px\">\n<div style=\"min-height:350px;margin-top:0px;--octopods-divider-shape-color:#ffffff;--octopods-divider-icon-color:;--octopods-divider-icon-size:20px;--octopods-divider-icon-align:center;--octopods-divider-icon-justify:center\" class=\"wp-block-octopods-divider alignfull\"><div class=\"wp-block-octopods-divider__shape\"><svg xmlns=\"http:\/\/www.w3.org\/2000\/svg\" aria-hidden=\"true\" class=\"curve-asymmetrical_svg__octopods-divider-svg curve-asymmetrical_svg__octopods-divider-svg--curve-asymmetrical\" preserveAspectRatio=\"none\" viewBox=\"0 0 1600 200\"><path d=\"M-10 207.6h1620S1430.8 23.8 1138.3 23.8C884 23.8 234.9 140.1-10 197.9z\"><\/path><\/svg><\/div><\/div>\n<\/div>\n<\/div>\n\n\n\n<div class=\"wp-block-getwid-anchor\" id=\"icare-more-content\"><\/div>\n\n\n\n<div class=\"wp-block-group alignfull has-global-padding is-layout-constrained wp-block-group-is-layout-constrained\" style=\"padding-top:var(--wp--preset--spacing--small);padding-bottom:0\">\n<div class=\"wp-block-group alignfull icare-hero is-style-shade-left has-global-padding is-layout-constrained wp-block-group-is-layout-constrained\" style=\"margin-top:0;margin-bottom:0;padding-top:0;padding-bottom:0;--octopods-group-overflow:hidden;--octopods-group-position:relative\">\n<div class=\"wp-block-group icare-hero__content has-global-padding is-layout-constrained wp-container-core-group-is-layout-da8ab678 wp-block-group-is-layout-constrained\" style=\"padding-top:var(--wp--preset--spacing--large);--octopods-group-z-index:2;aspect-ratio:unset;\">\n<div class=\"wp-block-group is-layout-flow wp-block-group-is-layout-flow\" style=\"padding-bottom:var(--wp--preset--spacing--small)\">\n<h2 class=\"wp-block-heading has-text-align-center\">Qualsiasi industria. Ovunque.<\/h2>\n\n\n\n<p class=\"has-text-align-center\" style=\"font-size:clamp(0.875rem, 0.875rem + ((1vw - 0.2rem) * 0.531), 1.3rem);\">I nostri sensori aumentano il tempo di attivit\u00e0 delle apparecchiature e ottimizzano le operazioni di manutenzione in migliaia di impianti in tutto il mondo.<\/p>\n<\/div>\n<\/div>\n<\/div>\n\n\n\n<div class=\"wp-block-group alignfull is-layout-flow wp-container-core-group-is-layout-142e687b wp-block-group-is-layout-flow\" style=\"margin-top:0;margin-bottom:0;padding-bottom:0;padding-left:0\"><div class=\"facetwp-facet facetwp-facet-plants_map facetwp-type-map\" data-name=\"plants_map\" data-type=\"map\"><\/div>\n\n\n\n<div class=\"wp-block-query fs-hidden is-layout-flow wp-block-query-is-layout-flow\"><ul class=\"facetwp-template wp-block-post-template is-layout-flow wp-block-post-template-is-layout-flow\"><li class=\"wp-block-post post-35885 plant type-plant status-publish plant_industry-food-beverage plant_region-americas\">\n<h2 class=\"wp-block-post-title\">55326574 &#8211; United States of America &#8211; Food &#038; Beverage<\/h2>\n<\/li><\/ul><\/div>\n<\/div>\n<\/div>\n\n\n\n<div class=\"wp-block-group alignfull has-base-color has-text-color has-link-color wp-elements-7f09561751663ec97ae1cda947328924 has-global-padding is-layout-constrained wp-block-group-is-layout-constrained\" style=\"margin-top:0;margin-bottom:0;padding-top:var(--wp--preset--spacing--large);padding-bottom:var(--wp--preset--spacing--large);--octopods-group-overlay-gradient:linear-gradient(245deg, rgba(32,39,97,0.82) 0%, #0E1132 87%);--octopods-group-background-image:url(https:\/\/www.icareweb.com\/wp-content\/uploads\/2024\/08\/dscf8660.jpg);--octopods-group-background-position:50% 50%;--octopods-group-background-size:cover;--octopods-group-background-repeat:no-repeat;--octopods-group-background-attachment:scroll\">\n<div class=\"wp-block-group has-global-padding is-layout-constrained wp-container-core-group-is-layout-704e782a wp-block-group-is-layout-constrained\">\n<h2 class=\"wp-block-heading has-text-align-center\">Le nostre soluzioni coprono tutti i settori,<br>incluso il tuo.<\/h2>\n\n\n\n<p class=\"has-text-align-center has-large-font-size\">Sei pronto a migliorare la tua efficienza?<\/p>\n\n\n\n<div class=\"wp-block-buttons is-content-justification-center is-layout-flex wp-container-core-buttons-is-layout-a89b3969 wp-block-buttons-is-layout-flex\">\n<div class=\"wp-block-button\"><a class=\"wp-block-button__link has-secondary-background-color has-background has-border-color has-secondary-border-color wp-element-button\" href=\"https:\/\/www.icareweb.com\/it\/contattaci\/\" target=\"_blank\" rel=\"noreferrer noopener\">Parla con un esperto<\/a><\/div>\n<\/div>\n<\/div>\n<\/div>\n","protected":false},"excerpt":{"rendered":"<p>Potenza dentro, affidabilit\u00e0 davanti! Basato su 14 anni di ricerca e sviluppo, il sensore di I-care offre dati di vibrazione della massima qualit\u00e0 grazie al vero rilevamento piezoelettrico, alla velocit\u00e0 di campionamento pi\u00f9 elevata e alla tecnologia brevettata I-DNA\u2122, che consente di rilevare i guasti nel modo pi\u00f9 precoce possibile. Caratteristiche del prodotto Conformit\u00e0 Condizioni [&hellip;]<\/p>\n","protected":false},"author":9,"featured_media":30658,"parent":28102,"menu_order":0,"comment_status":"closed","ping_status":"closed","template":"ressource-blank-template","meta":{"_acf_changed":false,"_seopress_robots_primary_cat":"","_seopress_titles_title":"","_seopress_titles_desc":"Scopri come le soluzioni di I-care migliorano l\u2019efficienza e l\u2019affidabilit\u00e0 in tutti i settori. Parla con un esperto e ottimizza le prestazioni dei tuoi impianti.","_seopress_robots_index":"yes","content-type":"","inline_featured_image":false,"footnotes":""},"page_category":[162],"class_list":{"0":"post-48207","1":"page","2":"type-page","3":"status-publish","4":"has-post-thumbnail","6":"page_category-website-pages"},"acf":[],"_links":{"self":[{"href":"https:\/\/www.icareweb.com\/it\/wp-json\/wp\/v2\/pages\/48207","targetHints":{"allow":["GET"]}}],"collection":[{"href":"https:\/\/www.icareweb.com\/it\/wp-json\/wp\/v2\/pages"}],"about":[{"href":"https:\/\/www.icareweb.com\/it\/wp-json\/wp\/v2\/types\/page"}],"author":[{"embeddable":true,"href":"https:\/\/www.icareweb.com\/it\/wp-json\/wp\/v2\/users\/9"}],"replies":[{"embeddable":true,"href":"https:\/\/www.icareweb.com\/it\/wp-json\/wp\/v2\/comments?post=48207"}],"version-history":[{"count":3,"href":"https:\/\/www.icareweb.com\/it\/wp-json\/wp\/v2\/pages\/48207\/revisions"}],"predecessor-version":[{"id":103117,"href":"https:\/\/www.icareweb.com\/it\/wp-json\/wp\/v2\/pages\/48207\/revisions\/103117"}],"up":[{"embeddable":true,"href":"https:\/\/www.icareweb.com\/it\/wp-json\/wp\/v2\/pages\/28102"}],"wp:featuredmedia":[{"embeddable":true,"href":"https:\/\/www.icareweb.com\/it\/wp-json\/wp\/v2\/media\/30658"}],"wp:attachment":[{"href":"https:\/\/www.icareweb.com\/it\/wp-json\/wp\/v2\/media?parent=48207"}],"wp:term":[{"taxonomy":"page_category","embeddable":true,"href":"https:\/\/www.icareweb.com\/it\/wp-json\/wp\/v2\/page_category?post=48207"}],"curies":[{"name":"wp","href":"https:\/\/api.w.org\/{rel}","templated":true}]}}