{"id":61810,"date":"2025-10-07T14:24:54","date_gmt":"2025-10-07T12:24:54","guid":{"rendered":"https:\/\/www.icareweb.com\/integrazioni\/dimomaint\/"},"modified":"2025-10-13T16:17:59","modified_gmt":"2025-10-13T14:17:59","slug":"dimomaint","status":"publish","type":"page","link":"https:\/\/www.icareweb.com\/it\/integrazioni\/dimomaint\/","title":{"rendered":"I-see\u2122 x DimoMaint"},"content":{"rendered":"\n<div class=\"wp-block-group alignfull icare-hero is-style-shade-left has-background has-global-padding is-layout-constrained wp-block-group-is-layout-constrained\" style=\"background:linear-gradient(135deg,rgb(247,248,253) 0%,rgba(247,248,252,0.49) 100%);margin-top:0;margin-bottom:0;padding-top:var(--wp--preset--spacing--medium);padding-bottom:var(--wp--preset--spacing--xx-large);--octopods-group-overlay-color:#27498C;--octopods-group-overflow:hidden;--octopods-group-position:relative\">\n<div style=\"height:150px\" aria-hidden=\"true\" class=\"wp-block-spacer\"><\/div>\n\n\n\n<div class=\"wp-block-group icare-hero__content is-content-justification-space-between is-nowrap is-layout-flex wp-container-core-group-is-layout-cb46ffcb wp-block-group-is-layout-flex\" style=\"min-height:35vh;--octopods-group-z-index:2;aspect-ratio:unset;\">\n<div class=\"wp-block-columns are-vertically-aligned-center is-style-columns-reverse wp-container-content-9cfa9a5a is-layout-flex wp-container-core-columns-is-layout-28f84493 wp-block-columns-is-layout-flex\">\n<div class=\"wp-block-column is-vertically-aligned-center is-layout-flow wp-block-column-is-layout-flow\" data-aos=\"fade\" data-aos-duration=\"900\" data-aos-easing=\"ease-in-out\" data-aos-once=\"true\">\n<div class=\"wp-block-group is-vertical is-layout-flex wp-container-core-group-is-layout-a0e6f414 wp-block-group-is-layout-flex\" style=\"padding-right:35px\">\n<div class=\"wp-block-group has-global-padding is-layout-constrained wp-container-core-group-is-layout-7d0d3654 wp-block-group-is-layout-constrained\">\n<h1 class=\"wp-block-heading has-text-align-left has-secondary-color has-text-color has-link-color has-large-font-size wp-elements-163ba5b36859d725f644ccb0c8d43ccb\"><strong>I-see\u2122 x DimoMaint<\/strong><\/h1>\n\n\n\n<h2 class=\"wp-block-heading has-xxx-large-font-size\"><strong>Unire l\u2019intelligenza predittiva con l\u2019esecuzione operativa<\/strong><\/h2>\n\n\n\n<p style=\"font-size:clamp(0.875rem, 0.875rem + ((1vw - 0.2rem) * 0.531), 1.3rem);\">Un\u2019integrazione fluida che inserisce gli insight predittivi alimentati dall\u2019IA nelle operazioni quotidiane di manutenzione, aiutando i team ad agire pi\u00f9 rapidamente e a ottenere migliori risultati.<\/p>\n<\/div>\n\n\n\n<div class=\"wp-block-group is-nowrap is-layout-flex wp-container-core-group-is-layout-6c531013 wp-block-group-is-layout-flex\">\n<div class=\"wp-block-buttons is-layout-flex wp-block-buttons-is-layout-flex\">\n<div class=\"wp-block-button\"><a class=\"wp-block-button__link has-secondary-background-color has-background wp-element-button\" href=\"https:\/\/www.icareweb.com\/it\/contattaci\/\">Richiedi una demo<\/a><\/div>\n<\/div>\n<\/div>\n<\/div>\n<\/div>\n\n\n\n<div class=\"wp-block-column is-vertically-aligned-center is-layout-flow wp-block-column-is-layout-flow\" data-aos=\"fade-right\" data-aos-duration=\"900\" data-aos-easing=\"ease-in-out\" data-aos-once=\"true\">\n<div class=\"wp-block-group has-global-padding is-layout-constrained wp-block-group-is-layout-constrained\" style=\"--octopods-group-position:relative\">\n<figure class=\"wp-block-image size-full has-custom-border\"><img alt=\"\" loading=\"lazy\" decoding=\"async\" width=\"1348\" height=\"907\" src=\"https:\/\/www.icareweb.com\/wp-content\/uploads\/2025\/10\/dimomaint-featured-01-v1.png\" alt=\"\" class=\"wp-image-60517\" style=\"border-radius:20px;aspect-ratio:4\/3;object-fit:cover\" srcset=\"https:\/\/www.icareweb.com\/wp-content\/uploads\/2025\/10\/dimomaint-featured-01-v1.png 1348w, https:\/\/www.icareweb.com\/wp-content\/uploads\/2025\/10\/dimomaint-featured-01-v1-1280x861.png 1280w, https:\/\/www.icareweb.com\/wp-content\/uploads\/2025\/10\/dimomaint-featured-01-v1-600x404.png 600w, https:\/\/www.icareweb.com\/wp-content\/uploads\/2025\/10\/dimomaint-featured-01-v1-768x517.png 768w, https:\/\/www.icareweb.com\/wp-content\/uploads\/2025\/10\/dimomaint-featured-01-v1-1200x807.png 1200w\" sizes=\"auto, (max-width: 1348px) 100vw, 1348px\" \/><\/figure>\n<\/div>\n<\/div>\n<\/div>\n<\/div>\n\n\n\n<div class=\"wp-block-group alignfull icare-hero__divider is-layout-flow wp-block-group-is-layout-flow\" style=\"margin-top:0px;margin-bottom:0px;--octopods-group-position:absolute;--octopods-group-bottom:0px;--octopods-group-left:0px;--octopods-group-right:0px\">\n<div style=\"min-height:350px;margin-top:0px;--octopods-divider-shape-color:#ffffff;--octopods-divider-icon-color:;--octopods-divider-icon-size:20px;--octopods-divider-icon-align:center;--octopods-divider-icon-justify:center\" class=\"wp-block-octopods-divider alignfull\"><div class=\"wp-block-octopods-divider__shape\"><svg xmlns=\"http:\/\/www.w3.org\/2000\/svg\" class=\"angle-layered-3_svg__octopods-divider-svg angle-layered-3_svg__octopods-divider-svg--angle-layered-3\" preserveAspectRatio=\"none\" viewBox=\"0 0 1000 120\"><path d=\"M1000 120V15.608L0 120z\"><\/path><path fill-opacity=\"0.7\" d=\"M0 120 1000 15.608V0z\"><\/path><\/svg><\/div><\/div>\n<\/div>\n<\/div>\n\n\n\n<div class=\"wp-block-group alignfull is-style-default has-global-padding is-layout-constrained wp-block-group-is-layout-constrained\" style=\"margin-top:0;margin-bottom:0;padding-top:var(--wp--preset--spacing--small);padding-bottom:var(--wp--preset--spacing--large);--octopods-group-z-index:2\">\n<div class=\"wp-block-group has-base-background-color has-background has-global-padding is-layout-constrained wp-container-core-group-is-layout-80e8bf0c wp-block-group-is-layout-constrained\" style=\"border-radius:20px;padding-top:var(--wp--preset--spacing--large);padding-right:var(--wp--preset--spacing--large);padding-bottom:var(--wp--preset--spacing--large);padding-left:var(--wp--preset--spacing--large);box-shadow:var(--wp--preset--shadow--natural)\">\n<div class=\"wp-block-columns are-vertically-aligned-center is-layout-flex wp-container-core-columns-is-layout-28f84493 wp-block-columns-is-layout-flex\">\n<div class=\"wp-block-column is-vertically-aligned-center is-layout-flow wp-block-column-is-layout-flow\" style=\"flex-basis:25%\">\n<figure class=\"wp-block-image aligncenter size-full is-resized has-custom-border\"><img alt=\"\" loading=\"lazy\" decoding=\"async\" width=\"2560\" height=\"1926\" src=\"https:\/\/www.icareweb.com\/wp-content\/uploads\/2025\/10\/logo-dimomaint-colors-01-v1-scaled.png\" alt=\"\" class=\"wp-image-60538\" style=\"border-radius:20px;width:250px\" srcset=\"https:\/\/www.icareweb.com\/wp-content\/uploads\/2025\/10\/logo-dimomaint-colors-01-v1-scaled.png 2560w, https:\/\/www.icareweb.com\/wp-content\/uploads\/2025\/10\/logo-dimomaint-colors-01-v1-1280x963.png 1280w, https:\/\/www.icareweb.com\/wp-content\/uploads\/2025\/10\/logo-dimomaint-colors-01-v1-1920x1445.png 1920w, https:\/\/www.icareweb.com\/wp-content\/uploads\/2025\/10\/logo-dimomaint-colors-01-v1-600x451.png 600w, https:\/\/www.icareweb.com\/wp-content\/uploads\/2025\/10\/logo-dimomaint-colors-01-v1-768x578.png 768w, https:\/\/www.icareweb.com\/wp-content\/uploads\/2025\/10\/logo-dimomaint-colors-01-v1-1536x1156.png 1536w, https:\/\/www.icareweb.com\/wp-content\/uploads\/2025\/10\/logo-dimomaint-colors-01-v1-2048x1541.png 2048w, https:\/\/www.icareweb.com\/wp-content\/uploads\/2025\/10\/logo-dimomaint-colors-01-v1-598x450.png 598w, https:\/\/www.icareweb.com\/wp-content\/uploads\/2025\/10\/logo-dimomaint-colors-01-v1-1196x900.png 1196w, https:\/\/www.icareweb.com\/wp-content\/uploads\/2025\/10\/logo-dimomaint-colors-01-v1-1435x1080.png 1435w\" sizes=\"auto, (max-width: 2560px) 100vw, 2560px\" \/><\/figure>\n<\/div>\n\n\n\n<div class=\"wp-block-column is-vertically-aligned-center is-layout-flow wp-container-core-column-is-layout-0a386c5a wp-block-column-is-layout-flow\">\n<div class=\"wp-block-group is-vertical is-content-justification-left is-layout-flex wp-container-core-group-is-layout-ca62ba71 wp-block-group-is-layout-flex\">\n<h2 class=\"wp-block-heading has-text-align-left has-xx-large-font-size\">Oltre 30 anni di esperienza<\/h2>\n<\/div>\n\n\n\n<div class=\"wp-block-group is-vertical is-layout-flex wp-container-core-group-is-layout-fe9cc265 wp-block-group-is-layout-flex\">\n<hr class=\"wp-block-separator has-text-color has-secondary-color has-alpha-channel-opacity has-secondary-background-color has-background is-style-default\"\/>\n<\/div>\n\n\n\n<div class=\"wp-block-group is-vertical is-content-justification-left is-layout-flex wp-container-core-group-is-layout-f8b30b0c wp-block-group-is-layout-flex\">\n<p>La missione di DimoMaint \u00e8 semplificare e rendere sicure le attivit\u00e0 quotidiane dei team di manutenzione, accompagnando al contempo la trasformazione digitale in vari settori.<\/p>\n\n\n\n<p>Con oltre 2.200 clienti in tutto il mondo \u2014 dalle PMI alle grandi multinazionali in ogni settore industriale \u2014 DimoMaint \u00e8 un punto di riferimento nel mercato CMMS di nuova generazione, grazie a soluzioni cloud e on-premise facili da implementare, mobili e scalabili.<\/p>\n<\/div>\n<\/div>\n<\/div>\n<\/div>\n<\/div>\n\n\n\n<div class=\"wp-block-group alignfull is-style-default has-global-padding is-layout-constrained wp-container-core-group-is-layout-f3101629 wp-block-group-is-layout-constrained\" style=\"margin-top:0;margin-bottom:0;padding-top:var(--wp--preset--spacing--x-large);padding-bottom:var(--wp--preset--spacing--large)\">\n<div class=\"wp-block-group is-vertical is-content-justification-center is-layout-flex wp-container-core-group-is-layout-b032f303 wp-block-group-is-layout-flex\">\n<h2 class=\"wp-block-heading has-text-align-center\">Il <mark style=\"background-color:rgba(0, 0, 0, 0)\" class=\"has-inline-color has-primary-color\">valore<\/mark><br>dell\u2019integrazione<\/h2>\n\n\n\n<div class=\"wp-block-columns are-vertically-aligned-center is-layout-flex wp-container-core-columns-is-layout-28f84493 wp-block-columns-is-layout-flex\">\n<div class=\"wp-block-column is-vertically-aligned-center is-layout-flow wp-container-core-column-is-layout-8a368f38 wp-block-column-is-layout-flow\" style=\"flex-basis:50%\">\n<div class=\"wp-block-group has-primary-color has-text-color has-link-color wp-elements-933b453880f44acf4c1cacf29463800f is-layout-grid wp-container-core-group-is-layout-79a98d3f wp-block-group-is-layout-grid\" style=\"--octopods-group-grid-columns-tablet:2;--octopods-group-grid-columns-mobile:1\">\n<div class=\"wp-block-group has-base-background-color has-background is-vertical is-content-justification-center is-layout-flex wp-container-core-group-is-layout-15fbba4b wp-block-group-is-layout-flex\" style=\"border-radius:20px;padding-top:var(--wp--preset--spacing--small);padding-right:var(--wp--preset--spacing--small);padding-bottom:var(--wp--preset--spacing--small);padding-left:var(--wp--preset--spacing--small);box-shadow:var(--wp--preset--shadow--natural);--octopods-group-box-shadow:rgba(48,75,130,.15) 0 0 25px 0\">\n<div class=\"wp-block-getwid-icon\"><div class=\"wp-block-getwid-icon__wrapper\" style=\"font-size:30px;padding:0px\"><i class=\"ph-duotone ph-clock-clockwise\"><\/i><\/div><\/div>\n\n\n\n<h4 class=\"wp-block-heading has-text-align-center\">Garantire dati affidabili e condivisi<\/h4>\n<\/div>\n\n\n\n<div class=\"wp-block-group has-base-background-color has-background is-vertical is-content-justification-center is-layout-flex wp-container-core-group-is-layout-15fbba4b wp-block-group-is-layout-flex\" style=\"border-radius:20px;padding-top:var(--wp--preset--spacing--small);padding-right:var(--wp--preset--spacing--small);padding-bottom:var(--wp--preset--spacing--small);padding-left:var(--wp--preset--spacing--small);box-shadow:var(--wp--preset--shadow--natural);--octopods-group-box-shadow:rgba(48,75,130,.15) 0 0 25px 0\">\n<div class=\"wp-block-getwid-icon\"><div class=\"wp-block-getwid-icon__wrapper\" style=\"font-size:30px;padding:0px\"><i class=\"ph-duotone ph-money-wavy\"><\/i><\/div><\/div>\n\n\n\n<h4 class=\"wp-block-heading has-text-align-center\">Migliorare la coordinazione tra i reparti<\/h4>\n<\/div>\n\n\n\n<div class=\"wp-block-group has-base-background-color has-background is-vertical is-content-justification-center is-layout-flex wp-container-core-group-is-layout-15fbba4b wp-block-group-is-layout-flex\" style=\"border-radius:20px;padding-top:var(--wp--preset--spacing--small);padding-right:var(--wp--preset--spacing--small);padding-bottom:var(--wp--preset--spacing--small);padding-left:var(--wp--preset--spacing--small);box-shadow:var(--wp--preset--shadow--natural);--octopods-group-box-shadow:rgba(48,75,130,.15) 0 0 25px 0\">\n<div class=\"wp-block-getwid-icon\"><div class=\"wp-block-getwid-icon__wrapper\" style=\"font-size:30px;padding:0px\"><i class=\"ph-duotone ph-hourglass-high\"><\/i><\/div><\/div>\n\n\n\n<h4 class=\"wp-block-heading has-text-align-center\">Razionalizzare le operazioni di manutenzione<\/h4>\n<\/div>\n\n\n\n<div class=\"wp-block-group has-base-background-color has-background is-vertical is-content-justification-center is-layout-flex wp-container-core-group-is-layout-15fbba4b wp-block-group-is-layout-flex\" style=\"border-radius:20px;padding-top:var(--wp--preset--spacing--small);padding-right:var(--wp--preset--spacing--small);padding-bottom:var(--wp--preset--spacing--small);padding-left:var(--wp--preset--spacing--small);box-shadow:var(--wp--preset--shadow--natural);--octopods-group-box-shadow:rgba(48,75,130,.15) 0 0 25px 0\">\n<div class=\"wp-block-getwid-icon\"><div class=\"wp-block-getwid-icon__wrapper\" style=\"font-size:25px;padding:0px\"><i class=\"ph-duotone ph-medal\"><\/i><\/div><\/div>\n\n\n\n<h4 class=\"wp-block-heading has-text-align-center\">Accelerare i processi decisionali<\/h4>\n<\/div>\n<\/div>\n<\/div>\n\n\n\n<div class=\"wp-block-column is-vertically-aligned-center is-layout-flow wp-container-core-column-is-layout-c7b3064f wp-block-column-is-layout-flow\" style=\"flex-basis:50%\">\n<div class=\"wp-block-group is-vertical is-content-justification-left is-layout-flex wp-container-core-group-is-layout-ca62ba71 wp-block-group-is-layout-flex\">\n<div class=\"wp-block-group has-global-padding is-layout-constrained wp-block-group-is-layout-constrained\">\n<p class=\"has-text-align-left\">L\u2019integrazione tra la piattaforma di monitoraggio intelligente I-see\u2122 di I-care e il CMMS DimoMaint va oltre lo scambio di dati: inserisce l\u2019intelligenza predittiva al centro delle operazioni di manutenzione. Combinando insight in tempo reale sulla salute degli asset con capacit\u00e0 operative, le aziende possono passare da un approccio reattivo a uno proattivo, migliorando le performance.<\/p>\n\n\n\n<p class=\"has-text-align-left\">Insieme, I-see\u2122 e DimoMaint creano un ecosistema unico di manutenzione in cui affidabilit\u00e0 e operativit\u00e0 lavorano all\u2019unisono. Questo flusso continuo di dati e azioni migliora la visibilit\u00e0, accelera le decisioni e favorisce la collaborazione tra i team, trasformando la manutenzione in una leva di creazione di valore che massimizza il ROI e preserva l\u2019integrit\u00e0 degli asset.<\/p>\n<\/div>\n<\/div>\n<\/div>\n<\/div>\n\n\n\n<div class=\"wp-block-group is-nowrap is-layout-flex wp-container-core-group-is-layout-6c531013 wp-block-group-is-layout-flex\">\n<div class=\"wp-block-buttons is-layout-flex wp-block-buttons-is-layout-flex\">\n<div class=\"wp-block-button\"><a class=\"wp-block-button__link has-secondary-background-color has-background wp-element-button\" href=\"https:\/\/www.icareweb.com\/it\/contattaci\/\">Richiedi una demo<\/a><\/div>\n<\/div>\n<\/div>\n<\/div>\n<\/div>\n\n\n\n<div class=\"wp-block-group alignfull is-style-default has-background has-global-padding is-layout-constrained wp-container-core-group-is-layout-abd6bf5b wp-block-group-is-layout-constrained\" style=\"background:linear-gradient(180deg,rgb(255,255,255) 0%,rgb(247,248,253) 100%);margin-top:0;margin-bottom:0;padding-top:var(--wp--preset--spacing--x-large);padding-bottom:var(--wp--preset--spacing--large)\">\n<div class=\"wp-block-group has-base-background-color has-background is-vertical is-content-justification-center is-layout-flex wp-container-core-group-is-layout-62289b8d wp-block-group-is-layout-flex\" style=\"border-radius:20px;padding-top:var(--wp--preset--spacing--large);padding-right:var(--wp--preset--spacing--large);padding-bottom:var(--wp--preset--spacing--large);padding-left:var(--wp--preset--spacing--large);box-shadow:var(--wp--preset--shadow--natural)\">\n<div class=\"wp-block-group is-vertical is-content-justification-center is-layout-flex wp-container-core-group-is-layout-4eb4b0f8 wp-block-group-is-layout-flex\">\n<h3 class=\"wp-block-heading has-text-align-left has-secondary-color has-text-color has-link-color has-large-font-size wp-elements-6c74fc8bc55069241c79c000939804e2\">Come funziona?<\/h3>\n\n\n\n<h2 class=\"wp-block-heading has-text-align-center\"><strong>Dal <mark style=\"background-color:rgba(0, 0, 0, 0)\" class=\"has-inline-color has-primary-color\">rilevamento <\/mark>all\u2019<mark style=\"background-color:rgba(0, 0, 0, 0)\" class=\"has-inline-color has-primary-color\">intervento<\/mark><\/strong><\/h2>\n<\/div>\n\n\n\n<div class=\"wp-block-group is-vertical is-content-justification-center is-layout-flex wp-container-core-group-is-layout-582cdc1d wp-block-group-is-layout-flex\" style=\"margin-top:0;margin-bottom:0\">\n<figure class=\"wp-block-image size-full is-resized show-desktop\" style=\"margin-top:var(--wp--preset--spacing--x-small);margin-bottom:var(--wp--preset--spacing--x-small)\"><img alt=\"\" loading=\"lazy\" decoding=\"async\" width=\"12064\" height=\"5932\" src=\"https:\/\/www.icareweb.com\/wp-content\/uploads\/2025\/10\/desktop-dimomaint-schema-01-v2.jpg.jpg\" alt=\"\" class=\"wp-image-61452\" style=\"width:1000px\"\/><\/figure>\n\n\n<\/div>\n\n\n\n<div class=\"wp-block-group has-global-padding is-layout-constrained wp-container-core-group-is-layout-704e782a wp-block-group-is-layout-constrained\">\n<p class=\"has-text-align-center\">L\u2019integrazione si basa su interoperabilit\u00e0 e sincronizzazione quotidiana. I-see\u2122 monitora costantemente la salute delle macchine, rileva le anomalie e genera report diagnostici dettagliati con raccomandazioni operative. Questi insight vengono automaticamente trasferiti in DimoMaint, dove si trasformano in ordini di lavoro programmati.<\/p>\n\n\n\n<p class=\"has-text-align-center\">Una volta completati gli interventi, i feedback tornano su I-see\u2122, garantendo tracciabilit\u00e0 completa e miglioramento continuo dei modelli predittivi. Questo ciclo di ritorno conferma l\u2019efficacia degli interventi e rende il sistema sempre pi\u00f9 affidabile nel tempo.<\/p>\n<\/div>\n\n\n\n<div class=\"wp-block-group is-nowrap is-layout-flex wp-container-core-group-is-layout-6c531013 wp-block-group-is-layout-flex\">\n<div class=\"wp-block-buttons is-layout-flex wp-block-buttons-is-layout-flex\">\n<div class=\"wp-block-button\"><a class=\"wp-block-button__link has-secondary-background-color has-background wp-element-button\" href=\"https:\/\/www.icareweb.com\/it\/contattaci\/\">Richiedi una demo<\/a><\/div>\n<\/div>\n<\/div>\n<\/div>\n<\/div>\n\n\n\n<div class=\"wp-block-group alignfull has-neutral-accent-background-color has-background has-global-padding is-layout-constrained wp-block-group-is-layout-constrained\" style=\"margin-top:0;margin-bottom:0;padding-top:var(--wp--preset--spacing--x-large);padding-bottom:0\">\n<div class=\"wp-block-group alignfull has-contrast-background-color has-background has-global-padding is-layout-constrained wp-container-core-group-is-layout-b6f95558 wp-block-group-is-layout-constrained\" style=\"padding-top:var(--wp--preset--spacing--large);padding-right:0;padding-bottom:var(--wp--preset--spacing--large);padding-left:0;box-shadow:var(--wp--preset--shadow--natural)\">\n<div class=\"wp-block-group is-vertical is-content-justification-center is-layout-flex wp-container-core-group-is-layout-a88b2303 wp-block-group-is-layout-flex\" style=\"min-height:0px;margin-top:0;margin-bottom:0;padding-top:var(--wp--preset--spacing--x-small);padding-right:0;padding-bottom:var(--wp--preset--spacing--x-small);padding-left:0;aspect-ratio:unset;\">\n<h2 class=\"wp-block-heading has-text-align-center has-base-color has-text-color has-link-color wp-elements-d20548598fbb8311176fa9fbb4f042ea\">Pronto a ottimizzare<br>la tua manutenzione?<\/h2>\n\n\n\n<div class=\"wp-block-buttons is-content-justification-left is-layout-flex wp-container-core-buttons-is-layout-c5c13c14 wp-block-buttons-is-layout-flex\" style=\"padding-top:0;padding-bottom:0\">\n<div class=\"wp-block-button\"><a class=\"wp-block-button__link has-secondary-background-color has-background wp-element-button\" href=\"https:\/\/www.icareweb.com\/it\/contattaci\/\">Richiedi una demo<\/a><\/div>\n<\/div>\n<\/div>\n<\/div>\n<\/div>\n","protected":false},"excerpt":{"rendered":"<p>I-see\u2122 x DimoMaint Unire l\u2019intelligenza predittiva con l\u2019esecuzione operativa Un\u2019integrazione fluida che inserisce gli insight predittivi alimentati dall\u2019IA nelle operazioni quotidiane di manutenzione, aiutando i team ad agire pi\u00f9 rapidamente e a ottenere migliori risultati. Oltre 30 anni di esperienza La missione di DimoMaint \u00e8 semplificare e rendere sicure le attivit\u00e0 quotidiane dei team di [&hellip;]<\/p>\n","protected":false},"author":23,"featured_media":60521,"parent":53146,"menu_order":0,"comment_status":"closed","ping_status":"closed","template":"","meta":{"_acf_changed":false,"_seopress_robots_primary_cat":"","_seopress_titles_title":"","_seopress_titles_desc":"Integra I-see\u2122 con DimoMaint: unisci dati predittivi e manutenzione per decisioni rapide e operazioni pi\u00f9 affidabili.","_seopress_robots_index":"","content-type":"","inline_featured_image":false,"footnotes":""},"page_category":[162],"class_list":{"0":"post-61810","1":"page","2":"type-page","3":"status-publish","4":"has-post-thumbnail","6":"page_category-website-pages"},"acf":[],"_links":{"self":[{"href":"https:\/\/www.icareweb.com\/it\/wp-json\/wp\/v2\/pages\/61810","targetHints":{"allow":["GET"]}}],"collection":[{"href":"https:\/\/www.icareweb.com\/it\/wp-json\/wp\/v2\/pages"}],"about":[{"href":"https:\/\/www.icareweb.com\/it\/wp-json\/wp\/v2\/types\/page"}],"author":[{"embeddable":true,"href":"https:\/\/www.icareweb.com\/it\/wp-json\/wp\/v2\/users\/23"}],"replies":[{"embeddable":true,"href":"https:\/\/www.icareweb.com\/it\/wp-json\/wp\/v2\/comments?post=61810"}],"version-history":[{"count":0,"href":"https:\/\/www.icareweb.com\/it\/wp-json\/wp\/v2\/pages\/61810\/revisions"}],"up":[{"embeddable":true,"href":"https:\/\/www.icareweb.com\/it\/wp-json\/wp\/v2\/pages\/53146"}],"wp:featuredmedia":[{"embeddable":true,"href":"https:\/\/www.icareweb.com\/it\/wp-json\/wp\/v2\/media\/60521"}],"wp:attachment":[{"href":"https:\/\/www.icareweb.com\/it\/wp-json\/wp\/v2\/media?parent=61810"}],"wp:term":[{"taxonomy":"page_category","embeddable":true,"href":"https:\/\/www.icareweb.com\/it\/wp-json\/wp\/v2\/page_category?post=61810"}],"curies":[{"name":"wp","href":"https:\/\/api.w.org\/{rel}","templated":true}]}}