{"id":23249,"date":"2024-08-19T08:27:53","date_gmt":"2024-08-19T06:27:53","guid":{"rendered":"https:\/\/20yrnewwebsite.www.icareweb.com\/?page_id=23249"},"modified":"2024-10-01T11:04:12","modified_gmt":"2024-10-01T09:04:12","slug":"analiza-ultradzwiekowa","status":"publish","type":"page","link":"https:\/\/www.icareweb.com\/pl\/rozwiazania\/predykcyjne-utrzymanie-ruchu\/uslugi\/analiza-ultradzwiekowa\/","title":{"rendered":"Analiza Ultrad\u017awi\u0119kowa"},"content":{"rendered":"\n<div class=\"wp-block-group alignfull icare-hero is-style-shade-right-top has-background has-global-padding is-layout-constrained wp-block-group-is-layout-constrained\" style=\"background:linear-gradient(135deg,rgb(247,248,253) 0%,rgba(247,248,252,0.49) 100%);margin-top:0;margin-bottom:0;padding-top:var(--wp--preset--spacing--medium);padding-bottom:var(--wp--preset--spacing--xx-large);--octopods-group-overlay-color:#27498C;--octopods-group-overflow:hidden;--octopods-group-position:relative\">\n<div style=\"height:150px\" aria-hidden=\"true\" class=\"wp-block-spacer\"><\/div>\n\n\n\n<div class=\"wp-block-group has-primary-color has-text-color has-link-color wp-elements-351d0fe17383efa6da5cc38fea4060be has-global-padding is-layout-constrained wp-container-core-group-is-layout-639b5052 wp-block-group-is-layout-constrained\" style=\"border-radius:50px;padding-top:0;padding-right:0;padding-bottom:0;padding-left:0\"><\/div>\n\n\n\n<div class=\"wp-block-group icare-hero__content is-content-justification-space-between is-nowrap is-layout-flex wp-container-core-group-is-layout-cb46ffcb wp-block-group-is-layout-flex\" style=\"min-height:35vh;--octopods-group-z-index:2;aspect-ratio:unset;\">\n<div class=\"wp-block-columns are-vertically-aligned-center is-style-columns-reverse wp-container-content-9cfa9a5a is-layout-flex wp-container-core-columns-is-layout-28f84493 wp-block-columns-is-layout-flex\">\n<div class=\"wp-block-column is-vertically-aligned-center is-layout-flow wp-block-column-is-layout-flow\" data-aos=\"fade\" data-aos-duration=\"900\" data-aos-easing=\"ease-in-out\" data-aos-once=\"true\">\n<div class=\"wp-block-group is-layout-flow wp-block-group-is-layout-flow\" style=\"padding-right:35px\">\n<h1 class=\"wp-block-heading\">Analiza ultrad\u017awi\u0119kowa<\/h1>\n\n\n\n<p style=\"font-size:clamp(0.875rem, 0.875rem + ((1vw - 0.2rem) * 0.531), 1.3rem);\">Odkryj problemy z niezawodno\u015bci\u0105, kt\u00f3rych nie wida\u0107, i zwi\u0119ksz efektywno\u015b\u0107 zasob\u00f3w oraz produkcji.<\/p>\n\n\n\n<div class=\"wp-block-buttons is-layout-flex wp-block-buttons-is-layout-flex\">\n<div class=\"wp-block-button\"><a class=\"wp-block-button__link wp-element-button\" href=\"#icare-more-content\">Dowiedz si\u0119 wi\u0119cej<\/a><\/div>\n<\/div>\n\n\n\n<div style=\"height:2vw\" aria-hidden=\"true\" class=\"wp-block-spacer\"><\/div>\n<\/div>\n<\/div>\n\n\n\n<div class=\"wp-block-column is-vertically-aligned-center is-layout-flow wp-block-column-is-layout-flow\" data-aos=\"fade-right\" data-aos-duration=\"900\" data-aos-easing=\"ease-in-out\" data-aos-once=\"true\">\n<div class=\"wp-block-group has-global-padding is-layout-constrained wp-block-group-is-layout-constrained\" style=\"--octopods-group-position:relative\">\n<figure class=\"wp-block-image size-full has-custom-border\"><img alt=\"\" loading=\"lazy\" decoding=\"async\" width=\"2048\" height=\"1365\" src=\"https:\/\/www.icareweb.com\/wp-content\/uploads\/2024\/09\/ultrasound-analysis-02.jpg\" alt=\"\" class=\"wp-image-22931\" style=\"border-radius:20px;box-shadow:var(--wp--preset--shadow--deep);aspect-ratio:4\/3;object-fit:cover\" srcset=\"https:\/\/www.icareweb.com\/wp-content\/uploads\/2024\/09\/ultrasound-analysis-02.jpg 2048w, https:\/\/www.icareweb.com\/wp-content\/uploads\/2024\/09\/ultrasound-analysis-02-1280x853.jpg 1280w, https:\/\/www.icareweb.com\/wp-content\/uploads\/2024\/09\/ultrasound-analysis-02-1920x1280.jpg 1920w, https:\/\/www.icareweb.com\/wp-content\/uploads\/2024\/09\/ultrasound-analysis-02-600x400.jpg 600w, https:\/\/www.icareweb.com\/wp-content\/uploads\/2024\/09\/ultrasound-analysis-02-768x512.jpg 768w, https:\/\/www.icareweb.com\/wp-content\/uploads\/2024\/09\/ultrasound-analysis-02-1536x1024.jpg 1536w, https:\/\/www.icareweb.com\/wp-content\/uploads\/2024\/09\/ultrasound-analysis-02-1200x800.jpg 1200w, https:\/\/www.icareweb.com\/wp-content\/uploads\/2024\/09\/ultrasound-analysis-02-1620x1080.jpg 1620w\" sizes=\"auto, (max-width: 2048px) 100vw, 2048px\" \/><\/figure>\n<\/div>\n<\/div>\n<\/div>\n<\/div>\n\n\n\n<div class=\"wp-block-group alignfull icare-hero__divider is-layout-flow wp-block-group-is-layout-flow\" style=\"margin-top:0px;margin-bottom:0px;--octopods-group-position:absolute;--octopods-group-bottom:0px;--octopods-group-left:0px;--octopods-group-right:0px\">\n<div style=\"min-height:350px;margin-top:0px;--octopods-divider-shape-color:#ffffff;--octopods-divider-icon-color:;--octopods-divider-icon-size:20px;--octopods-divider-icon-align:center;--octopods-divider-icon-justify:center\" class=\"wp-block-octopods-divider alignfull\"><div class=\"wp-block-octopods-divider__shape\"><svg xmlns=\"http:\/\/www.w3.org\/2000\/svg\" aria-hidden=\"true\" class=\"triangle-asymmetrical_svg__octopods-divider-svg triangle-asymmetrical_svg__octopods-divider-svg--wave\" preserveAspectRatio=\"none\" viewBox=\"0 0 1200 115\"><path d=\"M1200 115H0L892.25.28z\"><\/path><\/svg><\/div><\/div>\n<\/div>\n<\/div>\n\n\n\n<div class=\"wp-block-getwid-anchor\" id=\"icare-more-content\"><\/div>\n\n\n\n<div class=\"wp-block-group is-style-default has-global-padding is-layout-constrained wp-container-core-group-is-layout-db9bd740 wp-block-group-is-layout-constrained\" style=\"border-radius:20px;margin-top:0;margin-bottom:0;padding-top:var(--wp--preset--spacing--small);padding-right:0;padding-bottom:var(--wp--preset--spacing--large);padding-left:0;--octopods-group-z-index:\">\n<div class=\"wp-block-columns are-vertically-aligned-center is-style-columns-reverse is-layout-flex wp-container-core-columns-is-layout-28f84493 wp-block-columns-is-layout-flex\">\n<div class=\"wp-block-column is-vertically-aligned-center is-layout-flow wp-block-column-is-layout-flow\">\n<div class=\"wp-block-group is-layout-grid wp-container-core-group-is-layout-bcb8ac2c wp-block-group-is-layout-grid\" style=\"border-radius:20px;min-height:450px;--octopods-group-grid-columns-tablet:undefined;--octopods-group-grid-columns-mobile:undefined;aspect-ratio:unset;\">\n<div class=\"wp-block-group is-style-default has-base-color has-contrast-background-color has-text-color has-background has-link-color wp-elements-db17f97c5c45e0b1ad785f4c973fd9b9 wp-container-content-d2eb3c98 is-vertical is-content-justification-center is-layout-flex wp-container-core-group-is-layout-220f9113 wp-block-group-is-layout-flex\" style=\"border-radius:20px;padding-top:var(--wp--preset--spacing--medium);padding-right:var(--wp--preset--spacing--small);padding-bottom:var(--wp--preset--spacing--medium);padding-left:var(--wp--preset--spacing--small);--octopods-group-overlay-gradient:linear-gradient(245deg,rgba(32,39,97,0.82) 0%,rgba(39,73,140,0.94) 0%);--octopods-group-background-image:url(https:\/\/www.icareweb.com\/wp-content\/uploads\/2024\/09\/ultrasound-analysis-01.jpg);--octopods-group-background-position:50% 50%;--octopods-group-background-size:cover;--octopods-group-background-repeat:no-repeat;--octopods-group-background-attachment:scroll;--octopods-group-box-shadow:rgba(48,75,130,.15) 0 0 50px 0;--octopods-group-position:relative\">\n<div class=\"wp-block-getwid-icon\"><div class=\"wp-block-getwid-icon__wrapper\" style=\"font-size:30px;padding:0px\"><i class=\"ph-duotone ph-hand\"><\/i><\/div><\/div>\n\n\n\n<p class=\"has-text-align-center\"><strong>Bezpiecze\u0144stwo: technologia bezkontaktowa<\/strong><\/p>\n<\/div>\n\n\n\n<div class=\"wp-block-group is-style-default has-base-color has-contrast-background-color has-text-color has-background has-link-color wp-elements-fbd3de654a706c6992cd9e3a314f7a5c wp-container-content-d2eb3c98 is-vertical is-content-justification-center is-layout-flex wp-container-core-group-is-layout-220f9113 wp-block-group-is-layout-flex\" style=\"border-radius:20px;padding-top:var(--wp--preset--spacing--medium);padding-right:var(--wp--preset--spacing--small);padding-bottom:var(--wp--preset--spacing--medium);padding-left:var(--wp--preset--spacing--small);--octopods-group-overlay-gradient:linear-gradient(245deg,rgba(32,39,97,0.82) 0%,rgba(39,73,140,0.94) 0%);--octopods-group-background-image:url(https:\/\/www.icareweb.com\/wp-content\/uploads\/2024\/09\/ultrasound-analysis-04.jpg);--octopods-group-background-position:50% 50%;--octopods-group-background-size:cover;--octopods-group-background-repeat:no-repeat;--octopods-group-background-attachment:scroll;--octopods-group-box-shadow:rgba(48,75,130,.15) 0 0 50px 0;--octopods-group-position:relative\">\n<div class=\"wp-block-getwid-icon\"><div class=\"wp-block-getwid-icon__wrapper\" style=\"font-size:30px;padding:0px\"><i class=\"ph-duotone ph-arrows-out\"><\/i><\/div><\/div>\n\n\n\n<p class=\"has-text-align-center\"><strong>Skanowanie du\u017cych<\/strong><br><strong>powierzchni w kr\u00f3tkim czasie<\/strong><\/p>\n<\/div>\n\n\n\n<div class=\"wp-block-group is-style-default has-base-color has-contrast-background-color has-text-color has-background has-link-color wp-elements-1b6aee83684e5dd6c2026124cc70ff3d wp-container-content-d2eb3c98 is-vertical is-content-justification-center is-layout-flex wp-container-core-group-is-layout-220f9113 wp-block-group-is-layout-flex\" style=\"border-radius:20px;padding-top:var(--wp--preset--spacing--medium);padding-right:var(--wp--preset--spacing--small);padding-bottom:var(--wp--preset--spacing--medium);padding-left:var(--wp--preset--spacing--small);--octopods-group-overlay-gradient:linear-gradient(245deg,rgba(32,39,97,0.82) 0%,rgba(39,73,140,0.94) 0%);--octopods-group-background-image:url(https:\/\/www.icareweb.com\/wp-content\/uploads\/2024\/09\/employees-discussing-02.jpg);--octopods-group-background-position:50% 50%;--octopods-group-background-size:cover;--octopods-group-background-repeat:no-repeat;--octopods-group-background-attachment:scroll;--octopods-group-box-shadow:rgba(48,75,130,.15) 0 0 50px 0;--octopods-group-position:relative\">\n<div class=\"wp-block-getwid-icon\"><div class=\"wp-block-getwid-icon__wrapper\" style=\"font-size:30px;padding:0px\"><i class=\"ph-duotone ph-money-wavy\"><\/i><\/div><\/div>\n\n\n\n<p class=\"has-text-align-center\"><strong>Szybka i efektywna<\/strong><br><strong>kosztowo<\/strong><\/p>\n<\/div>\n\n\n\n<div class=\"wp-block-group is-style-default has-base-color has-contrast-background-color has-text-color has-background has-link-color wp-elements-865594dd67676f79c487b3335a5542fa wp-container-content-d2eb3c98 is-vertical is-content-justification-center is-layout-flex wp-container-core-group-is-layout-220f9113 wp-block-group-is-layout-flex\" style=\"border-radius:20px;padding-top:var(--wp--preset--spacing--medium);padding-right:var(--wp--preset--spacing--small);padding-bottom:var(--wp--preset--spacing--medium);padding-left:var(--wp--preset--spacing--small);--octopods-group-overlay-gradient:linear-gradient(245deg,rgba(32,39,97,0.82) 0%,rgba(39,73,140,0.94) 0%);--octopods-group-background-image:url(https:\/\/www.icareweb.com\/wp-content\/uploads\/2024\/09\/ultrasound-analysis-03.png);--octopods-group-background-position:50% 50%;--octopods-group-background-size:cover;--octopods-group-background-repeat:no-repeat;--octopods-group-background-attachment:scroll;--octopods-group-box-shadow:rgba(48,75,130,.15) 0 0 50px 0;--octopods-group-position:relative\">\n<div class=\"wp-block-getwid-icon\"><div class=\"wp-block-getwid-icon__wrapper\" style=\"font-size:30px;padding:0px\"><i class=\"ph-duotone ph-target\"><\/i><\/div><\/div>\n\n\n\n<p class=\"has-text-align-center\"><strong>Dok\u0142adno\u015b\u0107<br>i niezawodno\u015b\u0107<\/strong><\/p>\n<\/div>\n<\/div>\n<\/div>\n\n\n\n<div class=\"wp-block-column is-vertically-aligned-center is-layout-flow wp-container-core-column-is-layout-c7b3064f wp-block-column-is-layout-flow\">\n<h2 class=\"wp-block-heading has-text-align-left\">Znaczenie analizy ultrad\u017awi\u0119kowej<\/h2>\n\n\n\n<div class=\"wp-block-group is-vertical is-layout-flex wp-container-core-group-is-layout-fe9cc265 wp-block-group-is-layout-flex\">\n<p>Systemy spr\u0119\u017conego powietrza mog\u0105 do\u015bwiadcza\u0107 znacznych strat energii z powodu wyciek\u00f3w z linii powietrznych, z\u0142\u0105czy, w\u0119\u017cy i innych wadliwych komponent\u00f3w. Wykrywanie ultrad\u017awi\u0119kowe mo\u017ce ujawni\u0107 te nies\u0142yszalne zjawiska, drastycznie zmniejszaj\u0105c zu\u017cycie energii.<\/p>\n<\/div>\n\n\n\n<div class=\"wp-block-buttons is-content-justification-left is-layout-flex wp-container-core-buttons-is-layout-6e9f73ed wp-block-buttons-is-layout-flex\">\n<div class=\"wp-block-button\"><a class=\"wp-block-button__link has-secondary-background-color has-background wp-element-button\" href=\"https:\/\/www.icareweb.com\/pl\/kontakt\/\">Porozmawiaj z ekspertem<\/a><\/div>\n<\/div>\n<\/div>\n<\/div>\n<\/div>\n\n\n\n<div class=\"wp-block-group is-style-shade-right has-primary-color has-text-color has-link-color wp-elements-5873d32e5db70179a7a7efcad0764126 has-global-padding is-layout-constrained wp-container-core-group-is-layout-7606df95 wp-block-group-is-layout-constrained\" style=\"border-radius:20px;margin-top:0;margin-bottom:0;padding-top:var(--wp--preset--spacing--x-large);padding-right:0;padding-bottom:var(--wp--preset--spacing--large);padding-left:0;--octopods-group-z-index:\">\n<div class=\"wp-block-columns are-vertically-aligned-center has-base-background-color has-background is-layout-flex wp-container-core-columns-is-layout-b4138d93 wp-block-columns-is-layout-flex\" style=\"border-radius:20px;padding-top:var(--wp--preset--spacing--large);padding-right:var(--wp--preset--spacing--large);padding-bottom:var(--wp--preset--spacing--large);padding-left:var(--wp--preset--spacing--large);box-shadow:var(--wp--preset--shadow--natural)\">\n<div class=\"wp-block-column is-vertically-aligned-center is-layout-flow wp-block-column-is-layout-flow\">\n<h2 class=\"wp-block-heading has-text-align-center\">Co mo\u017cna monitorowa\u0107<br>za pomoc\u0105 analizy ultrad\u017awi\u0119kowej?<\/h2>\n<\/div>\n\n\n\n<div class=\"wp-block-column is-vertically-aligned-center is-layout-flow wp-block-column-is-layout-flow\">\n<div class=\"wp-block-columns is-layout-flex wp-container-core-columns-is-layout-28f84493 wp-block-columns-is-layout-flex\">\n<div class=\"wp-block-column is-layout-flow wp-container-core-column-is-layout-0a386c5a wp-block-column-is-layout-flow\">\n<ul class=\"wp-block-list\">\n<li>Wycieki gaz\u00f3w spr\u0119\u017conych<\/li>\n<\/ul>\n\n\n\n<ul class=\"wp-block-list\">\n<li>Wymienniki ciep\u0142a<\/li>\n<\/ul>\n\n\n\n<ul class=\"wp-block-list\">\n<li>Kot\u0142y i skraplacze<\/li>\n<\/ul>\n\n\n\n<ul class=\"wp-block-list\">\n<li>Zbiorniki i rury<\/li>\n<\/ul>\n\n\n\n<ul class=\"wp-block-list\">\n<li>Zawory i odwadniacze pary<\/li>\n<\/ul>\n\n\n\n<ul class=\"wp-block-list\">\n<li>\u0141uk elektryczny, przebicia, korona<\/li>\n<\/ul>\n<\/div>\n\n\n\n<div class=\"wp-block-column is-layout-flow wp-container-core-column-is-layout-0a386c5a wp-block-column-is-layout-flow\">\n<ul class=\"wp-block-list\">\n<li>Rozdzielnice<\/li>\n<\/ul>\n\n\n\n<ul class=\"wp-block-list\">\n<li>Transformatory<\/li>\n<\/ul>\n\n\n\n<ul class=\"wp-block-list\">\n<li>Uszkodzenia \u0142o\u017cysk<\/li>\n<\/ul>\n\n\n\n<ul class=\"wp-block-list\">\n<li>Problemy z przek\u0142adniami<\/li>\n<\/ul>\n\n\n\n<ul class=\"wp-block-list\">\n<li>Wy\u0142\u0105czniki obwod\u00f3w<\/li>\n<\/ul>\n\n\n\n<ul class=\"wp-block-list\">\n<li>Wady sprz\u0119gie\u0142<\/li>\n<\/ul>\n<\/div>\n<\/div>\n<\/div>\n<\/div>\n<\/div>\n\n\n\n<div class=\"wp-block-group alignfull has-link-color wp-elements-ac17a3c5a8202bfc927462762bc2c4d1 has-global-padding is-layout-constrained wp-container-core-group-is-layout-6ddc9305 wp-block-group-is-layout-constrained\" style=\"border-radius:20px;margin-top:0;margin-bottom:0;padding-top:var(--wp--preset--spacing--x-large);padding-right:0;padding-bottom:var(--wp--preset--spacing--xx-large);padding-left:0;--octopods-group-z-index:2\">\n<h2 class=\"wp-block-heading has-text-align-center\">Co obejmuj\u0105 nasze us\u0142ugi?<\/h2>\n\n\n\n<div class=\"wp-block-group is-layout-grid wp-container-core-group-is-layout-587c4170 wp-block-group-is-layout-grid\" style=\"--octopods-group-grid-columns-tablet:undefined;--octopods-group-grid-columns-mobile:1\">\n<div class=\"wp-block-group alignfull has-base-color has-primary-background-color has-text-color has-background has-link-color wp-elements-261d18689e06eab7bcb920f055f2e4ba is-vertical is-content-justification-center is-layout-flex wp-container-core-group-is-layout-cd52a991 wp-block-group-is-layout-flex\" style=\"border-radius:20px;min-height:0vh;margin-top:0;margin-bottom:0;padding-top:var(--wp--preset--spacing--medium);padding-right:var(--wp--preset--spacing--medium);padding-bottom:var(--wp--preset--spacing--medium);padding-left:var(--wp--preset--spacing--medium);--octopods-group-overlay-gradient:linear-gradient(245deg, rgba(32,39,97,0.82) 0%, #0E1132 87%);--octopods-group-overflow:hidden;--octopods-group-background-image:url(https:\/\/www.icareweb.com\/wp-content\/uploads\/2024\/09\/helmet-02.jpg);--octopods-group-background-position:50% 50%;--octopods-group-background-size:cover;--octopods-group-background-repeat:no-repeat;--octopods-group-background-attachment:scroll;--octopods-group-position:relative;aspect-ratio:unset;\">\n<div class=\"wp-block-getwid-icon\"><div class=\"wp-block-getwid-icon__wrapper has-text-color has-base-color\" style=\"font-size:30px;padding:0px\"><i class=\"ph-duotone ph-speaker-simple-none\"><\/i><\/div><\/div>\n\n\n\n<p class=\"has-text-align-center\"><strong>Pomiar ca\u0142ej sieci spr\u0119\u017conego powietrza w celu kompleksowego wykrywania wyciek\u00f3w.<\/strong><br><\/p>\n<\/div>\n\n\n\n<div class=\"wp-block-group alignfull has-base-color has-primary-background-color has-text-color has-background has-link-color wp-elements-b0525ac54751db11c9522cd4674eb241 is-vertical is-content-justification-center is-layout-flex wp-container-core-group-is-layout-cd52a991 wp-block-group-is-layout-flex\" style=\"border-radius:20px;min-height:0vh;margin-top:0;margin-bottom:0;padding-top:var(--wp--preset--spacing--medium);padding-right:var(--wp--preset--spacing--medium);padding-bottom:var(--wp--preset--spacing--medium);padding-left:var(--wp--preset--spacing--medium);--octopods-group-overlay-gradient:linear-gradient(245deg, rgba(32,39,97,0.82) 0%, #0E1132 87%);--octopods-group-overflow:hidden;--octopods-group-background-image:url(https:\/\/www.icareweb.com\/wp-content\/uploads\/2024\/09\/employees-listening-01.png);--octopods-group-background-position:50% 50%;--octopods-group-background-size:cover;--octopods-group-background-repeat:no-repeat;--octopods-group-background-attachment:scroll;--octopods-group-position:relative;aspect-ratio:unset;\">\n<div class=\"wp-block-getwid-icon\"><div class=\"wp-block-getwid-icon__wrapper has-text-color has-base-color\" style=\"font-size:30px;padding:0px\"><i class=\"ph-duotone ph-clipboard-text\"><\/i><\/div><\/div>\n\n\n\n<p class=\"has-text-align-center\"><strong>Dok\u0142adne wykrywanie wyciek\u00f3w na miejscu z szczeg\u00f3\u0142owym raportem w ci\u0105gu 48 godzin, zawieraj\u0105cym szacunkowy koszt strat.<\/strong><br><\/p>\n<\/div>\n\n\n\n<div class=\"wp-block-group has-base-color has-secondary-background-color has-text-color has-background has-link-color wp-elements-add10e5509e344e3fe98e7d7d8cdfa8c is-vertical is-content-justification-center is-layout-flex wp-container-core-group-is-layout-52bd730b wp-block-group-is-layout-flex\" style=\"border-radius:20px;padding-top:var(--wp--preset--spacing--small);padding-right:var(--wp--preset--spacing--small);padding-bottom:var(--wp--preset--spacing--small);padding-left:var(--wp--preset--spacing--small);--octopods-group-overlay-gradient:linear-gradient(230deg,rgba(247,146,30,0.84) 2%,rgb(247,147,29) 75%);--octopods-group-overflow:hidden;--octopods-group-background-image:url(https:\/\/www.icareweb.com\/wp-content\/uploads\/2024\/09\/ultrasound-analysis-01.jpg);--octopods-group-background-position:50% 50%;--octopods-group-background-size:cover;--octopods-group-background-repeat:no-repeat;--octopods-group-background-attachment:scroll;--octopods-group-box-shadow:rgba(48,75,130,.15) 0 0 50px 0;--octopods-group-position:relative;aspect-ratio:unset;\">\n<div class=\"wp-block-buttons is-content-justification-center is-layout-flex wp-container-core-buttons-is-layout-a89b3969 wp-block-buttons-is-layout-flex\">\n<div class=\"wp-block-button octopods-button-link is-style-arrow\"><a class=\"wp-block-button__link wp-element-button\" href=\"https:\/\/www.icareweb.com\/pl\/kontakt\/\" style=\"border-style:none;border-width:0px;border-radius:0px;padding-top:0;padding-right:0px;padding-bottom:0;padding-left:0px\">Porozmawiaj z ekspertem<\/a><\/div>\n<\/div>\n<\/div>\n<\/div>\n<\/div>\n\n\n\n<div style=\"min-height:50vh;margin-top:-50vh;--octopods-divider-shape-color:#F7F8FD;--octopods-divider-icon-color:;--octopods-divider-icon-size:20px;--octopods-divider-icon-align:center;--octopods-divider-icon-justify:center\" class=\"wp-block-octopods-divider alignfull\"><div class=\"wp-block-octopods-divider__shape\"><svg xmlns=\"http:\/\/www.w3.org\/2000\/svg\" class=\"angle-layered-2_svg__octopods-divider-svg angle-layered-2_svg__octopods-divider-svg--angle-layered-2\" preserveAspectRatio=\"none\" viewBox=\"0 0 1000 100\"><path d=\"M0 94v6h1000V0z\" opacity=\"0.5\"><\/path><path d=\"M1000 94v6H0V0z\"><\/path><\/svg><\/div><\/div>\n\n\n\n<div class=\"wp-block-group alignfull has-base-color has-text-color has-link-color wp-elements-203b07d0ce10f1860a1d9b5f18898dc1 has-global-padding is-layout-constrained wp-block-group-is-layout-constrained\" style=\"margin-top:0;margin-bottom:0;padding-top:var(--wp--preset--spacing--large);padding-bottom:var(--wp--preset--spacing--large);--octopods-group-overlay-gradient:linear-gradient(245deg, rgba(32,39,97,0.82) 0%, #0E1132 87%);--octopods-group-background-image:url(https:\/\/www.icareweb.com\/wp-content\/uploads\/2024\/08\/dscf8660.jpg);--octopods-group-background-position:50% 50%;--octopods-group-background-size:cover;--octopods-group-background-repeat:no-repeat;--octopods-group-background-attachment:scroll\">\n<h2 class=\"wp-block-heading has-text-align-center\">Gotowy, aby zapomnie\u0107 <br>o nieplanowanych przestojach?<\/h2>\n\n\n\n<div class=\"wp-block-buttons is-content-justification-center is-layout-flex wp-container-core-buttons-is-layout-a89b3969 wp-block-buttons-is-layout-flex\">\n<div class=\"wp-block-button\"><a rel=\"\" target=\"\" href=\"https:\/\/www.icareweb.com\/pl\/kontakt\/\" class=\"wp-block-button__link has-secondary-background-color has-background has-border-color has-secondary-border-color wp-element-button\">Skontaktuj si\u0119 z nami<\/a><\/div>\n<\/div>\n<\/div>\n","protected":false},"excerpt":{"rendered":"<p>Bezpiecze\u0144stwo: technologia bezkontaktowa Skanowanie du\u017cychpowierzchni w kr\u00f3tkim czasie Szybka i efektywnakosztowo Dok\u0142adno\u015b\u0107i niezawodno\u015b\u0107 Znaczenie analizy ultrad\u017awi\u0119kowej Systemy spr\u0119\u017conego powietrza mog\u0105 do\u015bwiadcza\u0107 znacznych strat energii z powodu wyciek\u00f3w z linii powietrznych, z\u0142\u0105czy, w\u0119\u017cy i innych wadliwych komponent\u00f3w. Wykrywanie ultrad\u017awi\u0119kowe mo\u017ce ujawni\u0107 te nies\u0142yszalne zjawiska, drastycznie zmniejszaj\u0105c zu\u017cycie energii. Co mo\u017cna monitorowa\u0107za pomoc\u0105 analizy ultrad\u017awi\u0119kowej? Co obejmuj\u0105 [&hellip;]<\/p>\n","protected":false},"author":23,"featured_media":22935,"parent":23161,"menu_order":0,"comment_status":"closed","ping_status":"closed","template":"","meta":{"_acf_changed":false,"_seopress_robots_primary_cat":"0","_seopress_titles_title":"","_seopress_titles_desc":"Odkryj, jak analiza ultrad\u017awi\u0119kowa I-care mo\u017ce wykrywa\u0107 problemy ze stanem maszyn, zanim przekszta\u0142c\u0105 si\u0119 w powa\u017cne awarie.","_seopress_robots_index":"","content-type":"","inline_featured_image":false,"footnotes":""},"page_category":[162],"class_list":{"0":"post-23249","1":"page","2":"type-page","3":"status-publish","4":"has-post-thumbnail","6":"page_category-website-pages"},"acf":[],"_links":{"self":[{"href":"https:\/\/www.icareweb.com\/pl\/wp-json\/wp\/v2\/pages\/23249","targetHints":{"allow":["GET"]}}],"collection":[{"href":"https:\/\/www.icareweb.com\/pl\/wp-json\/wp\/v2\/pages"}],"about":[{"href":"https:\/\/www.icareweb.com\/pl\/wp-json\/wp\/v2\/types\/page"}],"author":[{"embeddable":true,"href":"https:\/\/www.icareweb.com\/pl\/wp-json\/wp\/v2\/users\/23"}],"replies":[{"embeddable":true,"href":"https:\/\/www.icareweb.com\/pl\/wp-json\/wp\/v2\/comments?post=23249"}],"version-history":[{"count":0,"href":"https:\/\/www.icareweb.com\/pl\/wp-json\/wp\/v2\/pages\/23249\/revisions"}],"up":[{"embeddable":true,"href":"https:\/\/www.icareweb.com\/pl\/wp-json\/wp\/v2\/pages\/23161"}],"wp:featuredmedia":[{"embeddable":true,"href":"https:\/\/www.icareweb.com\/pl\/wp-json\/wp\/v2\/media\/22935"}],"wp:attachment":[{"href":"https:\/\/www.icareweb.com\/pl\/wp-json\/wp\/v2\/media?parent=23249"}],"wp:term":[{"taxonomy":"page_category","embeddable":true,"href":"https:\/\/www.icareweb.com\/pl\/wp-json\/wp\/v2\/page_category?post=23249"}],"curies":[{"name":"wp","href":"https:\/\/api.w.org\/{rel}","templated":true}]}}