{"id":23842,"date":"2024-08-06T21:58:52","date_gmt":"2024-08-06T19:58:52","guid":{"rendered":"https:\/\/20yrnewwebsite.www.icareweb.com\/solutions\/industrial-performance\/"},"modified":"2026-03-19T11:25:37","modified_gmt":"2026-03-19T10:25:37","slug":"wydajnosc-przemyslowa","status":"publish","type":"page","link":"https:\/\/www.icareweb.com\/pl\/rozwiazania\/wydajnosc-przemyslowa\/","title":{"rendered":"Wydajno\u015b\u0107 Przemys\u0142owa"},"content":{"rendered":"\n<div class=\"wp-block-group alignfull icare-hero is-style-shade-left has-background has-global-padding is-layout-constrained wp-block-group-is-layout-constrained\" style=\"background:linear-gradient(135deg,rgb(247,248,253) 0%,rgba(247,248,252,0.49) 100%);margin-top:0;margin-bottom:0;padding-top:var(--wp--preset--spacing--medium);padding-bottom:var(--wp--preset--spacing--xx-large);--octopods-group-overlay-color:#27498C;--octopods-group-overflow:hidden;--octopods-group-position:relative\">\n<div style=\"height:150px\" aria-hidden=\"true\" class=\"wp-block-spacer\"><\/div>\n\n\n\n<div class=\"wp-block-group icare-hero__content is-content-justification-space-between is-nowrap is-layout-flex wp-container-core-group-is-layout-cb46ffcb wp-block-group-is-layout-flex\" style=\"min-height:35vh;--octopods-group-z-index:2;aspect-ratio:unset;\">\n<div class=\"wp-block-columns are-vertically-aligned-center is-style-columns-reverse wp-container-content-9cfa9a5a is-layout-flex wp-container-core-columns-is-layout-28f84493 wp-block-columns-is-layout-flex\">\n<div class=\"wp-block-column is-vertically-aligned-center is-layout-flow wp-block-column-is-layout-flow\" data-aos=\"fade\" data-aos-duration=\"900\" data-aos-easing=\"ease-in-out\" data-aos-once=\"true\">\n<div class=\"wp-block-group is-layout-flow wp-block-group-is-layout-flow\" style=\"padding-right:35px\">\n<h1 class=\"wp-block-heading\">Pionierska doskona\u0142o\u015b\u0107 w wydajno\u015bci przemys\u0142owej<\/h1>\n\n\n\n<p style=\"font-size:clamp(0.875rem, 0.875rem + ((1vw - 0.2rem) * 0.531), 1.3rem);\">Zoptymalizuj swoj\u0105 produkcj\u0119 i zwi\u0119ksz rentowno\u015b\u0107.<\/p>\n\n\n\n<div class=\"wp-block-buttons is-layout-flex wp-block-buttons-is-layout-flex\">\n<div class=\"wp-block-button\"><a class=\"wp-block-button__link wp-element-button\" href=\"#icare-more-content\">Wi\u0119cej informacji<\/a><\/div>\n<\/div>\n\n\n\n<div style=\"height:2vw\" aria-hidden=\"true\" class=\"wp-block-spacer\"><\/div>\n<\/div>\n<\/div>\n\n\n\n<div class=\"wp-block-column is-vertically-aligned-center is-layout-flow wp-block-column-is-layout-flow\" data-aos=\"fade-right\" data-aos-duration=\"900\" data-aos-easing=\"ease-in-out\" data-aos-once=\"true\">\n<div class=\"wp-block-group has-global-padding is-layout-constrained wp-block-group-is-layout-constrained\" style=\"--octopods-group-position:relative\">\n<figure class=\"wp-block-image size-full has-custom-border\"><img alt=\"\" loading=\"lazy\" decoding=\"async\" width=\"1282\" height=\"1920\" src=\"https:\/\/www.icareweb.com\/wp-content\/uploads\/2024\/09\/employee-looking-away-01.jpg\" alt=\"\" class=\"wp-image-22523\" style=\"border-radius:20px;box-shadow:var(--wp--preset--shadow--deep);aspect-ratio:4\/3;object-fit:cover\" srcset=\"https:\/\/www.icareweb.com\/wp-content\/uploads\/2024\/09\/employee-looking-away-01.jpg 1282w, https:\/\/www.icareweb.com\/wp-content\/uploads\/2024\/09\/employee-looking-away-01-855x1280.jpg 855w, https:\/\/www.icareweb.com\/wp-content\/uploads\/2024\/09\/employee-looking-away-01-401x600.jpg 401w, https:\/\/www.icareweb.com\/wp-content\/uploads\/2024\/09\/employee-looking-away-01-768x1150.jpg 768w, https:\/\/www.icareweb.com\/wp-content\/uploads\/2024\/09\/employee-looking-away-01-1026x1536.jpg 1026w, https:\/\/www.icareweb.com\/wp-content\/uploads\/2024\/09\/employee-looking-away-01-300x450.jpg 300w, https:\/\/www.icareweb.com\/wp-content\/uploads\/2024\/09\/employee-looking-away-01-601x900.jpg 601w, https:\/\/www.icareweb.com\/wp-content\/uploads\/2024\/09\/employee-looking-away-01-721x1080.jpg 721w\" sizes=\"auto, (max-width: 1282px) 100vw, 1282px\" \/><\/figure>\n<\/div>\n<\/div>\n<\/div>\n<\/div>\n\n\n\n<div class=\"wp-block-group alignfull icare-hero__divider is-layout-flow wp-block-group-is-layout-flow\" style=\"margin-top:0px;margin-bottom:0px;--octopods-group-position:absolute;--octopods-group-bottom:0px;--octopods-group-left:0px;--octopods-group-right:0px\">\n<div style=\"min-height:350px;margin-top:0px;--octopods-divider-shape-color:#ffffff;--octopods-divider-icon-color:;--octopods-divider-icon-size:20px;--octopods-divider-icon-align:center;--octopods-divider-icon-justify:center\" class=\"wp-block-octopods-divider alignfull\"><div class=\"wp-block-octopods-divider__shape\"><svg xmlns=\"http:\/\/www.w3.org\/2000\/svg\" aria-hidden=\"true\" class=\"angle_svg__octopods-divider-svg angle_svg__octopods-divider-svg--angle\" preserveAspectRatio=\"none\" viewBox=\"0 0 1620 188.5\"><path d=\"M0 188.5h1620V0L0 183.4z\"><\/path><\/svg><\/div><\/div>\n<\/div>\n<\/div>\n\n\n\n<div class=\"wp-block-getwid-anchor\" id=\"icare-more-content\"><\/div>\n\n\n\n<div class=\"wp-block-group alignfull is-style-default has-global-padding is-layout-constrained wp-block-group-is-layout-constrained\" style=\"margin-top:0;margin-bottom:0;padding-top:var(--wp--preset--spacing--x-large);padding-bottom:var(--wp--preset--spacing--large);--octopods-group-z-index:\">\n<div class=\"wp-block-columns are-vertically-aligned-center is-style-columns-reverse is-layout-flex wp-container-core-columns-is-layout-28f84493 wp-block-columns-is-layout-flex\">\n<div class=\"wp-block-column is-vertically-aligned-center is-layout-flow wp-container-core-column-is-layout-c7b3064f wp-block-column-is-layout-flow\">\n<div class=\"wp-block-group is-vertical is-layout-flex wp-container-core-group-is-layout-fe9cc265 wp-block-group-is-layout-flex\">\n<h2 class=\"wp-block-heading\">In\u017cynieria Niezawodno\u015bci<\/h2>\n<\/div>\n\n\n\n<div class=\"wp-block-group is-vertical is-layout-flex wp-container-core-group-is-layout-fe9cc265 wp-block-group-is-layout-flex\">\n<p>Zapewniamy naszym klientom kompleksowe rozwi\u0105zania do zarz\u0105dzania cyklem \u017cycia aktyw\u00f3w i optymalizacji proces\u00f3w, zaprojektowane w celu zwi\u0119kszenia przychod\u00f3w, zapewnienia zgodno\u015bci i minimalizacji koszt\u00f3w.<\/p>\n<\/div>\n\n\n\n<div class=\"wp-block-buttons is-layout-flex wp-block-buttons-is-layout-flex\">\n<div class=\"wp-block-button\"><a class=\"wp-block-button__link wp-element-button\" href=\"https:\/\/www.icareweb.com\/pl\/rozwiazania\/wydajnosc-przemyslowa\/inzynieria-niezawodnosci\/\">Dowiedz si\u0119 wi\u0119cej<\/a><\/div>\n\n\n\n<div class=\"wp-block-button\"><a class=\"wp-block-button__link has-secondary-background-color has-background wp-element-button\" href=\"https:\/\/www.icareweb.com\/pl\/kontakt\/\">Porozmawiaj z ekspertem<\/a><\/div>\n<\/div>\n<\/div>\n\n\n\n<div class=\"wp-block-column is-vertically-aligned-center is-layout-flow wp-block-column-is-layout-flow\">\n<div class=\"wp-block-group is-layout-grid wp-container-core-group-is-layout-bcb8ac2c wp-block-group-is-layout-grid\" style=\"border-radius:20px;min-height:450px;--octopods-group-grid-columns-tablet:undefined;--octopods-group-grid-columns-mobile:undefined;aspect-ratio:unset;\">\n<div class=\"wp-block-group is-style-default has-base-color has-contrast-background-color has-text-color has-background has-link-color wp-elements-1778d03fd8d85f69ed9ba278faa6b943 wp-container-content-d2eb3c98 is-vertical is-content-justification-center is-layout-flex wp-container-core-group-is-layout-f06147a1 wp-block-group-is-layout-flex\" style=\"border-radius:20px;padding-top:var(--wp--preset--spacing--large);padding-right:var(--wp--preset--spacing--small);padding-bottom:var(--wp--preset--spacing--large);padding-left:var(--wp--preset--spacing--small);--octopods-group-overlay-gradient:linear-gradient(245deg, rgba(32,39,97,0.82) 0%, #0E1132 87%);--octopods-group-background-image:url(https:\/\/www.icareweb.com\/wp-content\/uploads\/2024\/09\/maintenance-schema-01.jpg);--octopods-group-background-position:50% 50%;--octopods-group-background-size:cover;--octopods-group-background-repeat:no-repeat;--octopods-group-background-attachment:scroll;--octopods-group-box-shadow:rgba(48,75,130,.15) 0 0 50px 0;--octopods-group-position:relative\">\n<div class=\"wp-block-getwid-icon\"><div class=\"wp-block-getwid-icon__wrapper\" style=\"padding:0px\"><i class=\"ph-duotone ph-medal\"><\/i><\/div><\/div>\n\n\n\n<p class=\"has-text-align-center\"><strong>Najwy\u017csze standardy<\/strong><br>u<strong>trzymania ruchu<\/strong><\/p>\n<\/div>\n\n\n\n<div class=\"wp-block-group is-style-default has-base-color has-contrast-background-color has-text-color has-background has-link-color wp-elements-97de80cbaf3f27f78c58c797e3881096 wp-container-content-d2eb3c98 is-vertical is-content-justification-center is-layout-flex wp-container-core-group-is-layout-f06147a1 wp-block-group-is-layout-flex\" style=\"border-radius:20px;padding-top:var(--wp--preset--spacing--large);padding-right:var(--wp--preset--spacing--small);padding-bottom:var(--wp--preset--spacing--large);padding-left:var(--wp--preset--spacing--small);--octopods-group-overlay-gradient:linear-gradient(245deg, rgba(32,39,97,0.82) 0%, #0E1132 87%);--octopods-group-background-image:url(https:\/\/www.icareweb.com\/wp-content\/uploads\/2024\/09\/team-07.jpg);--octopods-group-background-position:50% 50%;--octopods-group-background-size:cover;--octopods-group-background-repeat:no-repeat;--octopods-group-background-attachment:scroll;--octopods-group-box-shadow:rgba(48,75,130,.15) 0 0 50px 0;--octopods-group-position:relative\">\n<div class=\"wp-block-getwid-icon\"><div class=\"wp-block-getwid-icon__wrapper\" style=\"font-size:30px;padding:0px\"><i class=\"ph-duotone ph-arrow-fat-lines-right\"><\/i><\/div><\/div>\n\n\n\n<p class=\"has-text-align-center\"><strong>Efektywne<\/strong><br><strong>utrzymanie ruchu<\/strong><\/p>\n<\/div>\n\n\n\n<div class=\"wp-block-group is-style-default wp-container-content-d2eb3c98 is-vertical is-content-justification-center is-layout-flex wp-container-core-group-is-layout-ef5830d1 wp-block-group-is-layout-flex\" style=\"border-radius:20px;padding-top:var(--wp--preset--spacing--large);padding-right:var(--wp--preset--spacing--small);padding-bottom:var(--wp--preset--spacing--large);padding-left:var(--wp--preset--spacing--small);--octopods-group-background-image:url(https:\/\/www.icareweb.com\/wp-content\/uploads\/2025\/08\/onsite-employees-02.jpg);--octopods-group-background-position:34% 24%;--octopods-group-background-size:cover;--octopods-group-background-repeat:no-repeat;--octopods-group-background-attachment:scroll;--octopods-group-box-shadow:rgba(48,75,130,.15) 0 0 50px 0;--octopods-group-position:relative\"><\/div>\n\n\n\n<div class=\"wp-block-group is-style-default has-base-color has-contrast-background-color has-text-color has-background has-link-color wp-elements-e33d06d84b48e6543ce2cfc50a2414a6 wp-container-content-d2eb3c98 is-vertical is-content-justification-center is-layout-flex wp-container-core-group-is-layout-f06147a1 wp-block-group-is-layout-flex\" style=\"border-radius:20px;padding-top:var(--wp--preset--spacing--large);padding-right:var(--wp--preset--spacing--small);padding-bottom:var(--wp--preset--spacing--large);padding-left:var(--wp--preset--spacing--small);--octopods-group-overlay-gradient:linear-gradient(245deg, rgba(32,39,97,0.82) 0%, #0E1132 87%);--octopods-group-background-image:url(https:\/\/www.icareweb.com\/wp-content\/uploads\/2024\/09\/team-04.jpg);--octopods-group-background-position:50% 50%;--octopods-group-background-size:cover;--octopods-group-background-repeat:no-repeat;--octopods-group-background-attachment:scroll;--octopods-group-box-shadow:rgba(48,75,130,.15) 0 0 50px 0;--octopods-group-position:relative\">\n<div class=\"wp-block-getwid-icon\"><div class=\"wp-block-getwid-icon__wrapper\" style=\"font-size:30px;padding:0px\"><i class=\"ph-duotone ph-circle-notch\"><\/i><\/div><\/div>\n\n\n\n<p class=\"has-text-align-center\"><strong>Ci\u0105g\u0142e<\/strong><br><strong>doskonalenie<\/strong><\/p>\n<\/div>\n<\/div>\n<\/div>\n<\/div>\n<\/div>\n\n\n\n<div class=\"wp-block-group alignfull is-style-default has-global-padding is-layout-constrained wp-block-group-is-layout-constrained\" style=\"margin-top:0;margin-bottom:0;padding-top:var(--wp--preset--spacing--x-large);padding-bottom:var(--wp--preset--spacing--large);--octopods-group-z-index:2\">\n<div class=\"wp-block-group alignfull has-global-padding is-layout-constrained wp-block-group-is-layout-constrained\" style=\"--octopods-group-overlay-color:#F7F8FD;--octopods-group-box-shadow:rgba(48,75,130,.15) 0 0 50px 0\">\n<div class=\"wp-block-columns are-vertically-aligned-center is-style-columns-reverse is-layout-flex wp-container-core-columns-is-layout-ecdc13ea wp-block-columns-is-layout-flex\" style=\"margin-top:0;margin-bottom:0;padding-top:var(--wp--preset--spacing--x-large);padding-bottom:var(--wp--preset--spacing--x-large)\">\n<div class=\"wp-block-column is-vertically-aligned-center is-layout-flow wp-block-column-is-layout-flow\">\n<div class=\"wp-block-getwid-images-stack is-layout-gamma\"><div class=\"wp-block-getwid-images-stack__wrapper\"><div class=\"wp-block-getwid-images-stack__chunk\"><div class=\"wp-block-getwid-images-stack__media-wrapper\"><div class=\"wp-block-getwid-images-stack__media-inner-wrapper\"><img alt=\"\" loading=\"lazy\" decoding=\"async\" width=\"1126\" height=\"1280\" class=\"wp-block-getwid-images-stack__media wp-image-22829\" src=\"https:\/\/www.icareweb.com\/wp-content\/uploads\/2024\/09\/lubrication-container-inside-07-1126x1280.jpg\" data-id=\"22829\" data-link=\"https:\/\/www.icareweb.com\/lubrication-container-inside-07\/\" srcset=\"https:\/\/www.icareweb.com\/wp-content\/uploads\/2024\/09\/lubrication-container-inside-07-1126x1280.jpg 1126w, https:\/\/www.icareweb.com\/wp-content\/uploads\/2024\/09\/lubrication-container-inside-07-528x600.jpg 528w, https:\/\/www.icareweb.com\/wp-content\/uploads\/2024\/09\/lubrication-container-inside-07-768x873.jpg 768w, https:\/\/www.icareweb.com\/wp-content\/uploads\/2024\/09\/lubrication-container-inside-07-1352x1536.jpg 1352w, https:\/\/www.icareweb.com\/wp-content\/uploads\/2024\/09\/lubrication-container-inside-07-396x450.jpg 396w, https:\/\/www.icareweb.com\/wp-content\/uploads\/2024\/09\/lubrication-container-inside-07-792x900.jpg 792w, https:\/\/www.icareweb.com\/wp-content\/uploads\/2024\/09\/lubrication-container-inside-07-950x1080.jpg 950w, https:\/\/www.icareweb.com\/wp-content\/uploads\/2024\/09\/lubrication-container-inside-07.jpg 1502w\" sizes=\"auto, (max-width: 1126px) 100vw, 1126px\" \/><\/div><\/div><div class=\"wp-block-getwid-images-stack__media-wrapper\"><div class=\"wp-block-getwid-images-stack__media-inner-wrapper\"><img alt=\"\" loading=\"lazy\" decoding=\"async\" width=\"1150\" height=\"786\" class=\"wp-block-getwid-images-stack__media wp-image-22847\" src=\"https:\/\/www.icareweb.com\/wp-content\/uploads\/2024\/09\/lubrication-container-outside-01.jpg\" data-id=\"22847\" data-link=\"https:\/\/www.icareweb.com\/lubrication-container-outside-01\/\" srcset=\"https:\/\/www.icareweb.com\/wp-content\/uploads\/2024\/09\/lubrication-container-outside-01.jpg 1150w, https:\/\/www.icareweb.com\/wp-content\/uploads\/2024\/09\/lubrication-container-outside-01-600x410.jpg 600w, https:\/\/www.icareweb.com\/wp-content\/uploads\/2024\/09\/lubrication-container-outside-01-768x525.jpg 768w\" sizes=\"auto, (max-width: 1150px) 100vw, 1150px\" \/><\/div><\/div><\/div><\/div><\/div>\n<\/div>\n\n\n\n<div class=\"wp-block-column is-vertically-aligned-center is-layout-flow wp-container-core-column-is-layout-c7b3064f wp-block-column-is-layout-flow\">\n<div class=\"wp-block-group is-vertical is-layout-flex wp-container-core-group-is-layout-fe9cc265 wp-block-group-is-layout-flex\">\n<h2 class=\"wp-block-heading\">Smarowanie skoncentrowane na niezawodno\u015bci<\/h2>\n<\/div>\n\n\n\n<div class=\"wp-block-group is-vertical is-layout-flex wp-container-core-group-is-layout-fe9cc265 wp-block-group-is-layout-flex\">\n<p>Odkryj, jak poprawi\u0107 niezawodno\u015b\u0107 dzi\u0119ki projektowaniu, wdra\u017caniu i standaryzacji naszego programu smarowania.<\/p>\n<\/div>\n\n\n\n<div class=\"wp-block-group has-primary-color has-text-color has-link-color wp-elements-93cc37359760c9ed88fd327187d7e840 is-vertical is-content-justification-left is-layout-flex wp-container-core-group-is-layout-f8b30b0c wp-block-group-is-layout-flex\">\n<div class=\"wp-block-group is-content-justification-left is-nowrap is-layout-flex wp-container-core-group-is-layout-08e2cdc5 wp-block-group-is-layout-flex\">\n<div class=\"wp-block-getwid-icon\"><div class=\"wp-block-getwid-icon__wrapper\" style=\"font-size:30px;padding:0px\"><i class=\"ph-duotone ph-warning\"><\/i><\/div><\/div>\n\n\n\n<p class=\"has-text-align-left\"><strong>Ni\u017csze ryzyko awarii smarowania<\/strong><\/p>\n<\/div>\n\n\n\n<div class=\"wp-block-group is-nowrap is-layout-flex wp-container-core-group-is-layout-4a8ca3eb wp-block-group-is-layout-flex\">\n<div class=\"wp-block-getwid-icon\"><div class=\"wp-block-getwid-icon__wrapper\" style=\"font-size:30px;padding:0px\"><i class=\"ph-duotone ph-arrow-bend-right-down\"><\/i><\/div><\/div>\n\n\n\n<p class=\"has-text-align-center\"><strong>Mniejsze wydatki na gospodark\u0119 smarownicz\u0105<\/strong><\/p>\n<\/div>\n\n\n\n<div class=\"wp-block-group is-nowrap is-layout-flex wp-container-core-group-is-layout-4a8ca3eb wp-block-group-is-layout-flex\">\n<div class=\"wp-block-getwid-icon\"><div class=\"wp-block-getwid-icon__wrapper\" style=\"font-size:30px;padding:0px\"><i class=\"bx bx-leaf\"><\/i><\/div><\/div>\n\n\n\n<p class=\"has-text-align-center\"><strong>Ni\u017csze ryzyko \u015brodowiskowe<\/strong><\/p>\n<\/div>\n\n\n\n<div class=\"wp-block-group is-nowrap is-layout-flex wp-container-core-group-is-layout-4a8ca3eb wp-block-group-is-layout-flex\">\n<div class=\"wp-block-getwid-icon\"><div class=\"wp-block-getwid-icon__wrapper\" style=\"font-size:30px;padding:0px\"><i class=\"ph-duotone ph-hourglass-high\"><\/i><\/div><\/div>\n\n\n\n<p class=\"has-text-align-center\"><strong>Wyd\u0142u\u017cona \u017cywotno\u015b\u0107 maszyn<\/strong><\/p>\n<\/div>\n<\/div>\n\n\n\n<div class=\"wp-block-buttons is-layout-flex wp-block-buttons-is-layout-flex\">\n<div class=\"wp-block-button\"><a class=\"wp-block-button__link wp-element-button\" href=\"https:\/\/www.icareweb.com\/pl\/rozwiazania\/wydajnosc-przemyslowa\/smarowanie-skoncentrowane-niezawodnosci\/\">Dowiedz si\u0119 wi\u0119cej<\/a><\/div>\n\n\n\n<div class=\"wp-block-button\"><a class=\"wp-block-button__link has-secondary-background-color has-background wp-element-button\" href=\"https:\/\/www.icareweb.com\/pl\/kontakt\/\">Pozosta\u0144my w kontakcie<\/a><\/div>\n<\/div>\n<\/div>\n<\/div>\n<\/div>\n<\/div>\n\n\n\n<div class=\"wp-block-group alignfull is-style-default has-global-padding is-layout-constrained wp-block-group-is-layout-constrained\" style=\"margin-top:0;margin-bottom:0;padding-top:var(--wp--preset--spacing--x-large);padding-bottom:var(--wp--preset--spacing--xx-large);--octopods-group-z-index:2\">\n<div class=\"wp-block-columns are-vertically-aligned-center is-style-columns-reverse is-layout-flex wp-container-core-columns-is-layout-28f84493 wp-block-columns-is-layout-flex\">\n<div class=\"wp-block-column is-vertically-aligned-center is-layout-flow wp-container-core-column-is-layout-c7b3064f wp-block-column-is-layout-flow\">\n<div class=\"wp-block-group is-vertical is-layout-flex wp-container-core-group-is-layout-fe9cc265 wp-block-group-is-layout-flex\">\n<h2 class=\"wp-block-heading\">Kalibracja i Pomiary<\/h2>\n<\/div>\n\n\n\n<div class=\"wp-block-group is-vertical is-layout-flex wp-container-core-group-is-layout-fe9cc265 wp-block-group-is-layout-flex\">\n<p>Odkryj, w jaki spos\u00f3b nasze kompleksowe us\u0142ugi kalibracji i pomiar\u00f3w zapewniaj\u0105 niezr\u00f3wnan\u0105 precyzj\u0119 i dok\u0142adno\u015b\u0107 na wszystkich liniach produkcyjnych, zwi\u0119kszaj\u0105c wydajno\u015b\u0107 i jako\u015b\u0107 produktu.<\/p>\n<\/div>\n\n\n\n<div class=\"wp-block-group has-primary-color has-text-color has-link-color wp-elements-e2ce2e0b1752adb9d1b55de3772f0fcf is-vertical is-layout-flex wp-container-core-group-is-layout-e9e558ad wp-block-group-is-layout-flex\">\n<div class=\"wp-block-group is-nowrap is-layout-flex wp-container-core-group-is-layout-4a8ca3eb wp-block-group-is-layout-flex\">\n<div class=\"wp-block-getwid-icon\"><div class=\"wp-block-getwid-icon__wrapper\" style=\"font-size:30px;padding:0px\"><i class=\"ph-duotone ph-arrow-bend-right-down\"><\/i><\/div><\/div>\n\n\n\n<p class=\"has-text-align-left\"><strong>Mniejsze wydatki<\/strong><\/p>\n<\/div>\n\n\n\n<div class=\"wp-block-group is-nowrap is-layout-flex wp-container-core-group-is-layout-4a8ca3eb wp-block-group-is-layout-flex\">\n<div class=\"wp-block-getwid-icon\"><div class=\"wp-block-getwid-icon__wrapper\" style=\"font-size:30px;padding:0px\"><i class=\"bx bx-leaf\"><\/i><\/div><\/div>\n\n\n\n<p class=\"has-text-align-left\"><strong>Ni\u017csze ryzyko \u015brodowiskowe<\/strong><\/p>\n<\/div>\n\n\n\n<div class=\"wp-block-group is-nowrap is-layout-flex wp-container-core-group-is-layout-4a8ca3eb wp-block-group-is-layout-flex\">\n<div class=\"wp-block-getwid-icon\"><div class=\"wp-block-getwid-icon__wrapper\" style=\"font-size:30px;padding:0px\"><i class=\"ph-duotone ph-hourglass-high\"><\/i><\/div><\/div>\n\n\n\n<p class=\"has-text-align-left\"><strong>Wyd\u0142u\u017cona \u017cywotno\u015b\u0107 maszyn<\/strong><\/p>\n<\/div>\n<\/div>\n\n\n\n<div class=\"wp-block-buttons is-layout-flex wp-block-buttons-is-layout-flex\">\n<div class=\"wp-block-button\"><a class=\"wp-block-button__link wp-element-button\" href=\"https:\/\/www.icareweb.com\/pl\/rozwiazania\/wydajnosc-przemyslowa\/kalibracja-pomiary\/\">Dowiedz si\u0119 wi\u0119cej<\/a><\/div>\n\n\n\n<div class=\"wp-block-button\"><a class=\"wp-block-button__link has-secondary-background-color has-background wp-element-button\" href=\"https:\/\/www.icareweb.com\/pl\/kontakt\/\">Porozmawiaj z ekspertem<\/a><\/div>\n<\/div>\n<\/div>\n\n\n\n<div class=\"wp-block-column is-vertically-aligned-center is-layout-flow wp-block-column-is-layout-flow\">\n<figure class=\"wp-block-image size-full has-custom-border\"><img alt=\"\" loading=\"lazy\" decoding=\"async\" width=\"865\" height=\"578\" src=\"https:\/\/www.icareweb.com\/wp-content\/uploads\/2024\/09\/calibration-and-measurement-02.png\" alt=\"\" class=\"wp-image-22435\" style=\"border-radius:20px\" srcset=\"https:\/\/www.icareweb.com\/wp-content\/uploads\/2024\/09\/calibration-and-measurement-02.png 865w, https:\/\/www.icareweb.com\/wp-content\/uploads\/2024\/09\/calibration-and-measurement-02-600x401.png 600w, https:\/\/www.icareweb.com\/wp-content\/uploads\/2024\/09\/calibration-and-measurement-02-768x513.png 768w\" sizes=\"auto, (max-width: 865px) 100vw, 865px\" \/><\/figure>\n<\/div>\n<\/div>\n<\/div>\n\n\n\n<div style=\"min-height:50vh;margin-top:-50vh;--octopods-divider-shape-color:#F7F8FD;--octopods-divider-icon-color:;--octopods-divider-icon-size:20px;--octopods-divider-icon-align:center;--octopods-divider-icon-justify:center\" class=\"wp-block-octopods-divider alignfull\"><\/div>\n\n\n\n<div class=\"wp-block-group alignfull has-base-color has-text-color has-link-color wp-elements-203b07d0ce10f1860a1d9b5f18898dc1 has-global-padding is-layout-constrained wp-block-group-is-layout-constrained\" style=\"margin-top:0;margin-bottom:0;padding-top:var(--wp--preset--spacing--large);padding-bottom:var(--wp--preset--spacing--large);--octopods-group-overlay-gradient:linear-gradient(245deg, rgba(32,39,97,0.82) 0%, #0E1132 87%);--octopods-group-background-image:url(https:\/\/www.icareweb.com\/wp-content\/uploads\/2024\/08\/dscf8660.jpg);--octopods-group-background-position:50% 50%;--octopods-group-background-size:cover;--octopods-group-background-repeat:no-repeat;--octopods-group-background-attachment:scroll\">\n<h2 class=\"wp-block-heading has-text-align-center\">Chcesz zwi\u0119kszy\u0107 swoj\u0105 wydajno\u015b\u0107?<\/h2>\n\n\n\n<div class=\"wp-block-buttons is-content-justification-center is-layout-flex wp-container-core-buttons-is-layout-a89b3969 wp-block-buttons-is-layout-flex\">\n<div class=\"wp-block-button\"><a rel=\"\" target=\"\" href=\"https:\/\/www.icareweb.com\/pl\/kontakt\/\" class=\"wp-block-button__link has-secondary-background-color has-background has-border-color has-secondary-border-color wp-element-button\">Skontaktuj si\u0119 z nami<\/a><\/div>\n<\/div>\n<\/div>\n","protected":false},"excerpt":{"rendered":"<p>In\u017cynieria Niezawodno\u015bci Zapewniamy naszym klientom kompleksowe rozwi\u0105zania do zarz\u0105dzania cyklem \u017cycia aktyw\u00f3w i optymalizacji proces\u00f3w, zaprojektowane w celu zwi\u0119kszenia przychod\u00f3w, zapewnienia zgodno\u015bci i minimalizacji koszt\u00f3w. Najwy\u017csze standardyutrzymania ruchu Efektywneutrzymanie ruchu Ci\u0105g\u0142edoskonalenie Smarowanie skoncentrowane na niezawodno\u015bci Odkryj, jak poprawi\u0107 niezawodno\u015b\u0107 dzi\u0119ki projektowaniu, wdra\u017caniu i standaryzacji naszego programu smarowania. Ni\u017csze ryzyko awarii smarowania Mniejsze wydatki na gospodark\u0119 [&hellip;]<\/p>\n","protected":false},"author":23,"featured_media":22527,"parent":23285,"menu_order":0,"comment_status":"closed","ping_status":"closed","template":"","meta":{"_acf_changed":false,"_seopress_robots_primary_cat":"","_seopress_titles_title":"Wydajno\u015b\u0107 przemys\u0142owa: niezawodno\u015b\u0107, kalibracja i pomiary %%sep%% %%sitename%%","_seopress_titles_desc":"Poznaj nasze rozwi\u0105zania zwi\u0119kszaj\u0105ce wydajno\u015b\u0107 przemys\u0142ow\u0105 \u2013 optymalizujemy niezawodno\u015b\u0107 i dzia\u0142ania zwi\u0105zane z utrzymaniem ruchu dzi\u0119ki wiedzy in\u017cynierskiej, kalibracji i smarowaniu.","_seopress_robots_index":"","content-type":"","inline_featured_image":false,"footnotes":""},"page_category":[162],"class_list":{"0":"post-23842","1":"page","2":"type-page","3":"status-publish","4":"has-post-thumbnail","6":"page_category-website-pages"},"acf":[],"_links":{"self":[{"href":"https:\/\/www.icareweb.com\/pl\/wp-json\/wp\/v2\/pages\/23842","targetHints":{"allow":["GET"]}}],"collection":[{"href":"https:\/\/www.icareweb.com\/pl\/wp-json\/wp\/v2\/pages"}],"about":[{"href":"https:\/\/www.icareweb.com\/pl\/wp-json\/wp\/v2\/types\/page"}],"author":[{"embeddable":true,"href":"https:\/\/www.icareweb.com\/pl\/wp-json\/wp\/v2\/users\/23"}],"replies":[{"embeddable":true,"href":"https:\/\/www.icareweb.com\/pl\/wp-json\/wp\/v2\/comments?post=23842"}],"version-history":[{"count":1,"href":"https:\/\/www.icareweb.com\/pl\/wp-json\/wp\/v2\/pages\/23842\/revisions"}],"predecessor-version":[{"id":91765,"href":"https:\/\/www.icareweb.com\/pl\/wp-json\/wp\/v2\/pages\/23842\/revisions\/91765"}],"up":[{"embeddable":true,"href":"https:\/\/www.icareweb.com\/pl\/wp-json\/wp\/v2\/pages\/23285"}],"wp:featuredmedia":[{"embeddable":true,"href":"https:\/\/www.icareweb.com\/pl\/wp-json\/wp\/v2\/media\/22527"}],"wp:attachment":[{"href":"https:\/\/www.icareweb.com\/pl\/wp-json\/wp\/v2\/media?parent=23842"}],"wp:term":[{"taxonomy":"page_category","embeddable":true,"href":"https:\/\/www.icareweb.com\/pl\/wp-json\/wp\/v2\/page_category?post=23842"}],"curies":[{"name":"wp","href":"https:\/\/api.w.org\/{rel}","templated":true}]}}