{"id":3801,"date":"2022-04-02T12:39:52","date_gmt":"2022-04-02T10:39:52","guid":{"rendered":"https:\/\/i-care.local\/cookies\/"},"modified":"2024-10-04T09:44:35","modified_gmt":"2024-10-04T07:44:35","slug":"polityka-cookies","status":"publish","type":"page","link":"https:\/\/www.icareweb.com\/pl\/polityka-cookies\/","title":{"rendered":"Polityka Cookies"},"content":{"rendered":"\n<div class=\"wp-block-group alignfull icare-hero is-style-shade-left-bottom has-background has-global-padding is-layout-constrained wp-block-group-is-layout-constrained\" style=\"background:linear-gradient(270deg,rgba(247,248,252,0.45) 0%,rgb(247,248,253) 64%);margin-top:0;margin-bottom:0;padding-top:var(--wp--preset--spacing--medium);padding-bottom:var(--wp--preset--spacing--medium);--octopods-group-overlay-color:#1a3469;--octopods-group-overflow:hidden;--octopods-group-position:relative\">\n<div style=\"height:150px\" aria-hidden=\"true\" class=\"wp-block-spacer block-visibility-hide-small-screen\"><\/div>\n\n\n\n<div style=\"height:45px\" aria-hidden=\"true\" class=\"wp-block-spacer block-visibility-hide-large-screen block-visibility-hide-medium-screen\"><\/div>\n\n\n\n<div class=\"wp-block-group icare-hero__content has-global-padding is-layout-constrained wp-container-core-group-is-layout-da8ab678 wp-block-group-is-layout-constrained\" style=\"padding-top:var(--wp--preset--spacing--large);--octopods-group-z-index:2;aspect-ratio:unset;\">\n<div class=\"wp-block-group is-layout-flow wp-block-group-is-layout-flow\">\n<h1 class=\"wp-block-heading has-text-align-center\">Polityka Cookies<\/h1>\n\n\n\n<p class=\"has-text-align-center\" style=\"font-size:clamp(0.875rem, 0.875rem + ((1vw - 0.2rem) * 0.531), 1.3rem);\"><\/p>\n\n\n\n<hr class=\"wp-block-separator has-text-color has-secondary-color has-alpha-channel-opacity has-secondary-background-color has-background is-style-default\"\/>\n\n\n\n<div style=\"height:30px\" aria-hidden=\"true\" class=\"wp-block-spacer block-visibility-hide-small-screen\"><\/div>\n<\/div>\n<\/div>\n<\/div>\n\n\n\n<div class=\"wp-block-group has-global-padding is-layout-constrained wp-block-group-is-layout-constrained\" style=\"padding-top:var(--wp--preset--spacing--large);padding-bottom:var(--wp--preset--spacing--large)\">\n<div class=\"wp-block-group has-global-padding is-layout-constrained wp-block-group-is-layout-constrained\" style=\"padding-top:var(--wp--preset--spacing--x-small);padding-bottom:var(--wp--preset--spacing--x-small)\">\n<p>I-care SRL (\u201cnas\u201d, \u201cmy\u201d lub \u201cnasz\u201d) u\u017cywa plik\u00f3w cookie na stronie https:\/\/www.icareweb.com (\u201cSerwis\u201d). Korzystaj\u0105c z Serwisu wyra\u017casz zgod\u0119 na u\u017cywanie plik\u00f3w cookies.<\/p>\n\n\n\n<p>Nasza Polityka dotycz\u0105ca plik\u00f3w cookie wyja\u015bnia, czym s\u0105 pliki cookie, w jaki spos\u00f3b u\u017cywamy plik\u00f3w cookie, w jaki spos\u00f3b strony trzecie, z kt\u00f3rymi mo\u017cemy wsp\u00f3\u0142pracowa\u0107, mog\u0105 wykorzystywa\u0107 pliki cookie w Serwisie, wyja\u015bnia Twoje wybory dotycz\u0105ce plik\u00f3w cookie oraz dalsze informacje na temat plik\u00f3w cookie.<\/p>\n<\/div>\n\n\n\n<div class=\"wp-block-group has-global-padding is-layout-constrained wp-block-group-is-layout-constrained\" style=\"padding-top:var(--wp--preset--spacing--x-small);padding-bottom:var(--wp--preset--spacing--x-small)\">\n<h3 class=\"wp-block-heading has-text-align-left\"><strong>Czym s\u0105 pliki cookie<\/strong><div><strong style=\"margin: 0px; padding: 0px; border: 0px; vertical-align: baseline; font-weight: bold;\"><\/strong><\/div><\/h3>\n\n\n\n<p>Pliki cookie to ma\u0142e fragmenty tekstu wysy\u0142ane do przegl\u0105darki internetowej przez odwiedzan\u0105 witryn\u0119. Plik cookie jest przechowywany w Twojej przegl\u0105darce internetowej i umo\u017cliwia Serwisowi lub podmiotowi trzeciemu rozpoznanie Ciebie i u\u0142atwienie nast\u0119pnej wizyty, a tak\u017ce zwi\u0119kszenie u\u017cyteczno\u015bci Serwisu.<\/p>\n\n\n\n<p>Pliki cookie mog\u0105 by\u0107 \u201etrwa\u0142ymi\u201d lub \u201esesyjnymi\u201d plikami cookie. Trwa\u0142e pliki cookie pozostaj\u0105 na Twoim komputerze osobistym lub urz\u0105dzeniu mobilnym po przej\u015bciu do trybu offline, podczas gdy sesyjne pliki cookie s\u0105 usuwane, gdy tylko zamkniesz przegl\u0105dark\u0119 internetow\u0105.<\/p>\n<\/div>\n\n\n\n<div class=\"wp-block-group has-global-padding is-layout-constrained wp-block-group-is-layout-constrained\" style=\"padding-top:var(--wp--preset--spacing--x-small);padding-bottom:var(--wp--preset--spacing--x-small)\">\n<h3 class=\"wp-block-heading\"><strong>Jak I-care wykorzystuje pliki cookie<\/strong><div><strong style=\"margin: 0px; padding: 0px; border: 0px; vertical-align: baseline; font-weight: bold;\"><\/strong><\/div><\/h3>\n\n\n\n<p>Kiedy korzystasz z Serwisu i uzyskujesz do niego dost\u0119p, mo\u017cemy umie\u015bci\u0107 w Twojej przegl\u0105darce internetowej kilka plik\u00f3w cookies.<\/p>\n\n\n\n<p>U\u017cywamy plik\u00f3w cookie w nast\u0119puj\u0105cych celach:<\/p>\n\n\n\n<ul class=\"wp-block-list\">\n<li>Aby w\u0142\u0105czy\u0107 niekt\u00f3re funkcje Serwisu<\/li>\n\n\n\n<li>Aby prowadzi\u0107 analityk\u0119<\/li>\n<\/ul>\n\n\n\n<p>W Serwisie u\u017cywamy zar\u00f3wno sesyjnych, jak i trwa\u0142ych plik\u00f3w cookie i u\u017cywamy r\u00f3\u017cnych rodzaj\u00f3w plik\u00f3w cookie do uruchomienia Serwisu:<\/p>\n\n\n\n<ul class=\"wp-block-list\">\n<li><strong>Niezb\u0119dne pliki cookie<\/strong>.&nbsp;Mo\u017cemy u\u017cywa\u0107 plik\u00f3w cookie do zapami\u0119tywania informacji, kt\u00f3re zmieniaj\u0105 spos\u00f3b zachowania lub wygl\u0105du Serwisu, takich jak preferencje j\u0119zykowe u\u017cytkownika w Serwisie.<\/li>\n\n\n\n<li><strong>Analityczne pliki cookie<\/strong>.&nbsp;Mo\u017cemy u\u017cywa\u0107 analitycznych plik\u00f3w cookie do \u015bledzenia informacji o sposobie korzystania z Serwisu, aby\u015bmy mogli wprowadza\u0107 ulepszenia. Mo\u017cemy r\u00f3wnie\u017c u\u017cywa\u0107 analitycznych plik\u00f3w cookie do testowania nowych reklam, stron, funkcji lub nowych funkcji Serwisu, aby zobaczy\u0107, jak nasi u\u017cytkownicy na nie reaguj\u0105.<ul style=\"margin: 0px 0px min(0.8125rem + 0.625vw, 1.5625rem); padding-left: 2.5rem; border: 0px; vertical-align: baseline; list-style-type: disc; font-size: min(0.65rem + 0.5vw, 1.25rem); line-height: 1.5; color: rgb(111, 116, 128); font-family: Roboto, Verdana, sans-serif; white-space-collapse: collapse;\"><\/ul><\/li>\n<\/ul>\n<\/div>\n\n\n\n<div class=\"wp-block-group has-global-padding is-layout-constrained wp-block-group-is-layout-constrained\" style=\"padding-top:var(--wp--preset--spacing--x-small);padding-bottom:var(--wp--preset--spacing--x-small)\">\n<h3 class=\"wp-block-heading\"><strong>Pliki cookie stron trzecich<\/strong><div><strong style=\"margin: 0px; padding: 0px; border: 0px; vertical-align: baseline; font-weight: bold;\"><\/strong><\/div><\/h3>\n\n\n\n<p>Opr\u00f3cz naszych plik\u00f3w cookie mo\u017cemy r\u00f3wnie\u017c u\u017cywa\u0107 plik\u00f3w cookie innych firm do raportowania statystyk u\u017cytkowania Serwisu, dostarczania reklam w Serwisie i za jej po\u015brednictwem i tak dalej.<\/p>\n<\/div>\n\n\n\n<div class=\"wp-block-group has-global-padding is-layout-constrained wp-block-group-is-layout-constrained\" style=\"padding-top:var(--wp--preset--spacing--x-small);padding-bottom:var(--wp--preset--spacing--x-small)\">\n<h3 class=\"wp-block-heading\"><strong>Jaki masz wyb\u00f3r dotycz\u0105cy plik\u00f3w cookie?<\/strong><div><strong style=\"margin: 0px; padding: 0px; border: 0px; vertical-align: baseline; font-weight: bold;\"><\/strong><\/div><\/h3>\n\n\n\n<p>Je\u015bli chcesz usun\u0105\u0107 pliki cookie lub poinstruowa\u0107 przegl\u0105dark\u0119, aby usuwa\u0142a lub odrzuca\u0142a pliki cookie, odwied\u017a strony pomocy swojej przegl\u0105darki internetowej.<\/p>\n\n\n\n<p>Nale\u017cy jednak pami\u0119ta\u0107, \u017ce je\u015bli usuniesz pliki cookie lub odm\u00f3wisz ich zaakceptowania, mo\u017cesz nie by\u0107 w stanie korzysta\u0107 ze wszystkich oferowanych przez nas funkcji, mo\u017cesz nie by\u0107 w stanie przechowywa\u0107 swoich preferencji, a niekt\u00f3re z naszych stron mog\u0105 nie wy\u015bwietla\u0107 si\u0119 prawid\u0142owo.<\/p>\n\n\n\n<ul class=\"wp-block-list\">\n<li>W przypadku przegl\u0105darki Chrome odwied\u017a t\u0119 stron\u0119 Google:&nbsp;<a href=\"https:\/\/support.google.com\/accounts\/answer\/32050\" target=\"_blank\" rel=\"noreferrer noopener\">https:\/\/support.google.com\/accounts\/answer\/32050<\/a><\/li>\n\n\n\n<li>W przypadku przegl\u0105darki internetowej Internet Explorer odwied\u017a stron\u0119 firmy Microsoft:&nbsp;<a href=\"https:\/\/support.microsoft.com\/kb\/278835\" target=\"_blank\" rel=\"noreferrer noopener\">https:\/\/support.microsoft.com\/kb\/278835<\/a><\/li>\n\n\n\n<li>W przypadku przegl\u0105darki internetowej Firefox odwied\u017a stron\u0119 z Mozilla:&nbsp;<a href=\"https:\/\/support.mozilla.org\/en-US\/kb\/delete-cookies-remove-info-websites-stored\" target=\"_blank\" rel=\"noreferrer noopener\">https:\/\/support.mozilla.org\/en-US\/kb\/delete-cookies-remove-info-websites-stored<\/a><\/li>\n\n\n\n<li>W przypadku przegl\u0105darki internetowej Safari odwied\u017a stron\u0119 firmy Apple:&nbsp;<a href=\"https:\/\/support.apple.com\/guide\/safari\/manage-cookies-and-website-data-sfri11471\/mac\" target=\"_blank\" rel=\"noreferrer noopener\">https:\/\/support.apple.com\/guide\/safari\/manage-cookies-and-website-data-sfri11471\/mac<\/a><\/li>\n\n\n\n<li>W przypadku dowolnej innej przegl\u0105darki internetowej odwied\u017a oficjalne strony swojej przegl\u0105darki internetowej.<\/li>\n<\/ul>\n<\/div>\n\n\n\n<div class=\"wp-block-group has-global-padding is-layout-constrained wp-block-group-is-layout-constrained\" style=\"padding-top:var(--wp--preset--spacing--x-small);padding-bottom:var(--wp--preset--spacing--x-small)\">\n<h3 class=\"wp-block-heading\"><strong>Gdzie mo\u017cna znale\u017a\u0107 wi\u0119cej informacji o plikach cookie?<\/strong><div><strong style=\"margin: 0px; padding: 0px; border: 0px; vertical-align: baseline; font-weight: bold;\"><\/strong><\/div><\/h3>\n\n\n\n<p>Mo\u017cesz dowiedzie\u0107 si\u0119 wi\u0119cej o plikach cookie i nast\u0119puj\u0105cych witrynach stron trzecich:<\/p>\n\n\n\n<p><strong>Wszystko o plikach cookie<\/strong>:&nbsp;https:\/\/www.allaboutcookies.org\/<\/p>\n\n\n\n<p><strong>Sieciowa inicjatywa reklamowa:<\/strong>&nbsp;<a href=\"https:\/\/www.networkadvertising.org\/\" target=\"_blank\" rel=\"noreferrer noopener\">https:\/\/www.networkadvertising.org\/<\/a><\/p>\n<\/div>\n<\/div>\n","protected":false},"excerpt":{"rendered":"<p>I-care SRL (\u201cnas\u201d, \u201cmy\u201d lub \u201cnasz\u201d) u\u017cywa plik\u00f3w cookie na stronie https:\/\/www.icareweb.com (\u201cSerwis\u201d). Korzystaj\u0105c z Serwisu wyra\u017casz zgod\u0119 na u\u017cywanie plik\u00f3w cookies. Nasza Polityka dotycz\u0105ca plik\u00f3w cookie wyja\u015bnia, czym s\u0105 pliki cookie, w jaki spos\u00f3b u\u017cywamy plik\u00f3w cookie, w jaki spos\u00f3b strony trzecie, z kt\u00f3rymi mo\u017cemy wsp\u00f3\u0142pracowa\u0107, mog\u0105 wykorzystywa\u0107 pliki cookie w Serwisie, wyja\u015bnia Twoje [&hellip;]<\/p>\n","protected":false},"author":23,"featured_media":0,"parent":0,"menu_order":0,"comment_status":"closed","ping_status":"closed","template":"","meta":{"_acf_changed":false,"_seopress_robots_primary_cat":"0","_seopress_titles_title":"","_seopress_titles_desc":"","_seopress_robots_index":"","content-type":"","inline_featured_image":false,"footnotes":""},"page_category":[162],"class_list":{"0":"post-3801","1":"page","2":"type-page","3":"status-publish","5":"page_category-website-pages"},"acf":[],"_links":{"self":[{"href":"https:\/\/www.icareweb.com\/pl\/wp-json\/wp\/v2\/pages\/3801","targetHints":{"allow":["GET"]}}],"collection":[{"href":"https:\/\/www.icareweb.com\/pl\/wp-json\/wp\/v2\/pages"}],"about":[{"href":"https:\/\/www.icareweb.com\/pl\/wp-json\/wp\/v2\/types\/page"}],"author":[{"embeddable":true,"href":"https:\/\/www.icareweb.com\/pl\/wp-json\/wp\/v2\/users\/23"}],"replies":[{"embeddable":true,"href":"https:\/\/www.icareweb.com\/pl\/wp-json\/wp\/v2\/comments?post=3801"}],"version-history":[{"count":0,"href":"https:\/\/www.icareweb.com\/pl\/wp-json\/wp\/v2\/pages\/3801\/revisions"}],"wp:attachment":[{"href":"https:\/\/www.icareweb.com\/pl\/wp-json\/wp\/v2\/media?parent=3801"}],"wp:term":[{"taxonomy":"page_category","embeddable":true,"href":"https:\/\/www.icareweb.com\/pl\/wp-json\/wp\/v2\/page_category?post=3801"}],"curies":[{"name":"wp","href":"https:\/\/api.w.org\/{rel}","templated":true}]}}