{"id":38908,"date":"2024-12-23T11:49:48","date_gmt":"2024-12-23T10:49:48","guid":{"rendered":"https:\/\/www.icareweb.com\/?page_id=38908"},"modified":"2025-10-17T13:35:13","modified_gmt":"2025-10-17T11:35:13","slug":"post-demo-form","status":"publish","type":"page","link":"https:\/\/www.icareweb.com\/pl\/post-demo-form\/","title":{"rendered":"Post Demo Form"},"content":{"rendered":"\n<div style=\"height:150px\" aria-hidden=\"true\" class=\"wp-block-spacer\"><\/div>\n\n\n\n<div class=\"wp-block-group has-global-padding is-layout-constrained wp-block-group-is-layout-constrained\">\n<div class=\"wp-block-group is-vertical is-content-justification-center is-layout-flex wp-container-core-group-is-layout-4eb4b0f8 wp-block-group-is-layout-flex\">\n<h1 class=\"wp-block-heading has-text-align-center\">Dzi\u0119kujemy.<\/h1>\n\n\n\n<p class=\"has-text-align-center\">Nasz zesp\u00f3\u0142 niebawem wr\u00f3ci do Ciebie z odpowiedzi\u0105.<\/p>\n\n\n\n<div class=\"wp-block-buttons is-content-justification-center is-layout-flex wp-container-core-buttons-is-layout-a89b3969 wp-block-buttons-is-layout-flex\">\n<div class=\"wp-block-button\"><a class=\"wp-block-button__link wp-element-button\" href=\"https:\/\/www.icareweb.com\/pl\/\">Powr\u00f3t do strony g\u0142\u00f3wnej.<\/a><\/div>\n<\/div>\n<\/div>\n<\/div>\n\n\n\n<div style=\"height:250px\" aria-hidden=\"true\" class=\"wp-block-spacer\"><\/div>\n","protected":false},"excerpt":{"rendered":"<p>Dzi\u0119kujemy. Nasz zesp\u00f3\u0142 niebawem wr\u00f3ci do Ciebie z odpowiedzi\u0105.<\/p>\n","protected":false},"author":23,"featured_media":22545,"parent":0,"menu_order":0,"comment_status":"closed","ping_status":"closed","template":"","meta":{"_acf_changed":false,"_seopress_robots_primary_cat":"","_seopress_titles_title":"","_seopress_titles_desc":"Dzi\u0119kujemy. Nasz zesp\u00f3\u0142 niebawem wr\u00f3ci do Ciebie z odpowiedzi\u0105.","_seopress_robots_index":"yes","content-type":"","inline_featured_image":false,"footnotes":""},"page_category":[227],"class_list":{"0":"post-38908","1":"page","2":"type-page","3":"status-publish","4":"has-post-thumbnail","6":"page_category-thank-you-pages"},"acf":[],"_links":{"self":[{"href":"https:\/\/www.icareweb.com\/pl\/wp-json\/wp\/v2\/pages\/38908","targetHints":{"allow":["GET"]}}],"collection":[{"href":"https:\/\/www.icareweb.com\/pl\/wp-json\/wp\/v2\/pages"}],"about":[{"href":"https:\/\/www.icareweb.com\/pl\/wp-json\/wp\/v2\/types\/page"}],"author":[{"embeddable":true,"href":"https:\/\/www.icareweb.com\/pl\/wp-json\/wp\/v2\/users\/23"}],"replies":[{"embeddable":true,"href":"https:\/\/www.icareweb.com\/pl\/wp-json\/wp\/v2\/comments?post=38908"}],"version-history":[{"count":0,"href":"https:\/\/www.icareweb.com\/pl\/wp-json\/wp\/v2\/pages\/38908\/revisions"}],"wp:featuredmedia":[{"embeddable":true,"href":"https:\/\/www.icareweb.com\/pl\/wp-json\/wp\/v2\/media\/22545"}],"wp:attachment":[{"href":"https:\/\/www.icareweb.com\/pl\/wp-json\/wp\/v2\/media?parent=38908"}],"wp:term":[{"taxonomy":"page_category","embeddable":true,"href":"https:\/\/www.icareweb.com\/pl\/wp-json\/wp\/v2\/page_category?post=38908"}],"curies":[{"name":"wp","href":"https:\/\/api.w.org\/{rel}","templated":true}]}}